{"id":274,"date":"2013-03-22T18:48:47","date_gmt":"2013-03-22T18:48:47","guid":{"rendered":"http:\/\/lawyers-attorneys.vamtam.com\/?page_id=274"},"modified":"2013-03-22T18:48:47","modified_gmt":"2013-03-22T18:48:47","slug":"blog-layout-1","status":"publish","type":"page","link":"https:\/\/www.vesacons.com\/en\/blog\/blog-layout-1\/","title":{"rendered":"Blog Layout 1"},"content":{"rendered":"<div class=\"loop-wrapper clearfix news row masonry paginated vamtam-cubeportfolio cbp\" data-columns=\"2\"  data-options=\"{&quot;layoutMode&quot;:&quot;mosaic&quot;,&quot;sortToPreventGaps&quot;:true,&quot;defaultFilter&quot;:&quot;*&quot;,&quot;animationType&quot;:&quot;quicksand&quot;,&quot;gapHorizontal&quot;:0,&quot;gapVertical&quot;:30,&quot;gridAdjustment&quot;:&quot;responsive&quot;,&quot;mediaQueries&quot;:[{&quot;width&quot;:615,&quot;cols&quot;:2},{&quot;width&quot;:292.5,&quot;cols&quot;:1}],&quot;displayType&quot;:&quot;bottomToTop&quot;,&quot;displayTypeSpeed&quot;:100}\">\n\t\t<div class=\"page-content post-header grid-1-2 clearboth list-item cbp-item post-992633 post type-post status-publish format-standard has-post-thumbnail hentry category-people-analytics\" >\n\t\t\t<div>\n\t\t\t\t<div class=\"post-article has-image-wrapper \">\n\t<div class=\"standard-post-format clearfix as-image \">\n\t\t\t<div class=\"thumbnail\">\n\t\t\t\t\t<a href=\"https:\/\/www.vesacons.com\/en\/2026\/04\/15\/kickoff-toplantilari\/\" title=\"Vesacon 2026 Kick Off Toplant\u0131lar\u0131\">\n\t\t\t\t<img loading=\"lazy\" decoding=\"async\" width=\"615\" height=\"461\" src=\"https:\/\/www.vesacons.com\/wp-content\/uploads\/2026\/04\/bilkent-615x461.jpeg\" class=\"attachment-portfolio-masonry-2 size-portfolio-masonry-2 wp-post-image\" alt=\"\" srcset=\"https:\/\/www.vesacons.com\/wp-content\/uploads\/2026\/04\/bilkent-615x461.jpeg 615w, https:\/\/www.vesacons.com\/wp-content\/uploads\/2026\/04\/bilkent-300x225.jpeg 300w, https:\/\/www.vesacons.com\/wp-content\/uploads\/2026\/04\/bilkent-1024x768.jpeg 1024w, https:\/\/www.vesacons.com\/wp-content\/uploads\/2026\/04\/bilkent-768x576.jpeg 768w, https:\/\/www.vesacons.com\/wp-content\/uploads\/2026\/04\/bilkent-1536x1152.jpeg 1536w, https:\/\/www.vesacons.com\/wp-content\/uploads\/2026\/04\/bilkent-16x12.jpeg 16w, https:\/\/www.vesacons.com\/wp-content\/uploads\/2026\/04\/bilkent-1260x945.jpeg 1260w, https:\/\/www.vesacons.com\/wp-content\/uploads\/2026\/04\/bilkent-400x300.jpeg 400w, https:\/\/www.vesacons.com\/wp-content\/uploads\/2026\/04\/bilkent-292x219.jpeg 292w, https:\/\/www.vesacons.com\/wp-content\/uploads\/2026\/04\/bilkent-1320x990.jpeg 1320w, https:\/\/www.vesacons.com\/wp-content\/uploads\/2026\/04\/bilkent.jpeg 1600w\" sizes=\"(min-width: 900px) 50vw, 100vw\" \/>\t\t\t\t<span class='icon shortcode theme  use-hover' style=''>&#58897;<\/span>\t\t\t<\/a>\n\t\t\t<\/div>\n\n\t<div class=\"post-content-wrapper\">\n\t\t<div class=\"post-actions-wrapper clearfix\">\n\t\t\t<div class=\"post-date date updated\">\n\t\t\t\tApril 15, 2026\t\t\t<\/div>\n\t\t\t\t\t\t\t\n\t\t\t\t\t\t\t\t\t<\/div>\n\n\t\t\t\t<header class=\"single\">\n\t\t\t<div class=\"content\">\n\t\t\t\t<h3>\n\t\t\t\t\t<a href=\"https:\/\/www.vesacons.com\/en\/2026\/04\/15\/kickoff-toplantilari\/\" title=\"Vesacon 2026 Kick Off Toplant\u0131lar\u0131\" class=\"entry-title\">Vesacon 2026 Kick Off Toplant\u0131lar\u0131<\/a>\n\t\t\t\t<\/h3>\n\t\t\t<\/div>\n\t\t<\/header>\n\t\n\t\t<div class=\"post-content-outer\">\n\t\t\t<p>2026 y\u0131l\u0131na, i\u015f ortaklar\u0131m\u0131zla birlikte att\u0131\u011f\u0131m\u0131z g\u00fc\u00e7l\u00fc ad\u0131mlarla ba\u015flad\u0131k Ege Kimya, Tibet Holding, Bilkent Holding&#8230;<\/p>\n\t\t<\/div>\n\n\t\t\t\t\t<div class=\"post-content-meta\">\n\t\t\t\t\t\t\t\t<div>\n\t\t\t\t\tPosted in:  <a href=\"https:\/\/www.vesacons.com\/en\/category\/people-analytics\/\" rel=\"category tag\">Bizden Haberler<\/a>\t\t\t\t<\/div>\n\t\t\t\t\t\t\t<\/div>\n\t\t\t<\/div>\n\t<\/div>\n<\/div>\n\t\t\t<\/div>\n\t\t<\/div>\n\t\t<div class=\"page-content post-header grid-1-2 list-item cbp-item post-992578 post type-post status-publish format-standard has-post-thumbnail hentry category-people-analytics\" >\n\t\t\t<div>\n\t\t\t\t<div class=\"post-article has-image-wrapper \">\n\t<div class=\"standard-post-format clearfix as-image \">\n\t\t\t<div class=\"thumbnail\">\n\t\t\t\t\t<a href=\"https:\/\/www.vesacons.com\/en\/2026\/02\/07\/vesacons-best-of-the-year\/\" title=\"Vesacons&#8217;ta Y\u0131l\u0131n Enleri\">\n\t\t\t\t<img loading=\"lazy\" decoding=\"async\" width=\"615\" height=\"473\" src=\"https:\/\/www.vesacons.com\/wp-content\/uploads\/2026\/02\/bestoftheyear-5-615x473.jpg\" class=\"attachment-portfolio-masonry-2 size-portfolio-masonry-2 wp-post-image\" alt=\"\" srcset=\"https:\/\/www.vesacons.com\/wp-content\/uploads\/2026\/02\/bestoftheyear-5-615x473.jpg 615w, https:\/\/www.vesacons.com\/wp-content\/uploads\/2026\/02\/bestoftheyear-5-300x231.jpg 300w, https:\/\/www.vesacons.com\/wp-content\/uploads\/2026\/02\/bestoftheyear-5-1024x788.jpg 1024w, https:\/\/www.vesacons.com\/wp-content\/uploads\/2026\/02\/bestoftheyear-5-768x591.jpg 768w, https:\/\/www.vesacons.com\/wp-content\/uploads\/2026\/02\/bestoftheyear-5-16x12.jpg 16w, https:\/\/www.vesacons.com\/wp-content\/uploads\/2026\/02\/bestoftheyear-5-480x369.jpg 480w, https:\/\/www.vesacons.com\/wp-content\/uploads\/2026\/02\/bestoftheyear-5-400x307.jpg 400w, https:\/\/www.vesacons.com\/wp-content\/uploads\/2026\/02\/bestoftheyear-5-292x225.jpg 292w, https:\/\/www.vesacons.com\/wp-content\/uploads\/2026\/02\/bestoftheyear-5.jpg 1230w\" sizes=\"(min-width: 900px) 50vw, 100vw\" \/>\t\t\t\t<span class='icon shortcode theme  use-hover' style=''>&#58897;<\/span>\t\t\t<\/a>\n\t\t\t<\/div>\n\n\t<div class=\"post-content-wrapper\">\n\t\t<div class=\"post-actions-wrapper clearfix\">\n\t\t\t<div class=\"post-date date updated\">\n\t\t\t\tFebruary 7, 2026\t\t\t<\/div>\n\t\t\t\t\t\t\t\n\t\t\t\t\t\t\t\t\t<\/div>\n\n\t\t\t\t<header class=\"single\">\n\t\t\t<div class=\"content\">\n\t\t\t\t<h3>\n\t\t\t\t\t<a href=\"https:\/\/www.vesacons.com\/en\/2026\/02\/07\/vesacons-best-of-the-year\/\" title=\"Vesacons&#8217;ta Y\u0131l\u0131n Enleri\" class=\"entry-title\">Vesacons&#8217;ta Y\u0131l\u0131n Enleri<\/a>\n\t\t\t\t<\/h3>\n\t\t\t<\/div>\n\t\t<\/header>\n\t\n\t\t<div class=\"post-content-outer\">\n\t\t\t<p>Vesacons olarak bu y\u0131l \u201cY\u0131l\u0131n Enleri\u201dni belirledik Belirlenen kategorilerde ekip arkada\u015flar\u0131m\u0131z\u0131n oylar\u0131yla \u00f6d\u00fcl kazanan ve&#8230;<\/p>\n\t\t<\/div>\n\n\t\t\t\t\t<div class=\"post-content-meta\">\n\t\t\t\t\t\t\t\t<div>\n\t\t\t\t\tPosted in:  <a href=\"https:\/\/www.vesacons.com\/en\/category\/people-analytics\/\" rel=\"category tag\">Bizden Haberler<\/a>\t\t\t\t<\/div>\n\t\t\t\t\t\t\t<\/div>\n\t\t\t<\/div>\n\t<\/div>\n<\/div>\n\t\t\t<\/div>\n\t\t<\/div>\n\t\t<div class=\"page-content post-header grid-1-2 clearboth list-item cbp-item post-992610 post type-post status-publish format-standard has-post-thumbnail hentry category-people-analytics\" >\n\t\t\t<div>\n\t\t\t\t<div class=\"post-article has-image-wrapper \">\n\t<div class=\"standard-post-format clearfix as-image \">\n\t\t\t<div class=\"thumbnail\">\n\t\t\t\t\t<a href=\"https:\/\/www.vesacons.com\/en\/2026\/02\/07\/kickoff2026\/\" title=\"Kick-Off 2026 Etkinli\u011fi\">\n\t\t\t\t<img loading=\"lazy\" decoding=\"async\" width=\"615\" height=\"346\" src=\"https:\/\/www.vesacons.com\/wp-content\/uploads\/2026\/03\/kickoff2026-615x346.jpeg\" class=\"attachment-portfolio-masonry-2 size-portfolio-masonry-2 wp-post-image\" alt=\"\" srcset=\"https:\/\/www.vesacons.com\/wp-content\/uploads\/2026\/03\/kickoff2026-615x346.jpeg 615w, https:\/\/www.vesacons.com\/wp-content\/uploads\/2026\/03\/kickoff2026-300x169.jpeg 300w, https:\/\/www.vesacons.com\/wp-content\/uploads\/2026\/03\/kickoff2026-1024x576.jpeg 1024w, https:\/\/www.vesacons.com\/wp-content\/uploads\/2026\/03\/kickoff2026-768x432.jpeg 768w, https:\/\/www.vesacons.com\/wp-content\/uploads\/2026\/03\/kickoff2026-1536x864.jpeg 1536w, https:\/\/www.vesacons.com\/wp-content\/uploads\/2026\/03\/kickoff2026-2048x1152.jpeg 2048w, https:\/\/www.vesacons.com\/wp-content\/uploads\/2026\/03\/kickoff2026-18x10.jpeg 18w, https:\/\/www.vesacons.com\/wp-content\/uploads\/2026\/03\/kickoff2026-1260x709.jpeg 1260w, https:\/\/www.vesacons.com\/wp-content\/uploads\/2026\/03\/kickoff2026-400x225.jpeg 400w, https:\/\/www.vesacons.com\/wp-content\/uploads\/2026\/03\/kickoff2026-292x164.jpeg 292w, https:\/\/www.vesacons.com\/wp-content\/uploads\/2026\/03\/kickoff2026-1320x743.jpeg 1320w\" sizes=\"(min-width: 900px) 50vw, 100vw\" \/>\t\t\t\t<span class='icon shortcode theme  use-hover' style=''>&#58897;<\/span>\t\t\t<\/a>\n\t\t\t<\/div>\n\n\t<div class=\"post-content-wrapper\">\n\t\t<div class=\"post-actions-wrapper clearfix\">\n\t\t\t<div class=\"post-date date updated\">\n\t\t\t\tFebruary 7, 2026\t\t\t<\/div>\n\t\t\t\t\t\t\t\n\t\t\t\t\t\t\t\t\t<\/div>\n\n\t\t\t\t<header class=\"single\">\n\t\t\t<div class=\"content\">\n\t\t\t\t<h3>\n\t\t\t\t\t<a href=\"https:\/\/www.vesacons.com\/en\/2026\/02\/07\/kickoff2026\/\" title=\"Kick-Off 2026 Etkinli\u011fi\" class=\"entry-title\">Kick-Off 2026 Etkinli\u011fi<\/a>\n\t\t\t\t<\/h3>\n\t\t\t<\/div>\n\t\t<\/header>\n\t\n\t\t<div class=\"post-content-outer\">\n\t\t\t<p>Vesacons ekibi olarak, Elite World Grand Sapanca\u2019da ger\u00e7ekle\u015ftirdi\u011fimiz iki g\u00fcnl\u00fck kamp ile kick off ger\u00e7ekle\u015ftirildik&#8230;.<\/p>\n\t\t<\/div>\n\n\t\t\t\t\t<div class=\"post-content-meta\">\n\t\t\t\t\t\t\t\t<div>\n\t\t\t\t\tPosted in:  <a href=\"https:\/\/www.vesacons.com\/en\/category\/people-analytics\/\" rel=\"category tag\">Bizden Haberler<\/a>\t\t\t\t<\/div>\n\t\t\t\t\t\t\t<\/div>\n\t\t\t<\/div>\n\t<\/div>\n<\/div>\n\t\t\t<\/div>\n\t\t<\/div>\n\t\t<div class=\"page-content post-header grid-1-2 list-item cbp-item post-992539 post type-post status-publish format-standard has-post-thumbnail hentry category-people-analytics\" >\n\t\t\t<div>\n\t\t\t\t<div class=\"post-article has-image-wrapper \">\n\t<div class=\"standard-post-format clearfix as-image \">\n\t\t\t<div class=\"thumbnail\">\n\t\t\t\t\t<a href=\"https:\/\/www.vesacons.com\/en\/2025\/12\/17\/estu-kariyer-gunu\/\" title=\"Vesacons EST\u00dc Kariyer G\u00fcn\u00fc Etkinli\u011fi\">\n\t\t\t\t<img loading=\"lazy\" decoding=\"async\" width=\"615\" height=\"473\" src=\"https:\/\/www.vesacons.com\/wp-content\/uploads\/2025\/12\/Vesacons1230-x-946-615x473.png\" class=\"attachment-portfolio-masonry-2 size-portfolio-masonry-2 wp-post-image\" alt=\"\" srcset=\"https:\/\/www.vesacons.com\/wp-content\/uploads\/2025\/12\/Vesacons1230-x-946-615x473.png 615w, https:\/\/www.vesacons.com\/wp-content\/uploads\/2025\/12\/Vesacons1230-x-946-300x231.png 300w, https:\/\/www.vesacons.com\/wp-content\/uploads\/2025\/12\/Vesacons1230-x-946-1024x788.png 1024w, https:\/\/www.vesacons.com\/wp-content\/uploads\/2025\/12\/Vesacons1230-x-946-768x591.png 768w, https:\/\/www.vesacons.com\/wp-content\/uploads\/2025\/12\/Vesacons1230-x-946-16x12.png 16w, https:\/\/www.vesacons.com\/wp-content\/uploads\/2025\/12\/Vesacons1230-x-946-480x369.png 480w, https:\/\/www.vesacons.com\/wp-content\/uploads\/2025\/12\/Vesacons1230-x-946-400x307.png 400w, https:\/\/www.vesacons.com\/wp-content\/uploads\/2025\/12\/Vesacons1230-x-946-292x225.png 292w, https:\/\/www.vesacons.com\/wp-content\/uploads\/2025\/12\/Vesacons1230-x-946.png 1230w\" sizes=\"(min-width: 900px) 50vw, 100vw\" \/>\t\t\t\t<span class='icon shortcode theme  use-hover' style=''>&#58897;<\/span>\t\t\t<\/a>\n\t\t\t<\/div>\n\n\t<div class=\"post-content-wrapper\">\n\t\t<div class=\"post-actions-wrapper clearfix\">\n\t\t\t<div class=\"post-date date updated\">\n\t\t\t\tDecember 17, 2025\t\t\t<\/div>\n\t\t\t\t\t\t\t\n\t\t\t\t\t\t\t\t\t<\/div>\n\n\t\t\t\t<header class=\"single\">\n\t\t\t<div class=\"content\">\n\t\t\t\t<h3>\n\t\t\t\t\t<a href=\"https:\/\/www.vesacons.com\/en\/2025\/12\/17\/estu-kariyer-gunu\/\" title=\"Vesacons EST\u00dc Kariyer G\u00fcn\u00fc Etkinli\u011fi\" class=\"entry-title\">Vesacons EST\u00dc Kariyer G\u00fcn\u00fc Etkinli\u011fi<\/a>\n\t\t\t\t<\/h3>\n\t\t\t<\/div>\n\t\t<\/header>\n\t\n\t\t<div class=\"post-content-outer\">\n\t\t\t<p>Gelece\u011fin Profesyonelleriyle Bulu\u015ftuk Eski\u015fehir Teknik \u00dcniversitesi\u2019nde ger\u00e7ekle\u015ftirilen Kariyer G\u00fcn\u00fc kapsam\u0131nda \u00f6\u011frencilerle bir araya gelmekten memnuniyet&#8230;<\/p>\n\t\t<\/div>\n\n\t\t\t\t\t<div class=\"post-content-meta\">\n\t\t\t\t\t\t\t\t<div>\n\t\t\t\t\tPosted in:  <a href=\"https:\/\/www.vesacons.com\/en\/category\/people-analytics\/\" rel=\"category tag\">Bizden Haberler<\/a>\t\t\t\t<\/div>\n\t\t\t\t\t\t\t<\/div>\n\t\t\t<\/div>\n\t<\/div>\n<\/div>\n\t\t\t<\/div>\n\t\t<\/div>\n\t\t<div class=\"page-content post-header grid-1-2 clearboth list-item cbp-item post-992504 post type-post status-publish format-standard has-post-thumbnail hentry category-people-analytics\" >\n\t\t\t<div>\n\t\t\t\t<div class=\"post-article has-image-wrapper \">\n\t<div class=\"standard-post-format clearfix as-image \">\n\t\t\t<div class=\"thumbnail\">\n\t\t\t\t\t<a href=\"https:\/\/www.vesacons.com\/en\/2025\/11\/25\/sap-quality-awards\/\" title=\"Vesacons M\u00fc\u015fterileri SAP Quality Awards\u2019ta Parlad\u0131 !\">\n\t\t\t\t<img loading=\"lazy\" decoding=\"async\" width=\"615\" height=\"473\" src=\"https:\/\/www.vesacons.com\/wp-content\/uploads\/2025\/11\/sap_winner_son_1-615x473.jpg\" class=\"attachment-portfolio-masonry-2 size-portfolio-masonry-2 wp-post-image\" alt=\"\" srcset=\"https:\/\/www.vesacons.com\/wp-content\/uploads\/2025\/11\/sap_winner_son_1-615x473.jpg 615w, https:\/\/www.vesacons.com\/wp-content\/uploads\/2025\/11\/sap_winner_son_1-300x231.jpg 300w, https:\/\/www.vesacons.com\/wp-content\/uploads\/2025\/11\/sap_winner_son_1-1024x788.jpg 1024w, https:\/\/www.vesacons.com\/wp-content\/uploads\/2025\/11\/sap_winner_son_1-768x591.jpg 768w, https:\/\/www.vesacons.com\/wp-content\/uploads\/2025\/11\/sap_winner_son_1-16x12.jpg 16w, https:\/\/www.vesacons.com\/wp-content\/uploads\/2025\/11\/sap_winner_son_1-480x369.jpg 480w, https:\/\/www.vesacons.com\/wp-content\/uploads\/2025\/11\/sap_winner_son_1-400x307.jpg 400w, https:\/\/www.vesacons.com\/wp-content\/uploads\/2025\/11\/sap_winner_son_1-292x225.jpg 292w, https:\/\/www.vesacons.com\/wp-content\/uploads\/2025\/11\/sap_winner_son_1.jpg 1230w\" sizes=\"(min-width: 900px) 50vw, 100vw\" \/>\t\t\t\t<span class='icon shortcode theme  use-hover' style=''>&#58897;<\/span>\t\t\t<\/a>\n\t\t\t<\/div>\n\n\t<div class=\"post-content-wrapper\">\n\t\t<div class=\"post-actions-wrapper clearfix\">\n\t\t\t<div class=\"post-date date updated\">\n\t\t\t\tNovember 25, 2025\t\t\t<\/div>\n\t\t\t\t\t\t\t\n\t\t\t\t\t\t\t\t\t<\/div>\n\n\t\t\t\t<header class=\"single\">\n\t\t\t<div class=\"content\">\n\t\t\t\t<h3>\n\t\t\t\t\t<a href=\"https:\/\/www.vesacons.com\/en\/2025\/11\/25\/sap-quality-awards\/\" title=\"Vesacons M\u00fc\u015fterileri SAP Quality Awards\u2019ta Parlad\u0131 !\" class=\"entry-title\">Vesacons M\u00fc\u015fterileri SAP Quality Awards\u2019ta Parlad\u0131 !<\/a>\n\t\t\t\t<\/h3>\n\t\t\t<\/div>\n\t\t<\/header>\n\t\n\t\t<div class=\"post-content-outer\">\n\t\t\t<p>B\u00fcy\u00fck Gurur: Vesacons, SAP Quality Awards for Customer Success\u2019ta \u00c7ifte Ba\u015far\u0131ya \u0130mza Att\u0131! Bu y\u0131l&#8230;<\/p>\n\t\t<\/div>\n\n\t\t\t\t\t<div class=\"post-content-meta\">\n\t\t\t\t\t\t\t\t<div>\n\t\t\t\t\tPosted in:  <a href=\"https:\/\/www.vesacons.com\/en\/category\/people-analytics\/\" rel=\"category tag\">Bizden Haberler<\/a>\t\t\t\t<\/div>\n\t\t\t\t\t\t\t<\/div>\n\t\t\t<\/div>\n\t<\/div>\n<\/div>\n\t\t\t<\/div>\n\t\t<\/div>\n\t\t<div class=\"page-content post-header grid-1-2 list-item cbp-item post-992483 post type-post status-publish format-standard has-post-thumbnail hentry category-people-analytics\" >\n\t\t\t<div>\n\t\t\t\t<div class=\"post-article has-image-wrapper \">\n\t<div class=\"standard-post-format clearfix as-image \">\n\t\t\t<div class=\"thumbnail\">\n\t\t\t\t\t<a href=\"https:\/\/www.vesacons.com\/en\/2025\/11\/14\/sap-executive-summit\/\" title=\"SAP Executive Summit Etkinli\u011fi\">\n\t\t\t\t<img loading=\"lazy\" decoding=\"async\" width=\"615\" height=\"410\" src=\"https:\/\/www.vesacons.com\/wp-content\/uploads\/2025\/11\/sap-executive-new-cover-615x410.jpg\" class=\"attachment-portfolio-masonry-2 size-portfolio-masonry-2 wp-post-image\" alt=\"\" srcset=\"https:\/\/www.vesacons.com\/wp-content\/uploads\/2025\/11\/sap-executive-new-cover-615x410.jpg 615w, https:\/\/www.vesacons.com\/wp-content\/uploads\/2025\/11\/sap-executive-new-cover-300x200.jpg 300w, https:\/\/www.vesacons.com\/wp-content\/uploads\/2025\/11\/sap-executive-new-cover-1024x683.jpg 1024w, https:\/\/www.vesacons.com\/wp-content\/uploads\/2025\/11\/sap-executive-new-cover-768x512.jpg 768w, https:\/\/www.vesacons.com\/wp-content\/uploads\/2025\/11\/sap-executive-new-cover-1536x1024.jpg 1536w, https:\/\/www.vesacons.com\/wp-content\/uploads\/2025\/11\/sap-executive-new-cover-2048x1365.jpg 2048w, https:\/\/www.vesacons.com\/wp-content\/uploads\/2025\/11\/sap-executive-new-cover-18x12.jpg 18w, https:\/\/www.vesacons.com\/wp-content\/uploads\/2025\/11\/sap-executive-new-cover-1260x840.jpg 1260w, https:\/\/www.vesacons.com\/wp-content\/uploads\/2025\/11\/sap-executive-new-cover-400x266.jpg 400w, https:\/\/www.vesacons.com\/wp-content\/uploads\/2025\/11\/sap-executive-new-cover-292x195.jpg 292w, https:\/\/www.vesacons.com\/wp-content\/uploads\/2025\/11\/sap-executive-new-cover-1320x880.jpg 1320w\" sizes=\"(min-width: 900px) 50vw, 100vw\" \/>\t\t\t\t<span class='icon shortcode theme  use-hover' style=''>&#58897;<\/span>\t\t\t<\/a>\n\t\t\t<\/div>\n\n\t<div class=\"post-content-wrapper\">\n\t\t<div class=\"post-actions-wrapper clearfix\">\n\t\t\t<div class=\"post-date date updated\">\n\t\t\t\tNovember 14, 2025\t\t\t<\/div>\n\t\t\t\t\t\t\t\n\t\t\t\t\t\t\t\t\t<\/div>\n\n\t\t\t\t<header class=\"single\">\n\t\t\t<div class=\"content\">\n\t\t\t\t<h3>\n\t\t\t\t\t<a href=\"https:\/\/www.vesacons.com\/en\/2025\/11\/14\/sap-executive-summit\/\" title=\"SAP Executive Summit Etkinli\u011fi\" class=\"entry-title\">SAP Executive Summit Etkinli\u011fi<\/a>\n\t\t\t\t<\/h3>\n\t\t\t<\/div>\n\t\t<\/header>\n\t\n\t\t<div class=\"post-content-outer\">\n\t\t\t<p>SAP Executive Summit Etkinli\u011fi\u00a0 Bodrum\u2019da ger\u00e7ekle\u015ftirilen SAP Executive Summit etkinli\u011finde yer almaktan ve etkinli\u011fin sponsorlar\u0131&#8230;<\/p>\n\t\t<\/div>\n\n\t\t\t\t\t<div class=\"post-content-meta\">\n\t\t\t\t\t\t\t\t<div>\n\t\t\t\t\tPosted in:  <a href=\"https:\/\/www.vesacons.com\/en\/category\/people-analytics\/\" rel=\"category tag\">Bizden Haberler<\/a>\t\t\t\t<\/div>\n\t\t\t\t\t\t\t<\/div>\n\t\t\t<\/div>\n\t<\/div>\n<\/div>\n\t\t\t<\/div>\n\t\t<\/div>\n<\/div>\n\n<div class=\"load-more clearboth vamtam-pagination-wrapper\"><a href=\"\/en\/wp-json\/wp\/v2\/pages\/274?paged=2\" class=\"lm-btn vamtam-button button-border accent1 hover-accent6\" data-query=\"{&quot;posts_per_page&quot;:6,&quot;post_type&quot;:&quot;post&quot;,&quot;paged&quot;:2}\" data-other-vars=\"{&quot;image&quot;:&quot;true&quot;,&quot;show_content&quot;:true,&quot;width&quot;:&quot;one_half&quot;,&quot;news&quot;:true,&quot;column&quot;:2,&quot;layout&quot;:&quot;masonry&quot;}\"><span class=\"btext\" data-text=\"Load more\">Load more<\/span><\/a><\/div>\n","protected":false},"excerpt":{"rendered":"<p>SAP Executive Summit Etkinli\u011fi\u00a0 Bodrum\u2019da ger\u00e7ekle\u015ftirilen SAP Executive Summit etkinli\u011finde yer almaktan ve etkinli\u011fin sponsorlar\u0131 aras\u0131nda olmaktan b\u00fcy\u00fck mutluluk duyduk. Sekt\u00f6r\u00fcn lider isimlerini bir araya getiren bu \u00f6zel organizasyonda, yapay zek\u00e2 destekli i\u015f otomasyonu, dijital d\u00f6n\u00fc\u015f\u00fcm ve bulut teknolojileri alanlar\u0131nda gelece\u011fin y\u00f6n\u00fcn\u00fc \u015fekillendiren geli\u015fmeleri de\u011ferlendirme f\u0131rsat\u0131 bulduk. Etkinlik boyunca eme\u011fi ge\u00e7en t\u00fcm SAP ekibine, konu\u015fmac\u0131lara&#8230;<\/p>","protected":false},"author":1,"featured_media":0,"parent":275,"menu_order":1,"comment_status":"closed","ping_status":"closed","template":"","meta":{"footnotes":""},"class_list":["post-274","page","type-page","status-publish","hentry"],"aioseo_notices":[],"_links":{"self":[{"href":"https:\/\/www.vesacons.com\/en\/wp-json\/wp\/v2\/pages\/274","targetHints":{"allow":["GET"]}}],"collection":[{"href":"https:\/\/www.vesacons.com\/en\/wp-json\/wp\/v2\/pages"}],"about":[{"href":"https:\/\/www.vesacons.com\/en\/wp-json\/wp\/v2\/types\/page"}],"author":[{"embeddable":true,"href":"https:\/\/www.vesacons.com\/en\/wp-json\/wp\/v2\/users\/1"}],"replies":[{"embeddable":true,"href":"https:\/\/www.vesacons.com\/en\/wp-json\/wp\/v2\/comments?post=274"}],"version-history":[{"count":0,"href":"https:\/\/www.vesacons.com\/en\/wp-json\/wp\/v2\/pages\/274\/revisions"}],"up":[{"embeddable":true,"href":"https:\/\/www.vesacons.com\/en\/wp-json\/wp\/v2\/pages\/275"}],"wp:attachment":[{"href":"https:\/\/www.vesacons.com\/en\/wp-json\/wp\/v2\/media?parent=274"}],"curies":[{"name":"wp","href":"https:\/\/api.w.org\/{rel}","templated":true}]}}