{"id":276,"date":"2013-03-22T18:53:51","date_gmt":"2013-03-22T18:53:51","guid":{"rendered":"http:\/\/lawyers-attorneys.vamtam.com\/?page_id=276"},"modified":"2013-03-22T18:53:51","modified_gmt":"2013-03-22T18:53:51","slug":"blog-layout-2","status":"publish","type":"page","link":"https:\/\/www.vesacons.com\/en\/blog\/blog-layout-2\/","title":{"rendered":"Blog Layout 2"},"content":{"rendered":"<div class=\"loop-wrapper clearfix regular normal paginated\" data-columns=\"1\"  >\n\t\t<div class=\"page-content post-header clearfix list-item post-992633 post type-post status-publish format-standard has-post-thumbnail hentry category-people-analytics\" >\n\t\t\t<div>\n\t\t\t\t<div class=\"post-article has-image-wrapper\">\n\t<div class=\"standard-post-format clearfix as-image\">\n\t\t<div class=\"post-row\">\n\t\t<div class=\"post-row-center\">\n\t\t\t\t\t<div class=\"post-media\">\n\t\t\t\t<div class='media-inner'>\n\t\t\t\t\t\t\t\t\t\t\t<a href=\"https:\/\/www.vesacons.com\/en\/2026\/04\/15\/kickoff-toplantilari\/\" title=\"Vesacon 2026 Kick-Off Meetings\">\n\t\t\t\t\t\n\t\t\t\t\t<img loading=\"lazy\" decoding=\"async\" width=\"480\" height=\"369\" src=\"https:\/\/www.vesacons.com\/wp-content\/uploads\/2026\/04\/bilkent-480x369.jpeg\" class=\"attachment-post-loop size-post-loop wp-post-image\" alt=\"\" srcset=\"https:\/\/www.vesacons.com\/wp-content\/uploads\/2026\/04\/bilkent-480x369.jpeg 480w, https:\/\/www.vesacons.com\/wp-content\/uploads\/2026\/04\/bilkent-16x12.jpeg 16w, https:\/\/www.vesacons.com\/wp-content\/uploads\/2026\/04\/bilkent-1260x969.jpeg 1260w, https:\/\/www.vesacons.com\/wp-content\/uploads\/2026\/04\/bilkent-615x473.jpeg 615w, https:\/\/www.vesacons.com\/wp-content\/uploads\/2026\/04\/bilkent-400x307.jpeg 400w, https:\/\/www.vesacons.com\/wp-content\/uploads\/2026\/04\/bilkent-292x225.jpeg 292w\" sizes=\"(min-width: 900px) 50vw, 100vw\" \/>\n\t\t\t\t\t\t\t\t\t\t\t<\/a>\n\t\t\t\t\t\t\t\t\t<\/div>\n\t\t\t<\/div>\n\t\t\t\t<div class=\"post-content-outer\">\n\t\t\t\t\t<header class=\"single\">\n\t\t\t<div class=\"content\">\n\t\t\t\t\t\t\t\t<h3>\n\t\t\t\t\t<a href=\"https:\/\/www.vesacons.com\/en\/2026\/04\/15\/kickoff-toplantilari\/\" title=\"Vesacon 2026 Kick-Off Meetings\" class=\"entry-title\">Vesacon 2026 Kick-Off Meetings<\/a>\n\t\t\t\t<\/h3>\n\t\t\t<\/div>\n\t\t<\/header>\n\t<div class=\"post-content the-content\">\n\t<p>2026 y\u0131l\u0131na, i\u015f ortaklar\u0131m\u0131zla birlikte att\u0131\u011f\u0131m\u0131z g\u00fc\u00e7l\u00fc ad\u0131mlarla ba\u015flad\u0131k Ege Kimya, Tibet Holding, Bilkent Holding ve Din\u00e7erler Group ile ger\u00e7ekle\u015ftirdi\u011fimiz proje Kick-Off toplant\u0131lar\u0131m\u0131z; y\u00fcksek motivasyon, kar\u015f\u0131l\u0131kl\u0131 g\u00fcven ve ortak ba\u015far\u0131 hedefleri do\u011frultusunda son derece verimli ve g\u00fc\u00e7l\u00fc bir ba\u015flang\u0131\u00e7 ile tamamlanm\u0131\u015ft\u0131r. \u0130nsan Kaynaklar\u0131 alan\u0131ndaki derin uzmanl\u0131\u011f\u0131m\u0131z, u\u00e7tan uca \u00e7\u00f6z\u00fcm yetkinli\u011fimiz ve farkl\u0131 sekt\u00f6rlerde edindi\u011fimiz kapsaml\u0131&#8230;<\/p>\n<\/div><div class=\"post-meta\">\n\t<nav class=\"clearfix\">\n\t\t\n\t\t\t\t\t\t\t\t\t<div><span class=\"icon\">&#57451;<\/span><span class=\"visuallyhidden\">Category<\/span><a href=\"https:\/\/www.vesacons.com\/en\/category\/people-analytics\/\" rel=\"category tag\">News<\/a><\/div>\n\t\t\t\t\t\t\t\t\t\t\t\t<\/nav>\n<\/div>\t\t<\/div>\n\t<\/div>\n<\/div>\t<\/div>\n<\/div>\n\t\t\t<\/div>\n\t\t<\/div>\n\t\t<div class=\"page-content post-header clearfix list-item post-992578 post type-post status-publish format-standard has-post-thumbnail hentry category-people-analytics\" >\n\t\t\t<div>\n\t\t\t\t<div class=\"post-article has-image-wrapper\">\n\t<div class=\"standard-post-format clearfix as-image\">\n\t\t<div class=\"post-row\">\n\t\t<div class=\"post-row-center\">\n\t\t\t\t\t<div class=\"post-media\">\n\t\t\t\t<div class='media-inner'>\n\t\t\t\t\t\t\t\t\t\t\t<a href=\"https:\/\/www.vesacons.com\/en\/2026\/02\/07\/vesacons-best-of-the-year\/\" title=\"Vesacons&#8217;ta Y\u0131l\u0131n Enleri\">\n\t\t\t\t\t\n\t\t\t\t\t<img loading=\"lazy\" decoding=\"async\" width=\"480\" height=\"369\" src=\"https:\/\/www.vesacons.com\/wp-content\/uploads\/2026\/02\/bestoftheyear-5-480x369.jpg\" class=\"attachment-post-loop size-post-loop wp-post-image\" alt=\"\" srcset=\"https:\/\/www.vesacons.com\/wp-content\/uploads\/2026\/02\/bestoftheyear-5-480x369.jpg 480w, https:\/\/www.vesacons.com\/wp-content\/uploads\/2026\/02\/bestoftheyear-5-300x231.jpg 300w, https:\/\/www.vesacons.com\/wp-content\/uploads\/2026\/02\/bestoftheyear-5-1024x788.jpg 1024w, https:\/\/www.vesacons.com\/wp-content\/uploads\/2026\/02\/bestoftheyear-5-768x591.jpg 768w, https:\/\/www.vesacons.com\/wp-content\/uploads\/2026\/02\/bestoftheyear-5-16x12.jpg 16w, https:\/\/www.vesacons.com\/wp-content\/uploads\/2026\/02\/bestoftheyear-5-615x473.jpg 615w, https:\/\/www.vesacons.com\/wp-content\/uploads\/2026\/02\/bestoftheyear-5-400x307.jpg 400w, https:\/\/www.vesacons.com\/wp-content\/uploads\/2026\/02\/bestoftheyear-5-292x225.jpg 292w, https:\/\/www.vesacons.com\/wp-content\/uploads\/2026\/02\/bestoftheyear-5.jpg 1230w\" sizes=\"(min-width: 900px) 50vw, 100vw\" \/>\n\t\t\t\t\t\t\t\t\t\t\t<\/a>\n\t\t\t\t\t\t\t\t\t<\/div>\n\t\t\t<\/div>\n\t\t\t\t<div class=\"post-content-outer\">\n\t\t\t\t\t<header class=\"single\">\n\t\t\t<div class=\"content\">\n\t\t\t\t\t\t\t\t<h3>\n\t\t\t\t\t<a href=\"https:\/\/www.vesacons.com\/en\/2026\/02\/07\/vesacons-best-of-the-year\/\" title=\"Vesacons&#8217;ta Y\u0131l\u0131n Enleri\" class=\"entry-title\">Best of the Year at Vesacons<\/a>\n\t\t\t\t<\/h3>\n\t\t\t<\/div>\n\t\t<\/header>\n\t<div class=\"post-content the-content\">\n\t<p>Vesacons olarak bu y\u0131l \u201cY\u0131l\u0131n Enleri\u201dni belirledik Belirlenen kategorilerde ekip arkada\u015flar\u0131m\u0131z\u0131n oylar\u0131yla \u00f6d\u00fcl kazanan ve Kahoot yar\u0131\u015fmam\u0131zda tahminleriyle ilk 3\u2019e giren t\u00fcm ekip arkada\u015flar\u0131m\u0131z\u0131 g\u00f6n\u00fclden tebrik ediyor; hediyelerini keyifle kullanmalar\u0131n\u0131 diliyoruz. Ba\u015far\u0131lar\u0131, katk\u0131lar\u0131 ve enerjileriyle Vesacons k\u00fclt\u00fcr\u00fcne de\u011fer katan t\u00fcm ekip arkada\u015flar\u0131m\u0131za te\u015fekk\u00fcr ederiz<\/p>\n<\/div><div class=\"post-meta\">\n\t<nav class=\"clearfix\">\n\t\t\n\t\t\t\t\t\t\t\t\t<div><span class=\"icon\">&#57451;<\/span><span class=\"visuallyhidden\">Category<\/span><a href=\"https:\/\/www.vesacons.com\/en\/category\/people-analytics\/\" rel=\"category tag\">News<\/a><\/div>\n\t\t\t\t\t\t\t\t\t\t\t\t<\/nav>\n<\/div>\t\t<\/div>\n\t<\/div>\n<\/div>\t<\/div>\n<\/div>\n\t\t\t<\/div>\n\t\t<\/div>\n\t\t<div class=\"page-content post-header clearfix list-item post-992610 post type-post status-publish format-standard has-post-thumbnail hentry category-people-analytics\" >\n\t\t\t<div>\n\t\t\t\t<div class=\"post-article has-image-wrapper\">\n\t<div class=\"standard-post-format clearfix as-image\">\n\t\t<div class=\"post-row\">\n\t\t<div class=\"post-row-center\">\n\t\t\t\t\t<div class=\"post-media\">\n\t\t\t\t<div class='media-inner'>\n\t\t\t\t\t\t\t\t\t\t\t<a href=\"https:\/\/www.vesacons.com\/en\/2026\/02\/07\/kickoff2026\/\" title=\"Kick-Off 2026 Event\">\n\t\t\t\t\t\n\t\t\t\t\t<img loading=\"lazy\" decoding=\"async\" width=\"480\" height=\"369\" src=\"https:\/\/www.vesacons.com\/wp-content\/uploads\/2026\/03\/kickoff2026-480x369.jpeg\" class=\"attachment-post-loop size-post-loop wp-post-image\" alt=\"\" srcset=\"https:\/\/www.vesacons.com\/wp-content\/uploads\/2026\/03\/kickoff2026-480x369.jpeg 480w, https:\/\/www.vesacons.com\/wp-content\/uploads\/2026\/03\/kickoff2026-1260x969.jpeg 1260w, https:\/\/www.vesacons.com\/wp-content\/uploads\/2026\/03\/kickoff2026-615x473.jpeg 615w, https:\/\/www.vesacons.com\/wp-content\/uploads\/2026\/03\/kickoff2026-400x307.jpeg 400w, https:\/\/www.vesacons.com\/wp-content\/uploads\/2026\/03\/kickoff2026-292x225.jpeg 292w\" sizes=\"(min-width: 900px) 50vw, 100vw\" \/>\n\t\t\t\t\t\t\t\t\t\t\t<\/a>\n\t\t\t\t\t\t\t\t\t<\/div>\n\t\t\t<\/div>\n\t\t\t\t<div class=\"post-content-outer\">\n\t\t\t\t\t<header class=\"single\">\n\t\t\t<div class=\"content\">\n\t\t\t\t\t\t\t\t<h3>\n\t\t\t\t\t<a href=\"https:\/\/www.vesacons.com\/en\/2026\/02\/07\/kickoff2026\/\" title=\"Kick-Off 2026 Event\" class=\"entry-title\">Kick-Off 2026 Event<\/a>\n\t\t\t\t<\/h3>\n\t\t\t<\/div>\n\t\t<\/header>\n\t<div class=\"post-content the-content\">\n\t<p>Vesacons ekibi olarak, Elite World Grand Sapanca\u2019da ger\u00e7ekle\u015ftirdi\u011fimiz iki g\u00fcnl\u00fck kamp ile kick off ger\u00e7ekle\u015ftirildik. Genel M\u00fcd\u00fcr\u00fcm\u00fcz\u00fcn a\u00e7\u0131l\u0131\u015f konu\u015fmas\u0131yla ba\u015flayan etkinli\u011fimiz, tak\u0131m liderlerimizin ger\u00e7ekle\u015ftirdi\u011fi sunumlarla devam etti. Ge\u00e7ti\u011fimiz d\u00f6nemi birlikte de\u011ferlendirirken, \u00f6n\u00fcm\u00fczdeki s\u00fcre\u00e7 i\u00e7in hedeflerimizi de netle\u015ftirme f\u0131rsat\u0131 bulduk. Yo\u011fun ge\u00e7en program\u0131m\u0131z\u0131n ard\u0131ndan ise e\u011flenceyi de ihmal etmedik; birlikte dans ettik, keyifli anlar payla\u015ft\u0131k ve&#8230;<\/p>\n<\/div><div class=\"post-meta\">\n\t<nav class=\"clearfix\">\n\t\t\n\t\t\t\t\t\t\t\t\t<div><span class=\"icon\">&#57451;<\/span><span class=\"visuallyhidden\">Category<\/span><a href=\"https:\/\/www.vesacons.com\/en\/category\/people-analytics\/\" rel=\"category tag\">News<\/a><\/div>\n\t\t\t\t\t\t\t\t\t\t\t\t<\/nav>\n<\/div>\t\t<\/div>\n\t<\/div>\n<\/div>\t<\/div>\n<\/div>\n\t\t\t<\/div>\n\t\t<\/div>\n\t\t<div class=\"page-content post-header clearfix list-item post-992539 post type-post status-publish format-standard has-post-thumbnail hentry category-people-analytics\" >\n\t\t\t<div>\n\t\t\t\t<div class=\"post-article has-image-wrapper\">\n\t<div class=\"standard-post-format clearfix as-image\">\n\t\t<div class=\"post-row\">\n\t\t<div class=\"post-row-center\">\n\t\t\t\t\t<div class=\"post-media\">\n\t\t\t\t<div class='media-inner'>\n\t\t\t\t\t\t\t\t\t\t\t<a href=\"https:\/\/www.vesacons.com\/en\/2025\/12\/17\/estu-kariyer-gunu\/\" title=\"Vesacons EST\u00dc Career Day Event\">\n\t\t\t\t\t\n\t\t\t\t\t<img loading=\"lazy\" decoding=\"async\" width=\"480\" height=\"369\" src=\"https:\/\/www.vesacons.com\/wp-content\/uploads\/2025\/12\/Vesacons1230-x-946-480x369.png\" class=\"attachment-post-loop size-post-loop wp-post-image\" alt=\"\" srcset=\"https:\/\/www.vesacons.com\/wp-content\/uploads\/2025\/12\/Vesacons1230-x-946-480x369.png 480w, https:\/\/www.vesacons.com\/wp-content\/uploads\/2025\/12\/Vesacons1230-x-946-300x231.png 300w, https:\/\/www.vesacons.com\/wp-content\/uploads\/2025\/12\/Vesacons1230-x-946-1024x788.png 1024w, https:\/\/www.vesacons.com\/wp-content\/uploads\/2025\/12\/Vesacons1230-x-946-768x591.png 768w, https:\/\/www.vesacons.com\/wp-content\/uploads\/2025\/12\/Vesacons1230-x-946-16x12.png 16w, https:\/\/www.vesacons.com\/wp-content\/uploads\/2025\/12\/Vesacons1230-x-946-615x473.png 615w, https:\/\/www.vesacons.com\/wp-content\/uploads\/2025\/12\/Vesacons1230-x-946-400x307.png 400w, https:\/\/www.vesacons.com\/wp-content\/uploads\/2025\/12\/Vesacons1230-x-946-292x225.png 292w, https:\/\/www.vesacons.com\/wp-content\/uploads\/2025\/12\/Vesacons1230-x-946.png 1230w\" sizes=\"(min-width: 900px) 50vw, 100vw\" \/>\n\t\t\t\t\t\t\t\t\t\t\t<\/a>\n\t\t\t\t\t\t\t\t\t<\/div>\n\t\t\t<\/div>\n\t\t\t\t<div class=\"post-content-outer\">\n\t\t\t\t\t<header class=\"single\">\n\t\t\t<div class=\"content\">\n\t\t\t\t\t\t\t\t<h3>\n\t\t\t\t\t<a href=\"https:\/\/www.vesacons.com\/en\/2025\/12\/17\/estu-kariyer-gunu\/\" title=\"Vesacons EST\u00dc Career Day Event\" class=\"entry-title\">Vesacons EST\u00dc Career Day Event<\/a>\n\t\t\t\t<\/h3>\n\t\t\t<\/div>\n\t\t<\/header>\n\t<div class=\"post-content the-content\">\n\t<p>Gelece\u011fin Profesyonelleriyle Bulu\u015ftuk Eski\u015fehir Teknik \u00dcniversitesi\u2019nde ger\u00e7ekle\u015ftirilen Kariyer G\u00fcn\u00fc kapsam\u0131nda \u00f6\u011frencilerle bir araya gelmekten memnuniyet duyduk. Etkinlikte; &#x1f539; Melike Sever, \u015firketimizi, hizmet verdi\u011fimiz alanlar\u0131 ve uzmanl\u0131klar\u0131m\u0131z\u0131 tan\u0131tt\u0131. &#x1f539; Sude Akkaya, SAP BTP\u2019nin teknik altyap\u0131s\u0131 ile Fiori ve BTP \u00fczerinden geli\u015ftirilen \u00f6rnekler hakk\u0131nda bilgi payla\u015ft\u0131. &#x1f539; Davut Pa\u015fahan Pa\u015fahan, SAP SuccessFactors mod\u00fclleri \u00e7er\u00e7evesinde dijitalle\u015fme ve insan&#8230;<\/p>\n<\/div><div class=\"post-meta\">\n\t<nav class=\"clearfix\">\n\t\t\n\t\t\t\t\t\t\t\t\t<div><span class=\"icon\">&#57451;<\/span><span class=\"visuallyhidden\">Category<\/span><a href=\"https:\/\/www.vesacons.com\/en\/category\/people-analytics\/\" rel=\"category tag\">News<\/a><\/div>\n\t\t\t\t\t\t\t\t\t\t\t\t<\/nav>\n<\/div>\t\t<\/div>\n\t<\/div>\n<\/div>\t<\/div>\n<\/div>\n\t\t\t<\/div>\n\t\t<\/div>\n<\/div>\n\n<div class=\"wp-pagenavi\"><span class=\"pages\">Page 1 of 11<\/span><span aria-current=\"page\" class=\"page-numbers current\">1<\/span>\n<a class=\"page-numbers\" href=\"https:\/\/www.vesacons.com\/en\/wp-json\/wp\/v2\/pages\/276\/page\/2\/\">2<\/a>\n<a class=\"page-numbers\" href=\"https:\/\/www.vesacons.com\/en\/wp-json\/wp\/v2\/pages\/276\/page\/3\/\">3<\/a>\n<span class=\"page-numbers dots\">&hellip;<\/span>\n<a class=\"page-numbers\" href=\"https:\/\/www.vesacons.com\/en\/wp-json\/wp\/v2\/pages\/276\/page\/11\/\">11<\/a>\n<a class=\"next page-numbers\" href=\"https:\/\/www.vesacons.com\/en\/wp-json\/wp\/v2\/pages\/276\/page\/2\/\">Next<\/a><\/div>","protected":false},"excerpt":{"rendered":"<p>Gelece\u011fin Profesyonelleriyle Bulu\u015ftuk Eski\u015fehir Teknik \u00dcniversitesi\u2019nde ger\u00e7ekle\u015ftirilen Kariyer G\u00fcn\u00fc kapsam\u0131nda \u00f6\u011frencilerle bir araya gelmekten memnuniyet duyduk. Etkinlikte; &#x1f539; Melike Sever, \u015firketimizi, hizmet verdi\u011fimiz alanlar\u0131 ve uzmanl\u0131klar\u0131m\u0131z\u0131 tan\u0131tt\u0131. &#x1f539; Sude Akkaya, SAP BTP\u2019nin teknik altyap\u0131s\u0131 ile Fiori ve BTP \u00fczerinden geli\u015ftirilen \u00f6rnekler hakk\u0131nda bilgi payla\u015ft\u0131. &#x1f539; Davut Pa\u015fahan Pa\u015fahan, SAP SuccessFactors mod\u00fclleri \u00e7er\u00e7evesinde dijitalle\u015fme ve insan&#8230;<\/p>","protected":false},"author":1,"featured_media":0,"parent":275,"menu_order":2,"comment_status":"closed","ping_status":"closed","template":"","meta":{"footnotes":""},"class_list":["post-276","page","type-page","status-publish","hentry"],"aioseo_notices":[],"_links":{"self":[{"href":"https:\/\/www.vesacons.com\/en\/wp-json\/wp\/v2\/pages\/276","targetHints":{"allow":["GET"]}}],"collection":[{"href":"https:\/\/www.vesacons.com\/en\/wp-json\/wp\/v2\/pages"}],"about":[{"href":"https:\/\/www.vesacons.com\/en\/wp-json\/wp\/v2\/types\/page"}],"author":[{"embeddable":true,"href":"https:\/\/www.vesacons.com\/en\/wp-json\/wp\/v2\/users\/1"}],"replies":[{"embeddable":true,"href":"https:\/\/www.vesacons.com\/en\/wp-json\/wp\/v2\/comments?post=276"}],"version-history":[{"count":0,"href":"https:\/\/www.vesacons.com\/en\/wp-json\/wp\/v2\/pages\/276\/revisions"}],"up":[{"embeddable":true,"href":"https:\/\/www.vesacons.com\/en\/wp-json\/wp\/v2\/pages\/275"}],"wp:attachment":[{"href":"https:\/\/www.vesacons.com\/en\/wp-json\/wp\/v2\/media?parent=276"}],"curies":[{"name":"wp","href":"https:\/\/api.w.org\/{rel}","templated":true}]}}