{"id":278,"date":"2013-03-22T18:57:49","date_gmt":"2013-03-22T18:57:49","guid":{"rendered":"http:\/\/lawyers-attorneys.vamtam.com\/?page_id=278"},"modified":"2024-12-26T10:16:09","modified_gmt":"2024-12-26T10:16:09","slug":"blog-post-formats","status":"publish","type":"page","link":"https:\/\/www.vesacons.com\/en\/blog\/blog-post-formats\/","title":{"rendered":"Blog Post Formats"},"content":{"rendered":"<div class=\"row\"><div class=\"wpv-grid grid-1-1  wpv-first-level first unextended\" style=\"padding-top:0px;padding-bottom:0px\" id=\"wpv-column-bab154d7f2b6a2c8e5d04ab4c5a7fbc0\" ><div class=\"loop-wrapper clearfix regular normal paginated\" data-columns=\"1\"  >\n\t\t<div class=\"page-content post-header clearfix list-item post-988210 post type-post status-publish format-image has-post-thumbnail hentry category-temel-ik-ve-bordro post_format-post-format-image\" >\n\t\t\t<div>\n\t\t\t\t<div class=\"post-article has-image-wrapper\">\n\t<div class=\"image-post-format clearfix as-normal\">\n\t\t<div class=\"post-row\">\n\t\t<div class=\"post-row-center\">\n\t\t\t\t\t<div class=\"post-media\">\n\t\t\t\t<div class='media-inner'>\n\t\t\t\t\t\t\t\t\t\t\t<a href=\"https:\/\/www.vesacons.com\/en\/2024\/12\/26\/employeecentralpayroll\/\" title=\"Employee Central Payroll\">\n\t\t\t\t\t\n\t\t\t\t\t<img loading=\"lazy\" decoding=\"async\" width=\"480\" height=\"369\" src=\"https:\/\/www.vesacons.com\/wp-content\/uploads\/2024\/12\/lms-wp-480x369.jpg\" class=\"attachment-post-loop size-post-loop wp-post-image\" alt=\"\" srcset=\"https:\/\/www.vesacons.com\/wp-content\/uploads\/2024\/12\/lms-wp-480x369.jpg 480w, https:\/\/www.vesacons.com\/wp-content\/uploads\/2024\/12\/lms-wp-615x473.jpg 615w, https:\/\/www.vesacons.com\/wp-content\/uploads\/2024\/12\/lms-wp-400x307.jpg 400w, https:\/\/www.vesacons.com\/wp-content\/uploads\/2024\/12\/lms-wp-292x225.jpg 292w\" sizes=\"(min-width: 900px) 50vw, 100vw\" \/>\n\t\t\t\t\t\t\t\t\t\t\t<\/a>\n\t\t\t\t\t\t\t\t\t<\/div>\n\t\t\t<\/div>\n\t\t\t\t<div class=\"post-content-outer\">\n\t\t\t\t\t<header class=\"single\">\n\t\t\t<div class=\"content\">\n\t\t\t\t\t\t\t\t<h3>\n\t\t\t\t\t<a href=\"https:\/\/www.vesacons.com\/en\/2024\/12\/26\/employeecentralpayroll\/\" title=\"Employee Central Payroll\" class=\"entry-title\">Employee Central Payroll<\/a>\n\t\t\t\t<\/h3>\n\t\t\t<\/div>\n\t\t<\/header>\n\t<div class=\"post-content the-content\">\n\t<p>SAP SuccessFactors Employee Central Payroll allows you to view and manage all relevant HR data. By providing a single, accurate source for HR information, both employees and managers will know exactly where to access the most up-to-date details. Additionally, it enables seamless management of business events such as transfers, promotions, terminations, and concurrent employment, following best practices.<\/p>\n<\/div><div class=\"post-meta\">\n\t<nav class=\"clearfix\">\n\t\t\n\t\t\t\t\t\t\t\t\t<div><span class=\"icon\">&#57451;<\/span><span class=\"visuallyhidden\">Category<\/span><a href=\"https:\/\/www.vesacons.com\/en\/category\/temel-ik-ve-bordro\/\" rel=\"category tag\">Core HR and Payroll<\/a><\/div>\n\t\t\t\t\t\t\t\t\t\t\t\t<\/nav>\n<\/div>\t\t<\/div>\n\t<\/div>\n<\/div>\t<\/div>\n<\/div>\n\t\t\t<\/div>\n\t\t<\/div>\n\t\t<div class=\"page-content post-header clearfix list-item post-988208 post type-post status-publish format-image has-post-thumbnail hentry category-temel-ik-ve-bordro post_format-post-format-image\" >\n\t\t\t<div>\n\t\t\t\t<div class=\"post-article has-image-wrapper\">\n\t<div class=\"image-post-format clearfix as-normal\">\n\t\t<div class=\"post-row\">\n\t\t<div class=\"post-row-center\">\n\t\t\t\t\t<div class=\"post-media\">\n\t\t\t\t<div class='media-inner'>\n\t\t\t\t\t\t\t\t\t\t\t<a href=\"https:\/\/www.vesacons.com\/en\/2024\/12\/26\/moduls-calisan-merkezi\/\" title=\"Employee Central\">\n\t\t\t\t\t\n\t\t\t\t\t<img loading=\"lazy\" decoding=\"async\" width=\"480\" height=\"369\" src=\"https:\/\/www.vesacons.com\/wp-content\/uploads\/2024\/12\/Managing-personal-information-Explainer-Video-1-1-480x369.gif\" class=\"attachment-post-loop size-post-loop wp-post-image\" alt=\"\" srcset=\"https:\/\/www.vesacons.com\/wp-content\/uploads\/2024\/12\/Managing-personal-information-Explainer-Video-1-1-480x369.gif 480w, https:\/\/www.vesacons.com\/wp-content\/uploads\/2024\/12\/Managing-personal-information-Explainer-Video-1-1-615x473.gif 615w, https:\/\/www.vesacons.com\/wp-content\/uploads\/2024\/12\/Managing-personal-information-Explainer-Video-1-1-400x307.gif 400w, https:\/\/www.vesacons.com\/wp-content\/uploads\/2024\/12\/Managing-personal-information-Explainer-Video-1-1-292x225.gif 292w\" sizes=\"(min-width: 900px) 50vw, 100vw\" \/>\n\t\t\t\t\t\t\t\t\t\t\t<\/a>\n\t\t\t\t\t\t\t\t\t<\/div>\n\t\t\t<\/div>\n\t\t\t\t<div class=\"post-content-outer\">\n\t\t\t\t\t<header class=\"single\">\n\t\t\t<div class=\"content\">\n\t\t\t\t\t\t\t\t<h3>\n\t\t\t\t\t<a href=\"https:\/\/www.vesacons.com\/en\/2024\/12\/26\/moduls-calisan-merkezi\/\" title=\"Employee Central\" class=\"entry-title\">Employee Central<\/a>\n\t\t\t\t<\/h3>\n\t\t\t<\/div>\n\t\t<\/header>\n\t<div class=\"post-content the-content\">\n\t<p>SAP SuccessFactors \u00c7al\u0131\u015fan Merkezi (Employee Central) Employee Central, t\u00fcm ilgili \u0130K verilerini g\u00f6r\u00fcnt\u00fclemenizi ve y\u00f6netmenizi sa\u011flar. \u00c7al\u0131\u015fanlar\u0131n\u0131z ve y\u00f6neticileriniz, \u0130K verileri i\u00e7in tek ve g\u00fcvenilir bir kayna\u011fa eri\u015ferek en g\u00fcncel bilgilere nereden ula\u015facaklar\u0131n\u0131 her zaman bilir. En iyi uygulamalara dayal\u0131 s\u00fcre\u00e7lerle; transfer, terfi, i\u015ften \u00e7\u0131karma ve e\u015fzamanl\u0131 istihdam gibi i\u015f olaylar\u0131n\u0131 zahmetsizce y\u00f6netebilirsiniz. Ayr\u0131ca, kapsaml\u0131&#8230;<\/p>\n<\/div><div class=\"post-meta\">\n\t<nav class=\"clearfix\">\n\t\t\n\t\t\t\t\t\t\t\t\t<div><span class=\"icon\">&#57451;<\/span><span class=\"visuallyhidden\">Category<\/span><a href=\"https:\/\/www.vesacons.com\/en\/category\/temel-ik-ve-bordro\/\" rel=\"category tag\">Core HR and Payroll<\/a><\/div>\n\t\t\t\t\t\t\t\t\t\t\t\t<\/nav>\n<\/div>\t\t<\/div>\n\t<\/div>\n<\/div>\t<\/div>\n<\/div>\n\t\t\t<\/div>\n\t\t<\/div>\n\t\t<div class=\"page-content post-header clearfix list-item post-988509 post type-post status-publish format-image has-post-thumbnail hentry category-yetenek-yonetimi post_format-post-format-image\" >\n\t\t\t<div>\n\t\t\t\t<div class=\"post-article has-image-wrapper\">\n\t<div class=\"image-post-format clearfix as-normal\">\n\t\t<div class=\"post-row\">\n\t\t<div class=\"post-row-center\">\n\t\t\t\t\t<div class=\"post-media\">\n\t\t\t\t<div class='media-inner'>\n\t\t\t\t\t\t\t\t\t\t\t<a href=\"https:\/\/www.vesacons.com\/en\/2024\/12\/25\/successfactors-time-tracking\/\" title=\"Time Management\">\n\t\t\t\t\t\n\t\t\t\t\t<img loading=\"lazy\" decoding=\"async\" width=\"480\" height=\"369\" src=\"https:\/\/www.vesacons.com\/wp-content\/uploads\/2024\/12\/tt-480x369.jpg\" class=\"attachment-post-loop size-post-loop wp-post-image\" alt=\"\" srcset=\"https:\/\/www.vesacons.com\/wp-content\/uploads\/2024\/12\/tt-480x369.jpg 480w, https:\/\/www.vesacons.com\/wp-content\/uploads\/2024\/12\/tt-615x473.jpg 615w, https:\/\/www.vesacons.com\/wp-content\/uploads\/2024\/12\/tt-400x307.jpg 400w, https:\/\/www.vesacons.com\/wp-content\/uploads\/2024\/12\/tt-292x225.jpg 292w\" sizes=\"(min-width: 900px) 50vw, 100vw\" \/>\n\t\t\t\t\t\t\t\t\t\t\t<\/a>\n\t\t\t\t\t\t\t\t\t<\/div>\n\t\t\t<\/div>\n\t\t\t\t<div class=\"post-content-outer\">\n\t\t\t\t\t<header class=\"single\">\n\t\t\t<div class=\"content\">\n\t\t\t\t\t\t\t\t<h3>\n\t\t\t\t\t<a href=\"https:\/\/www.vesacons.com\/en\/2024\/12\/25\/successfactors-time-tracking\/\" title=\"Time Management\" class=\"entry-title\">Time Management<\/a>\n\t\t\t\t<\/h3>\n\t\t\t<\/div>\n\t\t<\/header>\n\t<div class=\"post-content the-content\">\n\t<p>SAP SuccessFactors Time Tracking is a powerful solution that optimizes employee time management while increasing organizational efficiency. It provides a central platform to effectively track employee working hours, leaves, and shift schedules. This module simplifies workforce management, automates processes, and minimizes errors, ensuring more efficient use of resources.\nModule Features:..<\/p>\n<\/div><div class=\"post-meta\">\n\t<nav class=\"clearfix\">\n\t\t\n\t\t\t\t\t\t\t\t\t<div><span class=\"icon\">&#57451;<\/span><span class=\"visuallyhidden\">Category<\/span><a href=\"https:\/\/www.vesacons.com\/en\/category\/yetenek-yonetimi\/\" rel=\"category tag\">Talent Management<\/a><\/div>\n\t\t\t\t\t\t\t\t\t\t\t\t<\/nav>\n<\/div>\t\t<\/div>\n\t<\/div>\n<\/div>\t<\/div>\n<\/div>\n\t\t\t<\/div>\n\t\t<\/div>\n\t\t<div class=\"page-content post-header clearfix list-item post-988395 post type-post status-publish format-image has-post-thumbnail hentry category-yetenek-yonetimi post_format-post-format-image\" >\n\t\t\t<div>\n\t\t\t\t<div class=\"post-article has-image-wrapper\">\n\t<div class=\"image-post-format clearfix as-normal\">\n\t\t<div class=\"post-row\">\n\t\t<div class=\"post-row-center\">\n\t\t\t\t\t<div class=\"post-media\">\n\t\t\t\t<div class='media-inner'>\n\t\t\t\t\t\t\t\t\t\t\t<a href=\"https:\/\/www.vesacons.com\/en\/2024\/12\/22\/successfactors-compensatiom\/\" title=\"Compensation Management\">\n\t\t\t\t\t\n\t\t\t\t\t<img loading=\"lazy\" decoding=\"async\" width=\"480\" height=\"369\" src=\"https:\/\/www.vesacons.com\/wp-content\/uploads\/2024\/12\/compensation-wp-480x369.jpg\" class=\"attachment-post-loop size-post-loop wp-post-image\" alt=\"\" srcset=\"https:\/\/www.vesacons.com\/wp-content\/uploads\/2024\/12\/compensation-wp-480x369.jpg 480w, https:\/\/www.vesacons.com\/wp-content\/uploads\/2024\/12\/compensation-wp-615x473.jpg 615w, https:\/\/www.vesacons.com\/wp-content\/uploads\/2024\/12\/compensation-wp-400x307.jpg 400w, https:\/\/www.vesacons.com\/wp-content\/uploads\/2024\/12\/compensation-wp-292x225.jpg 292w\" sizes=\"(min-width: 900px) 50vw, 100vw\" \/>\n\t\t\t\t\t\t\t\t\t\t\t<\/a>\n\t\t\t\t\t\t\t\t\t<\/div>\n\t\t\t<\/div>\n\t\t\t\t<div class=\"post-content-outer\">\n\t\t\t\t\t<header class=\"single\">\n\t\t\t<div class=\"content\">\n\t\t\t\t\t\t\t\t<h3>\n\t\t\t\t\t<a href=\"https:\/\/www.vesacons.com\/en\/2024\/12\/22\/successfactors-compensatiom\/\" title=\"Compensation Management\" class=\"entry-title\">Compensation Management<\/a>\n\t\t\t\t<\/h3>\n\t\t\t<\/div>\n\t\t<\/header>\n\t<div class=\"post-content the-content\">\n\t<p>SAP SuccessFactors Compensation is an innovative solution that allows businesses to manage their compensation and reward strategies for employees in a more effective, fair, and transparent way. The Compensation module helps in creating pay policies aligned with organizational goals and supports strategic decision-making in talent management.<\/p>\n<\/div><div class=\"post-meta\">\n\t<nav class=\"clearfix\">\n\t\t\n\t\t\t\t\t\t\t\t\t<div><span class=\"icon\">&#57451;<\/span><span class=\"visuallyhidden\">Category<\/span><a href=\"https:\/\/www.vesacons.com\/en\/category\/yetenek-yonetimi\/\" rel=\"category tag\">Talent Management<\/a><\/div>\n\t\t\t\t\t\t\t\t\t\t\t\t<\/nav>\n<\/div>\t\t<\/div>\n\t<\/div>\n<\/div>\t<\/div>\n<\/div>\n\t\t\t<\/div>\n\t\t<\/div>\n\t\t<div class=\"page-content post-header clearfix list-item post-988390 post type-post status-publish format-image has-post-thumbnail hentry category-yetenek-yonetimi post_format-post-format-image\" >\n\t\t\t<div>\n\t\t\t\t<div class=\"post-article has-image-wrapper\">\n\t<div class=\"image-post-format clearfix as-normal\">\n\t\t<div class=\"post-row\">\n\t\t<div class=\"post-row-center\">\n\t\t\t\t\t<div class=\"post-media\">\n\t\t\t\t<div class='media-inner'>\n\t\t\t\t\t\t\t\t\t\t\t<a href=\"https:\/\/www.vesacons.com\/en\/2024\/12\/22\/successfactors-succession-and-development\/\" title=\"Career Succession and Development\">\n\t\t\t\t\t\n\t\t\t\t\t<img loading=\"lazy\" decoding=\"async\" width=\"480\" height=\"369\" src=\"https:\/\/www.vesacons.com\/wp-content\/uploads\/2024\/12\/sd-wp-2-480x369.jpg\" class=\"attachment-post-loop size-post-loop wp-post-image\" alt=\"\" srcset=\"https:\/\/www.vesacons.com\/wp-content\/uploads\/2024\/12\/sd-wp-2-480x369.jpg 480w, https:\/\/www.vesacons.com\/wp-content\/uploads\/2024\/12\/sd-wp-2-615x473.jpg 615w, https:\/\/www.vesacons.com\/wp-content\/uploads\/2024\/12\/sd-wp-2-400x307.jpg 400w, https:\/\/www.vesacons.com\/wp-content\/uploads\/2024\/12\/sd-wp-2-292x225.jpg 292w\" sizes=\"(min-width: 900px) 50vw, 100vw\" \/>\n\t\t\t\t\t\t\t\t\t\t\t<\/a>\n\t\t\t\t\t\t\t\t\t<\/div>\n\t\t\t<\/div>\n\t\t\t\t<div class=\"post-content-outer\">\n\t\t\t\t\t<header class=\"single\">\n\t\t\t<div class=\"content\">\n\t\t\t\t\t\t\t\t<h3>\n\t\t\t\t\t<a href=\"https:\/\/www.vesacons.com\/en\/2024\/12\/22\/successfactors-succession-and-development\/\" title=\"Career Succession and Development\" class=\"entry-title\">Career Succession and Development<\/a>\n\t\t\t\t<\/h3>\n\t\t\t<\/div>\n\t\t<\/header>\n\t<div class=\"post-content the-content\">\n\t<p>SAP SuccessFactors Succession and Development is a powerful solution that enables organizations to strategically manage talent leadership development, career planning, and workforce growth. This module offers processes supported by advanced analytics and data to ensure the right people are in the right positions.<\/p>\n<\/div><div class=\"post-meta\">\n\t<nav class=\"clearfix\">\n\t\t\n\t\t\t\t\t\t\t\t\t<div><span class=\"icon\">&#57451;<\/span><span class=\"visuallyhidden\">Category<\/span><a href=\"https:\/\/www.vesacons.com\/en\/category\/yetenek-yonetimi\/\" rel=\"category tag\">Talent Management<\/a><\/div>\n\t\t\t\t\t\t\t\t\t\t\t\t<\/nav>\n<\/div>\t\t<\/div>\n\t<\/div>\n<\/div>\t<\/div>\n<\/div>\n\t\t\t<\/div>\n\t\t<\/div>\n<\/div>\n\n<div class=\"wp-pagenavi\"><span class=\"pages\">Page 1 of 2<\/span><span aria-current=\"page\" class=\"page-numbers current\">1<\/span>\n<a class=\"page-numbers\" href=\"https:\/\/www.vesacons.com\/en\/wp-json\/wp\/v2\/pages\/278\/page\/2\/\">2<\/a>\n<a class=\"next page-numbers\" href=\"https:\/\/www.vesacons.com\/en\/wp-json\/wp\/v2\/pages\/278\/page\/2\/\">Next<\/a><\/div><\/div><\/div>","protected":false},"excerpt":{"rendered":"<p>SAP SuccessFactors Succession and Development is a powerful solution that enables organizations to strategically manage talent leadership development, career planning, and workforce growth. This module offers processes supported by advanced analytics and data to ensure the right people are in the right positions.<\/p>","protected":false},"author":1,"featured_media":0,"parent":275,"menu_order":5,"comment_status":"closed","ping_status":"closed","template":"","meta":{"footnotes":""},"class_list":["post-278","page","type-page","status-publish","hentry"],"aioseo_notices":[],"_links":{"self":[{"href":"https:\/\/www.vesacons.com\/en\/wp-json\/wp\/v2\/pages\/278","targetHints":{"allow":["GET"]}}],"collection":[{"href":"https:\/\/www.vesacons.com\/en\/wp-json\/wp\/v2\/pages"}],"about":[{"href":"https:\/\/www.vesacons.com\/en\/wp-json\/wp\/v2\/types\/page"}],"author":[{"embeddable":true,"href":"https:\/\/www.vesacons.com\/en\/wp-json\/wp\/v2\/users\/1"}],"replies":[{"embeddable":true,"href":"https:\/\/www.vesacons.com\/en\/wp-json\/wp\/v2\/comments?post=278"}],"version-history":[{"count":2,"href":"https:\/\/www.vesacons.com\/en\/wp-json\/wp\/v2\/pages\/278\/revisions"}],"predecessor-version":[{"id":988567,"href":"https:\/\/www.vesacons.com\/en\/wp-json\/wp\/v2\/pages\/278\/revisions\/988567"}],"up":[{"embeddable":true,"href":"https:\/\/www.vesacons.com\/en\/wp-json\/wp\/v2\/pages\/275"}],"wp:attachment":[{"href":"https:\/\/www.vesacons.com\/en\/wp-json\/wp\/v2\/media?parent=278"}],"curies":[{"name":"wp","href":"https:\/\/api.w.org\/{rel}","templated":true}]}}