{"id":31,"date":"2013-03-22T14:19:51","date_gmt":"2013-03-22T14:19:51","guid":{"rendered":"http:\/\/lawyers-attorneys.vamtam.com\/?page_id=31"},"modified":"2024-12-24T11:44:14","modified_gmt":"2024-12-24T11:44:14","slug":"contact-us","status":"publish","type":"page","link":"https:\/\/www.vesacons.com\/en\/contact-us\/","title":{"rendered":"Contacts"},"content":{"rendered":"<div class=\"row\"><div class=\"wpv-grid grid-1-1  wpv-first-level first unextended\" style=\"padding-top:0px;padding-bottom:0px\" id=\"wpv-column-b15f350fb27acf9c9fcbf7efa13894ec\" ><div class=\"wpv-tabs horizontal\" id=\"tabs-1\"><ul class=\"ui-tabs-nav\"><li><a href=\"#tab-1-0-istanbul-merkez\"> <span class=\"title-text\">\u0130stanbul Merkez<\/span><\/a><\/li><li><a href=\"#tab-1-1-eskisehir-yazilim-ofisi\"> <span class=\"title-text\">Eski\u015fehir Software Office<\/span><\/a><\/li><li><a href=\"#tab-1-2-usak-arge-ofisi\"> <span class=\"title-text\">U\u015fak R&amp;D Office<\/span><\/a><\/li><\/ul><div class=\"pane\" id=\"tab-1-0-istanbul-merkez\"><div class=\"row\"><div class=\"wpv-grid grid-1-1  first unextended\" style=\"padding-top:0px;padding-bottom:0px\" id=\"wpv-column-ae4efe9a6de1e2ccb02ff0350d3a1983\" >\t\t<h2 class=\"text-divider-double\">\t\t\t\u0130stanbul Merkez Ofisimiz\t\t<\/h2>\t\t<div class=\"sep\"><\/div>\t<div class=\"row\"><div class=\"wpv-grid grid-1-1  first unextended animation-fade-in animated-active\" style=\"padding-top:0px;padding-bottom:0px\" id=\"wpv-column-1958aeac49fb058da8470fe5c60083f5\" ><div class=\"push\" style='margin-bottom:-30px'><\/div>\n<p style=\"text-align: center;\"><span class=\"vamtam-font-style-2 accent-4\">\u0130stanbul Merkez Ofisimiz<\/span><br \/>\n<div class=\"push\" style='height:30px'><\/div><\/div><\/div>\n<div class=\"row\"><div class=\"wpv-grid grid-1-3  first unextended animation-fade-in animated-active\" style=\"padding-top:0px;padding-bottom:0px\" id=\"wpv-column-93c9022b95d2ed7448b5e46e489c14ea\" ><p style=\"text-align: center;\"><span class='icon shortcode theme  use-hover' style='font-size:32px !important;color:#0070f2;'>&#57547;<\/span>\n<p style=\"text-align: center;\">Esentepe Mahallesi Cevizli D-100 G\u00fcney Yanyol Caddesi,<br \/>\nVizyon Bulvar Kartal No:13 Kat:2 D Blok No:112 Kartal\/\u0130stanbul,<br \/>\n<a href=\"https:\/\/maps.app.goo.gl\/4aL2LzaKtKtbmHFC7\">Konum\u2192<\/a><\/div>\n<div class=\"wpv-grid grid-1-3  unextended animation-fade-in animated-active\" style=\"padding-top:0px;padding-bottom:0px\" id=\"wpv-column-9a8589dd73c2e54a8b80ee6130f6d0e3\" ><p style=\"text-align: center;\"><span class='icon shortcode theme  use-hover' style='font-size:32px !important;color:#0070f2;'>&#57471;<\/span>\n<p style=\"text-align: center;\">Phone : <span data-teams=\"true\">0216 434 83 72<\/span><br \/>\nE-Mail: info@vesacons.com<\/div>\n<div class=\"wpv-grid grid-1-3  unextended animation-fade-in animated-active\" style=\"padding-top:0px;padding-bottom:0px\" id=\"wpv-column-c7b7e615227d66026173cd4e7cbec170\" ><p style=\"text-align: center;\"><span class='icon shortcode theme  use-hover' style='font-size:32px !important;color:#0070f2;'>&#57530;<\/span>\n<p style=\"text-align: center;\">Weekdays : 08:00 \u2013 18:00<br \/>\nWeekend: Closed<br \/>\nDestek : 07\/24<\/div><\/div>\n<div class=\"push\" style='margin-bottom:-40px'><\/div>\n<div class=\"sep-3\"><\/div>\n<div class=\"row\"><div class=\"wpv-grid grid-1-1  first unextended animation-zoom-in animated-active\" style=\"padding-top:0px;padding-bottom:0px\" id=\"wpv-column-46804b29ea4a7edf2dc7d3a404868ded\" ><div class=\"push\" style='margin-bottom:-10px'><\/div>\n<p style=\"text-align: center;\"><a href=\"#\"> <span class='icon shortcode   use-hover' style='font-size:16px !important;color:#0070f2;'>&#58155;<\/span><\/a> \u00a0\u00a0\u00a0<a href=\"#\"><span class='icon shortcode   use-hover' style='font-size:16px !important;color:#0070f2;'>&#58159;<\/span><\/a> \u00a0\u00a0\u00a0<a href=\"#\"><span class='icon shortcode   use-hover' style='font-size:16px !important;color:#0070f2;'>&#58165;<\/span><\/a> <div class=\"push\" style='height:20px'><\/div><\/div><\/div>\n<div class=\"row\"><div class=\"wpv-grid grid-1-1  first unextended\" style=\"padding-top:0px;padding-bottom:0px\" id=\"wpv-column-e19df8f2ba2f681b8d554ef9dd445d1e\" ><div class=\"frame-fl\"><iframe src=\"https:\/\/www.google.com\/maps\/embed?pb=!1m18!1m12!1m3!1d3015.277822793885!2d29.19769297644638!3d40.909653925491156!2m3!1f0!2f0!3f0!3m2!1i1024!2i768!4f13.1!3m3!1m2!1s0x14cac855d4c0666d%3A0x6a46e5875ac4af51!2zVmVzYSBEYW7EscWfbWFubMSxaw!5e0!3m2!1str!2str!4v1734710067231!5m2!1str!2str\" style=\"width:100%;height:400px\" seamless=\"seamless\"><\/iframe><\/div><\/div><\/div><\/div><\/div><\/div><div class=\"pane\" id=\"tab-1-1-eskisehir-yazilim-ofisi\"><div class=\"row\"><div class=\"wpv-grid grid-1-1  first unextended\" style=\"padding-top:0px;padding-bottom:0px\" id=\"wpv-column-1c729b9d5f10c20c148d3c3897daa1a4\" >\t\t<h2 class=\"text-divider-double\">\t\t\tEski\u015fehir Software Office\t\t<\/h2>\t\t<div class=\"sep\"><\/div>\t<div class=\"row\"><div class=\"wpv-grid grid-1-1  first unextended animation-fade-in animated-active\" style=\"padding-top:0px;padding-bottom:0px\" id=\"wpv-column-fde5a72eb096bfcfeb40cfc9b1035966\" ><div class=\"push\" style='margin-bottom:-30px'><\/div>\n<p style=\"text-align: center;\"><span class=\"vamtam-font-style-2 accent-4\">Yaz\u0131l\u0131m \u00c7\u00f6z\u00fcmlerimizi Sizler \u0130\u00e7in Tasarl\u0131yoruz<\/span><br \/>\n<div class=\"push\" style='height:30px'><\/div><\/div><\/div>\n<div class=\"row\"><div class=\"wpv-grid grid-1-3  first unextended animation-fade-in animated-active\" style=\"padding-top:0px;padding-bottom:0px\" id=\"wpv-column-1376bd38f43b77d7749fc044628ce2f6\" ><p style=\"text-align: center;\"><span class='icon shortcode theme  use-hover' style='font-size:32px !important;color:#0070f2;'>&#57547;<\/span>\n<p style=\"text-align: center;\">Ho\u015fnudiye Mahallesi G\u00fcrdal Abac\u0131 Plaza kat 3 daire 24 Tepeba\u015f\u0131\/Eski\u015fehir<br \/>\n<a href=\"https:\/\/maps.app.goo.gl\/8yGx4mn63FaFKWYD8\">Konum\u2192<\/a><\/div>\n<div class=\"wpv-grid grid-1-3  unextended animation-fade-in animated-active\" style=\"padding-top:0px;padding-bottom:0px\" id=\"wpv-column-22e60adf6b5be57380ff7e25eed5abd6\" ><p style=\"text-align: center;\"><span class='icon shortcode theme  use-hover' style='font-size:32px !important;color:#0070f2;'>&#57471;<\/span>\n<p style=\"text-align: center;\">Phone : <span data-teams=\"true\">0216 434 83 72<\/span><br \/>\nE-Mail: eskisehir.office@vesacons.com<\/div>\n<div class=\"wpv-grid grid-1-3  unextended animation-fade-in animated-active\" style=\"padding-top:0px;padding-bottom:0px\" id=\"wpv-column-f81b08d604a48f724b801fdeefc381d7\" ><p style=\"text-align: center;\"><span class='icon shortcode theme  use-hover' style='font-size:32px !important;color:#0070f2;'>&#57530;<\/span>\n<p style=\"text-align: center;\">Weekdays : 08:00 \u2013 18:00<br \/>\nWeekend: Closed<br \/>\nDestek : 07\/24<\/div><\/div>\n<div class=\"push\" style='margin-bottom:-40px'><\/div>\n<div class=\"sep-3\"><\/div>\n<div class=\"row\"><div class=\"wpv-grid grid-1-1  first unextended animation-zoom-in animated-active\" style=\"padding-top:0px;padding-bottom:0px\" id=\"wpv-column-2b43fe1a6f7d181d6280c1e5e29eff9f\" ><div class=\"push\" style='margin-bottom:-10px'><\/div>\n<p style=\"text-align: center;\"><a href=\"#\"> <span class='icon shortcode   use-hover' style='font-size:16px !important;color:#0070f2;'>&#58155;<\/span><\/a> \u00a0\u00a0\u00a0<a href=\"#\"><span class='icon shortcode   use-hover' style='font-size:16px !important;color:#0070f2;'>&#58159;<\/span><\/a> \u00a0\u00a0\u00a0<a href=\"#\"><span class='icon shortcode   use-hover' style='font-size:16px !important;color:#0070f2;'>&#58165;<\/span><\/a> <div class=\"push\" style='height:20px'><\/div><\/div><\/div>\n<div class=\"row\"><div class=\"wpv-grid grid-1-1  first unextended\" style=\"padding-top:0px;padding-bottom:0px\" id=\"wpv-column-1c0a3a63d5f2cce3d7923bcd27ad8626\" ><div class=\"frame-fl\"><iframe src=\"https:\/\/www.google.com\/maps\/embed?pb=!1m18!1m12!1m3!1d3066.0955737671343!2d30.503157276403655!3d39.78241049400129!2m3!1f0!2f0!3f0!3m2!1i1024!2i768!4f13.1!3m3!1m2!1s0x14cc152367ed4493%3A0xa2a9aa3cf5679064!2zR8O8cmRhbCBBYmFjxLEgUGxhemE!5e0!3m2!1str!2str!4v1734710104520!5m2!1str!2str\" style=\"width:100%;height:400px\" seamless=\"seamless\"><\/iframe><\/div><\/div><\/div><\/div><\/div><\/div><div class=\"pane\" id=\"tab-1-2-usak-arge-ofisi\"><div class=\"row\"><div class=\"wpv-grid grid-1-1  first unextended\" style=\"padding-top:0px;padding-bottom:0px\" id=\"wpv-column-8af9b93a04ba44b8c31eb5b8c34be837\" >\t\t<h2 class=\"text-divider-double\">\t\t\tU\u015fak Ar-Ge Ofisimiz\t\t<\/h2>\t\t<div class=\"sep\"><\/div>\t<div class=\"row\"><div class=\"wpv-grid grid-1-1  first unextended animation-fade-in animated-active\" style=\"padding-top:0px;padding-bottom:0px\" id=\"wpv-column-9aa85a60ed841db08c9d6a6cfd370127\" ><div class=\"push\" style='margin-bottom:-30px'><\/div>\n<p style=\"text-align: center;\"><span class=\"vamtam-font-style-2 accent-4\">Ara\u015ft\u0131rma ve Geli\u015ftirme Merkezimiz<\/span><br \/>\n<div class=\"push\" style='height:30px'><\/div><\/div><\/div>\n<div class=\"row\"><div class=\"wpv-grid grid-1-3  first unextended animation-fade-in animated-active\" style=\"padding-top:0px;padding-bottom:0px\" id=\"wpv-column-d7dbef8d596c933f20c54f4501743476\" ><p style=\"text-align: center;\"><span class='icon shortcode theme  use-hover' style='font-size:32px !important;color:#0070f2;'>&#57547;<\/span>\n<p style=\"text-align: center;\">Tekstil OSB, 64000 U\u015fak Merkez\/U\u015fak<br \/>\n<a href=\"https:\/\/maps.app.goo.gl\/CMCAvt2nis1PLgtB6\">Konum\u2192<\/a><\/div>\n<div class=\"wpv-grid grid-1-3  unextended animation-fade-in animated-active\" style=\"padding-top:0px;padding-bottom:0px\" id=\"wpv-column-caa8cf94539a88ab4cd8a24a57a7faae\" ><p style=\"text-align: center;\"><span class='icon shortcode theme  use-hover' style='font-size:32px !important;color:#0070f2;'>&#57471;<\/span>\n<p style=\"text-align: center;\">Phone : <span data-teams=\"true\">0216 434 83 72<\/span><br \/>\nE-Mail: sercan.midik@vesacons.com<\/div>\n<div class=\"wpv-grid grid-1-3  unextended animation-fade-in animated-active\" style=\"padding-top:0px;padding-bottom:0px\" id=\"wpv-column-073d6fd36f5fd286e0e0781baee4d693\" ><p style=\"text-align: center;\"><span class='icon shortcode theme  use-hover' style='font-size:32px !important;color:#0070f2;'>&#57530;<\/span>\n<p style=\"text-align: center;\">Weekdays : 08:00 \u2013 18:00<br \/>\nWeekend: Closed<br \/>\nDestek : 07\/24<\/div><\/div>\n<div class=\"push\" style='margin-bottom:-40px'><\/div>\n<div class=\"sep-3\"><\/div>\n<div class=\"row\"><div class=\"wpv-grid grid-1-1  first unextended animation-zoom-in animated-active\" style=\"padding-top:0px;padding-bottom:0px\" id=\"wpv-column-108a86850114d3b1739384759d4f7b85\" ><div class=\"push\" style='margin-bottom:-10px'><\/div>\n<p style=\"text-align: center;\"><a href=\"#\"> <span class='icon shortcode   use-hover' style='font-size:16px !important;color:#0070f2;'>&#58155;<\/span><\/a> \u00a0\u00a0\u00a0<a href=\"#\"><span class='icon shortcode   use-hover' style='font-size:16px !important;color:#0070f2;'>&#58159;<\/span><\/a> \u00a0\u00a0\u00a0<a href=\"#\"><span class='icon shortcode   use-hover' style='font-size:16px !important;color:#0070f2;'>&#58165;<\/span><\/a> <div class=\"push\" style='height:20px'><\/div><\/div><\/div>\n<div class=\"row\"><div class=\"wpv-grid grid-1-1  first unextended\" style=\"padding-top:0px;padding-bottom:0px\" id=\"wpv-column-557cd230bf4e389cdfd30a99a376a4e1\" ><div class=\"frame-fl\"><iframe src=\"https:\/\/www.google.com\/maps\/embed?pb=!1m18!1m12!1m3!1d3115.170809117214!2d29.176513376362614!3d38.66794236020985!2m3!1f0!2f0!3f0!3m2!1i1024!2i768!4f13.1!3m3!1m2!1s0x14c7d9786ade297f%3A0xb1db372cf3547ac8!2sU%C5%9EAK%20TEKNOPARK!5e0!3m2!1str!2str!4v1734710128647!5m2!1str!2str\" style=\"width:100%;height:400px\" seamless=\"seamless\"><\/iframe><\/div><\/div><\/div><\/div><\/div><\/div><\/div><style>#tabs-1 .ui-tabs-nav,#tabs-1 .ui-tabs-nav li{background:#fafafa;}#tabs-1 .ui-tabs-nav li,#tabs-1 .ui-tabs-nav li a,#tabs-1 .ui-tabs-nav li a .icon{color:#4a4f55;}#tabs-1 .ui-tabs-nav .ui-state-active,#tabs-1 .ui-tabs-nav .ui-state-selected,#tabs-1 .ui-tabs-nav .ui-state-hover{background:#0070f2;}#tabs-1 .ui-tabs-nav .ui-state-active,#tabs-1 .ui-tabs-nav .ui-state-active a,#tabs-1 .ui-tabs-nav .ui-state-active a .icon,#tabs-1 .ui-tabs-nav .ui-state-selected,#tabs-1 .ui-tabs-nav .ui-state-selected a,#tabs-1 .ui-tabs-nav .ui-state-selected a .icon,#tabs-1 .ui-tabs-nav .ui-state-hover,#tabs-1 .ui-tabs-nav .ui-state-hover a,#tabs-1 .ui-tabs-nav .ui-state-hover a .icon{color:#f2f8ff;}#tabs-1 .ui-tabs-nav .inactive-block-title h1,#tabs-1 .ui-tabs-nav .inactive-block-title h2,#tabs-1 .ui-tabs-nav .inactive-block-title h3,#tabs-1 .ui-tabs-nav .inactive-block-title h4,#tabs-1 .ui-tabs-nav .inactive-block-title h5,#tabs-1 .ui-tabs-nav .inactive-block-title h6{color:#4a4f55;}<\/style><\/div><\/div>\n<div class=\"row\"><div class=\"wpv-grid grid-1-1  wpv-first-level first has-background extended\" style=\"background-color:#f5f5f5;padding-top:60px;padding-bottom:30px\" id=\"wpv-column-3caab22938a39f7e7225b3d62338737c\" ><div class=\"extended-column-inner\"><style>#wpv-column-3caab22938a39f7e7225b3d62338737c p,#wpv-column-3caab22938a39f7e7225b3d62338737c em,#wpv-column-3caab22938a39f7e7225b3d62338737c .column-title,#wpv-column-3caab22938a39f7e7225b3d62338737c .sep-text h2.regular-title-wrapper,#wpv-column-3caab22938a39f7e7225b3d62338737c .text-divider-double,#wpv-column-3caab22938a39f7e7225b3d62338737c .sep-text .sep-text-line,#wpv-column-3caab22938a39f7e7225b3d62338737c .sep,#wpv-column-3caab22938a39f7e7225b3d62338737c .sep-2,#wpv-column-3caab22938a39f7e7225b3d62338737c .sep-3,#wpv-column-3caab22938a39f7e7225b3d62338737c td,#wpv-column-3caab22938a39f7e7225b3d62338737c th,#wpv-column-3caab22938a39f7e7225b3d62338737c caption{color:#767676;}#wpv-column-3caab22938a39f7e7225b3d62338737c:before{background-color:transparent;}<\/style><div class=\"row\"><div class=\"wpv-grid grid-1-1  first unextended animation-from-bottom animated-active\" style=\"padding-top:0px;padding-bottom:0px\" id=\"wpv-column-141e5c1e5c91dbacfa1060af1bb41b5d\" ><p>\n<div class=\"wpcf7 no-js\" id=\"wpcf7-f10-o1\" lang=\"en-US\" dir=\"ltr\" data-wpcf7-id=\"10\">\n<div class=\"screen-reader-response\"><p role=\"status\" aria-live=\"polite\" aria-atomic=\"true\"><\/p> <ul><\/ul><\/div>\n<form action=\"\/en\/wp-json\/wp\/v2\/pages\/31#wpcf7-f10-o1\" method=\"post\" class=\"wpcf7-form init\" aria-label=\"Contact form\" novalidate=\"novalidate\" data-status=\"init\" data-trp-original-action=\"\/en\/wp-json\/wp\/v2\/pages\/31#wpcf7-f10-o1\">\n<fieldset class=\"hidden-fields-container\"><input type=\"hidden\" name=\"_wpcf7\" value=\"10\" \/><input type=\"hidden\" name=\"_wpcf7_version\" value=\"6.1.5\" \/><input type=\"hidden\" name=\"_wpcf7_locale\" value=\"en_US\" \/><input type=\"hidden\" name=\"_wpcf7_unit_tag\" value=\"wpcf7-f10-o1\" \/><input type=\"hidden\" name=\"_wpcf7_container_post\" value=\"0\" \/><input type=\"hidden\" name=\"_wpcf7_posted_data_hash\" value=\"\" \/>\n<\/fieldset>\n<div class=\"row\">\n\t<div class=\"grid-1-3\">\n\t\t<p><span class=\"wpcf7-form-control-wrap\" data-name=\"Name\"><input size=\"40\" maxlength=\"400\" class=\"wpcf7-form-control wpcf7-text wpcf7-validates-as-required\" aria-required=\"true\" aria-invalid=\"false\" placeholder=\"Name\" value=\"\" type=\"text\" name=\"Name\" \/><\/span>\n\t\t<\/p>\n\t<\/div>\n\t<div class=\"grid-1-3\">\n\t\t<p><span class=\"wpcf7-form-control-wrap\" data-name=\"E-mail\"><input size=\"40\" maxlength=\"400\" class=\"wpcf7-form-control wpcf7-text wpcf7-validates-as-required\" aria-required=\"true\" aria-invalid=\"false\" placeholder=\"E-mail\" value=\"\" type=\"text\" name=\"E-mail\" \/><\/span>\n\t\t<\/p>\n\t<\/div>\n\t<div class=\"grid-1-3\">\n\t\t<p><span class=\"wpcf7-form-control-wrap\" data-name=\"Phone\"><input size=\"40\" maxlength=\"400\" class=\"wpcf7-form-control wpcf7-tel wpcf7-validates-as-required wpcf7-text wpcf7-validates-as-tel\" aria-required=\"true\" aria-invalid=\"false\" placeholder=\"12345678900000\" value=\"\" type=\"tel\" name=\"Phone\" \/><\/span>\n\t\t<\/p>\n\t<\/div>\n\t<div class=\"grid-1-1\">\n\t\t<p><span class=\"wpcf7-form-control-wrap\" data-name=\"Subject\"><input size=\"40\" maxlength=\"400\" class=\"wpcf7-form-control wpcf7-text wpcf7-validates-as-required\" aria-required=\"true\" aria-invalid=\"false\" placeholder=\"Subject\" value=\"\" type=\"text\" name=\"Subject\" \/><\/span>\n\t\t<\/p>\n\t<\/div>\n\t<div class=\"grid-1-1\">\n\t\t<p><span class=\"wpcf7-form-control-wrap\" data-name=\"Message\"><textarea cols=\"40\" rows=\"6\" maxlength=\"2000\" class=\"wpcf7-form-control wpcf7-textarea wpcf7-validates-as-required\" aria-required=\"true\" aria-invalid=\"false\" placeholder=\"Your message...\" name=\"Message\"><\/textarea><\/span>\n\t\t<\/p>\n\t<\/div>\n\t<div style= \"text-align: center;\">\n\t\t<p><input class=\"wpcf7-form-control wpcf7-submit has-spinner\" type=\"submit\" value=\"Send Message \u2192\" \/>\n\t\t<\/p>\n\t<\/div>\n<\/div><p style=\"display: none !important;\" class=\"akismet-fields-container\" data-prefix=\"_wpcf7_ak_\"><label>&#916;<textarea name=\"_wpcf7_ak_hp_textarea\" cols=\"45\" rows=\"8\" maxlength=\"100\"><\/textarea><\/label><input type=\"hidden\" id=\"ak_js_1\" name=\"_wpcf7_ak_js\" value=\"7\"\/><script>document.getElementById( \"ak_js_1\" ).setAttribute( \"value\", ( new Date() ).getTime() );<\/script><\/p><div class=\"wpcf7-response-output\" aria-hidden=\"true\"><\/div>\n<input type=\"hidden\" name=\"trp-form-language\" value=\"en\"\/><\/form>\n<\/div>\n<\/div><\/div><\/div><\/div><\/div>","protected":false},"excerpt":{"rendered":"","protected":false},"author":1,"featured_media":0,"parent":0,"menu_order":3,"comment_status":"closed","ping_status":"closed","template":"","meta":{"footnotes":""},"class_list":["post-31","page","type-page","status-publish","hentry"],"aioseo_notices":[],"_links":{"self":[{"href":"https:\/\/www.vesacons.com\/en\/wp-json\/wp\/v2\/pages\/31","targetHints":{"allow":["GET"]}}],"collection":[{"href":"https:\/\/www.vesacons.com\/en\/wp-json\/wp\/v2\/pages"}],"about":[{"href":"https:\/\/www.vesacons.com\/en\/wp-json\/wp\/v2\/types\/page"}],"author":[{"embeddable":true,"href":"https:\/\/www.vesacons.com\/en\/wp-json\/wp\/v2\/users\/1"}],"replies":[{"embeddable":true,"href":"https:\/\/www.vesacons.com\/en\/wp-json\/wp\/v2\/comments?post=31"}],"version-history":[{"count":8,"href":"https:\/\/www.vesacons.com\/en\/wp-json\/wp\/v2\/pages\/31\/revisions"}],"predecessor-version":[{"id":988003,"href":"https:\/\/www.vesacons.com\/en\/wp-json\/wp\/v2\/pages\/31\/revisions\/988003"}],"wp:attachment":[{"href":"https:\/\/www.vesacons.com\/en\/wp-json\/wp\/v2\/media?parent=31"}],"curies":[{"name":"wp","href":"https:\/\/api.w.org\/{rel}","templated":true}]}}