{"id":6334,"date":"2013-09-01T12:23:58","date_gmt":"2013-09-01T12:23:58","guid":{"rendered":"http:\/\/lawyers-attorneys.vamtam.com\/?page_id=6334"},"modified":"2024-12-21T07:00:59","modified_gmt":"2024-12-21T07:00:59","slug":"left-sidebar","status":"publish","type":"page","link":"https:\/\/www.vesacons.com\/en\/features\/templates\/left-sidebar\/","title":{"rendered":"Left Sidebar"},"content":{"rendered":"<div class=\"row\"><div class=\"wpv-grid grid-1-4  wpv-first-level first has-background unextended\" style=\"background-color:#f5f5f5;padding-top:0px;padding-bottom:0px\" id=\"wpv-column-7d1f2a8926bf85f71f5eea127261fe2a\" ><style>#wpv-column-7d1f2a8926bf85f71f5eea127261fe2a p,#wpv-column-7d1f2a8926bf85f71f5eea127261fe2a em,#wpv-column-7d1f2a8926bf85f71f5eea127261fe2a .column-title,#wpv-column-7d1f2a8926bf85f71f5eea127261fe2a .sep-text h2.regular-title-wrapper,#wpv-column-7d1f2a8926bf85f71f5eea127261fe2a .text-divider-double,#wpv-column-7d1f2a8926bf85f71f5eea127261fe2a .sep-text .sep-text-line,#wpv-column-7d1f2a8926bf85f71f5eea127261fe2a .sep,#wpv-column-7d1f2a8926bf85f71f5eea127261fe2a .sep-2,#wpv-column-7d1f2a8926bf85f71f5eea127261fe2a .sep-3,#wpv-column-7d1f2a8926bf85f71f5eea127261fe2a td,#wpv-column-7d1f2a8926bf85f71f5eea127261fe2a th,#wpv-column-7d1f2a8926bf85f71f5eea127261fe2a caption{color:#767676;}#wpv-column-7d1f2a8926bf85f71f5eea127261fe2a:before{background-color:transparent;}<\/style><div class=\"row\"><div class=\"wpv-grid grid-1-1  first unextended\" style=\"padding-top:0px;padding-bottom:0px\" id=\"wpv-column-4f9cf1917a44d58ff5d0585a91353966\" >\n<div  data-target=\"_self\" class=\"linkarea clearfix accent5  background-transparent\">\n\t\t\t\t<div class=\"last\"><img fetchpriority=\"high\" decoding=\"async\" class=\"alignnone size-medium wp-image-988281\" src=\"http:\/\/www.sercanmidik.com.tr\/wp-content\/uploads\/2024\/12\/daskjdkas-300x168.jpg\" alt=\"\" width=\"300\" height=\"168\" srcset=\"https:\/\/www.vesacons.com\/wp-content\/uploads\/2024\/12\/daskjdkas-300x168.jpg 300w, https:\/\/www.vesacons.com\/wp-content\/uploads\/2024\/12\/daskjdkas-1024x574.jpg 1024w, https:\/\/www.vesacons.com\/wp-content\/uploads\/2024\/12\/daskjdkas-768x430.jpg 768w, https:\/\/www.vesacons.com\/wp-content\/uploads\/2024\/12\/daskjdkas-1260x706.jpg 1260w, https:\/\/www.vesacons.com\/wp-content\/uploads\/2024\/12\/daskjdkas-615x344.jpg 615w, https:\/\/www.vesacons.com\/wp-content\/uploads\/2024\/12\/daskjdkas-400x224.jpg 400w, https:\/\/www.vesacons.com\/wp-content\/uploads\/2024\/12\/daskjdkas-292x164.jpg 292w, https:\/\/www.vesacons.com\/wp-content\/uploads\/2024\/12\/daskjdkas.jpg 1280w\" sizes=\"(max-width: 300px) 100vw, 300px\" \/><\/p>\n<p>This is Photoshop\u2019s version of Lorem Ipsum. Proin gravida nibh vel velit auctor aliquet.<\/div>\n\t<\/div><\/div><\/div>\n<div class=\"row\"><div class=\"wpv-grid grid-1-1  first unextended\" style=\"padding-top:0px;padding-bottom:0px\" id=\"wpv-column-046871c86a7646ecd1dff08894482ffe\" ><div class=\"wpv-accordion-wrapper wpv-accordion-1\"><ul class=\"wpv-accordion\" data-collapsible=\"true\"><li class=\"pane-wrapper\" style=\"background-image: url(&quot;http:\/\/www.sercanmidik.com.tr\/wp-content\/uploads\/2024\/12\/employeecentral.png&quot;);\">\n\t\t\t\t\t<h4 class=\"tab has-bg\"><div class=\"inner\">alan 1<\/div><\/h4>\n\t\t\t\t\t<div class=\"pane\"><div class=\"inner\"><div class=\"row\"><div class=\"wpv-grid grid-1-1  first unextended\" style=\"padding-top:0px;padding-bottom:0px\" id=\"wpv-column-7978adf16f364f519fc697ce218fb066\" ><p>deneme 1<\/div><\/div><\/div><\/div>\n\t\t\t\t\t<\/li><li class=\"pane-wrapper\" style=\"background-image: url(&quot;http:\/\/www.sercanmidik.com.tr\/wp-content\/uploads\/2024\/12\/cdcdfd.jpg&quot;);\">\n\t\t\t\t\t<h4 class=\"tab has-bg\"><div class=\"inner\">alan 2<\/div><\/h4>\n\t\t\t\t\t<div class=\"pane\"><div class=\"inner\"><div class=\"row\"><div class=\"wpv-grid grid-1-1  first unextended\" style=\"padding-top:0px;padding-bottom:0px\" id=\"wpv-column-aa66675f95bd3c272ff1bfb745d39d67\" ><p>deneme2<\/div><\/div><\/div><\/div>\n\t\t\t\t\t<\/li><li class=\"pane-wrapper\" style=\"\">\n\t\t\t\t\t<h4 class=\"tab\"><div class=\"inner\">alan 3<\/div><\/h4>\n\t\t\t\t\t<div class=\"pane\"><div class=\"inner\"><div class=\"row\"><div class=\"wpv-grid grid-1-1  first unextended\" style=\"padding-top:0px;padding-bottom:0px\" id=\"wpv-column-2de9361f56ed81555d36f5c57e37fcf5\" ><p>alan 3 a\u00e7\u0131klama<\/div><\/div><\/div><\/div>\n\t\t\t\t\t<\/li><\/ul><style>.wpv-accordion-1 .tab .inner { background-color: #0070f2; color: #fafafa; }<\/style><\/div><\/div><\/div>\n<div class=\"sep\"><\/div>\n<div class=\"row\"><div class=\"wpv-grid grid-1-1  first unextended\" style=\"padding-top:0px;padding-bottom:0px\" id=\"wpv-column-cdd65b0556c0201fbec24289df3ed2d2\" >\n<div  data-target=\"_self\" class=\"linkarea clearfix accent5  background-transparent\">\n\t\t\t\t<div class=\"last\">Men\u00fc 1<\/div>\n\t<\/div><\/div><\/div>\n<div class=\"row\"><div class=\"wpv-grid grid-1-1  first unextended\" style=\"padding-top:0px;padding-bottom:0px\" id=\"wpv-column-591b083aaf71c12445cb94821184dbbe\" >\n<div  data-target=\"_self\" class=\"linkarea clearfix accent5  background-transparent\">\n\t\t\t\t<div class=\"last\">Men\u00fc 2<\/div>\n\t<\/div><\/div><\/div><\/div>\n<div class=\"wpv-grid grid-3-4  wpv-first-level unextended\" style=\"padding-top:0px;padding-bottom:0px\" id=\"wpv-column-6845cc549e559bc918bad3d4457aeceb\" >\t\t<div class=\"sep-text single centered\">\n\t\t\t\t\t\t\t<span class=\"sep-text-before\"><div class=\"sep-text-line\"><\/div><\/span>\n\t\t\t\t\t\t<div class=\"content\">\n\t\t\t\t<h2 class=\"text-divider-double\">Ba\u015fl\u0131k Opsiyonelmi\u015f<\/h2>\t\t\t<\/div>\n\t\t\t<span class=\"sep-text-after\"><div class=\"sep-text-line\"><\/div><\/span>\n\t\t\t\t\t<\/div>\n\t<p>Aristotle made several efforts to explain how moral conduct contributes to the good life for human agents, including the Eqikh EudaimonhV and the Magna Moralia, but the most complete surviving statement of his views on morality occurs in the Eqikh Nikomacoi .<\/p>\n<h3>Successful people ask better questions.<\/h3>\n<p>But on Aristotle\u2019s view, the lives of individual human beings are invariably linked together in a social context. In the Peri PoliV he speculated about the origins of the state, described and assessed the relative merits of various types of government, and listed the obligations of the individual citizen.<\/p>\n<h4>Luctus fermentum commodo<\/h4>\n<p>Working from home meant we could vary snack and coffee breaks, change our desks or view, goof off, drink on the job, even spend the day in pajamas, and often meet to gossip or share ideas. On the other hand, we bossed ourselves around, set impossible goals, and demanded longer hours than office jobs usually entail. It was the ultimate \u201cflextime,\u201d in that it depended on how flexible we felt each day, given deadlines, distractions, and workaholic crescendos.<\/p>\n<blockquote><p>This is Photoshop\u2019s version of Lorem Ipsum. Proin gravida nibh vel velit auctor aliquet. Aenean sollicitudin, lorem quis bibendum auctor, nisi elit consequat ipsum, nec sagittis sem nibh id elit.<\/p><\/blockquote>\n<p>Integer vel libero arcu, egestas tempor ipsum. Vestibulum id dolor aliquet dolor fringilla ornare. Nunc non massa erat. Vivamus odio sem, rhoncus vel bibendum vitae, euismod a urna. Aliquam erat volutpat. Aenean non lorem arcu. Phasellus in neque nulla, sed sodales ipsum. Morbi a massa sed sapien vulputate lacinia. Vivamus et urna vitae felis malesuada aliquet sit amet et metus.<\/p>\n<ul>\n<li>Consectetur adipiscing elit vtae elit libero<\/li>\n<li>Nullam id dolor id eget lacinia odio posuere erat a ante<\/li>\n<li>Integer posuere erat dapibus posuere velit<\/li>\n<\/ul>\n<p>There are many variations of passages of Lorem Ipsum available, but the majority have suffered alteration in some form, by injected humour, or randomised words which don\u2019t look even slightly believable.<\/div><\/div>\n<div class=\"row\"><div class=\"wpv-grid grid-1-4  wpv-first-level first unextended\" style=\"padding-top:0px;padding-bottom:0px\" id=\"wpv-column-9c786cfeacd48a470de621c22cbb8ea9\" ><div class=\"team-member has-content\">\n\t\t<div class=\"thumbnail\">\n\t\t\t\t\t<a href=\"\/en\/\" title=\"sercan m\u0131d\u0131k\">\n\t\t\t\t\t<img decoding=\"async\" src=\"http:\/\/www.sercanmidik.com.tr\/wp-content\/uploads\/2024\/12\/image.jpeg\" alt=\"\" \/>\t\t\t\t\t<\/a>\n\t\t\t<\/div>\n\t\t<div class=\"team-member-info\">\n\t\t<h3>\n\t\t\t\t\t\t\t<a href=\"\/en\/\" title=\"sercan m\u0131d\u0131k\">\n\t\t\t\t\t\t\tsercan m\u0131d\u0131k\t\t\t\t\t\t\t<\/a>\n\t\t\t\t\t<\/h3>\n\t\t\t\t\t<h5 class=\"regular-title-wrapper team-member-position\"> Backend Developer <\/h5>\n\t\t\t\t\t\t\t<div><a href=\"mailto:sercan.midik@vesacons.com\" title=\"email sercan m\u0131d\u0131k\">sercan.midik@vesacons.com<\/a><\/div>\n\t\t\t\t\t\t\t<div class=\"team-member-phone\"><a href=\"tel:+905066133089\" title=\"Call sercan m\u0131d\u0131k\">+905066133089<\/a><\/div>\n\t\t\t\t<div class=\"share-icons clearfix\">\n\t\t\t\t\t\t\t\t<a href=\"\/en\/\" title=\"\" target=\"_blank\"><span class='icon shortcode   use-hover' style=''>&#58150;<\/span><\/a>\n\t\t\t\t\t\t\t\t<a href=\"\/en\/\" title=\"\" target=\"_blank\"><span class='icon shortcode   use-hover' style=''>&#58155;<\/span><\/a>\n\t\t\t\t\t\t\t\t<a href=\"\/en\/\" title=\"\" target=\"_blank\"><span class='icon shortcode   use-hover' style=''>&#58159;<\/span><\/a>\n\t\t\t\t\t\t\t\t<a href=\"\/en\/\" title=\"\" target=\"_blank\"><span class='icon shortcode   use-hover' style=''>&#58165;<\/span><\/a>\n\t\t\t\t\t\t\t\t<a href=\"\/en\/\" title=\"\" target=\"_blank\"><span class='icon shortcode   use-hover' style=''>&#58158;<\/span><\/a>\n\t\t\t\t\t\t\t\t<a href=\"\/en\/\" title=\"\" target=\"_blank\"><span class='icon shortcode   use-hover' style=''>&#58179;<\/span><\/a>\n\t\t\t\t\t\t\t\t<a href=\"\/en\/\" title=\"\" target=\"_blank\"><span class='icon shortcode   use-hover' style=''>&#58167;<\/span><\/a>\n\t\t\t\t\t<\/div>\n\t<\/div>\n\t\t<div class=\"team-member-bio\">\n\t\tA\u00e7\u0131klamas\u0131\t<\/div>\n\t<\/div>\n<\/div>\n<div class=\"wpv-grid grid-3-4  wpv-first-level unextended\" style=\"padding-top:0px;padding-bottom:0px\" id=\"wpv-column-85044c9c963c4cf93f36ccc8a216eb1d\" ><div class=\"services has-more\" id=\"wpv-expandable-5526118a660b3570d3aaaa315ccafccb\">\n\t<div class=\"closed services-inside\">\n\t\t<div class=\"services-content-wrapper clearfix\">\n\t\t\t\t\t\t\t<div class=\"image-wrapper\"><span class='icon shortcode   use-hover' style='font-size:62px !important;color:#0070f2;'>&#58055;<\/span><\/div>\n\t\t\t\n\t\t\t\t\t\t\t<h3 class=\"title\">ba\u015fl\u0131k<\/h3><br>\n\t\t\t\t\t\tkapal\u0131 durum metni gelecek<br \/>\n\n\t\t<\/div>\n\t<\/div>\n\t<div class=\"open services-inside\">\n\t\t<div class=\"services-content-wrapper\">\n\t\t\t<div class=\"row\">\n\t\t\t\t\na\u00e7\u0131k durum metni gelecek<br \/>\n\t\t\t<\/div>\n\t\t<\/div>\n\t<\/div>\n<\/div>\n<style scoped>#wpv-expandable-5526118a660b3570d3aaaa315ccafccb .open{background:#0070f2;}#wpv-expandable-5526118a660b3570d3aaaa315ccafccb .open,#wpv-expandable-5526118a660b3570d3aaaa315ccafccb .open p,#wpv-expandable-5526118a660b3570d3aaaa315ccafccb .open .sep-text h2.regular-title-wrapper,#wpv-expandable-5526118a660b3570d3aaaa315ccafccb .open .text-divider-double,#wpv-expandable-5526118a660b3570d3aaaa315ccafccb .open .sep-text .sep-text-line,#wpv-expandable-5526118a660b3570d3aaaa315ccafccb .open .sep,#wpv-expandable-5526118a660b3570d3aaaa315ccafccb .open .sep-2,#wpv-expandable-5526118a660b3570d3aaaa315ccafccb .open .sep-3,#wpv-expandable-5526118a660b3570d3aaaa315ccafccb .open h1,#wpv-expandable-5526118a660b3570d3aaaa315ccafccb .open h2,#wpv-expandable-5526118a660b3570d3aaaa315ccafccb .open h3,#wpv-expandable-5526118a660b3570d3aaaa315ccafccb .open h4,#wpv-expandable-5526118a660b3570d3aaaa315ccafccb .open h5,#wpv-expandable-5526118a660b3570d3aaaa315ccafccb .open h6,#wpv-expandable-5526118a660b3570d3aaaa315ccafccb .open td,#wpv-expandable-5526118a660b3570d3aaaa315ccafccb .open th,#wpv-expandable-5526118a660b3570d3aaaa315ccafccb .open caption{color:#f2f8ff;}<\/style>\n<\/div><\/div>\n<div class=\"row\"><div class=\"wpv-grid grid-1-1  wpv-first-level first unextended\" style=\"padding-top:0px;padding-bottom:0px\" id=\"wpv-column-d56f6db1a786e3822465332a88baa991\" >\t\t<div class=\"sep-text single centered\">\n\t\t\t\t\t\t\t<span class=\"sep-text-before\"><div class=\"sep-text-line\"><\/div><\/span>\n\t\t\t\t\t\t<div class=\"content\">\n\t\t\t\t<h2 class=\"text-divider-double\">\nText Divider<\/h2>\t\t\t<\/div>\n\t\t\t<span class=\"sep-text-after\"><div class=\"sep-text-line\"><\/div><\/span>\n\t\t\t\t\t<\/div>\n\t\n<div class=\"row\"><div class=\"wpv-grid grid-1-1  first unextended\" style=\"padding-top:0px;padding-bottom:0px\" id=\"wpv-column-7fbfcdaf2ef300814959b6444fe6327e\" ><p>deneme<\/div><\/div><\/div><\/div>\n<div class=\"row\"><div class=\"wpv-grid grid-1-1  wpv-first-level first unextended\" style=\"padding-top:0px;padding-bottom:0px\" id=\"wpv-column-f536c86dd683ee1a3623bfe129e7b1de\" ><p>If you are going to use a passage of Lorem Ipsum, you need to be sure there isn\u2019t anything embarrassing hidden in the middle of text. All the Lorem Ipsum generators on the Internet tend to repeat predefined chunks as necessary, making this the first true generator on the Internet. Lorem ipsum dolor sit amet, consectetur adipiscing elit. Aenean non enim ut enim fringilla adipiscing id in lorem. Quisque aliquet neque vitae lectus tempus consectetur. Aliquam erat volutpat. Nunc eu nibh nulla, id cursus arcu.<\/div><\/div>\n<div class=\"sep\"><\/div>\n<div class=\"row\"><div class=\"wpv-grid grid-1-1  wpv-first-level first unextended\" style=\"padding-top:0px;padding-bottom:0px\" id=\"wpv-column-eb514018ee087bb69c5b476f6143aae7\" ><div class=\"wpv-progress pie\" data-percent=\"65\" data-bar-color=\"#0070f2\" data-track-color=\"#ffffff\" style=\"color:#4A4F55\"><span>0<\/span>%<\/div><\/div><\/div>","protected":false},"excerpt":{"rendered":"<p>Aristotle made several efforts to explain how moral conduct contributes to the good life for human agents, including the Eqikh EudaimonhV and the Magna Moralia, but the most complete surviving statement of his views on morality occurs in the Eqikh Nikomacoi . Successful people ask better questions. But on Aristotle\u2019s view, the lives of individual&#8230;<\/p>","protected":false},"author":1,"featured_media":0,"parent":6331,"menu_order":0,"comment_status":"closed","ping_status":"closed","template":"","meta":{"footnotes":""},"class_list":["post-6334","page","type-page","status-publish","hentry"],"aioseo_notices":[],"_links":{"self":[{"href":"https:\/\/www.vesacons.com\/en\/wp-json\/wp\/v2\/pages\/6334","targetHints":{"allow":["GET"]}}],"collection":[{"href":"https:\/\/www.vesacons.com\/en\/wp-json\/wp\/v2\/pages"}],"about":[{"href":"https:\/\/www.vesacons.com\/en\/wp-json\/wp\/v2\/types\/page"}],"author":[{"embeddable":true,"href":"https:\/\/www.vesacons.com\/en\/wp-json\/wp\/v2\/users\/1"}],"replies":[{"embeddable":true,"href":"https:\/\/www.vesacons.com\/en\/wp-json\/wp\/v2\/comments?post=6334"}],"version-history":[{"count":9,"href":"https:\/\/www.vesacons.com\/en\/wp-json\/wp\/v2\/pages\/6334\/revisions"}],"predecessor-version":[{"id":988349,"href":"https:\/\/www.vesacons.com\/en\/wp-json\/wp\/v2\/pages\/6334\/revisions\/988349"}],"up":[{"embeddable":true,"href":"https:\/\/www.vesacons.com\/en\/wp-json\/wp\/v2\/pages\/6331"}],"wp:attachment":[{"href":"https:\/\/www.vesacons.com\/en\/wp-json\/wp\/v2\/media?parent=6334"}],"curies":[{"name":"wp","href":"https:\/\/api.w.org\/{rel}","templated":true}]}}