{"id":7774,"date":"2014-04-23T10:34:55","date_gmt":"2014-04-23T10:34:55","guid":{"rendered":"http:\/\/lawyers-attorneys.vamtam.com\/?page_id=7774"},"modified":"2025-02-05T15:22:11","modified_gmt":"2025-02-05T15:22:11","slug":"moduls","status":"publish","type":"page","link":"https:\/\/www.vesacons.com\/en\/moduls\/","title":{"rendered":"Our Modules"},"content":{"rendered":"<div class=\"push\" style='height:35px'><\/div>\n<div class=\"row\"><div class=\"wpv-grid grid-1-3  wpv-first-level first unextended animation-fade-in animated-active\" style=\"padding-top:0px;padding-bottom:0px\" id=\"wpv-column-05c489d2549a2c749311cb1d07eabdaf\" ><div class=\"team-member has-content\">\n\t\t<div class=\"thumbnail\">\n\t\t\t\t\t<a href=\"https:\/\/www.vesacons.com\/en\/temel-ik-calisan-merkezi-bordro\/\" title=\"Employee Central Payroll\">\n\t\t\t\t\t<img decoding=\"async\" src=\"http:\/\/www.sercanmidik.com.tr\/wp-content\/uploads\/2024\/12\/83894c87-c8e8-4fbd-b001-c284d5407def-1.jpeg\" alt=\"\" \/>\t\t\t\t\t<\/a>\n\t\t\t<\/div>\n\t\t<div class=\"team-member-info\">\n\t\t<h3>\n\t\t\t\t\t\t\t<a href=\"https:\/\/www.vesacons.com\/en\/temel-ik-calisan-merkezi-bordro\/\" title=\"Employee Central Payroll\">\n\t\t\t\t\t\t\tEmployee Central Payroll\t\t\t\t\t\t\t<\/a>\n\t\t\t\t\t<\/h3>\n\t\t\t\t\t<h5 class=\"regular-title-wrapper team-member-position\"> SuccessFactors <\/h5>\n\t\t\t\t\t\t\t\t<div class=\"share-icons clearfix\">\n\t\t\t\t\t<\/div>\n\t<\/div>\n\t\t<div class=\"team-member-bio\">\n\t\tIt is a payroll solution designed to manage employee salary, bonus, incentive, and deduction processes. SAP's cloud-based payroll management module, Employee Central Payroll, accelerates the payroll calculation processes, ensuring employees are paid accurately and on time. This module simplifies complex payroll processes while also supporting legal compliance.\t<\/div>\n\t<\/div>\n<\/div>\n<div class=\"wpv-grid grid-1-3  wpv-first-level unextended animation-fade-in animated-active\" style=\"padding-top:0px;padding-bottom:0px\" id=\"wpv-column-2b346255e27a4d55fdba24649d94ab49\" ><div class=\"team-member has-content\">\n\t\t<div class=\"thumbnail\">\n\t\t\t\t\t<a href=\"https:\/\/www.vesacons.com\/en\/temel-ik-calisan-merkezi\/\" title=\"Employee Central\">\n\t\t\t\t\t<img decoding=\"async\" src=\"http:\/\/www.sercanmidik.com.tr\/wp-content\/uploads\/2024\/12\/Managing-personal-information-Explainer-Video-1-1.gif\" alt=\"\" \/>\t\t\t\t\t<\/a>\n\t\t\t<\/div>\n\t\t<div class=\"team-member-info\">\n\t\t<h3>\n\t\t\t\t\t\t\t<a href=\"https:\/\/www.vesacons.com\/en\/temel-ik-calisan-merkezi\/\" title=\"Employee Central\">\n\t\t\t\t\t\t\tEmployee Central\t\t\t\t\t\t\t<\/a>\n\t\t\t\t\t<\/h3>\n\t\t\t\t\t<h5 class=\"regular-title-wrapper team-member-position\"> SuccessFactors <\/h5>\n\t\t\t\t\t\t\t\t<div class=\"share-icons clearfix\">\n\t\t\t\t\t<\/div>\n\t<\/div>\n\t\t<div class=\"team-member-bio\">\n\t\tIt offers a solution that includes human resources (HR) management modules running on SAP\u2019s next-generation ERP platform, S\/4HANA. SAP S\/4HANA HR provides a modern infrastructure and advanced analytics capabilities to help organizations streamline their HR processes more efficiently. This solution enables organizations to manage human capital more effectively and achieve strategic goals through an integrated platform.\t<\/div>\n\t<\/div>\n<\/div>\n<div class=\"wpv-grid grid-1-3  wpv-first-level unextended animation-fade-in animated-active\" style=\"padding-top:0px;padding-bottom:0px\" id=\"wpv-column-6a9c6509a390726e9cc93bfdc47d4d70\" ><div class=\"team-member has-content\">\n\t\t<div class=\"thumbnail\">\n\t\t\t\t\t<a href=\"https:\/\/www.vesacons.com\/en\/temel-ik-ise-alim\/\" title=\"Recruitment\">\n\t\t\t\t\t<img decoding=\"async\" src=\"http:\/\/www.sercanmidik.com.tr\/wp-content\/uploads\/2024\/12\/recrrruu-Photoroom-1.jpg\" alt=\"\" \/>\t\t\t\t\t<\/a>\n\t\t\t<\/div>\n\t\t<div class=\"team-member-info\">\n\t\t<h3>\n\t\t\t\t\t\t\t<a href=\"https:\/\/www.vesacons.com\/en\/temel-ik-ise-alim\/\" title=\"Recruitment\">\n\t\t\t\t\t\t\tRecruitment\t\t\t\t\t\t\t<\/a>\n\t\t\t\t\t<\/h3>\n\t\t\t\t\t<h5 class=\"regular-title-wrapper team-member-position\"> SuccessFactors <\/h5>\n\t\t\t\t\t\t\t\t<div class=\"share-icons clearfix\">\n\t\t\t\t\t<\/div>\n\t<\/div>\n\t\t<div class=\"team-member-bio\">\n\t\tIt is a cloud-based solution designed to optimize companies' recruitment processes. It brings together candidate sourcing, application process management, interview scheduling, hiring decisions, and onboarding processes on a single platform. By accelerating recruitment processes, it enables companies to find the right talent and enhance the hiring experience.\t<\/div>\n\t<\/div>\n<\/div><\/div>\n<div class=\"sep-3\"><\/div>\n<div class=\"push\" style='height:10px'><\/div>\n<div class=\"row\"><div class=\"wpv-grid grid-1-3  wpv-first-level first unextended animation-fade-in animated-active\" style=\"padding-top:0px;padding-bottom:0px\" id=\"wpv-column-10166616535140777c59d97044322360\" ><div class=\"team-member has-content\">\n\t\t<div class=\"thumbnail\">\n\t\t\t\t\t<a href=\"https:\/\/www.vesacons.com\/en\/temel-ik-oryantasyon\/\" title=\"Onboarding\">\n\t\t\t\t\t<img decoding=\"async\" src=\"http:\/\/www.sercanmidik.com.tr\/wp-content\/uploads\/2024\/12\/onboardn-1.jpg\" alt=\"\" \/>\t\t\t\t\t<\/a>\n\t\t\t<\/div>\n\t\t<div class=\"team-member-info\">\n\t\t<h3>\n\t\t\t\t\t\t\t<a href=\"https:\/\/www.vesacons.com\/en\/temel-ik-oryantasyon\/\" title=\"Onboarding\">\n\t\t\t\t\t\t\tOnboarding\t\t\t\t\t\t\t<\/a>\n\t\t\t\t\t<\/h3>\n\t\t\t\t\t<h5 class=\"regular-title-wrapper team-member-position\"> SuccessFactors <\/h5>\n\t\t\t\t\t\t\t\t<div class=\"share-icons clearfix\">\n\t\t\t\t\t<\/div>\n\t<\/div>\n\t\t<div class=\"team-member-bio\">\n\t\tIt is a module designed to streamline and accelerate the onboarding process for new employees. By making the orientation process more efficient, it facilitates their adaptation to the organization and enables them to be more productive from day one. This module ensures a seamless transition from recruitment to onboarding, helping new hires integrate quickly into their roles.\t<\/div>\n\t<\/div>\n<\/div>\n<div class=\"wpv-grid grid-1-3  wpv-first-level unextended animation-fade-in animated-active\" style=\"padding-top:0px;padding-bottom:0px\" id=\"wpv-column-0cd3b08775ba9fb6b7a2bfa260212af3\" ><div class=\"team-member has-content\">\n\t\t<div class=\"thumbnail\">\n\t\t\t\t\t<a href=\"https:\/\/www.vesacons.com\/en\/successfactors-performans-ve-hedef-yonetimi\/\" title=\"Performance and Goal Management\">\n\t\t\t\t\t<img decoding=\"async\" src=\"http:\/\/www.sercanmidik.com.tr\/wp-content\/uploads\/2024\/12\/9bd90675-2787-41fa-a6b7-8a1709a17e87-1.gif\" alt=\"\" \/>\t\t\t\t\t<\/a>\n\t\t\t<\/div>\n\t\t<div class=\"team-member-info\">\n\t\t<h3>\n\t\t\t\t\t\t\t<a href=\"https:\/\/www.vesacons.com\/en\/successfactors-performans-ve-hedef-yonetimi\/\" title=\"Performance and Goal Management\">\n\t\t\t\t\t\t\tPerformance and Goal Management\t\t\t\t\t\t\t<\/a>\n\t\t\t\t\t<\/h3>\n\t\t\t\t\t<h5 class=\"regular-title-wrapper team-member-position\"> SuccessFactors <\/h5>\n\t\t\t\t\t\t\t\t<div class=\"share-icons clearfix\">\n\t\t\t\t\t<\/div>\n\t<\/div>\n\t\t<div class=\"team-member-bio\">\n\t\tIt provides a comprehensive platform to evaluate, develop, and support employees in achieving their goals. By standardizing the performance management process, it ensures transparency, objectively assesses employee contributions, and promotes a culture of continuous feedback. This module is designed to contribute to employees' career development and align performance with organizational goals.\t<\/div>\n\t<\/div>\n<\/div>\n<div class=\"wpv-grid grid-1-3  wpv-first-level unextended animation-fade-in animated-active\" style=\"padding-top:0px;padding-bottom:0px\" id=\"wpv-column-54a5e2e4c3699701c3fab8f27cfc8be0\" ><div class=\"team-member has-content\">\n\t\t<div class=\"thumbnail\">\n\t\t\t\t\t<a href=\"https:\/\/www.vesacons.com\/en\/successfactors-ucret-yonetimi\/\" title=\"Compensation Management\">\n\t\t\t\t\t<img decoding=\"async\" src=\"http:\/\/www.sercanmidik.com.tr\/wp-content\/uploads\/2024\/12\/compensation-wp.jpg\" alt=\"\" \/>\t\t\t\t\t<\/a>\n\t\t\t<\/div>\n\t\t<div class=\"team-member-info\">\n\t\t<h3>\n\t\t\t\t\t\t\t<a href=\"https:\/\/www.vesacons.com\/en\/successfactors-ucret-yonetimi\/\" title=\"Compensation Management\">\n\t\t\t\t\t\t\tCompensation Management\t\t\t\t\t\t\t<\/a>\n\t\t\t\t\t<\/h3>\n\t\t\t\t\t<h5 class=\"regular-title-wrapper team-member-position\"> SuccessFactors <\/h5>\n\t\t\t\t\t\t\t\t<div class=\"share-icons clearfix\">\n\t\t\t\t\t<\/div>\n\t<\/div>\n\t\t<div class=\"team-member-bio\">\n\t\tIt is a module designed for managing salaries, bonuses, incentives, and other employee benefits. This module helps organizations conduct their compensation processes in a fair, transparent, and strategic manner. By considering factors such as performance, competencies, and organizational budget, it simplifies compensation decisions and enhances employee motivation.\t<\/div>\n\t<\/div>\n<\/div><\/div>\n<div class=\"sep-3\"><\/div>\n<div class=\"push\" style='height:10px'><\/div>\n<div class=\"row\"><div class=\"wpv-grid grid-1-3  wpv-first-level first unextended animation-fade-in animated-active\" style=\"padding-top:0px;padding-bottom:0px\" id=\"wpv-column-12f5b2d58f778d8e39755ef06f23b185\" ><div class=\"team-member has-content\">\n\t\t<div class=\"thumbnail\">\n\t\t\t\t\t<a href=\"https:\/\/www.vesacons.com\/en\/successfactors-ogrenme-yonetim-sistemi\/\" title=\"Learning Management System\">\n\t\t\t\t\t<img decoding=\"async\" src=\"http:\/\/www.sercanmidik.com.tr\/wp-content\/uploads\/2024\/12\/lms-wp.jpg\" alt=\"\" \/>\t\t\t\t\t<\/a>\n\t\t\t<\/div>\n\t\t<div class=\"team-member-info\">\n\t\t<h3>\n\t\t\t\t\t\t\t<a href=\"https:\/\/www.vesacons.com\/en\/successfactors-ogrenme-yonetim-sistemi\/\" title=\"Learning Management System\">\n\t\t\t\t\t\t\tLearning Management System\t\t\t\t\t\t\t<\/a>\n\t\t\t\t\t<\/h3>\n\t\t\t\t\t<h5 class=\"regular-title-wrapper team-member-position\"> SuccessFactors <\/h5>\n\t\t\t\t\t\t\t\t<div class=\"share-icons clearfix\">\n\t\t\t\t\t<\/div>\n\t<\/div>\n\t\t<div class=\"team-member-bio\">\n\t\tIt provides a comprehensive learning management system to help employees develop their knowledge and skills. By digitizing training processes, this module supports a corporate learning culture and enables employees to keep their competencies up to date. It facilitates the management of in-house training, certification programs, compliance training, and personal development content.\t<\/div>\n\t<\/div>\n<\/div>\n<div class=\"wpv-grid grid-1-3  wpv-first-level unextended animation-fade-in animated-active\" style=\"padding-top:0px;padding-bottom:0px\" id=\"wpv-column-6fbb9df3056ff759182ad1aecb7324a9\" ><div class=\"team-member has-content\">\n\t\t<div class=\"thumbnail\">\n\t\t\t\t\t<a href=\"https:\/\/www.vesacons.com\/en\/successfactors-kariyer-yedekleme-ve-gelisim\/\" title=\"Career Succession and Development\">\n\t\t\t\t\t<img decoding=\"async\" src=\"http:\/\/www.sercanmidik.com.tr\/wp-content\/uploads\/2024\/12\/sd-wp-2.jpg\" alt=\"\" \/>\t\t\t\t\t<\/a>\n\t\t\t<\/div>\n\t\t<div class=\"team-member-info\">\n\t\t<h3>\n\t\t\t\t\t\t\t<a href=\"https:\/\/www.vesacons.com\/en\/successfactors-kariyer-yedekleme-ve-gelisim\/\" title=\"Career Succession and Development\">\n\t\t\t\t\t\t\tCareer Succession and Development\t\t\t\t\t\t\t<\/a>\n\t\t\t\t\t<\/h3>\n\t\t\t\t\t<h5 class=\"regular-title-wrapper team-member-position\"> SuccessFactors <\/h5>\n\t\t\t\t\t\t\t\t<div class=\"share-icons clearfix\">\n\t\t\t\t\t<\/div>\n\t<\/div>\n\t\t<div class=\"team-member-bio\">\n\t\tIt is a module designed to help organizations identify and develop future leaders and high-potential employees for critical positions. By taking a strategic approach to talent management, it supports employees' career goals and accelerates the process of nurturing future leaders for corporate success. By providing succession plans and development opportunities, it contributes to sustainable organizational growth.\t<\/div>\n\t<\/div>\n<\/div>\n<div class=\"wpv-grid grid-1-3  wpv-first-level unextended animation-fade-in animated-active\" style=\"padding-top:0px;padding-bottom:0px\" id=\"wpv-column-9aeece2119be800ec1b0df0bf87469bd\" ><div class=\"team-member has-content\">\n\t\t<div class=\"thumbnail\">\n\t\t\t\t\t<a href=\"https:\/\/www.vesacons.com\/en\/temel-ik-zaman-yonetimi\/\" title=\"Time Management\">\n\t\t\t\t\t<img decoding=\"async\" src=\"http:\/\/www.sercanmidik.com.tr\/wp-content\/uploads\/2024\/12\/tt.jpg\" alt=\"\" \/>\t\t\t\t\t<\/a>\n\t\t\t<\/div>\n\t\t<div class=\"team-member-info\">\n\t\t<h3>\n\t\t\t\t\t\t\t<a href=\"https:\/\/www.vesacons.com\/en\/temel-ik-zaman-yonetimi\/\" title=\"Time Management\">\n\t\t\t\t\t\t\tTime Management\t\t\t\t\t\t\t<\/a>\n\t\t\t\t\t<\/h3>\n\t\t\t\t\t<h5 class=\"regular-title-wrapper team-member-position\"> SuccessFactors <\/h5>\n\t\t\t\t\t\t\t\t<div class=\"share-icons clearfix\">\n\t\t\t\t\t<\/div>\n\t<\/div>\n\t\t<div class=\"team-member-bio\">\n\t\tIt is a solution designed to track employees' working hours, overtime records, and absences. This module streamlines HR processes by managing daily time entries, overtime, and attendance in a centralized system, ensuring greater efficiency and transparency. The Time Tracking Module is an effective tool for controlling labor costs, enhancing productivity, and ensuring legal compliance.\t<\/div>\n\t<\/div>\n<\/div><\/div>\n<div class=\"sep-3\"><\/div>\n<div class=\"push\" style='height:10px'><\/div>\n<div class=\"row\"><div class=\"wpv-grid grid-1-3  wpv-first-level first unextended\" style=\"padding-top:0px;padding-bottom:0px\" id=\"wpv-column-409fb22bba7a24ab113136b885ff0706\" >\t\t<div class=\"sep-text single centered\">\n\t\t\t\t\t\t\t<span class=\"sep-text-before\"><div class=\"sep-text-line\"><\/div><\/span>\n\t\t\t\t\t\t<div class=\"content\">\n\t\t\t\t<h2 class=\"text-divider-double\">\n<\/h2>\t\t\t<\/div>\n\t\t\t<span class=\"sep-text-after\"><div class=\"sep-text-line\"><\/div><\/span>\n\t\t\t\t\t<\/div>\n\t<\/div>\n<div class=\"wpv-grid grid-1-3  wpv-first-level unextended animation-fade-in animated-active\" style=\"padding-top:0px;padding-bottom:0px\" id=\"wpv-column-79b7b03e263009f224f1a4153987a4d0\" ><div class=\"team-member has-content\">\n\t\t<div class=\"thumbnail\">\n\t\t\t\t\t<a href=\"https:\/\/www.vesacons.com\/en\/successfactors-workzone\/\" title=\"Workzone\">\n\t\t\t\t\t<img decoding=\"async\" src=\"http:\/\/www.sercanmidik.com.tr\/wp-content\/uploads\/2024\/12\/WIP.gif\" alt=\"\" \/>\t\t\t\t\t<\/a>\n\t\t\t<\/div>\n\t\t<div class=\"team-member-info\">\n\t\t<h3>\n\t\t\t\t\t\t\t<a href=\"https:\/\/www.vesacons.com\/en\/successfactors-workzone\/\" title=\"Workzone\">\n\t\t\t\t\t\t\tWorkzone\t\t\t\t\t\t\t<\/a>\n\t\t\t\t\t<\/h3>\n\t\t\t\t\t<h5 class=\"regular-title-wrapper team-member-position\"> SuccessFactors <\/h5>\n\t\t\t\t\t\t\t\t<div class=\"share-icons clearfix\">\n\t\t\t\t\t<\/div>\n\t<\/div>\n\t\t<div class=\"team-member-bio\">\n\t\tIt is a user-friendly digital workspace designed to improve employee experience, enhance communication, and increase collaboration. This module allows employees to easily access the information, tools, and resources they need through a centralized platform. Work Zone, in particular, supports the integration of enterprise applications to streamline complex business processes and simplify employees' daily tasks.\t<\/div>\n\t<\/div>\n<\/div><\/div>\n<div class=\"sep-3\"><\/div>\n<div class=\"push\" style='height:10px'><\/div>\n<div class=\"row\"><div class=\"wpv-grid grid-1-3  wpv-first-level first unextended animation-fade-in animated-active\" style=\"padding-top:0px;padding-bottom:0px\" id=\"wpv-column-e97116c60a40936d41429e28199fd1d8\" ><div class=\"team-member has-content\">\n\t\t<div class=\"thumbnail\">\n\t\t\t\t\t<a href=\"\/en\/saps4hana\/\" title=\"SAP S\/4HANA HR\">\n\t\t\t\t\t<img decoding=\"async\" src=\"http:\/\/www.sercanmidik.com.tr\/wp-content\/uploads\/2025\/01\/abb4646b-a181-40b4-8098-41c2ff71a75c.gif\" alt=\"\" \/>\t\t\t\t\t<\/a>\n\t\t\t<\/div>\n\t\t<div class=\"team-member-info\">\n\t\t<h3>\n\t\t\t\t\t\t\t<a href=\"\/en\/saps4hana\/\" title=\"SAP S\/4HANA HR\">\n\t\t\t\t\t\t\tSAP S\/4HANA HR\t\t\t\t\t\t\t<\/a>\n\t\t\t\t\t<\/h3>\n\t\t\t\t\t<h5 class=\"regular-title-wrapper team-member-position\"> SAP S\/4HANA HR <\/h5>\n\t\t\t\t\t\t\t\t<div class=\"share-icons clearfix\">\n\t\t\t\t\t<\/div>\n\t<\/div>\n\t\t<div class=\"team-member-bio\">\n\t\tIt offers a solution that includes human resources (HR) management modules running on SAP\u2019s next-generation ERP platform, S\/4HANA. SAP S\/4HANA HR provides a modern infrastructure and advanced analytics capabilities to help organizations streamline their HR processes more efficiently. This solution enables organizations to manage human capital more effectively and achieve strategic goals through an integrated platform.<br \/>\t<\/div>\n\t<\/div>\n<\/div>\n<div class=\"wpv-grid grid-1-3  wpv-first-level unextended animation-fade-in animated-active\" style=\"padding-top:0px;padding-bottom:0px\" id=\"wpv-column-0becc09bcb20d3caebaec2db7570a714\" ><div class=\"team-member has-content\">\n\t\t<div class=\"thumbnail\">\n\t\t\t\t\t<a href=\"\/en\/yenifiori\/\" title=\"SAP FIORI\">\n\t\t\t\t\t<img decoding=\"async\" src=\"http:\/\/www.sercanmidik.com.tr\/wp-content\/uploads\/2025\/01\/Data-Analytics-Animation-1.gif\" alt=\"\" \/>\t\t\t\t\t<\/a>\n\t\t\t<\/div>\n\t\t<div class=\"team-member-info\">\n\t\t<h3>\n\t\t\t\t\t\t\t<a href=\"\/en\/yenifiori\/\" title=\"SAP FIORI\">\n\t\t\t\t\t\t\tSAP FIORI\t\t\t\t\t\t\t<\/a>\n\t\t\t\t\t<\/h3>\n\t\t\t\t\t<h5 class=\"regular-title-wrapper team-member-position\"> SAP FIORI <\/h5>\n\t\t\t\t\t\t\t\t<div class=\"share-icons clearfix\">\n\t\t\t\t\t<\/div>\n\t<\/div>\n\t\t<div class=\"team-member-bio\">\n\t\tSAP Fiori is a set of applications developed to manage SAP HR (Human Resources) processes with a user-friendly interface. It integrates with SAP SuccessFactors and SAP HCM, enabling HR processes to be easily accessed and used on both mobile and desktop devices.<br \/>\t<\/div>\n\t<\/div>\n<\/div>\n<div class=\"wpv-grid grid-1-3  wpv-first-level unextended animation-fade-in animated-active\" style=\"padding-top:0px;padding-bottom:0px\" id=\"wpv-column-9a7c432f4467e2a64dd6e46fd4ee27d9\" ><div class=\"team-member has-content\">\n\t\t<div class=\"thumbnail\">\n\t\t\t\t\t<a href=\"\/en\/sapbtpyeni\/\" title=\"Business Technology Platform\">\n\t\t\t\t\t<img decoding=\"async\" src=\"http:\/\/www.sercanmidik.com.tr\/wp-content\/uploads\/2025\/01\/Building-and-organizing-a-contract-Illustrations-1.gif\" alt=\"\" \/>\t\t\t\t\t<\/a>\n\t\t\t<\/div>\n\t\t<div class=\"team-member-info\">\n\t\t<h3>\n\t\t\t\t\t\t\t<a href=\"\/en\/sapbtpyeni\/\" title=\"Business Technology Platform\">\n\t\t\t\t\t\t\tBusiness Technology Platform\t\t\t\t\t\t\t<\/a>\n\t\t\t\t\t<\/h3>\n\t\t\t\t\t<h5 class=\"regular-title-wrapper team-member-position\"> SAP BTP <\/h5>\n\t\t\t\t\t\t\t\t<div class=\"share-icons clearfix\">\n\t\t\t\t\t<\/div>\n\t<\/div>\n\t\t<div class=\"team-member-bio\">\n\t\tSAP Business Technology Platform (BTP) is an innovative, cloud-based business technology platform that enables businesses to integrate data, optimize processes, and develop custom applications. SAP BTP provides a flexible and scalable infrastructure by connecting both SAP systems (such as SAP S\/4HANA, SAP SuccessFactors) and third-party applications. Especially for companies looking to enhance and customize Human Resources (SAP SuccessFactors) processes, SAP BTP offers a powerful solution.<br \/>\t<\/div>\n\t<\/div>\n<\/div><\/div>\n<div class=\"sep-3\"><\/div>\n<div class=\"push\" style='height:10px'><\/div>\n<div class=\"row\"><div class=\"wpv-grid grid-1-1  wpv-first-level first unextended\" style=\"padding-top:0px;padding-bottom:80px\" id=\"wpv-column-ea28d3f36ae00ca0d0a9a9bd9c3ec386\" >\t\t<div class=\"sep-text single centered\">\n\t\t\t\t\t\t\t<span class=\"sep-text-before\"><div class=\"sep-text-line\"><\/div><\/span>\n\t\t\t\t\t\t<div class=\"content\">\n\t\t\t\t<h2 class=\"text-divider-double\">You can share your questions with us<\/h2>\t\t\t<\/div>\n\t\t\t<span class=\"sep-text-after\"><div class=\"sep-text-line\"><\/div><\/span>\n\t\t\t\t\t<\/div>\n\t<div class=\"push\" style='margin-bottom:-20px'><\/div>\n<div class=\"row\"><div class=\"wpv-grid grid-1-1  first unextended\" style=\"padding-top:0px;padding-bottom:0px\" id=\"wpv-column-f9fcba2f1aa577acb708b5c7f4500bb3\" ><p style=\"text-align: center;\">For more information about our modules, you can send us a message through the Contact page.<br \/>\n<div class=\"push\" style='height:10px'><\/div> <p class=\"textcenter\"><a href=\"#\" target=\"_self\" style='font-size: 12px;' class=\"button vamtam-button accent1  button-border hover-accent1\"><span class='icon shortcode theme  use-hover' style='font-size:20px !important;color:#0070f2;'>&#57564;<\/span><span class=\"btext\">Our Modules<\/span><\/a><\/p><\/div><\/div><\/div><\/div>\n<div class=\"row\"><div class=\"wpv-grid grid-1-1  wpv-first-level first has-background extended animation-fade-in animated-active\" style=\"background-color:#EFEFEF;padding-top:20px;padding-bottom:10px\" id=\"wpv-column-2d07200f96d9bbb3a8876497c1051bc5\" ><div class=\"extended-column-inner\"><style>#wpv-column-2d07200f96d9bbb3a8876497c1051bc5 p,#wpv-column-2d07200f96d9bbb3a8876497c1051bc5 em,#wpv-column-2d07200f96d9bbb3a8876497c1051bc5 .column-title,#wpv-column-2d07200f96d9bbb3a8876497c1051bc5 .sep-text h2.regular-title-wrapper,#wpv-column-2d07200f96d9bbb3a8876497c1051bc5 .text-divider-double,#wpv-column-2d07200f96d9bbb3a8876497c1051bc5 .sep-text .sep-text-line,#wpv-column-2d07200f96d9bbb3a8876497c1051bc5 .sep,#wpv-column-2d07200f96d9bbb3a8876497c1051bc5 .sep-2,#wpv-column-2d07200f96d9bbb3a8876497c1051bc5 .sep-3,#wpv-column-2d07200f96d9bbb3a8876497c1051bc5 td,#wpv-column-2d07200f96d9bbb3a8876497c1051bc5 th,#wpv-column-2d07200f96d9bbb3a8876497c1051bc5 caption{color:#707070;}#wpv-column-2d07200f96d9bbb3a8876497c1051bc5:before{background-color:transparent;}<\/style><div class=\"row\"><div class=\"wpv-grid grid-1-1  first unextended\" style=\"padding-top:0px;padding-bottom:0px\" id=\"wpv-column-8bea5f992d4821499c4a64a8999a4957\" ><h4 style=\"text-align: center;\"><span class=\"accent-4\">\u2013You can write your questions about our modules here\u2013<\/span><\/h4>\n<div class=\"push\" style='height:10px'><\/div><\/div><\/div>\n<div class=\"row\"><div class=\"wpv-grid grid-1-1  first unextended\" style=\"padding-top:0px;padding-bottom:0px\" id=\"wpv-column-cb5fcbfe71553d496b62f1fc1abc2591\" ><p>\n<div class=\"wpcf7 no-js\" id=\"wpcf7-f10-o1\" lang=\"en-US\" dir=\"ltr\" data-wpcf7-id=\"10\">\n<div class=\"screen-reader-response\"><p role=\"status\" aria-live=\"polite\" aria-atomic=\"true\"><\/p> <ul><\/ul><\/div>\n<form action=\"\/en\/wp-json\/wp\/v2\/pages\/7774#wpcf7-f10-o1\" method=\"post\" class=\"wpcf7-form init\" aria-label=\"Contact form\" novalidate=\"novalidate\" data-status=\"init\" data-trp-original-action=\"\/en\/wp-json\/wp\/v2\/pages\/7774#wpcf7-f10-o1\">\n<fieldset class=\"hidden-fields-container\"><input type=\"hidden\" name=\"_wpcf7\" value=\"10\" \/><input type=\"hidden\" name=\"_wpcf7_version\" value=\"6.1.5\" \/><input type=\"hidden\" name=\"_wpcf7_locale\" value=\"en_US\" \/><input type=\"hidden\" name=\"_wpcf7_unit_tag\" value=\"wpcf7-f10-o1\" \/><input type=\"hidden\" name=\"_wpcf7_container_post\" value=\"0\" \/><input type=\"hidden\" name=\"_wpcf7_posted_data_hash\" value=\"\" \/>\n<\/fieldset>\n<div class=\"row\">\n\t<div class=\"grid-1-3\">\n\t\t<p><span class=\"wpcf7-form-control-wrap\" data-name=\"Name\"><input size=\"40\" maxlength=\"400\" class=\"wpcf7-form-control wpcf7-text wpcf7-validates-as-required\" aria-required=\"true\" aria-invalid=\"false\" placeholder=\"Name\" value=\"\" type=\"text\" name=\"Name\" \/><\/span>\n\t\t<\/p>\n\t<\/div>\n\t<div class=\"grid-1-3\">\n\t\t<p><span class=\"wpcf7-form-control-wrap\" data-name=\"E-mail\"><input size=\"40\" maxlength=\"400\" class=\"wpcf7-form-control wpcf7-text wpcf7-validates-as-required\" aria-required=\"true\" aria-invalid=\"false\" placeholder=\"E-mail\" value=\"\" type=\"text\" name=\"E-mail\" \/><\/span>\n\t\t<\/p>\n\t<\/div>\n\t<div class=\"grid-1-3\">\n\t\t<p><span class=\"wpcf7-form-control-wrap\" data-name=\"Phone\"><input size=\"40\" maxlength=\"400\" class=\"wpcf7-form-control wpcf7-tel wpcf7-validates-as-required wpcf7-text wpcf7-validates-as-tel\" aria-required=\"true\" aria-invalid=\"false\" placeholder=\"12345678900000\" value=\"\" type=\"tel\" name=\"Phone\" \/><\/span>\n\t\t<\/p>\n\t<\/div>\n\t<div class=\"grid-1-1\">\n\t\t<p><span class=\"wpcf7-form-control-wrap\" data-name=\"Subject\"><input size=\"40\" maxlength=\"400\" class=\"wpcf7-form-control wpcf7-text wpcf7-validates-as-required\" aria-required=\"true\" aria-invalid=\"false\" placeholder=\"Subject\" value=\"\" type=\"text\" name=\"Subject\" \/><\/span>\n\t\t<\/p>\n\t<\/div>\n\t<div class=\"grid-1-1\">\n\t\t<p><span class=\"wpcf7-form-control-wrap\" data-name=\"Message\"><textarea cols=\"40\" rows=\"6\" maxlength=\"2000\" class=\"wpcf7-form-control wpcf7-textarea wpcf7-validates-as-required\" aria-required=\"true\" aria-invalid=\"false\" placeholder=\"Your message...\" name=\"Message\"><\/textarea><\/span>\n\t\t<\/p>\n\t<\/div>\n\t<div style= \"text-align: center;\">\n\t\t<p><input class=\"wpcf7-form-control wpcf7-submit has-spinner\" type=\"submit\" value=\"Send Message \u2192\" \/>\n\t\t<\/p>\n\t<\/div>\n<\/div><p style=\"display: none !important;\" class=\"akismet-fields-container\" data-prefix=\"_wpcf7_ak_\"><label>&#916;<textarea name=\"_wpcf7_ak_hp_textarea\" cols=\"45\" rows=\"8\" maxlength=\"100\"><\/textarea><\/label><input type=\"hidden\" id=\"ak_js_1\" name=\"_wpcf7_ak_js\" value=\"187\"\/><script>document.getElementById( \"ak_js_1\" ).setAttribute( \"value\", ( new Date() ).getTime() );<\/script><\/p><div class=\"wpcf7-response-output\" aria-hidden=\"true\"><\/div>\n<input type=\"hidden\" name=\"trp-form-language\" value=\"en\"\/><\/form>\n<\/div>\n<\/div><\/div><\/div><\/div><\/div>","protected":false},"excerpt":{"rendered":"<p>Mod\u00fcllerimiz Hakk\u0131nda Daha Fazla \u0130\u00e7in \u0130leti\u015fim Sayfas\u0131ndan Bize Mesaj Olarak \u0130letebilirsiniz \u2013 Mod\u00fcllerimiz Hakk\u0131nda Sorular\u0131n\u0131z\u0131 Yazabilirsiniz \u2013<\/p>","protected":false},"author":1,"featured_media":0,"parent":0,"menu_order":0,"comment_status":"closed","ping_status":"closed","template":"","meta":{"footnotes":""},"class_list":["post-7774","page","type-page","status-publish","hentry"],"aioseo_notices":[],"_links":{"self":[{"href":"https:\/\/www.vesacons.com\/en\/wp-json\/wp\/v2\/pages\/7774","targetHints":{"allow":["GET"]}}],"collection":[{"href":"https:\/\/www.vesacons.com\/en\/wp-json\/wp\/v2\/pages"}],"about":[{"href":"https:\/\/www.vesacons.com\/en\/wp-json\/wp\/v2\/types\/page"}],"author":[{"embeddable":true,"href":"https:\/\/www.vesacons.com\/en\/wp-json\/wp\/v2\/users\/1"}],"replies":[{"embeddable":true,"href":"https:\/\/www.vesacons.com\/en\/wp-json\/wp\/v2\/comments?post=7774"}],"version-history":[{"count":18,"href":"https:\/\/www.vesacons.com\/en\/wp-json\/wp\/v2\/pages\/7774\/revisions"}],"predecessor-version":[{"id":990100,"href":"https:\/\/www.vesacons.com\/en\/wp-json\/wp\/v2\/pages\/7774\/revisions\/990100"}],"wp:attachment":[{"href":"https:\/\/www.vesacons.com\/en\/wp-json\/wp\/v2\/media?parent=7774"}],"curies":[{"name":"wp","href":"https:\/\/api.w.org\/{rel}","templated":true}]}}