{"id":7780,"date":"2014-04-23T10:43:32","date_gmt":"2014-04-23T10:43:32","guid":{"rendered":"http:\/\/lawyers-attorneys.vamtam.com\/?page_id=7780"},"modified":"2014-04-23T10:43:32","modified_gmt":"2014-04-23T10:43:32","slug":"reviews","status":"publish","type":"page","link":"https:\/\/www.vesacons.com\/en\/reviews\/","title":{"rendered":"REVIEWS"},"content":{"rendered":"<div class=\"row \"><div class=\"wpv-grid grid-1-1  wpv-first-level first unextended animation-from-bottom animated-active\" style=\"padding-top:0px;padding-bottom:0px\" id=\"wpv-column-1eb7ebc3934fb7651c3e2db91e422f17\" >\t\t<h2 class=\"text-divider-double\">\t\t\tWhat Our Customers Say?\t\t<\/h2>\t\t<div class=\"sep\"><\/div>\t<div class=\"vamtam-cubeportfolio cbp cbp-slider-edge vamtam-testimonials-slider\" data-options=\"{&quot;layoutMode&quot;:&quot;slider&quot;,&quot;drag&quot;:true,&quot;auto&quot;:true,&quot;autoTimeout&quot;:5000,&quot;autoPauseOnHover&quot;:true,&quot;showNavigation&quot;:false,&quot;showPagination&quot;:true,&quot;rewindNav&quot;:true,&quot;scrollByPage&quot;:false,&quot;gridAdjustment&quot;:&quot;responsive&quot;,&quot;mediaQueries&quot;:[{&quot;width&quot;:1,&quot;cols&quot;:1}],&quot;gapHorizontal&quot;:0,&quot;gapVertical&quot;:0,&quot;caption&quot;:&quot;&quot;,&quot;displayType&quot;:&quot;default&quot;}\"><div class=\"cbp-item\"><blockquote class='clearfix small simple'><div class=\"quote-thumbnail\"><img decoding=\"async\" width=\"150\" height=\"129\" src=\"https:\/\/www.vesacons.com\/wp-content\/uploads\/2024\/11\/vesa_gradiant-150x129-1.png\" class=\"attachment-thumbnail size-thumbnail wp-post-image\" alt=\"\" \/><strong class='quote-title'><span class='the-title'>Ashley Fletcher<\/span><\/strong><\/div><div class='quote-text'><div class=\"quote-content\"><div class=\"vamtam-font-style-1 with-color\">Useless laws weaken the necessary laws.<\/div>\r\n<span class='icon shortcode   use-hover' style='font-size:20px !important;color:#0070f2;'>&#57864;<\/span> <span class='icon shortcode   use-hover' style='font-size:20px !important;color:#0070f2;'>&#57864;<\/span> <span class='icon shortcode   use-hover' style='font-size:20px !important;color:#0070f2;'>&#57864;<\/span> <span class='icon shortcode   use-hover' style='font-size:20px !important;color:#0070f2;'>&#57864;<\/span> <span class='icon shortcode   use-hover' style='font-size:20px !important;color:#0070f2;'>&#57864;<\/span>\r\n\r\nClaritas est etiam processus dynamicus, qui sequitur mutationem consuetudium lectorum.\r\n\r\nMirum est notare quam littera gothica, quam nunc putamus parum claram, anteposuerit litterarum formas humanitatis pe.\r\n\r\n&nbsp;<\/div><\/div><\/blockquote>\n<\/div><div class=\"cbp-item\"><blockquote class='clearfix small simple'><div class=\"quote-thumbnail\"><img decoding=\"async\" width=\"150\" height=\"129\" src=\"https:\/\/www.vesacons.com\/wp-content\/uploads\/2024\/11\/vesa_gradiant-150x129-1.png\" class=\"attachment-thumbnail size-thumbnail wp-post-image\" alt=\"\" \/><strong class='quote-title'><span class='the-title'>Robert H. Schuller<\/span><\/strong><\/div><div class='quote-text'><div class=\"quote-content\"><div class=\"vamtam-font-style-1 with-color\">Useless laws weaken the necessary laws.<\/div>\r\n<span class='icon shortcode   use-hover' style='font-size:20px !important;color:#0070f2;'>&#57864;<\/span> <span class='icon shortcode   use-hover' style='font-size:20px !important;color:#0070f2;'>&#57864;<\/span> <span class='icon shortcode   use-hover' style='font-size:20px !important;color:#0070f2;'>&#57864;<\/span> <span class='icon shortcode   use-hover' style='font-size:20px !important;color:#0070f2;'>&#57864;<\/span> <span class='icon shortcode   use-hover' style='font-size:20px !important;color:#0070f2;'>&#57864;<\/span>\r\n\r\nClaritas est etiam processus dynamicus, qui sequitur mutationem consuetudium lectorum.\r\n\r\nMirum est notare quam littera gothica, quam nunc putamus parum claram, anteposuerit litterarum formas humanitatis pe.\r\n\r\n&nbsp;<\/div><\/div><\/blockquote>\n<\/div><div class=\"cbp-item\"><blockquote class='clearfix small simple'><div class='quote-text'><div class=\"quote-content\"><div class=\"vamtam-font-style-1 with-color\">Roger<\/div>\r\n<span class='icon shortcode   use-hover' style='font-size:20px !important;color:#0070f2;'>&#57864;<\/span> <span class='icon shortcode   use-hover' style='font-size:20px !important;color:#0070f2;'>&#57864;<\/span> <span class='icon shortcode   use-hover' style='font-size:20px !important;color:#0070f2;'>&#57864;<\/span> <span class='icon shortcode   use-hover' style='font-size:20px !important;color:#0070f2;'>&#57864;<\/span> <span class='icon shortcode   use-hover' style='font-size:20px !important;color:#0070f2;'>&#57864;<\/span>\r\n\r\nClaritas est etiam processus dynamicus, qui sequitur mutationem consuetudium lectorum.\r\n\r\nMirum est notare quam littera gothica, quam nunc putamus parum claram, anteposuerit litterarum formas humanitatis pe.\r\n\r\n&nbsp;<div class=\"only-title\"><strong class='quote-title'><span class='the-title'>Roger Federer<\/span><\/strong><\/div><\/div><\/div><\/blockquote>\n<\/div><div class=\"cbp-item\"><blockquote class='clearfix small simple'><div class=\"quote-thumbnail\"><img decoding=\"async\" width=\"150\" height=\"129\" src=\"https:\/\/www.vesacons.com\/wp-content\/uploads\/2024\/11\/vesa_gradiant-150x129-1.png\" class=\"attachment-thumbnail size-thumbnail wp-post-image\" alt=\"\" \/><strong class='quote-title'><span class='the-title'>Edaline Lavender<\/span><\/strong><\/div><div class='quote-text'><div class=\"quote-content\"><div class=\"vamtam-font-style-1 with-color\">K\u00fcresel Deneyim, Yerel \u00c7\u00f6z\u00fcmler<\/div>\r\n<span class='icon shortcode   use-hover' style='font-size:20px !important;color:#0070f2;'>&#57864;<\/span> <span class='icon shortcode   use-hover' style='font-size:20px !important;color:#0070f2;'>&#57864;<\/span> <span class='icon shortcode   use-hover' style='font-size:20px !important;color:#0070f2;'>&#57864;<\/span> <span class='icon shortcode   use-hover' style='font-size:20px !important;color:#0070f2;'>&#57864;<\/span> <span class='icon shortcode   use-hover' style='font-size:20px !important;color:#0070f2;'>&#57864;<\/span>\r\n\r\nVesacons'un global tecr\u00fcbesi ve yerel yakla\u015f\u0131mlar\u0131, bizim i\u00e7in ideal bir i\u015f orta\u011f\u0131 olmalar\u0131n\u0131 sa\u011flad\u0131. \u0130\u015f s\u00fcre\u00e7lerimizi geli\u015ftirirken her a\u015famada destekleri bizimleydi.\r\n\r\n&nbsp;<\/div><\/div><\/blockquote>\n<\/div><div class=\"cbp-item\"><blockquote class='clearfix small simple'><div class=\"quote-thumbnail\"><img decoding=\"async\" width=\"150\" height=\"129\" src=\"https:\/\/www.vesacons.com\/wp-content\/uploads\/2024\/11\/vesa_gradiant-150x129-1.png\" class=\"attachment-thumbnail size-thumbnail wp-post-image\" alt=\"\" \/><strong class='quote-title'><span class='the-title'>Rodney Stratton<\/span><\/strong><\/div><div class='quote-text'><div class=\"quote-content\"><div class=\"vamtam-font-style-1 with-color\">Useless laws weaken the necessary laws.<\/div>\r\n<span class='icon shortcode   use-hover' style='font-size:20px !important;color:#0070f2;'>&#57864;<\/span> <span class='icon shortcode   use-hover' style='font-size:20px !important;color:#0070f2;'>&#57864;<\/span> <span class='icon shortcode   use-hover' style='font-size:20px !important;color:#0070f2;'>&#57864;<\/span> <span class='icon shortcode   use-hover' style='font-size:20px !important;color:#0070f2;'>&#57864;<\/span> <span class='icon shortcode   use-hover' style='font-size:20px !important;color:#0070f2;'>&#57864;<\/span>\r\n\r\nClaritas est etiam processus dynamicus, qui sequitur mutationem consuetudium lectorum.\r\n\r\nMirum est notare quam littera gothica, quam nunc putamus parum claram, anteposuerit litterarum formas humanitatis pe.\r\n\r\n&nbsp;<\/div><\/div><\/blockquote>\n<\/div><\/div><\/div><\/div>\n","protected":false},"excerpt":{"rendered":"<p>Useless laws weaken the necessary laws. Claritas est etiam processus dynamicus, qui sequitur mutationem consuetudium lectorum. Mirum est notare quam littera gothica, quam nunc putamus parum claram, anteposuerit litterarum formas humanitatis pe. &nbsp;<\/p>","protected":false},"author":1,"featured_media":0,"parent":0,"menu_order":0,"comment_status":"open","ping_status":"open","template":"guestbook.php","meta":{"footnotes":""},"class_list":["post-7780","page","type-page","status-publish","hentry"],"aioseo_notices":[],"_links":{"self":[{"href":"https:\/\/www.vesacons.com\/en\/wp-json\/wp\/v2\/pages\/7780","targetHints":{"allow":["GET"]}}],"collection":[{"href":"https:\/\/www.vesacons.com\/en\/wp-json\/wp\/v2\/pages"}],"about":[{"href":"https:\/\/www.vesacons.com\/en\/wp-json\/wp\/v2\/types\/page"}],"author":[{"embeddable":true,"href":"https:\/\/www.vesacons.com\/en\/wp-json\/wp\/v2\/users\/1"}],"replies":[{"embeddable":true,"href":"https:\/\/www.vesacons.com\/en\/wp-json\/wp\/v2\/comments?post=7780"}],"version-history":[{"count":0,"href":"https:\/\/www.vesacons.com\/en\/wp-json\/wp\/v2\/pages\/7780\/revisions"}],"wp:attachment":[{"href":"https:\/\/www.vesacons.com\/en\/wp-json\/wp\/v2\/media?parent=7780"}],"curies":[{"name":"wp","href":"https:\/\/api.w.org\/{rel}","templated":true}]}}