{"id":7956,"date":"2014-07-04T10:06:07","date_gmt":"2014-07-04T10:06:07","guid":{"rendered":"http:\/\/lawyers-attorneys.vamtam.com\/?page_id=7956"},"modified":"2024-12-30T07:51:24","modified_gmt":"2024-12-30T07:51:24","slug":"practice-areas","status":"publish","type":"page","link":"https:\/\/www.vesacons.com\/en\/practice-areas\/","title":{"rendered":"SAP \u00c7\u00f6z\u00fcmleri Hakk\u0131nda"},"content":{"rendered":"<div class=\"row\"><div class=\"wpv-grid grid-1-4  wpv-first-level first unextended\" style=\"padding-top:65px;padding-bottom:0px\" id=\"wpv-column-4135faeb31d627b33dafc4a3744535fd\" ><div class=\"row\"><div class=\"wpv-grid grid-1-1  first unextended\" style=\"padding-top:0px;padding-bottom:0px\" id=\"wpv-column-21b97e4d6c717237d0e0356ac4095466\" >\n<div  data-target=\"_self\" class=\"linkarea clearfix   background-transparent\">\n\t\t\t<div class=\"first\"><span class='icon shortcode theme  use-hover' style='font-size:56px !important;color:#0070f2;'>&#57430;<\/span><\/div>\n\t\t\t\t<div class=\"last\"><h3 style=\"text-align: center;\">SAP BTP<\/h3>\n<p style=\"text-align: center;\">SAP\u2019nin bulut tabanl\u0131 yenilik\u00e7i i\u015f teknolojisi platformudur. \u0130\u015fletmelerin veri entegrasyonu yapmas\u0131na, s\u00fcre\u00e7lerini optimize etmesine ve \u00f6zelle\u015ftirilmi\u015f uygulamalar geli\u015ftirmesine olanak tan\u0131r<\/p>\n<div class=\"push\" style='margin-bottom:-20px'><\/div>\n<div class=\"sep-2\"><\/div>\n<ul>\n<li><a href=\"#\"><span class=\"vamtam-font-style-2\"> \u00d6zel \u0130\u015f S\u00fcre\u00e7leri <\/span><\/a><\/li>\n<li><a href=\"#\"><span class=\"vamtam-font-style-2\"> Eksik Mod\u00fcl Fonksiyonlar\u0131<\/span><\/a><\/li>\n<li><a href=\"#\"><span class=\"vamtam-font-style-2\"> Compliance Requirements:<\/span><\/a><\/li>\n<li><a href=\"#\"><span class=\"vamtam-font-style-2\"> Kullan\u0131c\u0131 Deneyimi<\/span><\/a><\/li>\n<\/ul>\n<div class=\"push\" style='height:30px'><\/div>\n<p class=\"textcenter\"><a href=\"#\" target=\"_self\" style='font-size: 14px;' class=\"button vamtam-button accent4  button-border hover-accent2\"><span class=\"btext\">VIEW ALL \u2192<\/span><\/a><\/p> <div class=\"push\" style='height:20px'><\/div><\/div>\n\t<\/div><\/div><\/div><\/div>\n<div class=\"wpv-grid grid-1-4 add-border wpv-first-level unextended\" style=\"padding-top:0px;padding-bottom:0px\" id=\"wpv-column-7b193b9824949c8e7a570e11ff3ceb70\" ><div class=\"row\"><div class=\"wpv-grid grid-1-1  first unextended\" style=\"padding-top:0px;padding-bottom:0px\" id=\"wpv-column-0527ebf323c02d668495baf3042a1f9a\" >\n<div  data-target=\"_self\" class=\"linkarea clearfix   background-transparent\">\n\t\t\t<div class=\"first\"><span class='icon shortcode   use-hover' style='font-size:56px !important;color:#0070f2;'>&#57798;<\/span><\/div>\n\t\t\t\t<div class=\"last\"><h3 style=\"text-align: center;\">SuccessFactors<\/h3>\n<p style=\"text-align: center;\">\u015eirketlerin insan kaynaklar\u0131 s\u00fcre\u00e7lerini dijital ortamda daha verimli ve stratejik bir \u015fekilde y\u00f6netmelerini sa\u011flayan bulut tabanl\u0131 bir platformdur.<\/p>\n<div class=\"push\" style='margin-bottom:-20px'><\/div>\n<div class=\"sep-2\"><\/div>\n<ul>\n<li><a href=\"#\"><span class=\"vamtam-font-style-2\"> Employee Central<\/span><\/a><\/li>\n<li><a href=\"#\"><span class=\"vamtam-font-style-2\"> Employee Central Payroll<\/span><\/a><\/li>\n<li><a href=\"#\"><span class=\"vamtam-font-style-2\"> Recruitment<\/span><\/a><\/li>\n<li><a href=\"#\"><span class=\"vamtam-font-style-2\"> Onboarding<\/span><\/a><\/li>\n<li><a href=\"#\"><span class=\"vamtam-font-style-2\"> Performance and Goal Management<\/span><\/a><\/li>\n<li><a href=\"#\"><span class=\"vamtam-font-style-2\"> Compensation Management<\/span><\/a><\/li>\n<li><a href=\"#\"><span class=\"vamtam-font-style-2\"> Learning<\/span><\/a><\/li>\n<li><a href=\"#\"><span class=\"vamtam-font-style-2\"> Kariyer, Yedekleme ve Geli\u015fim<\/span><\/a><\/li>\n<li><a href=\"#\"><span class=\"vamtam-font-style-2\"> Time Management<\/span><\/a><\/li>\n<li><a href=\"#\"><span class=\"vamtam-font-style-2\"> Workzone<\/span><\/a><\/li>\n<\/ul>\n<div class=\"push\" style='height:30px'><\/div>\n<p class=\"textcenter\"><a href=\"#\" target=\"_self\" style='font-size: 14px;' class=\"button vamtam-button accent2  button-border hover-accent2\"><span class=\"btext\">VIEW ALL \u2192<\/span><\/a><\/p> <div class=\"push\" style='height:20px'><\/div><\/div>\n\t<\/div><\/div><\/div><\/div>\n<div class=\"wpv-grid grid-1-4 add-border wpv-first-level unextended\" style=\"padding-top:0px;padding-bottom:0px\" id=\"wpv-column-2b109e12f00f402a9314d23c8d45cf71\" ><div class=\"row\"><div class=\"wpv-grid grid-1-1  first unextended\" style=\"padding-top:0px;padding-bottom:0px\" id=\"wpv-column-7525dd0034ecf6470c867b69792f87b9\" >\n<div  data-target=\"_self\" class=\"linkarea clearfix   background-transparent\">\n\t\t\t<div class=\"first\"><span class='icon shortcode   use-hover' style='font-size:56px !important;color:#0070f2;'>&#57798;<\/span><\/div>\n\t\t\t\t<div class=\"last\"><h3 style=\"text-align: center;\">SAP S\/4HANA<\/h3>\n<p style=\"text-align: center;\">SAP\u2019nin yeni nesil ERP platformu olan S\/4HANA \u00fczerinde \u00e7al\u0131\u015fan insan kaynaklar\u0131 (\u0130K) y\u00f6netimi mod\u00fcllerini i\u00e7eren bir \u00e7\u00f6z\u00fcm sunar.<\/p>\n<div class=\"push\" style='margin-bottom:-20px'><\/div>\n<div class=\"sep-2\"><\/div>\n<ul>\n<li><a href=\"#\"><span class=\"vamtam-font-style-2\"> Operasyonel Verimlilik<\/span><\/a><\/li>\n<li><a href=\"#\"><span class=\"vamtam-font-style-2\"> Integrated Solution<\/span><\/a><\/li>\n<li><a href=\"#\"><span class=\"vamtam-font-style-2\"> User-Friendly Interface<\/span><\/a><\/li>\n<li><a href=\"#\"><span class=\"vamtam-font-style-2\"> Flexibility and Scalability<\/span><\/a><\/li>\n<li><a href=\"#\"><span class=\"vamtam-font-style-2\"> Mobile Compatibility<\/span><\/a><\/li>\n<li><a href=\"#\"><span class=\"vamtam-font-style-2\"> High Security and Compliance<\/span><\/a><\/li>\n<\/ul>\n<div class=\"push\" style='height:30px'><\/div>\n<p class=\"textcenter\"><a href=\"#\" target=\"_self\" style='font-size: 14px;' class=\"button vamtam-button accent2  button-border hover-accent2\"><span class=\"btext\">VIEW ALL \u2192<\/span><\/a><\/p> <div class=\"push\" style='height:20px'><\/div><\/div>\n\t<\/div><\/div><\/div><\/div>\n<div class=\"wpv-grid grid-1-4  wpv-first-level unextended\" style=\"padding-top:65px;padding-bottom:0px\" id=\"wpv-column-9c63d227c9039fa613cffd4fab548121\" ><div class=\"row\"><div class=\"wpv-grid grid-1-1  first unextended\" style=\"padding-top:0px;padding-bottom:0px\" id=\"wpv-column-ee51735b2c84b6d10c9bc33be3e74d82\" >\n<div  data-target=\"_self\" class=\"linkarea clearfix   background-transparent\">\n\t\t\t<div class=\"first\"><span class='icon shortcode   use-hover' style='font-size:56px !important;color:#0070f2;'>&#57543;<\/span><\/div>\n\t\t\t\t<div class=\"last\"><h3 style=\"text-align: center;\"><strong>SAP Fiori<\/strong><\/h3>\n<p style=\"text-align: center;\">SAP Fiori, SAP HR (\u0130nsan Kaynaklar\u0131) s\u00fcre\u00e7lerini kullan\u0131c\u0131 dostu bir aray\u00fczle<br \/>\ny\u00f6netmek i\u00e7in geli\u015ftirilmi\u015f bir uygulama setidir.<\/p>\n<div class=\"push\" style='margin-bottom:-20px'><\/div>\n<div class=\"sep-2\"><\/div>\n<ul>\n<li><a href=\"#\"><span class=\"vamtam-font-style-2\"> User-Friendly Interface<\/span><\/a><\/li>\n<li><a href=\"#\"><span class=\"vamtam-font-style-2\"> Zaman Tasarrufu<\/span><\/a><\/li>\n<li><a href=\"#\"><span class=\"vamtam-font-style-2\"> Verimlilik Art\u0131\u015f\u0131<\/span><\/a><\/li>\n<li><a href=\"#\"><span class=\"vamtam-font-style-2\"> Anl\u0131k Veri G\u00f6r\u00fcn\u00fcrl\u00fc\u011f\u00fc<\/span><\/a><\/li>\n<li><a href=\"#\"><span class=\"vamtam-font-style-2\">Uyumluluk<\/span><\/a><\/li>\n<\/ul>\n<div class=\"push\" style='height:30px'><\/div>\n<p class=\"textcenter\"><a href=\"#\" target=\"_self\" style='font-size: 14px;' class=\"button vamtam-button accent4  button-border hover-accent2\"><span class=\"btext\">VIEW ALL \u2192<\/span><\/a><\/p> <div class=\"push\" style='height:20px'><\/div><\/div>\n\t<\/div><\/div><\/div><\/div><\/div>\n<div class=\"push\" style='height:50px'><\/div>\n<div class=\"row\"><div class=\"wpv-grid grid-1-1  wpv-first-level first unextended\" style=\"padding-top:0px;padding-bottom:0px\" id=\"wpv-column-b14acfe968b1e0c31fee608ea1705fb8\" ><p style=\"text-align: center;\"><span class=\"vamtam-font-style-1 with-color\">\u201cEvery mountain top is within reach if you just keep climbing.\u201d<\/span><\/p>\n<p style=\"text-align: center;\">Ut wisi enim ad minim veniam, quis nostrud exerci tation ullamcorperadipiscing elit, sed diam nonummy<br \/>\nnibh suscipit lobortis nisl ut aliquip ex ea commodo consequat. <div class=\"push\" style='height:10px'><\/div>\n<p style=\"text-align: center;\"><span class=\"style-1\"><img decoding=\"async\" class=\"aligncenter size-full wp-image-9399\" src=\"http:\/\/lawyers-attorneys.vamtam.com\/wp-content\/uploads\/2013\/03\/sign2.jpg\" alt=\"sign2\" width=\"129\" height=\"97\" \/><\/span><\/p>\n<div class=\"push\" style='height:70px'><\/div><\/div><\/div>","protected":false},"excerpt":{"rendered":"<p>\u201cEvery mountain top is within reach if you just keep climbing.\u201d Ut wisi enim ad minim veniam, quis nostrud exerci tation ullamcorperadipiscing elit, sed diam nonummy nibh suscipit lobortis nisl ut aliquip ex ea commodo consequat.<\/p>","protected":false},"author":1,"featured_media":0,"parent":0,"menu_order":0,"comment_status":"closed","ping_status":"open","template":"","meta":{"footnotes":""},"class_list":["post-7956","page","type-page","status-publish","hentry"],"aioseo_notices":[],"_links":{"self":[{"href":"https:\/\/www.vesacons.com\/en\/wp-json\/wp\/v2\/pages\/7956","targetHints":{"allow":["GET"]}}],"collection":[{"href":"https:\/\/www.vesacons.com\/en\/wp-json\/wp\/v2\/pages"}],"about":[{"href":"https:\/\/www.vesacons.com\/en\/wp-json\/wp\/v2\/types\/page"}],"author":[{"embeddable":true,"href":"https:\/\/www.vesacons.com\/en\/wp-json\/wp\/v2\/users\/1"}],"replies":[{"embeddable":true,"href":"https:\/\/www.vesacons.com\/en\/wp-json\/wp\/v2\/comments?post=7956"}],"version-history":[{"count":3,"href":"https:\/\/www.vesacons.com\/en\/wp-json\/wp\/v2\/pages\/7956\/revisions"}],"predecessor-version":[{"id":987879,"href":"https:\/\/www.vesacons.com\/en\/wp-json\/wp\/v2\/pages\/7956\/revisions\/987879"}],"wp:attachment":[{"href":"https:\/\/www.vesacons.com\/en\/wp-json\/wp\/v2\/media?parent=7956"}],"curies":[{"name":"wp","href":"https:\/\/api.w.org\/{rel}","templated":true}]}}