{"id":9473,"date":"2014-09-28T00:23:46","date_gmt":"2014-09-28T00:23:46","guid":{"rendered":"http:\/\/lawyers-attorneys.vamtam.com\/?page_id=9473"},"modified":"2025-01-03T12:29:16","modified_gmt":"2025-01-03T12:29:16","slug":"calisan-merkezi","status":"publish","type":"page","link":"https:\/\/www.vesacons.com\/en\/moduls\/calisan-merkezi\/","title":{"rendered":"Employee Central"},"content":{"rendered":"<div class=\"row \"><div class=\"wpv-grid grid-1-6  wpv-first-level first unextended\" style=\"padding-top:0px;padding-bottom:0px\" id=\"wpv-column-adad788fba033b8c59a2e5915615f566\" ><\/div>\n<div class=\"wpv-grid grid-5-6  wpv-first-level has-background unextended\" style=\"\n\t\t\t\tbackground: url( 'http:\/\/www.sercanmidik.com.tr\/wp-content\/uploads\/2024\/12\/Managing-personal-information-Explainer-Video-1-1.gif' ) no-repeat left center;\n\t\t\t\tbackground-size: auto;\n\t\t\tbackground-attachment: scroll;padding-top:400px;padding-bottom:0px\" id=\"wpv-column-389f178bfc3ed87480bed11a8792a6e7\" ><\/div><\/div>\n<div class=\"push\" style='height:50px'><\/div>\n<div class=\"row \"><div class=\"wpv-grid grid-1-6  wpv-first-level first unextended\" style=\"padding-top:0px;padding-bottom:0px\" id=\"wpv-column-0c2920b362ef36c3fe5d332ab66befb8\" ><div class=\"sep-3\"><\/div><\/div>\n<div class=\"wpv-grid grid-5-6  wpv-first-level unextended\" style=\"padding-top:0px;padding-bottom:0px\" id=\"wpv-column-48c324b902e0d2aa7d97cf14b5987a58\" ><div class=\"row \"><div class=\"wpv-grid grid-1-1  first unextended\" style=\"padding-top:0px;padding-bottom:0px\" id=\"wpv-column-e3120b40c7d2219adbad3b7e3ab7d790\" ><blockquote>\n<h3><strong>SAP SuccessFactors \u00c7al\u0131\u015fan Merkezi (Employee Central)<\/strong><\/h3>\n<\/blockquote>\n<p><span style=\"color: #333333;\">SAP\u2019nin yeni nesil ERP platformu olan S\/4HANA \u00fczerinde \u00e7al\u0131\u015fan insan kaynaklar\u0131 (\u0130K) y\u00f6netimi mod\u00fcllerini i\u00e7eren bir \u00e7\u00f6z\u00fcm sunar. SAP S\/4HANA HR, organizasyonlar\u0131n \u0130K s\u00fcre\u00e7lerini daha verimli hale getirmek i\u00e7in modern bir altyap\u0131 ve geli\u015fmi\u015f analiz yetenekleri sunar. Bu \u00e7\u00f6z\u00fcm, insan sermayesini daha etkin y\u00f6netmek ve stratejik hedeflere ula\u015fmak i\u00e7in entegre bir platform sa\u011flar.<\/span><\/p>\n<p><span style=\"color: #333333;\"><div class=\"push\" style='height:10px'><\/div><\/span><\/p>\n<h3><span data-teams=\"true\"><strong>Ana Fonksiyonlar\u0131<\/strong><\/span><\/h3><\/div><\/div><\/div><\/div>\n<div class=\"row \"><div class=\"wpv-grid grid-1-6 add-border wpv-first-level first unextended\" style=\"padding-top:20px;padding-bottom:15px\" id=\"wpv-column-cf76b1705de4f4dd2685e6fe20b91387\" ><div class=\"row \"><div class=\"wpv-grid grid-1-1  first unextended\" style=\"padding-top:0px;padding-bottom:0px\" id=\"wpv-column-4958689ef2e4982883e706785917248d\" >\n<div  data-href=\"https:\/\/www.sercanmidik.com.tr\/moduls\/calisan-merkezi-bordro\/\" tabindex=\"1\" data-target=\"_self\" class=\"linkarea clearfix accent5  background-transparent\">\n\t\t\t\t<div class=\"last\">\u00c7al\u0131\u015fan Merkezi Bordro<\/div>\n\t<\/div><\/div><\/div>\n<div class=\"row \"><div class=\"wpv-grid grid-1-1  first unextended\" style=\"padding-top:0px;padding-bottom:0px\" id=\"wpv-column-54d94934ce126213461bbfda79b8a788\" >\n<div  data-href=\"https:\/\/www.sercanmidik.com.tr\/moduls\/ise-alim\/\" tabindex=\"1\" data-target=\"_self\" class=\"linkarea clearfix accent5  background-transparent\">\n\t\t\t\t<div class=\"last\">\u0130\u015fe Al\u0131m<\/div>\n\t<\/div><\/div><\/div>\n<div class=\"row \"><div class=\"wpv-grid grid-1-1  first unextended\" style=\"padding-top:0px;padding-bottom:0px\" id=\"wpv-column-d7b933088095bd234647b553d17527a5\" >\n<div  data-href=\"https:\/\/www.sercanmidik.com.tr\/moduls\/ise-baslatma\/\" tabindex=\"1\" data-target=\"_self\" class=\"linkarea clearfix accent5  background-transparent\">\n\t\t\t\t<div class=\"last\">Oryantasyon<\/div>\n\t<\/div><\/div><\/div>\n<div class=\"row \"><div class=\"wpv-grid grid-1-1  first unextended\" style=\"padding-top:0px;padding-bottom:0px\" id=\"wpv-column-2b2310f2a604c4aa058a05e7fab2a241\" >\n<div  data-href=\"https:\/\/www.sercanmidik.com.tr\/moduls\/performans-yonetim-modulu\/\" tabindex=\"1\" data-target=\"_self\" class=\"linkarea clearfix accent5  background-transparent\">\n\t\t\t\t<div class=\"last\">Performans ve Hedef Y\u00f6netimi<\/div>\n\t<\/div><\/div><\/div>\n<div class=\"row \"><div class=\"wpv-grid grid-1-1  first unextended\" style=\"padding-top:0px;padding-bottom:0px\" id=\"wpv-column-0e2ccd76bff77581a41c6c8f798e71cc\" >\n<div  data-href=\"https:\/\/www.sercanmidik.com.tr\/moduls\/ucret-yonetimi\/\" tabindex=\"1\" data-target=\"_self\" class=\"linkarea clearfix accent5  background-transparent\">\n\t\t\t\t<div class=\"last\">\u00dccret Y\u00f6netimi<\/div>\n\t<\/div><\/div><\/div>\n<div class=\"row \"><div class=\"wpv-grid grid-1-1  first unextended\" style=\"padding-top:0px;padding-bottom:0px\" id=\"wpv-column-72a4a3e537e419224e2d5f245492bf15\" >\n<div  data-href=\"https:\/\/www.sercanmidik.com.tr\/moduls\/ogrenme\/\" tabindex=\"1\" data-target=\"_self\" class=\"linkarea clearfix accent5  background-transparent\">\n\t\t\t\t<div class=\"last\">\u00d6\u011frenme<\/div>\n\t<\/div><\/div><\/div>\n<div class=\"row \"><div class=\"wpv-grid grid-1-1  first unextended\" style=\"padding-top:0px;padding-bottom:0px\" id=\"wpv-column-4967ba831e73c008b05bd39c6011c0a9\" >\n<div  data-href=\"https:\/\/www.sercanmidik.com.tr\/moduls\/kariyer-yedekleme-gelisim\/\" tabindex=\"1\" data-target=\"_self\" class=\"linkarea clearfix accent5  background-transparent\">\n\t\t\t\t<div class=\"last\">Kariyer Yedekleme ve Geli\u015fim<\/div>\n\t<\/div><\/div><\/div>\n<div class=\"row \"><div class=\"wpv-grid grid-1-1  first unextended\" style=\"padding-top:0px;padding-bottom:0px\" id=\"wpv-column-ab2dbed3ab167017602edfa9aa2ccebf\" >\n<div  data-href=\"https:\/\/www.sercanmidik.com.tr\/moduls\/time-tracking-modulu\/\" tabindex=\"1\" data-target=\"_self\" class=\"linkarea clearfix accent5  background-transparent\">\n\t\t\t\t<div class=\"last\">Zaman Y\u00f6netimi<\/div>\n\t<\/div><\/div><\/div>\n<div class=\"row \"><div class=\"wpv-grid grid-1-1  first unextended\" style=\"padding-top:0px;padding-bottom:0px\" id=\"wpv-column-8810f551c8d90d2a3fb7e4999579b7a5\" >\n<div  data-href=\"https:\/\/www.sercanmidik.com.tr\/moduls\/workzone\/\" tabindex=\"1\" data-target=\"_self\" class=\"linkarea clearfix accent5  background-transparent\">\n\t\t\t\t<div class=\"last\">Workzone<\/div>\n\t<\/div><\/div><\/div><\/div>\n<div class=\"wpv-grid grid-5-6  wpv-first-level unextended\" style=\"padding-top:0px;padding-bottom:0px\" id=\"wpv-column-39736f85043b27260fc97c0317a93a43\" ><div class=\"row \"><div class=\"wpv-grid grid-1-1  first unextended\" style=\"padding-top:0px;padding-bottom:0px\" id=\"wpv-column-e712918e3e3da027f6ef10ebfe3c06be\" ><h3><strong>1-\u00c7al\u0131\u015fan Bilgi Y\u00f6netimi (Employee Information Management)<\/strong><\/h3>\n<p>\u00c7al\u0131\u015fanlar\u0131n temel ki\u015fisel bilgileri, pozisyonlar\u0131, i\u015f unvanlar\u0131, departmanlar\u0131 ve maa\u015f bilgileri gibi verileri saklar. Bilgilerin g\u00fcncel tutulmas\u0131n\u0131 sa\u011flar ve t\u00fcm \u0130K s\u00fcre\u00e7lerinin temelini olu\u015fturur.<br \/>\n<span style=\"color: #333333;\"><div class=\"push\" style='height:10px'><\/div><\/span><\/p>\n<h3><strong>2-Organizasyon Y\u00f6netimi (Organizational Management)<\/strong><\/h3>\n<p>\u015eirketin organizasyon yap\u0131s\u0131n\u0131 tan\u0131mlar ve bu yap\u0131ya g\u00f6re \u00e7al\u0131\u015fanlar\u0131 departmanlara, ekip liderlerine veya y\u00f6neticilere atar. Organizasyon yap\u0131s\u0131ndaki de\u011fi\u015fiklikleri ve terfi s\u00fcre\u00e7lerini kolayca y\u00f6netir.<\/p>\n<p><span style=\"color: #333333;\"><div class=\"push\" style='height:10px'><\/div><\/span><\/p>\n<h3><strong>3-Zaman ve Kat\u0131l\u0131m Y\u00f6netimi (Time &amp; Attendance Management)<\/strong><\/h3>\n<p>\u00c7al\u0131\u015fanlar\u0131n \u00e7al\u0131\u015fma saatleri, mesai kay\u0131tlar\u0131 ve izin taleplerini dijital olarak y\u00f6netir. Bu \u00f6zellik, \u00f6zellikle fazla mesai, y\u0131ll\u0131k izin ve hastal\u0131k izni gibi durumlar\u0131 kontrol alt\u0131nda tutmay\u0131 sa\u011flar.<\/p>\n<p><span style=\"color: #333333;\"><div class=\"push\" style='height:10px'><\/div><\/span><\/p>\n<h3><strong>4-\u0130zin ve Devams\u0131zl\u0131k Y\u00f6netimi (Leave &amp; Absence Management)<\/strong><\/h3>\n<p>\u00c7al\u0131\u015fanlar\u0131n izin taleplerini ve devams\u0131zl\u0131k durumlar\u0131n\u0131 y\u00f6netir. \u0130zin politikalar\u0131n\u0131 \u015firket kurallar\u0131na uygun \u015fekilde \u00f6zelle\u015ftirme imkan\u0131 sunar.<\/p>\n<p><span style=\"color: #333333;\"><div class=\"push\" style='height:10px'><\/div><\/span><\/p>\n<h3><strong>5-Yan Haklar ve Maa\u015f Y\u00f6netimi (Compensation &amp; Benefits Management)<\/strong><\/h3>\n<p>\u00c7al\u0131\u015fanlar\u0131n maa\u015f, ikramiye ve yan haklar\u0131n\u0131 y\u00f6netir. \u00c7al\u0131\u015fanlar\u0131n yan haklardan ve te\u015fviklerden yararlanma durumlar\u0131n\u0131 takip eder.<\/p>\n<p><span style=\"color: #333333;\"><div class=\"push\" style='height:10px'><\/div><\/span><\/p>\n<h3><strong>6-Yasal Uyumluluk (Compliance)<\/strong><\/h3>\n<p>Yerel ve uluslararas\u0131 \u0130K y\u00f6netmeliklerine uyumlu olmas\u0131n\u0131 sa\u011flayarak, yasal gerekliliklere uygun \u00e7al\u0131\u015fan verilerinin tutulmas\u0131n\u0131 sa\u011flar. Farkl\u0131 \u00fclkelerdeki \u00e7al\u0131\u015fanlar i\u00e7in vergi ve yasal raporlamalar gibi s\u00fcre\u00e7lerde destek sunar.<\/p>\n<p><span style=\"color: #333333;\"><div class=\"push\" style='height:10px'><\/div><\/span><\/p>\n<h3><span style=\"color: #333333;\"><strong>7-Self Servis \u0130K (Employee &amp; Manager Self-Service<\/strong><\/span><\/h3>\n<p>\u00c7al\u0131\u015fanlar\u0131n kendi bilgilerini g\u00f6r\u00fcnt\u00fcleyebilmelerini ve g\u00fcncelleyebilmelerini, izin talebinde bulunabilmelerini ve bordro gibi \u0130K i\u015flemlerini kendilerinin y\u00f6netmelerini sa\u011flar. Y\u00f6neticiler de ekiplerinin \u0130K i\u015flemlerini bu sistem \u00fczerinden y\u00f6netebilirler.<\/p>\n<p><span style=\"color: #333333;\"><div class=\"push\" style='height:10px'><\/div><\/span><\/p>\n<h3><strong>8-Raporlama ve Analitik<\/strong><\/h3>\n<p>\u00c7al\u0131\u015fan verileriyle ilgili kapsaml\u0131 analizler ve raporlar sunar. Organizasyonun \u0130K verilerini daha iyi anlamas\u0131 ve stratejik kararlar almas\u0131 i\u00e7in veriye dayal\u0131 bilgiler sa\u011flar.<\/p>\n<p><span style=\"color: #333333;\"><div class=\"push\" style='height:10px'><\/div><\/span><\/p>\n<h3><strong>9-\u0130\u015f G\u00fcc\u00fc Analiti\u011fi (Workforce Analytics)<\/strong>:<\/h3>\n<p>\u0130nsan kaynaklar\u0131 verilerini analiz ederek, organizasyonun i\u015f g\u00fcc\u00fc verimlili\u011fini art\u0131rmaya y\u00f6nelik stratejik kararlar al\u0131nmas\u0131na yard\u0131mc\u0131 olur. \u00c7al\u0131\u015fan ba\u011fl\u0131l\u0131\u011f\u0131, devams\u0131zl\u0131k oranlar\u0131, e\u011fitim etkinli\u011fi gibi metrikleri analiz eder.<\/p>\n<p><span style=\"color: #333333;\"><div class=\"push\" style='height:10px'><\/div><\/span><\/p>\n<p><strong>Kazan\u0131mlar<\/strong><\/p>\n<ul>\n<li><span style=\"color: #333333;\"><strong>Operasyonel Verimlilik<\/strong> <\/span><\/li>\n<\/ul>\n<p>\u00c7al\u0131\u015fan bilgilerini, izinleri ve di\u011fer \u0130K i\u015flemlerini merkezi bir platformda toplad\u0131\u011f\u0131 i\u00e7in i\u015flemlerin h\u0131zl\u0131 ve hatas\u0131z bir \u015fekilde ger\u00e7ekle\u015ftirilmesini sa\u011flar.<\/p>\n<div class=\"push\" style='height:10px'><\/div>\n<ul>\n<li><strong>Kapsaml\u0131 Veri Y\u00f6netimi<\/strong><\/li>\n<\/ul>\n<p>T\u00fcm \u00e7al\u0131\u015fan verileri tek bir yerde topland\u0131\u011f\u0131ndan, veri g\u00fcvenli\u011fi artar ve veri eri\u015fim s\u00fcreci kolayla\u015f\u0131r..<\/p>\n<div class=\"push\" style='height:10px'><\/div>\n<ul>\n<li><strong>Daha \u0130yi \u00c7al\u0131\u015fan Deneyimi<\/strong><\/li>\n<\/ul>\n<p>Self-servis \u00f6zellikleri sayesinde \u00e7al\u0131\u015fanlar kendi \u0130K i\u015flemlerini y\u00f6netebilir, bu da \u00e7al\u0131\u015fan memnuniyetini art\u0131r\u0131r<\/p>\n<div class=\"push\" style='height:10px'><\/div>\n<ul>\n<li><strong>Yasal Uyum ve Risk Azaltma<\/strong><\/li>\n<\/ul>\n<p>Yasal gereklilikleri yerine getirerek \u015firketin uyumluluk y\u00fck\u00fcml\u00fcl\u00fcklerini kar\u015f\u0131lar ve cezai riskleri azalt\u0131r.<\/p>\n<div class=\"push\" style='height:10px'><\/div>\n<ul>\n<li><strong>Stratejik \u0130K Y\u00f6netimi<\/strong><\/li>\n<\/ul>\n<p>Detayl\u0131 raporlama ve analiz \u00f6zellikleri sayesinde y\u00f6neticiler, \u00e7al\u0131\u015fan verilerini kullanarak daha stratejik \u0130K kararlar\u0131 alabilir.<\/p>\n<div class=\"push\" style='height:10px'><\/div>\n<ul>\n<li><strong>Esneklik ve Global Uyum<\/strong><\/li>\n<\/ul>\n<p>Farkl\u0131 \u00fclkelerdeki \u00e7al\u0131\u015fanlar i\u00e7in uyumlu \u00f6zellikler sunar, bu da \u00e7ok uluslu \u015firketlerin \u0130K s\u00fcre\u00e7lerini daha kolay y\u00f6netmesine olanak tan\u0131r.<\/p>\n<div class=\"push\" style='height:10px'><\/div>\n<p><strong>SAP SuccessFactors \u00c7al\u0131\u015fan Merkezi (Employee Central)<\/strong>,\u00e7al\u0131\u015fan verilerinin merkezi bir sistemde toplanmas\u0131n\u0131 sa\u011flayarak insan kaynaklar\u0131 s\u00fcre\u00e7lerini dijitalle\u015ftirir ve \u0130K ekiplerinin daha stratejik bir rol \u00fcstlenmesine yard\u0131mc\u0131 olur. Bu mod\u00fcl, \u00e7al\u0131\u015fan deneyimini iyile\u015ftirirken, kurumlar\u0131n verimliliklerini art\u0131rmalar\u0131na ve uyumluluklar\u0131n\u0131 s\u00fcrd\u00fcrmelerine katk\u0131 sa\u011flar.<\/div><\/div><\/div><\/div>\n<div class=\"push\" style='height:30px'><\/div>\n<div class=\"row \"><div class=\"wpv-grid grid-1-1  wpv-first-level first unextended animation-from-bottom animated-active\" style=\"padding-top:15px;padding-bottom:15px\" id=\"wpv-column-03e174aec42c3539b9c7345181249a51\" >\t\t<div class=\"sep-text single centered\">\n\t\t\t\t\t\t\t<span class=\"sep-text-before\"><div class=\"sep-text-line\"><\/div><\/span>\n\t\t\t\t\t\t<div class=\"content\">\n\t\t\t\t<h2 class=\"text-divider-double\">Detayl\u0131 Bilgi \u0130\u00e7in Bize Ula\u015f\u0131n!<\/h2>\t\t\t<\/div>\n\t\t\t<span class=\"sep-text-after\"><div class=\"sep-text-line\"><\/div><\/span>\n\t\t\t\t\t<\/div>\n\t<div class=\"push\" style='height:10px'><\/div>\n<div class=\"row \"><div class=\"wpv-grid grid-1-1  first unextended\" style=\"padding-top:0px;padding-bottom:0px\" id=\"wpv-column-3fb0392cdbace3615be25663234f1d3a\" ><p>\n<div class=\"wpcf7 no-js\" id=\"wpcf7-f9476-o1\" lang=\"en-US\" dir=\"ltr\" data-wpcf7-id=\"9476\">\n<div class=\"screen-reader-response\"><p role=\"status\" aria-live=\"polite\" aria-atomic=\"true\"><\/p> <ul><\/ul><\/div>\n<form action=\"\/en\/wp-json\/wp\/v2\/pages\/9473#wpcf7-f9476-o1\" method=\"post\" class=\"wpcf7-form init\" aria-label=\"Contact form\" novalidate=\"novalidate\" data-status=\"init\">\n<fieldset class=\"hidden-fields-container\"><input type=\"hidden\" name=\"_wpcf7\" value=\"9476\" \/><input type=\"hidden\" name=\"_wpcf7_version\" value=\"6.1.5\" \/><input type=\"hidden\" name=\"_wpcf7_locale\" value=\"en_US\" \/><input type=\"hidden\" name=\"_wpcf7_unit_tag\" value=\"wpcf7-f9476-o1\" \/><input type=\"hidden\" name=\"_wpcf7_container_post\" value=\"0\" \/><input type=\"hidden\" name=\"_wpcf7_posted_data_hash\" value=\"\" \/>\n<\/fieldset>\n<div class=\"row\">\n\t<div class=\"grid-1-3\">\n\t\t<p><span class=\"wpcf7-form-control-wrap\" data-name=\"Name\"><input size=\"40\" maxlength=\"400\" class=\"wpcf7-form-control wpcf7-text wpcf7-validates-as-required\" aria-required=\"true\" aria-invalid=\"false\" placeholder=\"Name\" value=\"\" type=\"text\" name=\"Name\" \/><\/span>\n\t\t<\/p>\n\t<\/div>\n\t<div class=\"grid-1-3\">\n\t\t<p><span class=\"wpcf7-form-control-wrap\" data-name=\"E-mail\"><input size=\"40\" maxlength=\"400\" class=\"wpcf7-form-control wpcf7-text wpcf7-validates-as-required\" aria-required=\"true\" aria-invalid=\"false\" placeholder=\"E-mail\" value=\"\" type=\"text\" name=\"E-mail\" \/><\/span>\n\t\t<\/p>\n\t<\/div>\n\t<div class=\"grid-1-3\">\n\t\t<p><span class=\"wpcf7-form-control-wrap\" data-name=\"Phone\"><input size=\"40\" maxlength=\"400\" class=\"wpcf7-form-control wpcf7-text\" aria-invalid=\"false\" placeholder=\"Phone\" value=\"\" type=\"text\" name=\"Phone\" \/><\/span>\n\t\t<\/p>\n\t<\/div>\n\t<div class=\"grid-1-1\">\n\t\t<p><span class=\"wpcf7-form-control-wrap\" data-name=\"Message\"><textarea cols=\"40\" rows=\"7\" maxlength=\"2000\" class=\"wpcf7-form-control wpcf7-textarea wpcf7-validates-as-required\" aria-required=\"true\" aria-invalid=\"false\" placeholder=\"Your message...\" name=\"Message\"><\/textarea><\/span>\n\t\t<\/p>\n\t<\/div>\n\t<div class=\"grid-1-1\">\n\t\t<p><input class=\"wpcf7-form-control wpcf7-submit has-spinner\" type=\"submit\" value=\"Send \u2192\" \/>\n\t\t<\/p>\n\t<\/div>\n<\/div><p style=\"display: none !important;\" class=\"akismet-fields-container\" data-prefix=\"_wpcf7_ak_\"><label>&#916;<textarea name=\"_wpcf7_ak_hp_textarea\" cols=\"45\" rows=\"8\" maxlength=\"100\"><\/textarea><\/label><input type=\"hidden\" id=\"ak_js_1\" name=\"_wpcf7_ak_js\" value=\"131\"\/><script>document.getElementById( \"ak_js_1\" ).setAttribute( \"value\", ( new Date() ).getTime() );<\/script><\/p><div class=\"wpcf7-response-output\" aria-hidden=\"true\"><\/div>\n<\/form>\n<\/div>\n<\/div><\/div><\/div><\/div>\n<div class=\"row \"><div class=\"wpv-grid grid-1-1  wpv-first-level first unextended animation-from-bottom animated-active\" style=\"padding-top:15px;padding-bottom:60px\" id=\"wpv-column-4853d7a808de0e0552946bcb307e18ea\" >\t\t<div class=\"sep-text single centered\">\n\t\t\t\t\t\t\t<span class=\"sep-text-before\"><div class=\"sep-text-line\"><\/div><\/span>\n\t\t\t\t\t\t<div class=\"content\">\n\t\t\t\t<h2 class=\"text-divider-double\">APPOINTMENT<\/h2>\t\t\t<\/div>\n\t\t\t<span class=\"sep-text-after\"><div class=\"sep-text-line\"><\/div><\/span>\n\t\t\t\t\t<\/div>\n\t<div class=\"push\" style='height:10px'><\/div>\n<div class=\"row \"><div class=\"wpv-grid grid-1-1  first unextended\" style=\"padding-top:0px;padding-bottom:0px\" id=\"wpv-column-2921c0ac55d96740f282336afecc9713\" ><p><div class=\"booked-calendar-shortcode-wrap\"><div class=\"booked-calendar-wrap large\"><div class=\"booked-calendar\" data-calendar-date=\"2026-04-01\">\n\t\t<div class=\"bc-head\">\n\n\t\t\t\n\t\t\t<div class=\"bc-row top\">\n\t\t\t\t<div class=\"bc-col\">\n\t\t\t\t\t\t\t\t\t\t<span class=\"calendarSavingState\">\n\t\t\t\t\t\t<i class=\"fa-solid fa-circle-notch fa-spin\"><\/i>\n\t\t\t\t\t<\/span>\n\t\t\t\t\t<span class=\"monthName\">\n\t\t\t\t\t\tApril 2026\t\t\t\t\t\t\t\t\t\t\t<\/span>\n\t\t\t\t\t<a href=\"#\" data-goto=\"2026-05-01\" class=\"page-right\"><i class=\"fa-solid fa-arrow-right\"><\/i><\/a>\t\t\t\t<\/div>\n\t\t\t<\/div>\n\t\t\t<div class=\"bc-row days\">\n\t\t\t\t\t\t\t\t<div class=\"bc-col\">Mon<\/div>\n\t\t\t\t<div class=\"bc-col\">Tue<\/div>\n\t\t\t\t<div class=\"bc-col\">Wed<\/div>\n\t\t\t\t<div class=\"bc-col\">Thu<\/div>\n\t\t\t\t<div class=\"bc-col\">Fri<\/div>\n\t\t\t\t<div class=\"bc-col\">Sat<\/div>\t\t\t\t<div class=\"bc-col\">Sun<\/div>\t\t\t<\/div>\n\t\t<\/div>\n\t\t<div class=\"bc-body\"><div class=\"bc-row week\"><div data-date=\"2026-03-30\" class=\"bc-col prev-month prev-date\"><span class=\"date\"><span class=\"number\">30<\/span><\/span><\/div><div data-date=\"2026-03-31\" class=\"bc-col prev-month prev-date\"><span class=\"date\"><span class=\"number\">31<\/span><\/span><\/div><div data-date=\"2026-04-1\" class=\"bc-col prev-date\"><span class=\"date\"><span class=\"number\">1<\/span><\/span><\/div><div data-date=\"2026-04-2\" class=\"bc-col prev-date\"><span class=\"date\"><span class=\"number\">2<\/span><\/span><\/div><div data-date=\"2026-04-3\" class=\"bc-col prev-date\"><span class=\"date\"><span class=\"number\">3<\/span><\/span><\/div><div data-date=\"2026-04-4\" class=\"bc-col prev-date\"><span class=\"date\"><span class=\"number\">4<\/span><\/span><\/div><div data-date=\"2026-04-5\" class=\"bc-col prev-date\"><span class=\"date\"><span class=\"number\">5<\/span><\/span><\/div><\/div><div class=\"bc-row week\"><div data-date=\"2026-04-6\" class=\"bc-col prev-date\"><span class=\"date\"><span class=\"number\">6<\/span><\/span><\/div><div data-date=\"2026-04-7\" class=\"bc-col prev-date\"><span class=\"date\"><span class=\"number\">7<\/span><\/span><\/div><div data-date=\"2026-04-8\" class=\"bc-col prev-date\"><span class=\"date\"><span class=\"number\">8<\/span><\/span><\/div><div data-date=\"2026-04-9\" class=\"bc-col prev-date\"><span class=\"date\"><span class=\"number\">9<\/span><\/span><\/div><div data-date=\"2026-04-10\" class=\"bc-col prev-date\"><span class=\"date\"><span class=\"number\">10<\/span><\/span><\/div><div data-date=\"2026-04-11\" class=\"bc-col prev-date\"><span class=\"date\"><span class=\"number\">11<\/span><\/span><\/div><div data-date=\"2026-04-12\" class=\"bc-col prev-date\"><span class=\"date\"><span class=\"number\">12<\/span><\/span><\/div><\/div><div class=\"bc-row week\"><div data-date=\"2026-04-13\" class=\"bc-col prev-date\"><span class=\"date\"><span class=\"number\">13<\/span><\/span><\/div><div data-date=\"2026-04-14\" class=\"bc-col prev-date\"><span class=\"date\"><span class=\"number\">14<\/span><\/span><\/div><div data-date=\"2026-04-15\" class=\"bc-col prev-date\"><span class=\"date\"><span class=\"number\">15<\/span><\/span><\/div><div data-date=\"2026-04-16\" class=\"bc-col prev-date\"><span class=\"date\"><span class=\"number\">16<\/span><\/span><\/div><div data-date=\"2026-04-17\" class=\"bc-col prev-date\"><span class=\"date\"><span class=\"number\">17<\/span><\/span><\/div><div data-date=\"2026-04-18\" class=\"bc-col prev-date\"><span class=\"date\"><span class=\"number\">18<\/span><\/span><\/div><div data-date=\"2026-04-19\" class=\"bc-col prev-date\"><span class=\"date\"><span class=\"number\">19<\/span><\/span><\/div><\/div><div class=\"bc-row week\"><div data-date=\"2026-04-20\" class=\"bc-col today\"><span class=\"date tooltipster\" title=\"6 Available\"><span class=\"number\">20<\/span><\/span><\/div><div data-date=\"2026-04-21\" class=\"bc-col \"><span class=\"date tooltipster\" title=\"20 Available\"><span class=\"number\">21<\/span><\/span><\/div><div data-date=\"2026-04-22\" class=\"bc-col \"><span class=\"date tooltipster\" title=\"3 Available\"><span class=\"number\">22<\/span><\/span><\/div><div data-date=\"2026-04-23\" class=\"bc-col \"><span class=\"date tooltipster\" title=\"6 Available\"><span class=\"number\">23<\/span><\/span><\/div><div data-date=\"2026-04-24\" class=\"bc-col prev-date\"><span class=\"date\"><span class=\"number\">24<\/span><\/span><\/div><div data-date=\"2026-04-25\" class=\"bc-col prev-date\"><span class=\"date\"><span class=\"number\">25<\/span><\/span><\/div><div data-date=\"2026-04-26\" class=\"bc-col prev-date\"><span class=\"date\"><span class=\"number\">26<\/span><\/span><\/div><\/div><div class=\"bc-row week\"><div data-date=\"2026-04-27\" class=\"bc-col \"><span class=\"date tooltipster\" title=\"8 Available\"><span class=\"number\">27<\/span><\/span><\/div><div data-date=\"2026-04-28\" class=\"bc-col \"><span class=\"date tooltipster\" title=\"20 Available\"><span class=\"number\">28<\/span><\/span><\/div><div data-date=\"2026-04-29\" class=\"bc-col \"><span class=\"date tooltipster\" title=\"3 Available\"><span class=\"number\">29<\/span><\/span><\/div><div data-date=\"2026-04-30\" class=\"bc-col \"><span class=\"date tooltipster\" title=\"6 Available\"><span class=\"number\">30<\/span><\/span><\/div><div data-date=\"2026-05-1\" class=\"bc-col next-month prev-date\"><span class=\"date\"><span class=\"number\">1<\/span><\/span><\/div><div data-date=\"2026-05-2\" class=\"bc-col next-month prev-date\"><span class=\"date\"><span class=\"number\">2<\/span><\/span><\/div><div data-date=\"2026-05-3\" class=\"bc-col next-month prev-date\"><span class=\"date\"><span class=\"number\">3<\/span><\/span><\/div><\/div>\t\t<\/div>\n\t<\/div><\/div><\/div><\/div><\/div>\n[\/column_1]<\/div><\/div>\n","protected":false},"excerpt":{"rendered":"<p>SAP SuccessFactors \u00c7al\u0131\u015fan Merkezi (Employee Central) SAP\u2019nin yeni nesil ERP platformu olan S\/4HANA \u00fczerinde \u00e7al\u0131\u015fan insan kaynaklar\u0131 (\u0130K) y\u00f6netimi mod\u00fcllerini i\u00e7eren bir \u00e7\u00f6z\u00fcm sunar. SAP S\/4HANA HR, organizasyonlar\u0131n \u0130K s\u00fcre\u00e7lerini daha verimli hale getirmek i\u00e7in modern bir altyap\u0131 ve geli\u015fmi\u015f analiz yetenekleri sunar. Bu \u00e7\u00f6z\u00fcm, insan sermayesini daha etkin y\u00f6netmek ve stratejik hedeflere ula\u015fmak i\u00e7in&#8230;<\/p>","protected":false},"author":1,"featured_media":0,"parent":7774,"menu_order":0,"comment_status":"closed","ping_status":"closed","template":"","meta":{"footnotes":""},"class_list":["post-9473","page","type-page","status-publish","hentry"],"aioseo_notices":[],"_links":{"self":[{"href":"https:\/\/www.vesacons.com\/en\/wp-json\/wp\/v2\/pages\/9473","targetHints":{"allow":["GET"]}}],"collection":[{"href":"https:\/\/www.vesacons.com\/en\/wp-json\/wp\/v2\/pages"}],"about":[{"href":"https:\/\/www.vesacons.com\/en\/wp-json\/wp\/v2\/types\/page"}],"author":[{"embeddable":true,"href":"https:\/\/www.vesacons.com\/en\/wp-json\/wp\/v2\/users\/1"}],"replies":[{"embeddable":true,"href":"https:\/\/www.vesacons.com\/en\/wp-json\/wp\/v2\/comments?post=9473"}],"version-history":[{"count":28,"href":"https:\/\/www.vesacons.com\/en\/wp-json\/wp\/v2\/pages\/9473\/revisions"}],"predecessor-version":[{"id":987715,"href":"https:\/\/www.vesacons.com\/en\/wp-json\/wp\/v2\/pages\/9473\/revisions\/987715"}],"up":[{"embeddable":true,"href":"https:\/\/www.vesacons.com\/en\/wp-json\/wp\/v2\/pages\/7774"}],"wp:attachment":[{"href":"https:\/\/www.vesacons.com\/en\/wp-json\/wp\/v2\/media?parent=9473"}],"curies":[{"name":"wp","href":"https:\/\/api.w.org\/{rel}","templated":true}]}}