{"id":9484,"date":"2014-09-28T01:09:23","date_gmt":"2014-09-28T01:09:23","guid":{"rendered":"http:\/\/lawyers-attorneys.vamtam.com\/?page_id=9484"},"modified":"2025-01-04T07:07:55","modified_gmt":"2025-01-04T07:07:55","slug":"performans-yonetim-modulu","status":"publish","type":"page","link":"https:\/\/www.vesacons.com\/en\/moduls\/performans-yonetim-modulu\/","title":{"rendered":"Performance and Goal Management"},"content":{"rendered":"<div class=\"row \"><div class=\"wpv-grid grid-1-6  wpv-first-level first unextended\" style=\"padding-top:0px;padding-bottom:0px\" id=\"wpv-column-6324ba901336795e0f0939718c4a73a5\" ><\/div>\n<div class=\"wpv-grid grid-5-6  wpv-first-level has-background unextended\" style=\"\n\t\t\t\tbackground: url( 'http:\/\/www.sercanmidik.com.tr\/wp-content\/uploads\/2024\/12\/9bd90675-2787-41fa-a6b7-8a1709a17e87-1.gif' ) no-repeat left center;\n\t\t\t\tbackground-size: auto;\n\t\t\tbackground-attachment: scroll;padding-top:400px;padding-bottom:0px\" id=\"wpv-column-872a351cb9159f6f3eaa544110b3b966\" ><\/div><\/div>\n<div class=\"push\" style='height:50px'><\/div>\n<div class=\"row \"><div class=\"wpv-grid grid-1-6  wpv-first-level first unextended\" style=\"padding-top:0px;padding-bottom:0px\" id=\"wpv-column-9512d3a16f560913f9e91c5b0c37c857\" ><div class=\"sep-3\"><\/div><\/div>\n<div class=\"wpv-grid grid-5-6  wpv-first-level unextended\" style=\"padding-top:0px;padding-bottom:0px\" id=\"wpv-column-6228a60ea5e1a014fc3848e4567f3789\" ><div class=\"row \"><div class=\"wpv-grid grid-1-1  first unextended\" style=\"padding-top:0px;padding-bottom:0px\" id=\"wpv-column-5bf6e0514a745933b4b95ceaeb9fcb47\" ><blockquote><p><span style=\"color: #4a4a4a;\"><strong>SAP SuccessFactors Performans ve Hedef Y\u00f6netimi (Performance and Goals Management)<\/strong><\/span><\/p><\/blockquote>\n<p><span style=\"color: #4a4a4a;\"><div class=\"push\" style='height:20px'><\/div><\/span><br \/>\n<span style=\"color: #4a4a4a;\" data-teams=\"true\">\u00c7al\u0131\u015fanlar\u0131n performans\u0131n\u0131 de\u011ferlendirmek, geli\u015ftirmek ve hedeflere ula\u015fmalar\u0131n\u0131 sa\u011flamak i\u00e7in kapsaml\u0131 bir platform sunar. Performans y\u00f6netimi s\u00fcrecini standartla\u015ft\u0131rarak \u015feffafl\u0131k sa\u011flar, \u00e7al\u0131\u015fanlar\u0131n katk\u0131lar\u0131n\u0131 objektif \u00f6l\u00e7\u00fctlerle de\u011ferlendirir ve s\u00fcrekli geri bildirim k\u00fclt\u00fcr\u00fcn\u00fc te\u015fvik eder. Bu mod\u00fcl, \u00e7al\u0131\u015fanlar\u0131n kariyer geli\u015fimlerine katk\u0131da bulunmak ve organizasyonel hedeflere uygun performans\u0131 sa\u011flamak i\u00e7in tasarlanm\u0131\u015ft\u0131r.<\/span><\/p>\n<p><span style=\"color: #4a4a4a;\"><div class=\"push\" style='height:15px'><\/div><\/span><\/p>\n<h3><span style=\"color: #4a4a4a;\" data-teams=\"true\">Ana Fonksiyonlar\u0131<\/span><\/h3>\n<p><span style=\"color: #4a4a4a;\"><div class=\"push\" style='height:5px'><\/div><\/span><\/div><\/div><\/div><\/div>\n<div class=\"row \"><div class=\"wpv-grid grid-1-6 add-border wpv-first-level first unextended\" style=\"padding-top:0px;padding-bottom:0px\" id=\"wpv-column-1426a5907e646d784c4cf058345418d3\" ><div class=\"row \"><div class=\"wpv-grid grid-1-1  first unextended\" style=\"padding-top:0px;padding-bottom:0px\" id=\"wpv-column-104f9b016a5f18dc420a31c8e8a1952c\" >\n<div  data-href=\"https:\/\/www.sercanmidik.com.tr\/moduls\/calisan-merkezi\/\" tabindex=\"1\" data-target=\"_self\" class=\"linkarea clearfix accent1  background-transparent\">\n\t\t\t\t<div class=\"last\">\u00c7al\u0131\u015fan Merkezi<\/div>\n\t<\/div><\/div><\/div>\n<div class=\"row \"><div class=\"wpv-grid grid-1-1  first unextended\" style=\"padding-top:0px;padding-bottom:0px\" id=\"wpv-column-744c035eda35474ffe700b0d0a519edc\" >\n<div  data-href=\"https:\/\/www.sercanmidik.com.tr\/moduls\/calisan-merkezi-bordro\/\" tabindex=\"1\" data-target=\"_self\" class=\"linkarea clearfix accent1  background-transparent\">\n\t\t\t\t<div class=\"last\">\u00c7al\u0131\u015fan Merkezi Bordro<\/div>\n\t<\/div><\/div><\/div>\n<div class=\"row \"><div class=\"wpv-grid grid-1-1  first unextended\" style=\"padding-top:0px;padding-bottom:0px\" id=\"wpv-column-8231b780448722e915d0599171bdfabe\" >\n<div  data-href=\"https:\/\/www.sercanmidik.com.tr\/moduls\/ise-alim\/\" tabindex=\"1\" data-target=\"_self\" class=\"linkarea clearfix accent1  background-transparent\">\n\t\t\t\t<div class=\"last\">\u0130\u015fe Al\u0131m<\/div>\n\t<\/div><\/div><\/div>\n<div class=\"row \"><div class=\"wpv-grid grid-1-1  first unextended\" style=\"padding-top:0px;padding-bottom:0px\" id=\"wpv-column-a11dd070f31cda6e1f3de8967e6ace2d\" >\n<div  data-href=\"https:\/\/www.sercanmidik.com.tr\/moduls\/ise-baslatma\/\" tabindex=\"1\" data-target=\"_self\" class=\"linkarea clearfix accent1  background-transparent\">\n\t\t\t\t<div class=\"last\">Oryantasyon<\/div>\n\t<\/div><\/div><\/div>\n<div class=\"row \"><div class=\"wpv-grid grid-1-1  first unextended\" style=\"padding-top:0px;padding-bottom:0px\" id=\"wpv-column-c083e8bb9320f3a9cb38e2bceb82f946\" >\n<div  data-href=\"https:\/\/www.sercanmidik.com.tr\/moduls\/ucret-yonetimi\/\" tabindex=\"1\" data-target=\"_self\" class=\"linkarea clearfix accent1  background-transparent\">\n\t\t\t\t<div class=\"last\">\u00dccret Y\u00f6netimi<\/div>\n\t<\/div><\/div><\/div>\n<div class=\"row \"><div class=\"wpv-grid grid-1-1  first unextended\" style=\"padding-top:0px;padding-bottom:0px\" id=\"wpv-column-22a90144c00b1eb600634ed2ed049561\" >\n<div  data-href=\"https:\/\/www.sercanmidik.com.tr\/moduls\/ogrenme\/\" tabindex=\"1\" data-target=\"_self\" class=\"linkarea clearfix accent1  background-transparent\">\n\t\t\t\t<div class=\"last\">\u00d6\u011frenme<\/div>\n\t<\/div><\/div><\/div>\n<div class=\"row \"><div class=\"wpv-grid grid-1-1  first unextended\" style=\"padding-top:0px;padding-bottom:0px\" id=\"wpv-column-158f65eabc1e5974c30a79842ff5e545\" >\n<div  data-href=\"https:\/\/www.sercanmidik.com.tr\/moduls\/kariyer-yedekleme-gelisim\/\" tabindex=\"1\" data-target=\"_self\" class=\"linkarea clearfix accent1  background-transparent\">\n\t\t\t\t<div class=\"last\">Kariyer Yedekleme ve Geli\u015fim<\/div>\n\t<\/div><\/div><\/div>\n<div class=\"row \"><div class=\"wpv-grid grid-1-1  first unextended\" style=\"padding-top:0px;padding-bottom:0px\" id=\"wpv-column-b0de09f74967321f4a2268b5d51ef22e\" >\n<div  data-href=\"https:\/\/www.sercanmidik.com.tr\/moduls\/time-tracking-modulu\/\" tabindex=\"1\" data-target=\"_self\" class=\"linkarea clearfix accent1  background-transparent\">\n\t\t\t\t<div class=\"last\">Zaman Y\u00f6netimi<\/div>\n\t<\/div><\/div><\/div>\n<div class=\"row \"><div class=\"wpv-grid grid-1-1  first unextended\" style=\"padding-top:0px;padding-bottom:0px\" id=\"wpv-column-f01e1124470af783df77c4de2a8a821a\" >\n<div  data-href=\"https:\/\/www.sercanmidik.com.tr\/moduls\/workzone\/\" tabindex=\"1\" data-target=\"_self\" class=\"linkarea clearfix accent1  background-transparent\">\n\t\t\t\t<div class=\"last\">Workzone<\/div>\n\t<\/div><\/div><\/div><\/div>\n<div class=\"wpv-grid grid-5-6  wpv-first-level unextended\" style=\"padding-top:0px;padding-bottom:0px\" id=\"wpv-column-4b681a7b4a13931d63b97e89ab1e609b\" ><div class=\"row \"><div class=\"wpv-grid grid-1-1  first unextended\" style=\"padding-top:0px;padding-bottom:0px\" id=\"wpv-column-6b7834d9a0b844f435bc302ab8a38f94\" ><h3><span style=\"color: #4a4a4a;\" data-teams=\"true\"><strong>1-Hedef Belirleme ve Takip (Goal Setting &amp; Tracking)<\/strong><\/span><\/h3>\n<p><span style=\"color: #4a4a4a;\" data-teams=\"true\">\u015eirketin stratejik hedefleriyle uyumlu bireysel hedeflerin belirlenmesini ve bu hedeflerin y\u0131l boyunca izlenmesini sa\u011flar. Hedefler SMART kriterlerine uygun olarak tan\u0131mlanabilir (Spesifik, \u00d6l\u00e7\u00fclebilir, Ula\u015f\u0131labilir, \u0130lgili, Zaman S\u0131n\u0131rl\u0131).<\/span><br \/>\n<span style=\"color: #4a4a4a;\"><div class=\"push\" style='height:10px'><\/div><\/span><\/p>\n<h3><span style=\"color: #4a4a4a;\" data-teams=\"true\"><strong>2-Performans De\u011ferlendirme (Performance Appraisals)<\/strong><\/span><\/h3>\n<p><span style=\"color: #4a4a4a;\" data-teams=\"true\">Y\u0131l ortas\u0131 ve y\u0131l sonu gibi d\u00f6nemsel de\u011ferlendirme s\u00fcre\u00e7leriyle \u00e7al\u0131\u015fanlar\u0131n performans\u0131n\u0131 objektif kriterlerle \u00f6l\u00e7er. Bu de\u011ferlendirme s\u00fcrecinde y\u00f6neticiler, \u00e7al\u0131\u015fanlar\u0131n yetkinliklerini ve g\u00f6rev performanslar\u0131n\u0131 detayl\u0131 olarak inceleyebilir.<\/span><\/p>\n<p><span style=\"color: #4a4a4a;\"><div class=\"push\" style='height:10px'><\/div><\/span><\/p>\n<h3><span style=\"color: #4a4a4a;\" data-teams=\"true\"><strong>3-S\u00fcrekli Geri Bildirim (Continuous Feedback)<\/strong><\/span><\/h3>\n<p><span style=\"color: #4a4a4a;\" data-teams=\"true\">\u00c7al\u0131\u015fanlar\u0131n y\u0131l boyunca performanslar\u0131yla ilgili s\u00fcrekli geri bildirim almas\u0131na olanak tan\u0131r. Bu \u00f6zellik, \u00e7al\u0131\u015fanlar\u0131n g\u00fc\u00e7l\u00fc yanlar\u0131n\u0131 ve geli\u015fim alanlar\u0131n\u0131 belirlemelerine yard\u0131mc\u0131 olur.<\/span><\/p>\n<p><span style=\"color: #4a4a4a;\"><div class=\"push\" style='height:10px'><\/div><\/span><\/p>\n<h3><span style=\"color: #4a4a4a;\" data-teams=\"true\"><strong>4-360 Derece Geri Bildirim (360-Degree Feedback)<\/strong><\/span><\/h3>\n<p><span style=\"color: #4a4a4a;\" data-teams=\"true\">\u00c7al\u0131\u015fan\u0131n yaln\u0131zca y\u00f6neticisi de\u011fil, ayn\u0131 zamanda i\u015f arkada\u015flar\u0131, alt-\u00fcst kademeler ve di\u011fer payda\u015flardan da geri bildirim almas\u0131n\u0131 sa\u011flar. Bu, \u00e7ok y\u00f6nl\u00fc ve kapsaml\u0131 bir de\u011ferlendirme sunar.<\/span><\/p>\n<p><span style=\"color: #4a4a4a;\"><div class=\"push\" style='height:10px'><\/div><\/span><\/p>\n<h3><span style=\"color: #4a4a4a;\" data-teams=\"true\"><strong>5-Yetkinlik De\u011ferlendirmesi (Competency Assessment)<\/strong><\/span><\/h3>\n<p><span style=\"color: #4a4a4a;\" data-teams=\"true\">\u00c7al\u0131\u015fanlar\u0131n belirlenen yetkinliklere ne kadar uygun oldu\u011funu analiz eder. Bu, kariyer geli\u015fim planlar\u0131 ve terfi s\u00fcre\u00e7lerinde kullan\u0131l\u0131r.<\/span><\/p>\n<p><span style=\"color: #4a4a4a;\"><div class=\"push\" style='height:10px'><\/div><\/span><\/p>\n<h3><span style=\"color: #4a4a4a;\" data-teams=\"true\"><strong>6-Geli\u015fim Planlar\u0131 ve Hedefler (Development Plans &amp; Goals)<\/strong><\/span><\/h3>\n<p><span style=\"color: #4a4a4a;\" data-teams=\"true\">\u00c7al\u0131\u015fanlar\u0131n geli\u015fim alanlar\u0131na y\u00f6nelik hedefler belirlenebilir ve geli\u015fim planlar\u0131 olu\u015fturulabilir. Bu, \u00e7al\u0131\u015fanlar\u0131n kariyer geli\u015fimini destekler.<\/span><\/p>\n<p><span style=\"color: #4a4a4a;\"><div class=\"push\" style='height:10px'><\/div><\/span><\/p>\n<h3><span style=\"color: #4a4a4a;\" data-teams=\"true\"><strong>7-Kalibrasyon (Calibration)<\/strong><\/span><\/h3>\n<p><span style=\"color: #4a4a4a;\" data-teams=\"true\">Farkl\u0131 departman ve y\u00f6neticilerin de\u011ferlendirmelerini kalibre ederek objektif bir performans \u00f6l\u00e7\u00fcm\u00fc sa\u011flar. Bu s\u00fcre\u00e7, y\u00f6neticilerin de\u011ferlendirmelerindeki farkl\u0131l\u0131klar\u0131 gidermeye yard\u0131mc\u0131 olur.<\/span><\/p>\n<p><span style=\"color: #4a4a4a;\"><div class=\"push\" style='height:10px'><\/div><\/span><\/p>\n<h3><span style=\"color: #4a4a4a;\" data-teams=\"true\"><strong>8-Raporlama ve Analitik<\/strong><\/span><\/h3>\n<p><span style=\"color: #4a4a4a;\" data-teams=\"true\">Performans verilerinin analiziyle y\u00f6neticiler, \u00e7al\u0131\u015fanlar\u0131n performans e\u011filimlerini, hedeflere ula\u015fma durumlar\u0131n\u0131 ve geli\u015fim alanlar\u0131n\u0131 g\u00f6rebilir. Bu raporlar stratejik kararlar i\u00e7in \u00f6nemlidir.<\/span><\/p>\n<p><span style=\"color: #4a4a4a;\"><div class=\"push\" style='height:10px'><\/div><\/span><\/p>\n<h3><span style=\"color: #4a4a4a;\" data-teams=\"true\"><strong>\u00a0 Kazan\u0131mlar<\/strong><\/span><\/h3>\n<ul>\n<li><strong>\u015eeffaf ve Adil Performans De\u011ferlendirmesi<\/strong><\/li>\n<\/ul>\n<p><span style=\"color: #4a4a4a;\" data-teams=\"true\">Standartla\u015fm\u0131\u015f bir s\u00fcre\u00e7 sayesinde t\u00fcm \u00e7al\u0131\u015fanlar ayn\u0131 kriterlerle de\u011ferlendirilir, b\u00f6ylece \u015feffaf ve adil bir performans y\u00f6netimi sa\u011flan\u0131r.<\/span><\/p>\n<p><span style=\"color: #4a4a4a;\"><div class=\"push\" style='height:10px'><\/div><\/span><\/p>\n<ul>\n<li><strong>Performans Art\u0131\u015f\u0131<\/strong><\/li>\n<\/ul>\n<p><span style=\"color: #4a4a4a;\" data-teams=\"true\">Hedefler ve s\u00fcrekli geri bildirim sayesinde \u00e7al\u0131\u015fanlar\u0131n performanslar\u0131 takip edilir ve desteklenir, bu da i\u015f g\u00fcc\u00fc verimlili\u011fini art\u0131r\u0131r.<\/span><\/p>\n<p><span style=\"color: #4a4a4a;\"><div class=\"push\" style='height:10px'><\/div><\/span><\/p>\n<ul>\n<li><strong>Geli\u015fim Odakl\u0131 K\u00fclt\u00fcr<\/strong><\/li>\n<\/ul>\n<p><span style=\"color: #4a4a4a;\" data-teams=\"true\">\u00c7al\u0131\u015fanlar\u0131n g\u00fc\u00e7l\u00fc ve geli\u015fim gerektiren y\u00f6nlerini g\u00f6rmelerine olanak tan\u0131r, b\u00f6ylece geli\u015fim odakl\u0131 bir i\u015f k\u00fclt\u00fcr\u00fc olu\u015fturulur.<\/span><\/p>\n<p><span style=\"color: #4a4a4a;\"><div class=\"push\" style='height:10px'><\/div><\/span><\/p>\n<ul>\n<li><strong>\u00c7al\u0131\u015fan Ba\u011fl\u0131l\u0131\u011f\u0131n\u0131n Artmas\u0131<\/strong><\/li>\n<\/ul>\n<p><span style=\"color: #4a4a4a;\" data-teams=\"true\">S\u00fcrekli geri bildirim ve geli\u015fim planlar\u0131 ile \u00e7al\u0131\u015fanlar kendilerini de\u011ferli hisseder ve kuruma ba\u011fl\u0131l\u0131klar\u0131 artar.<\/span><\/p>\n<p><span style=\"color: #4a4a4a;\"><div class=\"push\" style='height:10px'><\/div><\/span><\/p>\n<ul>\n<li><strong>Yetenek Y\u00f6netimi<\/strong><\/li>\n<\/ul>\n<p><span style=\"color: #4a4a4a;\" data-teams=\"true\">Yetkinlik de\u011ferlendirmeleri ve geli\u015fim planlar\u0131 sayesinde \u015firket i\u00e7inde potansiyel yetenekler belirlenebilir ve kariyer yollar\u0131 planlanabilir.<\/span><\/p>\n<p><span style=\"color: #4a4a4a;\"><div class=\"push\" style='height:10px'><\/div><\/span><\/p>\n<ul>\n<li><strong>Veriye Dayal\u0131 Karar Alma<\/strong><\/li>\n<\/ul>\n<p><span style=\"color: #4a4a4a;\" data-teams=\"true\">Performans verileri sayesinde y\u00f6neticiler daha sa\u011fl\u0131kl\u0131 terfi, \u00f6d\u00fcllendirme ve geli\u015fim planlamas\u0131 kararlar\u0131 alabilir.<\/span><\/p>\n<p><span style=\"color: #4a4a4a;\"><div class=\"push\" style='height:10px'><\/div><\/span><\/div><\/div><\/div><\/div>\n<div class=\"row \"><div class=\"wpv-grid grid-1-1  wpv-first-level first unextended animation-from-bottom animated-active\" style=\"padding-top:15px;padding-bottom:15px\" id=\"wpv-column-6ba826813973f7af3642144a5bd97bd9\" >\t\t<div class=\"sep-text single centered\">\n\t\t\t\t\t\t\t<span class=\"sep-text-before\"><div class=\"sep-text-line\"><\/div><\/span>\n\t\t\t\t\t\t<div class=\"content\">\n\t\t\t\t<h2 class=\"text-divider-double\">Detayl\u0131 Bilgi \u0130\u00e7in Bize Ula\u015f\u0131n!<\/h2>\t\t\t<\/div>\n\t\t\t<span class=\"sep-text-after\"><div class=\"sep-text-line\"><\/div><\/span>\n\t\t\t\t\t<\/div>\n\t<div class=\"push\" style='height:10px'><\/div>\n<div class=\"row \"><div class=\"wpv-grid grid-1-1  first unextended\" style=\"padding-top:0px;padding-bottom:0px\" id=\"wpv-column-ad12a84f8d37153cc8878db441619868\" ><p>\n<div class=\"wpcf7 no-js\" id=\"wpcf7-f9476-o1\" lang=\"en-US\" dir=\"ltr\" data-wpcf7-id=\"9476\">\n<div class=\"screen-reader-response\"><p role=\"status\" aria-live=\"polite\" aria-atomic=\"true\"><\/p> <ul><\/ul><\/div>\n<form action=\"\/en\/wp-json\/wp\/v2\/pages\/9484#wpcf7-f9476-o1\" method=\"post\" class=\"wpcf7-form init\" aria-label=\"Contact form\" novalidate=\"novalidate\" data-status=\"init\">\n<fieldset class=\"hidden-fields-container\"><input type=\"hidden\" name=\"_wpcf7\" value=\"9476\" \/><input type=\"hidden\" name=\"_wpcf7_version\" value=\"6.1.5\" \/><input type=\"hidden\" name=\"_wpcf7_locale\" value=\"en_US\" \/><input type=\"hidden\" name=\"_wpcf7_unit_tag\" value=\"wpcf7-f9476-o1\" \/><input type=\"hidden\" name=\"_wpcf7_container_post\" value=\"0\" \/><input type=\"hidden\" name=\"_wpcf7_posted_data_hash\" value=\"\" \/>\n<\/fieldset>\n<div class=\"row\">\n\t<div class=\"grid-1-3\">\n\t\t<p><span class=\"wpcf7-form-control-wrap\" data-name=\"Name\"><input size=\"40\" maxlength=\"400\" class=\"wpcf7-form-control wpcf7-text wpcf7-validates-as-required\" aria-required=\"true\" aria-invalid=\"false\" placeholder=\"Name\" value=\"\" type=\"text\" name=\"Name\" \/><\/span>\n\t\t<\/p>\n\t<\/div>\n\t<div class=\"grid-1-3\">\n\t\t<p><span class=\"wpcf7-form-control-wrap\" data-name=\"E-mail\"><input size=\"40\" maxlength=\"400\" class=\"wpcf7-form-control wpcf7-text wpcf7-validates-as-required\" aria-required=\"true\" aria-invalid=\"false\" placeholder=\"E-mail\" value=\"\" type=\"text\" name=\"E-mail\" \/><\/span>\n\t\t<\/p>\n\t<\/div>\n\t<div class=\"grid-1-3\">\n\t\t<p><span class=\"wpcf7-form-control-wrap\" data-name=\"Phone\"><input size=\"40\" maxlength=\"400\" class=\"wpcf7-form-control wpcf7-text\" aria-invalid=\"false\" placeholder=\"Phone\" value=\"\" type=\"text\" name=\"Phone\" \/><\/span>\n\t\t<\/p>\n\t<\/div>\n\t<div class=\"grid-1-1\">\n\t\t<p><span class=\"wpcf7-form-control-wrap\" data-name=\"Message\"><textarea cols=\"40\" rows=\"7\" maxlength=\"2000\" class=\"wpcf7-form-control wpcf7-textarea wpcf7-validates-as-required\" aria-required=\"true\" aria-invalid=\"false\" placeholder=\"Your message...\" name=\"Message\"><\/textarea><\/span>\n\t\t<\/p>\n\t<\/div>\n\t<div class=\"grid-1-1\">\n\t\t<p><input class=\"wpcf7-form-control wpcf7-submit has-spinner\" type=\"submit\" value=\"Send \u2192\" \/>\n\t\t<\/p>\n\t<\/div>\n<\/div><p style=\"display: none !important;\" class=\"akismet-fields-container\" data-prefix=\"_wpcf7_ak_\"><label>&#916;<textarea name=\"_wpcf7_ak_hp_textarea\" cols=\"45\" rows=\"8\" maxlength=\"100\"><\/textarea><\/label><input type=\"hidden\" id=\"ak_js_1\" name=\"_wpcf7_ak_js\" value=\"215\"\/><script>document.getElementById( \"ak_js_1\" ).setAttribute( \"value\", ( new Date() ).getTime() );<\/script><\/p><div class=\"wpcf7-response-output\" aria-hidden=\"true\"><\/div>\n<\/form>\n<\/div>\n<\/div><\/div><\/div><\/div>\n<div class=\"row \"><div class=\"wpv-grid grid-1-1  wpv-first-level first unextended animation-from-bottom animated-active\" style=\"padding-top:15px;padding-bottom:60px\" id=\"wpv-column-7b8564cf9da396d682a875f6a500241e\" >\t\t<div class=\"sep-text single centered\">\n\t\t\t\t\t\t\t<span class=\"sep-text-before\"><div class=\"sep-text-line\"><\/div><\/span>\n\t\t\t\t\t\t<div class=\"content\">\n\t\t\t\t<h2 class=\"text-divider-double\">APPOINTMENT<\/h2>\t\t\t<\/div>\n\t\t\t<span class=\"sep-text-after\"><div class=\"sep-text-line\"><\/div><\/span>\n\t\t\t\t\t<\/div>\n\t<div class=\"push\" style='height:10px'><\/div>\n<div class=\"row \"><div class=\"wpv-grid grid-1-1  first unextended\" style=\"padding-top:0px;padding-bottom:0px\" id=\"wpv-column-0aad1b32639ae403d26f25a2ed0dfa27\" ><p><div class=\"booked-calendar-shortcode-wrap\"><div class=\"booked-calendar-wrap large\"><div class=\"booked-calendar\" data-calendar-date=\"2026-04-01\">\n\t\t<div class=\"bc-head\">\n\n\t\t\t\n\t\t\t<div class=\"bc-row top\">\n\t\t\t\t<div class=\"bc-col\">\n\t\t\t\t\t\t\t\t\t\t<span class=\"calendarSavingState\">\n\t\t\t\t\t\t<i class=\"fa-solid fa-circle-notch fa-spin\"><\/i>\n\t\t\t\t\t<\/span>\n\t\t\t\t\t<span class=\"monthName\">\n\t\t\t\t\t\tApril 2026\t\t\t\t\t\t\t\t\t\t\t<\/span>\n\t\t\t\t\t<a href=\"#\" data-goto=\"2026-05-01\" class=\"page-right\"><i class=\"fa-solid fa-arrow-right\"><\/i><\/a>\t\t\t\t<\/div>\n\t\t\t<\/div>\n\t\t\t<div class=\"bc-row days\">\n\t\t\t\t\t\t\t\t<div class=\"bc-col\">Mon<\/div>\n\t\t\t\t<div class=\"bc-col\">Tue<\/div>\n\t\t\t\t<div class=\"bc-col\">Wed<\/div>\n\t\t\t\t<div class=\"bc-col\">Thu<\/div>\n\t\t\t\t<div class=\"bc-col\">Fri<\/div>\n\t\t\t\t<div class=\"bc-col\">Sat<\/div>\t\t\t\t<div class=\"bc-col\">Sun<\/div>\t\t\t<\/div>\n\t\t<\/div>\n\t\t<div class=\"bc-body\"><div class=\"bc-row week\"><div data-date=\"2026-03-30\" class=\"bc-col prev-month prev-date\"><span class=\"date\"><span class=\"number\">30<\/span><\/span><\/div><div data-date=\"2026-03-31\" class=\"bc-col prev-month prev-date\"><span class=\"date\"><span class=\"number\">31<\/span><\/span><\/div><div data-date=\"2026-04-1\" class=\"bc-col prev-date\"><span class=\"date\"><span class=\"number\">1<\/span><\/span><\/div><div data-date=\"2026-04-2\" class=\"bc-col prev-date\"><span class=\"date\"><span class=\"number\">2<\/span><\/span><\/div><div data-date=\"2026-04-3\" class=\"bc-col prev-date\"><span class=\"date\"><span class=\"number\">3<\/span><\/span><\/div><div data-date=\"2026-04-4\" class=\"bc-col prev-date\"><span class=\"date\"><span class=\"number\">4<\/span><\/span><\/div><div data-date=\"2026-04-5\" class=\"bc-col prev-date\"><span class=\"date\"><span class=\"number\">5<\/span><\/span><\/div><\/div><div class=\"bc-row week\"><div data-date=\"2026-04-6\" class=\"bc-col prev-date\"><span class=\"date\"><span class=\"number\">6<\/span><\/span><\/div><div data-date=\"2026-04-7\" class=\"bc-col prev-date\"><span class=\"date\"><span class=\"number\">7<\/span><\/span><\/div><div data-date=\"2026-04-8\" class=\"bc-col prev-date\"><span class=\"date\"><span class=\"number\">8<\/span><\/span><\/div><div data-date=\"2026-04-9\" class=\"bc-col prev-date\"><span class=\"date\"><span class=\"number\">9<\/span><\/span><\/div><div data-date=\"2026-04-10\" class=\"bc-col prev-date\"><span class=\"date\"><span class=\"number\">10<\/span><\/span><\/div><div data-date=\"2026-04-11\" class=\"bc-col prev-date\"><span class=\"date\"><span class=\"number\">11<\/span><\/span><\/div><div data-date=\"2026-04-12\" class=\"bc-col prev-date\"><span class=\"date\"><span class=\"number\">12<\/span><\/span><\/div><\/div><div class=\"bc-row week\"><div data-date=\"2026-04-13\" class=\"bc-col prev-date\"><span class=\"date\"><span class=\"number\">13<\/span><\/span><\/div><div data-date=\"2026-04-14\" class=\"bc-col prev-date\"><span class=\"date\"><span class=\"number\">14<\/span><\/span><\/div><div data-date=\"2026-04-15\" class=\"bc-col prev-date\"><span class=\"date\"><span class=\"number\">15<\/span><\/span><\/div><div data-date=\"2026-04-16\" class=\"bc-col prev-date\"><span class=\"date\"><span class=\"number\">16<\/span><\/span><\/div><div data-date=\"2026-04-17\" class=\"bc-col prev-date\"><span class=\"date\"><span class=\"number\">17<\/span><\/span><\/div><div data-date=\"2026-04-18\" class=\"bc-col today prev-date\"><span class=\"date\"><span class=\"number\">18<\/span><\/span><\/div><div data-date=\"2026-04-19\" class=\"bc-col prev-date\"><span class=\"date\"><span class=\"number\">19<\/span><\/span><\/div><\/div><div class=\"bc-row week\"><div data-date=\"2026-04-20\" class=\"bc-col \"><span class=\"date tooltipster\" title=\"8 Available\"><span class=\"number\">20<\/span><\/span><\/div><div data-date=\"2026-04-21\" class=\"bc-col \"><span class=\"date tooltipster\" title=\"20 Available\"><span class=\"number\">21<\/span><\/span><\/div><div data-date=\"2026-04-22\" class=\"bc-col \"><span class=\"date tooltipster\" title=\"3 Available\"><span class=\"number\">22<\/span><\/span><\/div><div data-date=\"2026-04-23\" class=\"bc-col \"><span class=\"date tooltipster\" title=\"6 Available\"><span class=\"number\">23<\/span><\/span><\/div><div data-date=\"2026-04-24\" class=\"bc-col prev-date\"><span class=\"date\"><span class=\"number\">24<\/span><\/span><\/div><div data-date=\"2026-04-25\" class=\"bc-col prev-date\"><span class=\"date\"><span class=\"number\">25<\/span><\/span><\/div><div data-date=\"2026-04-26\" class=\"bc-col prev-date\"><span class=\"date\"><span class=\"number\">26<\/span><\/span><\/div><\/div><div class=\"bc-row week\"><div data-date=\"2026-04-27\" class=\"bc-col \"><span class=\"date tooltipster\" title=\"8 Available\"><span class=\"number\">27<\/span><\/span><\/div><div data-date=\"2026-04-28\" class=\"bc-col \"><span class=\"date tooltipster\" title=\"20 Available\"><span class=\"number\">28<\/span><\/span><\/div><div data-date=\"2026-04-29\" class=\"bc-col \"><span class=\"date tooltipster\" title=\"3 Available\"><span class=\"number\">29<\/span><\/span><\/div><div data-date=\"2026-04-30\" class=\"bc-col \"><span class=\"date tooltipster\" title=\"6 Available\"><span class=\"number\">30<\/span><\/span><\/div><div data-date=\"2026-05-1\" class=\"bc-col next-month prev-date\"><span class=\"date\"><span class=\"number\">1<\/span><\/span><\/div><div data-date=\"2026-05-2\" class=\"bc-col next-month prev-date\"><span class=\"date\"><span class=\"number\">2<\/span><\/span><\/div><div data-date=\"2026-05-3\" class=\"bc-col next-month prev-date\"><span class=\"date\"><span class=\"number\">3<\/span><\/span><\/div><\/div>\t\t<\/div>\n\t<\/div><\/div><\/div><\/div><\/div>\n[\/column_1]<\/div><\/div>\n","protected":false},"excerpt":{"rendered":"<p>SAP SuccessFactors Performans ve Hedef Y\u00f6netimi (Performance and Goals Management) \u00c7al\u0131\u015fanlar\u0131n performans\u0131n\u0131 de\u011ferlendirmek, geli\u015ftirmek ve hedeflere ula\u015fmalar\u0131n\u0131 sa\u011flamak i\u00e7in kapsaml\u0131 bir platform sunar. Performans y\u00f6netimi s\u00fcrecini standartla\u015ft\u0131rarak \u015feffafl\u0131k sa\u011flar, \u00e7al\u0131\u015fanlar\u0131n katk\u0131lar\u0131n\u0131 objektif \u00f6l\u00e7\u00fctlerle de\u011ferlendirir ve s\u00fcrekli geri bildirim k\u00fclt\u00fcr\u00fcn\u00fc te\u015fvik eder. Bu mod\u00fcl, \u00e7al\u0131\u015fanlar\u0131n kariyer geli\u015fimlerine katk\u0131da bulunmak ve organizasyonel hedeflere uygun performans\u0131 sa\u011flamak i\u00e7in&#8230;<\/p>","protected":false},"author":1,"featured_media":0,"parent":7774,"menu_order":0,"comment_status":"closed","ping_status":"closed","template":"","meta":{"footnotes":""},"class_list":["post-9484","page","type-page","status-publish","hentry"],"aioseo_notices":[],"_links":{"self":[{"href":"https:\/\/www.vesacons.com\/en\/wp-json\/wp\/v2\/pages\/9484","targetHints":{"allow":["GET"]}}],"collection":[{"href":"https:\/\/www.vesacons.com\/en\/wp-json\/wp\/v2\/pages"}],"about":[{"href":"https:\/\/www.vesacons.com\/en\/wp-json\/wp\/v2\/types\/page"}],"author":[{"embeddable":true,"href":"https:\/\/www.vesacons.com\/en\/wp-json\/wp\/v2\/users\/1"}],"replies":[{"embeddable":true,"href":"https:\/\/www.vesacons.com\/en\/wp-json\/wp\/v2\/comments?post=9484"}],"version-history":[{"count":13,"href":"https:\/\/www.vesacons.com\/en\/wp-json\/wp\/v2\/pages\/9484\/revisions"}],"predecessor-version":[{"id":988971,"href":"https:\/\/www.vesacons.com\/en\/wp-json\/wp\/v2\/pages\/9484\/revisions\/988971"}],"up":[{"embeddable":true,"href":"https:\/\/www.vesacons.com\/en\/wp-json\/wp\/v2\/pages\/7774"}],"wp:attachment":[{"href":"https:\/\/www.vesacons.com\/en\/wp-json\/wp\/v2\/media?parent=9484"}],"curies":[{"name":"wp","href":"https:\/\/api.w.org\/{rel}","templated":true}]}}