{"id":9488,"date":"2014-09-28T01:15:30","date_gmt":"2014-09-28T01:15:30","guid":{"rendered":"http:\/\/lawyers-attorneys.vamtam.com\/?page_id=9488"},"modified":"2025-01-04T07:02:55","modified_gmt":"2025-01-04T07:02:55","slug":"ise-baslatma","status":"publish","type":"page","link":"https:\/\/www.vesacons.com\/en\/moduls\/ise-baslatma\/","title":{"rendered":"Onboarding"},"content":{"rendered":"<div class=\"row \"><div class=\"wpv-grid grid-1-6  wpv-first-level first unextended\" style=\"padding-top:0px;padding-bottom:0px\" id=\"wpv-column-866ddde5bee1e3a8189b9e6fb1aebe04\" ><\/div>\n<div class=\"wpv-grid grid-5-6  wpv-first-level has-background unextended\" style=\"\n\t\t\t\tbackground: url( 'http:\/\/www.sercanmidik.com.tr\/wp-content\/uploads\/2024\/12\/onboardn-1.jpg' ) no-repeat left center;\n\t\t\t\tbackground-size: auto;\n\t\t\tpadding-top:400px;padding-bottom:0px\" id=\"wpv-column-2e09709a1b6a6a54d2a13f68dfa9bad8\" ><\/div><\/div>\n<div class=\"push\" style='height:50px'><\/div>\n<div class=\"row \"><div class=\"wpv-grid grid-1-6  wpv-first-level first unextended\" style=\"padding-top:0px;padding-bottom:0px\" id=\"wpv-column-4f5a89ac1e13152e7b8bc557a59b24a2\" ><div class=\"sep-3\"><\/div><\/div>\n<div class=\"wpv-grid grid-5-6  wpv-first-level unextended\" style=\"padding-top:0px;padding-bottom:0px\" id=\"wpv-column-1dafb68c1c3b6c81dd94e0d59ad09999\" ><div class=\"row \"><div class=\"wpv-grid grid-1-1  first unextended\" style=\"padding-top:0px;padding-bottom:0px\" id=\"wpv-column-ce5763916ab9054032edbb480ce4e1bb\" ><blockquote><p><span style=\"color: #4a4a4a;\"><strong>SAP SuccessFactors Oryantasyon (Onboarding)<\/strong><\/span><\/p><\/blockquote>\n<p><span style=\"color: #4a4a4a;\"><div class=\"push\" style='height:20px'><\/div><\/span><\/p>\n<p><span style=\"color: #4a4a4a;\" data-teams=\"true\">Yeni \u00e7al\u0131\u015fanlar\u0131n i\u015fe ba\u015flama s\u00fcrecini d\u00fczenlemek ve h\u0131zland\u0131rmak i\u00e7in tasarlanm\u0131\u015f bir mod\u00fcld\u00fcr. Oryantasyon s\u00fcrecini daha verimli hale getirerek yeni \u00e7al\u0131\u015fanlar\u0131n kuruma adaptasyonunu kolayla\u015ft\u0131r\u0131r ve ilk g\u00fcnlerinden itibaren daha etkin olmalar\u0131n\u0131 sa\u011flar. Bu mod\u00fcl, i\u015fe al\u0131m s\u00fcrecinden onboarding a\u015famas\u0131na kadar sorunsuz bir ge\u00e7i\u015f sunarak, yeni i\u015fe ba\u015flayanlar\u0131n i\u015fe h\u0131zl\u0131ca entegre olmas\u0131na yard\u0131mc\u0131 olur.<\/span><\/p>\n<p><span style=\"color: #4a4a4a;\"><div class=\"push\" style='height:20px'><\/div><\/span><\/div><\/div><\/div><\/div>\n<div class=\"row \"><div class=\"wpv-grid grid-1-6 add-border wpv-first-level first unextended\" style=\"padding-top:0px;padding-bottom:0px\" id=\"wpv-column-8d70d7c1232142236f61282cb220c607\" ><div class=\"row \"><div class=\"wpv-grid grid-1-1  first unextended\" style=\"padding-top:0px;padding-bottom:0px\" id=\"wpv-column-e541fc3fb704da7527be96e6ea7b7849\" >\n<div  data-href=\"https:\/\/www.sercanmidik.com.tr\/moduls\/calisan-merkezi\/\" tabindex=\"1\" data-target=\"_self\" class=\"linkarea clearfix accent1  background-transparent\">\n\t\t\t\t<div class=\"last\">\u00c7al\u0131\u015fan Merkezi<\/div>\n\t<\/div><\/div><\/div>\n<div class=\"row \"><div class=\"wpv-grid grid-1-1  first unextended\" style=\"padding-top:0px;padding-bottom:0px\" id=\"wpv-column-c864c2e016b6f06b0b333b27f56b3220\" >\n<div  data-href=\"https:\/\/www.sercanmidik.com.tr\/moduls\/calisan-merkezi-bordro\/\" tabindex=\"1\" data-target=\"_self\" class=\"linkarea clearfix accent1  background-transparent\">\n\t\t\t\t<div class=\"last\">\u00c7al\u0131\u015fan Merkezi Bordro<\/div>\n\t<\/div><\/div><\/div>\n<div class=\"row \"><div class=\"wpv-grid grid-1-1  first unextended\" style=\"padding-top:0px;padding-bottom:0px\" id=\"wpv-column-4c0b7ef8bf9aa13a86a6bbd407d3a93c\" >\n<div  data-href=\"https:\/\/www.sercanmidik.com.tr\/moduls\/ise-alim\/\" tabindex=\"1\" data-target=\"_self\" class=\"linkarea clearfix accent1  background-transparent\">\n\t\t\t\t<div class=\"last\">\u0130\u015fe Al\u0131m<\/div>\n\t<\/div><\/div><\/div>\n<div class=\"row \"><div class=\"wpv-grid grid-1-1  first unextended\" style=\"padding-top:0px;padding-bottom:0px\" id=\"wpv-column-ab92832880cc9c2312e395f2d7a7d7dd\" >\n<div  data-href=\"https:\/\/www.sercanmidik.com.tr\/moduls\/performans-yonetim-modulu\/\" tabindex=\"1\" data-target=\"_self\" class=\"linkarea clearfix accent1  background-transparent\">\n\t\t\t\t<div class=\"last\">Performans ve Hedef Y\u00f6netimi<\/div>\n\t<\/div><\/div><\/div>\n<div class=\"row \"><div class=\"wpv-grid grid-1-1  first unextended\" style=\"padding-top:0px;padding-bottom:0px\" id=\"wpv-column-2c3788061e47a7ca27545ee27d46ad69\" >\n<div  data-href=\"https:\/\/www.sercanmidik.com.tr\/moduls\/ucret-yonetimi\/\" tabindex=\"1\" data-target=\"_self\" class=\"linkarea clearfix accent1  background-transparent\">\n\t\t\t\t<div class=\"last\">\u00dccret Y\u00f6netimi<\/div>\n\t<\/div><\/div><\/div>\n<div class=\"row \"><div class=\"wpv-grid grid-1-1  first unextended\" style=\"padding-top:0px;padding-bottom:0px\" id=\"wpv-column-80ddfc9aef0a2c481b254633ea6eebf9\" >\n<div  data-href=\"https:\/\/www.sercanmidik.com.tr\/moduls\/ogrenme\/\" tabindex=\"1\" data-target=\"_self\" class=\"linkarea clearfix accent1  background-transparent\">\n\t\t\t\t<div class=\"last\">\u00d6\u011frenme<\/div>\n\t<\/div><\/div><\/div>\n<div class=\"row \"><div class=\"wpv-grid grid-1-1  first unextended\" style=\"padding-top:0px;padding-bottom:0px\" id=\"wpv-column-40acd45642475f53dda30d38209c588c\" >\n<div  data-href=\"https:\/\/www.sercanmidik.com.tr\/moduls\/kariyer-yedekleme-gelisim\/\" tabindex=\"1\" data-target=\"_self\" class=\"linkarea clearfix accent1  background-transparent\">\n\t\t\t\t<div class=\"last\">Kariyer Yedekleme ve Geli\u015fim<\/div>\n\t<\/div><\/div><\/div>\n<div class=\"row \"><div class=\"wpv-grid grid-1-1  first unextended\" style=\"padding-top:0px;padding-bottom:0px\" id=\"wpv-column-7c7a05619824439e1307af4f4afd7d38\" >\n<div  data-href=\"https:\/\/www.sercanmidik.com.tr\/moduls\/time-tracking-modulu\/\" tabindex=\"1\" data-target=\"_self\" class=\"linkarea clearfix accent1  background-transparent\">\n\t\t\t\t<div class=\"last\">Zaman Y\u00f6netimi<\/div>\n\t<\/div><\/div><\/div>\n<div class=\"row \"><div class=\"wpv-grid grid-1-1  first unextended\" style=\"padding-top:0px;padding-bottom:0px\" id=\"wpv-column-b16563f04db69677aaaa2fea4e7378eb\" >\n<div  data-href=\"https:\/\/www.sercanmidik.com.tr\/moduls\/workzone\/\" tabindex=\"1\" data-target=\"_self\" class=\"linkarea clearfix accent1  background-transparent\">\n\t\t\t\t<div class=\"last\">Workzone<\/div>\n\t<\/div><\/div><\/div><\/div>\n<div class=\"wpv-grid grid-5-6  wpv-first-level unextended\" style=\"padding-top:0px;padding-bottom:0px\" id=\"wpv-column-4cef9ce1b667b9ae5a8340bdfd1d8a74\" ><div class=\"row \"><div class=\"wpv-grid grid-1-1  first unextended\" style=\"padding-top:0px;padding-bottom:0px\" id=\"wpv-column-324209cbb1c2b2ad7c1d2ed9a0796cc1\" ><h3><span style=\"color: #4a4a4a;\" data-teams=\"true\"><strong>1-Oryantasyon Programlar\u0131n\u0131n Y\u00f6netimi<\/strong><\/span><\/h3>\n<p><span style=\"color: #4a4a4a;\" data-teams=\"true\">\u0130\u015fe yeni ba\u015flayanlar i\u00e7in oryantasyon programlar\u0131n\u0131 planlar ve d\u00fczenler. \u015eirket k\u00fclt\u00fcr\u00fc, i\u015f s\u00fcre\u00e7leri, politikalar ve prosed\u00fcrler gibi konular\u0131n tan\u0131t\u0131lmas\u0131 i\u00e7in \u00f6zelle\u015ftirilebilir i\u00e7erikler sunar.<\/span><br \/>\n<span style=\"color: #4a4a4a;\"><div class=\"push\" style='height:10px'><\/div><\/span><\/p>\n<h3><span style=\"color: #4a4a4a;\">2-<strong>G\u00f6rev ve Sorumluluk Atamalar\u0131<\/strong><\/span><\/h3>\n<p><span style=\"color: #4a4a4a;\" data-teams=\"true\">Yeni \u00e7al\u0131\u015fanlara yap\u0131lacak i\u015fleri ve ilk g\u00fcn g\u00f6revlerini otomatik olarak atar. Bu sayede yeni \u00e7al\u0131\u015fanlar ilk g\u00fcnlerinden itibaren hangi g\u00f6revleri yapmalar\u0131 gerekti\u011fini bilirler.<\/span><\/p>\n<p><span style=\"color: #4a4a4a;\"><div class=\"push\" style='height:10px'><\/div><\/span><\/p>\n<h3><span style=\"color: #4a4a4a;\">3-<strong>Belge ve Form Y\u00f6netimi<\/strong><\/span><\/h3>\n<p><span style=\"color: #4a4a4a;\" data-teams=\"true\">Yeni \u00e7al\u0131\u015fanlar\u0131n i\u015fe ba\u015flarken imzalamas\u0131 gereken belgeleri ve doldurulmas\u0131 gereken formlar\u0131 dijital ortamda toplar. Bu, hem ka\u011f\u0131t kullan\u0131m\u0131n\u0131 azalt\u0131r hem de belgelerin takibini kolayla\u015ft\u0131r\u0131r.<\/span><\/p>\n<p><span style=\"color: #4a4a4a;\"><div class=\"push\" style='height:10px'><\/div><\/span><\/p>\n<h3><span style=\"color: #4a4a4a;\">4-<strong>E\u011fitim Y\u00f6netimi ve Uyumluluk<\/strong><\/span><\/h3>\n<p><span style=\"color: #4a4a4a;\" data-teams=\"true\">Yeni \u00e7al\u0131\u015fanlara zorunlu e\u011fitimler atanabilir ve bu e\u011fitimlerin tamamlan\u0131p tamamlanmad\u0131\u011f\u0131 takip edilebilir. Uyumluluk (compliance) e\u011fitimleri ile yasal gereklilikler de sa\u011flanm\u0131\u015f olur.<\/span><\/p>\n<p><span style=\"color: #4a4a4a;\"><div class=\"push\" style='height:10px'><\/div><\/span><\/p>\n<h3><span style=\"color: #4a4a4a;\">5-<strong>Y\u00f6neticilere ve Ekip Arkada\u015flar\u0131na Bildirim<\/strong><\/span><\/h3>\n<p><span style=\"color: #4a4a4a;\" data-teams=\"true\">Yeni \u00e7al\u0131\u015fan\u0131n ekibe kat\u0131ld\u0131\u011f\u0131n\u0131 y\u00f6neticilere ve tak\u0131m arkada\u015flar\u0131na bildirir, b\u00f6ylece i\u015fe ba\u015flama s\u00fcreci ekip i\u00e7inde daha organize ger\u00e7ekle\u015fir.<\/span><\/p>\n<p><span style=\"color: #4a4a4a;\"><div class=\"push\" style='height:10px'><\/div><\/span><\/p>\n<h3><span style=\"color: #4a4a4a;\">6-<strong>Mentorluk ve Destek Sa\u011flama<\/strong><\/span><\/h3>\n<p><span style=\"color: #4a4a4a;\" data-teams=\"true\">Yeni \u00e7al\u0131\u015fanlara, s\u00fcre\u00e7 boyunca destek sa\u011flayacak mentor veya ko\u00e7 atayarak daha h\u0131zl\u0131 adapte olmalar\u0131na yard\u0131mc\u0131 olur.<\/span><\/p>\n<p><span style=\"color: #4a4a4a;\"><div class=\"push\" style='height:10px'><\/div><\/span><\/p>\n<h3><span style=\"color: #4a4a4a;\">7-<strong>Oryantasyon Anketleri ve Geri Bildirim<\/strong><\/span><\/h3>\n<p><span style=\"color: #4a4a4a;\" data-teams=\"true\">Yeni \u00e7al\u0131\u015fan\u0131n ilk haftalar\u0131na dair geri bildirim toplamak i\u00e7in anketler d\u00fczenler, b\u00f6ylece oryantasyon s\u00fcrecinin etkinli\u011fi \u00f6l\u00e7\u00fcl\u00fcr ve iyile\u015ftirilebilir.<\/span><\/p>\n<p><span style=\"color: #4a4a4a;\"><div class=\"push\" style='height:10px'><\/div><\/span><\/p>\n<h3><span style=\"color: #4a4a4a;\">8-<strong>Mobil Uyum<\/strong><\/span><\/h3>\n<p><span style=\"color: #4a4a4a;\" data-teams=\"true\">Oryantasyon s\u00fcre\u00e7leri mobil cihazlar \u00fczerinden de takip edilebilir, b\u00f6ylece \u00e7al\u0131\u015fanlar s\u00fcreci istedikleri yerden y\u00fcr\u00fctebilir.<\/span><\/p>\n<p><span style=\"color: #4a4a4a;\"><div class=\"push\" style='height:10px'><\/div><\/span><\/p>\n<h3><span style=\"color: #4a4a4a;\" data-teams=\"true\"><strong>Kazan\u0131mlar<\/strong><\/span><\/h3>\n<ul>\n<li><span style=\"color: #4a4a4a;\" data-teams=\"true\"><strong>Daha H\u0131zl\u0131 Adaptasyon<\/strong><\/span><\/li>\n<\/ul>\n<p><span style=\"color: #4a4a4a;\" data-teams=\"true\">Oryantasyon s\u00fcrecini h\u0131zland\u0131rarak yeni \u00e7al\u0131\u015fanlar\u0131n kuruma ve ekibe daha \u00e7abuk uyum sa\u011flamalar\u0131n\u0131 kolayla\u015ft\u0131r\u0131r.<\/span><\/p>\n<p><span style=\"color: #4a4a4a;\"><div class=\"push\" style='height:10px'><\/div><\/span><\/p>\n<ul>\n<li><span style=\"color: #4a4a4a;\" data-teams=\"true\"><strong>Verimlilik Art\u0131\u015f\u0131<\/strong><\/span><\/li>\n<\/ul>\n<p><span style=\"color: #4a4a4a;\" data-teams=\"true\">Yeni \u00e7al\u0131\u015fanlar\u0131n ilk g\u00fcnden itibaren g\u00f6revlerine ba\u015flamalar\u0131n\u0131 destekleyerek i\u015f g\u00fcc\u00fc verimlili\u011fini art\u0131r\u0131r.<\/span><\/p>\n<p><span style=\"color: #4a4a4a;\"><div class=\"push\" style='height:10px'><\/div><\/span><\/p>\n<ul>\n<li><span style=\"color: #4a4a4a;\" data-teams=\"true\"><strong>Ka\u011f\u0131ts\u0131z \u0130\u015fe Al\u0131m S\u00fcreci<\/strong><\/span><\/li>\n<\/ul>\n<p><span style=\"color: #4a4a4a;\" data-teams=\"true\">Dijital belge ve form y\u00f6netimi sayesinde oryantasyon s\u00fcrecini ka\u011f\u0131ts\u0131z olarak y\u00fcr\u00fctme imkan\u0131 sunar, i\u015f y\u00fck\u00fcn\u00fc ve belge karma\u015fas\u0131n\u0131 azalt\u0131r<\/span><\/p>\n<p><span style=\"color: #4a4a4a;\"><div class=\"push\" style='height:10px'><\/div><\/span><\/p>\n<ul>\n<li><span style=\"color: #4a4a4a;\" data-teams=\"true\"><strong>Geli\u015ftirilmi\u015f \u00c7al\u0131\u015fan Deneyimi<\/strong><\/span><\/li>\n<\/ul>\n<p><span style=\"color: #4a4a4a;\" data-teams=\"true\">Yeni \u00e7al\u0131\u015fanlar\u0131n kendilerini de\u011ferli hissetmelerini sa\u011flayarak \u00e7al\u0131\u015fan ba\u011fl\u0131l\u0131\u011f\u0131n\u0131 ve memnuniyetini art\u0131r\u0131r.<\/span><\/p>\n<p><span style=\"color: #4a4a4a;\"><div class=\"push\" style='height:10px'><\/div><\/span><\/p>\n<ul>\n<li><span style=\"color: #4a4a4a;\" data-teams=\"true\"><strong>Uyumluluk Sa\u011flama<\/strong><\/span><\/li>\n<\/ul>\n<p><span style=\"color: #4a4a4a;\" data-teams=\"true\">Zorunlu e\u011fitimler ve uyumluluk s\u00fcreci sayesinde yasal gerekliliklere uyulmas\u0131n\u0131 sa\u011flar.<\/span><\/p>\n<p><span style=\"color: #4a4a4a;\"><div class=\"push\" style='height:10px'><\/div><\/span><\/p>\n<ul>\n<li><span style=\"color: #4a4a4a;\" data-teams=\"true\"><strong>Y\u00f6neticiler i\u00e7in Kolay Takip<\/strong><\/span><\/li>\n<\/ul>\n<p><span style=\"color: #4a4a4a;\" data-teams=\"true\">Y\u00f6neticiler, yeni \u00e7al\u0131\u015fanlar\u0131n s\u00fcre\u00e7lerini kolayca takip edebilir ve gerekli y\u00f6nlendirmeleri yapabilir.<\/span><\/p>\n<p><span style=\"color: #4a4a4a;\"><div class=\"push\" style='height:10px'><\/div><\/span><\/p>\n<p><span style=\"color: #4a4a4a;\" data-teams=\"true\"><strong>SAP SuccessFactors Oryantasyon mod\u00fcl\u00fc,<\/strong> yeni \u00e7al\u0131\u015fanlar\u0131n kuruma uyum sa\u011flamas\u0131n\u0131 destekleyerek i\u015fe adaptasyon s\u00fcrecini optimize eder ve uzun vadede \u00e7al\u0131\u015fan ba\u011fl\u0131l\u0131\u011f\u0131n\u0131 art\u0131rarak kuruma katk\u0131 sa\u011flar.<\/span><\/div><\/div><\/div><\/div>\n<div class=\"row \"><div class=\"wpv-grid grid-1-1  wpv-first-level first unextended animation-from-bottom animated-active\" style=\"padding-top:15px;padding-bottom:15px\" id=\"wpv-column-b83669c15c53c2315a841d986717c476\" >\t\t<div class=\"sep-text single centered\">\n\t\t\t\t\t\t\t<span class=\"sep-text-before\"><div class=\"sep-text-line\"><\/div><\/span>\n\t\t\t\t\t\t<div class=\"content\">\n\t\t\t\t<h2 class=\"text-divider-double\">Detayl\u0131 Bilgi \u0130\u00e7in Bize Ula\u015f\u0131n!<\/h2>\t\t\t<\/div>\n\t\t\t<span class=\"sep-text-after\"><div class=\"sep-text-line\"><\/div><\/span>\n\t\t\t\t\t<\/div>\n\t<div class=\"push\" style='height:10px'><\/div>\n<div class=\"row \"><div class=\"wpv-grid grid-1-1  first unextended\" style=\"padding-top:0px;padding-bottom:0px\" id=\"wpv-column-a2fec2981118cfd9a63e99a4db648f72\" ><p>\n<div class=\"wpcf7 no-js\" id=\"wpcf7-f9476-o1\" lang=\"en-US\" dir=\"ltr\" data-wpcf7-id=\"9476\">\n<div class=\"screen-reader-response\"><p role=\"status\" aria-live=\"polite\" aria-atomic=\"true\"><\/p> <ul><\/ul><\/div>\n<form action=\"\/en\/wp-json\/wp\/v2\/pages\/9488#wpcf7-f9476-o1\" method=\"post\" class=\"wpcf7-form init\" aria-label=\"Contact form\" novalidate=\"novalidate\" data-status=\"init\">\n<fieldset class=\"hidden-fields-container\"><input type=\"hidden\" name=\"_wpcf7\" value=\"9476\" \/><input type=\"hidden\" name=\"_wpcf7_version\" value=\"6.1.5\" \/><input type=\"hidden\" name=\"_wpcf7_locale\" value=\"en_US\" \/><input type=\"hidden\" name=\"_wpcf7_unit_tag\" value=\"wpcf7-f9476-o1\" \/><input type=\"hidden\" name=\"_wpcf7_container_post\" value=\"0\" \/><input type=\"hidden\" name=\"_wpcf7_posted_data_hash\" value=\"\" \/>\n<\/fieldset>\n<div class=\"row\">\n\t<div class=\"grid-1-3\">\n\t\t<p><span class=\"wpcf7-form-control-wrap\" data-name=\"Name\"><input size=\"40\" maxlength=\"400\" class=\"wpcf7-form-control wpcf7-text wpcf7-validates-as-required\" aria-required=\"true\" aria-invalid=\"false\" placeholder=\"Name\" value=\"\" type=\"text\" name=\"Name\" \/><\/span>\n\t\t<\/p>\n\t<\/div>\n\t<div class=\"grid-1-3\">\n\t\t<p><span class=\"wpcf7-form-control-wrap\" data-name=\"E-mail\"><input size=\"40\" maxlength=\"400\" class=\"wpcf7-form-control wpcf7-text wpcf7-validates-as-required\" aria-required=\"true\" aria-invalid=\"false\" placeholder=\"E-mail\" value=\"\" type=\"text\" name=\"E-mail\" \/><\/span>\n\t\t<\/p>\n\t<\/div>\n\t<div class=\"grid-1-3\">\n\t\t<p><span class=\"wpcf7-form-control-wrap\" data-name=\"Phone\"><input size=\"40\" maxlength=\"400\" class=\"wpcf7-form-control wpcf7-text\" aria-invalid=\"false\" placeholder=\"Phone\" value=\"\" type=\"text\" name=\"Phone\" \/><\/span>\n\t\t<\/p>\n\t<\/div>\n\t<div class=\"grid-1-1\">\n\t\t<p><span class=\"wpcf7-form-control-wrap\" data-name=\"Message\"><textarea cols=\"40\" rows=\"7\" maxlength=\"2000\" class=\"wpcf7-form-control wpcf7-textarea wpcf7-validates-as-required\" aria-required=\"true\" aria-invalid=\"false\" placeholder=\"Your message...\" name=\"Message\"><\/textarea><\/span>\n\t\t<\/p>\n\t<\/div>\n\t<div class=\"grid-1-1\">\n\t\t<p><input class=\"wpcf7-form-control wpcf7-submit has-spinner\" type=\"submit\" value=\"Send \u2192\" \/>\n\t\t<\/p>\n\t<\/div>\n<\/div><p style=\"display: none !important;\" class=\"akismet-fields-container\" data-prefix=\"_wpcf7_ak_\"><label>&#916;<textarea name=\"_wpcf7_ak_hp_textarea\" cols=\"45\" rows=\"8\" maxlength=\"100\"><\/textarea><\/label><input type=\"hidden\" id=\"ak_js_1\" name=\"_wpcf7_ak_js\" value=\"147\"\/><script>document.getElementById( \"ak_js_1\" ).setAttribute( \"value\", ( new Date() ).getTime() );<\/script><\/p><div class=\"wpcf7-response-output\" aria-hidden=\"true\"><\/div>\n<\/form>\n<\/div>\n<\/div><\/div><\/div><\/div>\n<div class=\"row \"><div class=\"wpv-grid grid-1-1  wpv-first-level first unextended animation-from-bottom animated-active\" style=\"padding-top:15px;padding-bottom:60px\" id=\"wpv-column-1b9ff83bfca0205b2014d6fca8f64309\" >\t\t<div class=\"sep-text single centered\">\n\t\t\t\t\t\t\t<span class=\"sep-text-before\"><div class=\"sep-text-line\"><\/div><\/span>\n\t\t\t\t\t\t<div class=\"content\">\n\t\t\t\t<h2 class=\"text-divider-double\">APPOINTMENT<\/h2>\t\t\t<\/div>\n\t\t\t<span class=\"sep-text-after\"><div class=\"sep-text-line\"><\/div><\/span>\n\t\t\t\t\t<\/div>\n\t<div class=\"push\" style='height:10px'><\/div>\n<div class=\"row \"><div class=\"wpv-grid grid-1-1  first unextended\" style=\"padding-top:0px;padding-bottom:0px\" id=\"wpv-column-52140968dc12f8770d5a57339456d6ee\" ><p><div class=\"booked-calendar-shortcode-wrap\"><div class=\"booked-calendar-wrap large\"><div class=\"booked-calendar\" data-calendar-date=\"2026-04-01\">\n\t\t<div class=\"bc-head\">\n\n\t\t\t\n\t\t\t<div class=\"bc-row top\">\n\t\t\t\t<div class=\"bc-col\">\n\t\t\t\t\t\t\t\t\t\t<span class=\"calendarSavingState\">\n\t\t\t\t\t\t<i class=\"fa-solid fa-circle-notch fa-spin\"><\/i>\n\t\t\t\t\t<\/span>\n\t\t\t\t\t<span class=\"monthName\">\n\t\t\t\t\t\tApril 2026\t\t\t\t\t\t\t\t\t\t\t<\/span>\n\t\t\t\t\t<a href=\"#\" data-goto=\"2026-05-01\" class=\"page-right\"><i class=\"fa-solid fa-arrow-right\"><\/i><\/a>\t\t\t\t<\/div>\n\t\t\t<\/div>\n\t\t\t<div class=\"bc-row days\">\n\t\t\t\t\t\t\t\t<div class=\"bc-col\">Mon<\/div>\n\t\t\t\t<div class=\"bc-col\">Tue<\/div>\n\t\t\t\t<div class=\"bc-col\">Wed<\/div>\n\t\t\t\t<div class=\"bc-col\">Thu<\/div>\n\t\t\t\t<div class=\"bc-col\">Fri<\/div>\n\t\t\t\t<div class=\"bc-col\">Sat<\/div>\t\t\t\t<div class=\"bc-col\">Sun<\/div>\t\t\t<\/div>\n\t\t<\/div>\n\t\t<div class=\"bc-body\"><div class=\"bc-row week\"><div data-date=\"2026-03-30\" class=\"bc-col prev-month prev-date\"><span class=\"date\"><span class=\"number\">30<\/span><\/span><\/div><div data-date=\"2026-03-31\" class=\"bc-col prev-month prev-date\"><span class=\"date\"><span class=\"number\">31<\/span><\/span><\/div><div data-date=\"2026-04-1\" class=\"bc-col prev-date\"><span class=\"date\"><span class=\"number\">1<\/span><\/span><\/div><div data-date=\"2026-04-2\" class=\"bc-col prev-date\"><span class=\"date\"><span class=\"number\">2<\/span><\/span><\/div><div data-date=\"2026-04-3\" class=\"bc-col prev-date\"><span class=\"date\"><span class=\"number\">3<\/span><\/span><\/div><div data-date=\"2026-04-4\" class=\"bc-col prev-date\"><span class=\"date\"><span class=\"number\">4<\/span><\/span><\/div><div data-date=\"2026-04-5\" class=\"bc-col prev-date\"><span class=\"date\"><span class=\"number\">5<\/span><\/span><\/div><\/div><div class=\"bc-row week\"><div data-date=\"2026-04-6\" class=\"bc-col prev-date\"><span class=\"date\"><span class=\"number\">6<\/span><\/span><\/div><div data-date=\"2026-04-7\" class=\"bc-col prev-date\"><span class=\"date\"><span class=\"number\">7<\/span><\/span><\/div><div data-date=\"2026-04-8\" class=\"bc-col prev-date\"><span class=\"date\"><span class=\"number\">8<\/span><\/span><\/div><div data-date=\"2026-04-9\" class=\"bc-col prev-date\"><span class=\"date\"><span class=\"number\">9<\/span><\/span><\/div><div data-date=\"2026-04-10\" class=\"bc-col prev-date\"><span class=\"date\"><span class=\"number\">10<\/span><\/span><\/div><div data-date=\"2026-04-11\" class=\"bc-col prev-date\"><span class=\"date\"><span class=\"number\">11<\/span><\/span><\/div><div data-date=\"2026-04-12\" class=\"bc-col prev-date\"><span class=\"date\"><span class=\"number\">12<\/span><\/span><\/div><\/div><div class=\"bc-row week\"><div data-date=\"2026-04-13\" class=\"bc-col prev-date\"><span class=\"date\"><span class=\"number\">13<\/span><\/span><\/div><div data-date=\"2026-04-14\" class=\"bc-col prev-date\"><span class=\"date\"><span class=\"number\">14<\/span><\/span><\/div><div data-date=\"2026-04-15\" class=\"bc-col prev-date\"><span class=\"date\"><span class=\"number\">15<\/span><\/span><\/div><div data-date=\"2026-04-16\" class=\"bc-col prev-date\"><span class=\"date\"><span class=\"number\">16<\/span><\/span><\/div><div data-date=\"2026-04-17\" class=\"bc-col prev-date\"><span class=\"date\"><span class=\"number\">17<\/span><\/span><\/div><div data-date=\"2026-04-18\" class=\"bc-col today prev-date\"><span class=\"date\"><span class=\"number\">18<\/span><\/span><\/div><div data-date=\"2026-04-19\" class=\"bc-col prev-date\"><span class=\"date\"><span class=\"number\">19<\/span><\/span><\/div><\/div><div class=\"bc-row week\"><div data-date=\"2026-04-20\" class=\"bc-col \"><span class=\"date tooltipster\" title=\"8 Available\"><span class=\"number\">20<\/span><\/span><\/div><div data-date=\"2026-04-21\" class=\"bc-col \"><span class=\"date tooltipster\" title=\"20 Available\"><span class=\"number\">21<\/span><\/span><\/div><div data-date=\"2026-04-22\" class=\"bc-col \"><span class=\"date tooltipster\" title=\"3 Available\"><span class=\"number\">22<\/span><\/span><\/div><div data-date=\"2026-04-23\" class=\"bc-col \"><span class=\"date tooltipster\" title=\"6 Available\"><span class=\"number\">23<\/span><\/span><\/div><div data-date=\"2026-04-24\" class=\"bc-col prev-date\"><span class=\"date\"><span class=\"number\">24<\/span><\/span><\/div><div data-date=\"2026-04-25\" class=\"bc-col prev-date\"><span class=\"date\"><span class=\"number\">25<\/span><\/span><\/div><div data-date=\"2026-04-26\" class=\"bc-col prev-date\"><span class=\"date\"><span class=\"number\">26<\/span><\/span><\/div><\/div><div class=\"bc-row week\"><div data-date=\"2026-04-27\" class=\"bc-col \"><span class=\"date tooltipster\" title=\"8 Available\"><span class=\"number\">27<\/span><\/span><\/div><div data-date=\"2026-04-28\" class=\"bc-col \"><span class=\"date tooltipster\" title=\"20 Available\"><span class=\"number\">28<\/span><\/span><\/div><div data-date=\"2026-04-29\" class=\"bc-col \"><span class=\"date tooltipster\" title=\"3 Available\"><span class=\"number\">29<\/span><\/span><\/div><div data-date=\"2026-04-30\" class=\"bc-col \"><span class=\"date tooltipster\" title=\"6 Available\"><span class=\"number\">30<\/span><\/span><\/div><div data-date=\"2026-05-1\" class=\"bc-col next-month prev-date\"><span class=\"date\"><span class=\"number\">1<\/span><\/span><\/div><div data-date=\"2026-05-2\" class=\"bc-col next-month prev-date\"><span class=\"date\"><span class=\"number\">2<\/span><\/span><\/div><div data-date=\"2026-05-3\" class=\"bc-col next-month prev-date\"><span class=\"date\"><span class=\"number\">3<\/span><\/span><\/div><\/div>\t\t<\/div>\n\t<\/div><\/div><\/div><\/div><\/div>\n[\/column_1]<\/div><\/div>\n","protected":false},"excerpt":{"rendered":"<p>SAP SuccessFactors Oryantasyon (Onboarding) Yeni \u00e7al\u0131\u015fanlar\u0131n i\u015fe ba\u015flama s\u00fcrecini d\u00fczenlemek ve h\u0131zland\u0131rmak i\u00e7in tasarlanm\u0131\u015f bir mod\u00fcld\u00fcr. Oryantasyon s\u00fcrecini daha verimli hale getirerek yeni \u00e7al\u0131\u015fanlar\u0131n kuruma adaptasyonunu kolayla\u015ft\u0131r\u0131r ve ilk g\u00fcnlerinden itibaren daha etkin olmalar\u0131n\u0131 sa\u011flar. Bu mod\u00fcl, i\u015fe al\u0131m s\u00fcrecinden onboarding a\u015famas\u0131na kadar sorunsuz bir ge\u00e7i\u015f sunarak, yeni i\u015fe ba\u015flayanlar\u0131n i\u015fe h\u0131zl\u0131ca entegre olmas\u0131na yard\u0131mc\u0131&#8230;<\/p>","protected":false},"author":1,"featured_media":0,"parent":7774,"menu_order":0,"comment_status":"closed","ping_status":"closed","template":"","meta":{"footnotes":""},"class_list":["post-9488","page","type-page","status-publish","hentry"],"aioseo_notices":[],"_links":{"self":[{"href":"https:\/\/www.vesacons.com\/en\/wp-json\/wp\/v2\/pages\/9488","targetHints":{"allow":["GET"]}}],"collection":[{"href":"https:\/\/www.vesacons.com\/en\/wp-json\/wp\/v2\/pages"}],"about":[{"href":"https:\/\/www.vesacons.com\/en\/wp-json\/wp\/v2\/types\/page"}],"author":[{"embeddable":true,"href":"https:\/\/www.vesacons.com\/en\/wp-json\/wp\/v2\/users\/1"}],"replies":[{"embeddable":true,"href":"https:\/\/www.vesacons.com\/en\/wp-json\/wp\/v2\/comments?post=9488"}],"version-history":[{"count":14,"href":"https:\/\/www.vesacons.com\/en\/wp-json\/wp\/v2\/pages\/9488\/revisions"}],"predecessor-version":[{"id":988970,"href":"https:\/\/www.vesacons.com\/en\/wp-json\/wp\/v2\/pages\/9488\/revisions\/988970"}],"up":[{"embeddable":true,"href":"https:\/\/www.vesacons.com\/en\/wp-json\/wp\/v2\/pages\/7774"}],"wp:attachment":[{"href":"https:\/\/www.vesacons.com\/en\/wp-json\/wp\/v2\/media?parent=9488"}],"curies":[{"name":"wp","href":"https:\/\/api.w.org\/{rel}","templated":true}]}}