{"id":987761,"date":"2024-11-15T08:04:51","date_gmt":"2024-11-15T08:04:51","guid":{"rendered":"https:\/\/www.sercanmidik.com.tr\/?page_id=987761"},"modified":"2025-01-05T22:02:17","modified_gmt":"2025-01-05T22:02:17","slug":"ogrenme","status":"publish","type":"page","link":"https:\/\/www.vesacons.com\/en\/moduls\/ogrenme\/","title":{"rendered":"\u00d6\u011frenme Y\u00f6netimi Sistemi"},"content":{"rendered":"<div class=\"row \"><div class=\"wpv-grid grid-1-6  wpv-first-level first unextended\" style=\"padding-top:0px;padding-bottom:0px\" id=\"wpv-column-592e085605fd32796d4df6cf4e46ea71\" ><\/div>\n<div class=\"wpv-grid grid-5-6  wpv-first-level has-background unextended\" style=\"\n\t\t\t\tbackground: url( 'http:\/\/www.sercanmidik.com.tr\/wp-content\/uploads\/2024\/12\/lms-wp.jpg' ) no-repeat left center;\n\t\t\t\tbackground-size: auto;\n\t\t\tpadding-top:400px;padding-bottom:0px\" id=\"wpv-column-ef4ad8ec8aaa8d2876bfc3ccdbabafc8\" ><\/div><\/div>\n<div class=\"push\" style='height:50px'><\/div>\n<div class=\"row \"><div class=\"wpv-grid grid-1-6  wpv-first-level first unextended\" style=\"padding-top:0px;padding-bottom:0px\" id=\"wpv-column-0dcef1d0b0dfd6afa2ab817e9c264453\" ><div class=\"sep-3\"><\/div><\/div>\n<div class=\"wpv-grid grid-5-6  wpv-first-level unextended\" style=\"padding-top:0px;padding-bottom:0px\" id=\"wpv-column-f481e27ce1fd6730e3aa854a50d49fcb\" ><div class=\"row \"><div class=\"wpv-grid grid-1-1  first unextended\" style=\"padding-top:0px;padding-bottom:0px\" id=\"wpv-column-3e5f4311afdd516af986ed6c42816088\" ><blockquote><p><span style=\"color: #333333;\"><strong>SAP \u00d6\u011frenme Y\u00f6netimi Sistemi (Learning Management System)<\/strong><\/span><\/p><\/blockquote>\n<div class=\"push\" style='height:10px'><\/div>\n<p><span data-teams=\"true\">\u00c7al\u0131\u015fanlar\u0131n bilgi ve becerilerini geli\u015ftirmeleri i\u00e7in kapsaml\u0131 bir e\u011fitim y\u00f6netim sistemi sunar. Bu mod\u00fcl, e\u011fitim s\u00fcre\u00e7lerini dijital ortama ta\u015f\u0131yarak kurumsal \u00f6\u011frenme k\u00fclt\u00fcr\u00fcn\u00fc destekler ve \u00e7al\u0131\u015fanlar\u0131n yetkinliklerini s\u00fcrekli g\u00fcncel tutmalar\u0131na yard\u0131mc\u0131 olur. \u015eirket i\u00e7i e\u011fitimlerin, sertifika programlar\u0131n\u0131n, yasal uyumluluk e\u011fitimlerinin ve ki\u015fisel geli\u015fim i\u00e7eriklerinin y\u00f6netilmesini sa\u011flar.<\/span><\/p>\n<div class=\"push\" style='height:10px'><\/div>\n<h3><span data-teams=\"true\">Ana Fonksiyonlar\u0131<\/span><\/h3>\n<div class=\"push\" style='height:10px'><\/div><\/div><\/div><\/div><\/div>\n<div class=\"row \"><div class=\"wpv-grid grid-1-6 add-border wpv-first-level first unextended\" style=\"padding-top:0px;padding-bottom:0px\" id=\"wpv-column-12b1aa31bd1dbcf30a43190ddbe40feb\" ><div class=\"row \"><div class=\"wpv-grid grid-1-1  first unextended\" style=\"padding-top:0px;padding-bottom:0px\" id=\"wpv-column-f6766f58eb11f8aa404ecd563ebb82f5\" >\n<div  data-href=\"https:\/\/www.sercanmidik.com.tr\/moduls\/calisan-merkezi\/\" tabindex=\"1\" data-target=\"_self\" class=\"linkarea clearfix accent1  background-transparent\">\n\t\t\t\t<div class=\"last\">\u00c7al\u0131\u015fan Merkezi<\/div>\n\t<\/div><\/div><\/div>\n<div class=\"row \"><div class=\"wpv-grid grid-1-1  first unextended\" style=\"padding-top:0px;padding-bottom:0px\" id=\"wpv-column-eecbeaf79827eee8d550b3c9fdaff25a\" >\n<div  data-href=\"https:\/\/www.sercanmidik.com.tr\/moduls\/calisan-merkezi-bordro\/\" tabindex=\"1\" data-target=\"_self\" class=\"linkarea clearfix accent1  background-transparent\">\n\t\t\t\t<div class=\"last\">\u00c7al\u0131\u015fan Merkezi Bordro<\/div>\n\t<\/div><\/div><\/div>\n<div class=\"row \"><div class=\"wpv-grid grid-1-1  first unextended\" style=\"padding-top:0px;padding-bottom:0px\" id=\"wpv-column-163c3285bb9f0fa1b452d4f0982a7fd3\" >\n<div  data-href=\"https:\/\/www.sercanmidik.com.tr\/moduls\/ise-alim\/\" tabindex=\"1\" data-target=\"_self\" class=\"linkarea clearfix accent1  background-transparent\">\n\t\t\t\t<div class=\"last\">\u0130\u015fe Al\u0131m<\/div>\n\t<\/div><\/div><\/div>\n<div class=\"row \"><div class=\"wpv-grid grid-1-1  first unextended\" style=\"padding-top:0px;padding-bottom:0px\" id=\"wpv-column-23fac3caec6a6f8fc454f9bc53920d3c\" >\n<div  data-href=\"https:\/\/www.sercanmidik.com.tr\/moduls\/ise-baslatma\/\" tabindex=\"1\" data-target=\"_self\" class=\"linkarea clearfix accent1  background-transparent\">\n\t\t\t\t<div class=\"last\">Oryantasyon<\/div>\n\t<\/div><\/div><\/div>\n<div class=\"row \"><div class=\"wpv-grid grid-1-1  first unextended\" style=\"padding-top:0px;padding-bottom:0px\" id=\"wpv-column-519514dfa0114d1e08d23e310f797841\" >\n<div  data-href=\"https:\/\/www.sercanmidik.com.tr\/moduls\/performans-yonetim-modulu\/\" tabindex=\"1\" data-target=\"_self\" class=\"linkarea clearfix accent1  background-transparent\">\n\t\t\t\t<div class=\"last\">Performans ve Hedef Y\u00f6netimi<\/div>\n\t<\/div><\/div><\/div>\n<div class=\"row \"><div class=\"wpv-grid grid-1-1  first unextended\" style=\"padding-top:0px;padding-bottom:0px\" id=\"wpv-column-d400528975e6e3b4719619e2a8e16473\" >\n<div  data-href=\"https:\/\/www.sercanmidik.com.tr\/moduls\/ucret-yonetimi\/\" tabindex=\"1\" data-target=\"_self\" class=\"linkarea clearfix accent1  background-transparent\">\n\t\t\t\t<div class=\"last\">\u00dccret Y\u00f6netimi<\/div>\n\t<\/div><\/div><\/div>\n<div class=\"row \"><div class=\"wpv-grid grid-1-1  first unextended\" style=\"padding-top:0px;padding-bottom:0px\" id=\"wpv-column-7e923c51af5e9d96c93bf9d453b24626\" >\n<div  data-href=\"https:\/\/www.sercanmidik.com.tr\/moduls\/kariyer-yedekleme-gelisim\/\" tabindex=\"1\" data-target=\"_self\" class=\"linkarea clearfix accent1  background-transparent\">\n\t\t\t\t<div class=\"last\">Kariyer Yedekleme ve Geli\u015fim<\/div>\n\t<\/div><\/div><\/div>\n<div class=\"row \"><div class=\"wpv-grid grid-1-1  first unextended\" style=\"padding-top:0px;padding-bottom:0px\" id=\"wpv-column-bf754dc40392617680836285f83b3f72\" >\n<div  data-href=\"https:\/\/www.sercanmidik.com.tr\/moduls\/time-tracking-modulu\/\" tabindex=\"1\" data-target=\"_self\" class=\"linkarea clearfix accent1  background-transparent\">\n\t\t\t\t<div class=\"last\">Zaman Y\u00f6netimi<\/div>\n\t<\/div><\/div><\/div>\n<div class=\"row \"><div class=\"wpv-grid grid-1-1  first unextended\" style=\"padding-top:0px;padding-bottom:0px\" id=\"wpv-column-28d26f615b2ebc4aa898d7797cd155bd\" >\n<div  data-href=\"https:\/\/www.sercanmidik.com.tr\/moduls\/workzone\/\" tabindex=\"1\" data-target=\"_self\" class=\"linkarea clearfix accent1  background-transparent\">\n\t\t\t\t<div class=\"last\">Workzone<\/div>\n\t<\/div><\/div><\/div><\/div>\n<div class=\"wpv-grid grid-5-6  wpv-first-level unextended\" style=\"padding-top:0px;padding-bottom:0px\" id=\"wpv-column-df1e784ebb93319bac2ee2bf94e878f1\" ><div class=\"row \"><div class=\"wpv-grid grid-1-1  first unextended\" style=\"padding-top:0px;padding-bottom:0px\" id=\"wpv-column-7daecc7d609b5e849dbc467316b428e3\" ><h3><span data-teams=\"true\"><strong>1-E\u011fitim Planlama ve Y\u00f6netim (Learning Planning &amp; Administration)<\/strong><\/span><\/h3>\n<p><span data-teams=\"true\">\u015eirket i\u00e7i veya \u00e7evrimi\u00e7i e\u011fitim programlar\u0131n\u0131n planlanmas\u0131n\u0131 ve y\u00f6netilmesini sa\u011flar. \u00c7al\u0131\u015fanlar\u0131n e\u011fitim ihtiya\u00e7lar\u0131na g\u00f6re e\u011fitimlerin atamas\u0131n\u0131 yapar.<\/span><\/p>\n<div class=\"push\" style='height:10px'><\/div>\n<h3><span data-teams=\"true\"><strong>2-Uyumluluk E\u011fitimleri (Compliance Training)<\/strong><\/span><\/h3>\n<p><span data-teams=\"true\">Yasal gerekliliklere uygun olarak zorunlu e\u011fitimlerin verilmesini sa\u011flar. Bu, \u00e7al\u0131\u015fanlar\u0131n sekt\u00f6r standartlar\u0131na uyumunu art\u0131r\u0131r ve \u015firketin yasal risklerini azalt\u0131r.<\/span><\/p>\n<div class=\"push\" style='height:10px'><\/div>\n<h3><span data-teams=\"true\"><strong>3-Karma E\u011fitim Deste\u011fi (Blended Learning)<\/strong><\/span><\/h3>\n<p><span data-teams=\"true\">Online ve y\u00fcz y\u00fcze e\u011fitimlerin kombinasyonunu destekler. E\u011fitimler, s\u0131n\u0131f e\u011fitimleri, e-\u00f6\u011frenme, web seminerleri gibi farkl\u0131 formatlarda sunulabilir.<\/span><\/p>\n<div class=\"push\" style='height:10px'><\/div>\n<h3><span data-teams=\"true\"><strong>4-Katalog ve \u0130\u00e7erik Y\u00f6netimi (Catalog &amp; Content Management)<\/strong><\/span><\/h3>\n<p><span data-teams=\"true\">E\u011fitimlerin ve \u00f6\u011frenme materyallerinin merkezi bir katalogda toplanmas\u0131n\u0131 sa\u011flar. E\u011fitim i\u00e7erikleri \u00f6zelle\u015ftirilebilir ve farkl\u0131 departman veya roller i\u00e7in ayr\u0131 i\u00e7erikler olu\u015fturulabilir.<\/span><\/p>\n<div class=\"push\" style='height:10px'><\/div>\n<h3><span data-teams=\"true\"><strong>5-Kullan\u0131c\u0131 Dostu Aray\u00fcz ve Mobil Eri\u015fim<\/strong><\/span><\/h3>\n<p><span data-teams=\"true\">\u00c7al\u0131\u015fanlar, \u00f6\u011frenme materyallerine istedikleri zaman ve yerden eri\u015febilirler. Mobil uyumlu tasar\u0131m sayesinde e\u011fitimlere mobil cihazlardan kat\u0131l\u0131m kolayla\u015f\u0131r.<\/span><\/p>\n<div class=\"push\" style='height:10px'><\/div>\n<h3><span data-teams=\"true\"><strong>6-Ki\u015fiselle\u015ftirilmi\u015f \u00d6\u011frenme Yollar\u0131 (Personalized Learning Paths)<\/strong><\/span><\/h3>\n<p><span data-teams=\"true\"> \u00c7al\u0131\u015fanlar\u0131n rollerine, yetkinliklerine veya kariyer hedeflerine g\u00f6re ki\u015fiselle\u015ftirilmi\u015f e\u011fitim programlar\u0131 olu\u015fturur. B\u00f6ylece her \u00e7al\u0131\u015fan kendisine \u00f6zel bir \u00f6\u011frenme yoluna sahip olur.<\/span><\/p>\n<div class=\"push\" style='height:10px'><\/div>\n<h3><span data-teams=\"true\"><strong>7-Sertifika Y\u00f6netimi ve \u0130zleme<\/strong><\/span><\/h3>\n<p><span data-teams=\"true\">\u00c7al\u0131\u015fanlar\u0131n ald\u0131klar\u0131 e\u011fitimlerin, kazand\u0131klar\u0131 sertifikalar\u0131n ve yenileme gereksinimlerinin takibini sa\u011flar. Bu \u00f6zellik, \u00f6zellikle sekt\u00f6rlere \u00f6zg\u00fc sertifikasyonlar\u0131n y\u00f6netiminde \u00f6nemlidir.<\/span><\/p>\n<div class=\"push\" style='height:10px'><\/div>\n<h3><span data-teams=\"true\"><strong>8-\u00d6\u011frenme ve Geli\u015fim Analiti\u011fi (Learning Analytics)<\/strong><\/span><\/h3>\n<p><span data-teams=\"true\">E\u011fitimlerin etkinli\u011fi, \u00e7al\u0131\u015fanlar\u0131n \u00f6\u011frenme performans\u0131 ve e\u011fitim s\u00fcrecindeki kat\u0131l\u0131m oranlar\u0131 hakk\u0131nda detayl\u0131 raporlar sunar. Y\u00f6neticiler bu verilerle e\u011fitim programlar\u0131n\u0131 optimize edebilir.<\/span><\/p>\n<div class=\"push\" style='height:10px'><\/div>\n<h3><span data-teams=\"true\"><strong>Kazan\u0131mlar<\/strong><\/span><\/h3>\n<div class=\"push\" style='height:10px'><\/div>\n<ul>\n<li><strong>\u00c7al\u0131\u015fanlar\u0131n Yeteneklerinin Geli\u015fimi<\/strong><\/li>\n<\/ul>\n<p><span data-teams=\"true\">\u00c7al\u0131\u015fanlara d\u00fczenli e\u011fitimler sunarak onlar\u0131n bilgi ve becerilerini s\u00fcrekli g\u00fcncel tutmalar\u0131n\u0131 sa\u011flar, bu da i\u015f performanslar\u0131n\u0131 olumlu y\u00f6nde etkiler.<\/span><\/p>\n<div class=\"push\" style='height:10px'><\/div>\n<ul>\n<li><strong>Uyumluluk Sa\u011flama<\/strong><\/li>\n<\/ul>\n<p><span data-teams=\"true\">Yasal gerekliliklere uygun zorunlu e\u011fitimlerin y\u00f6netilmesi, kurumun yasal y\u00fck\u00fcml\u00fcl\u00fcklerini yerine getirmesini sa\u011flar ve uyum risklerini azalt\u0131r.<\/span><\/p>\n<div class=\"push\" style='height:10px'><\/div>\n<ul>\n<li><strong>Zaman ve Maliyet Tasarrufu<\/strong><\/li>\n<\/ul>\n<p><span data-teams=\"true\">E-\u00f6\u011frenme ve \u00e7evrimi\u00e7i e\u011fitim imkanlar\u0131 sayesinde e\u011fitim maliyetleri d\u00fc\u015fer ve zamandan tasarruf edilir.<\/span><\/p>\n<div class=\"push\" style='height:10px'><\/div>\n<ul>\n<li><strong>\u00c7al\u0131\u015fan Ba\u011fl\u0131l\u0131\u011f\u0131n\u0131n Artmas\u0131<\/strong><\/li>\n<\/ul>\n<p><span data-teams=\"true\">\u00c7al\u0131\u015fanlara sunulan ki\u015fisel geli\u015fim ve kariyer f\u0131rsatlar\u0131, onlar\u0131n kuruma olan ba\u011fl\u0131l\u0131\u011f\u0131n\u0131 art\u0131r\u0131r ve i\u015f tatminlerini y\u00fckseltir.<\/span><\/p>\n<div class=\"push\" style='height:10px'><\/div>\n<ul>\n<li><strong>Performans ve Verimlilik Art\u0131\u015f\u0131<\/strong><\/li>\n<\/ul>\n<p><span data-teams=\"true\">\u00c7al\u0131\u015fanlar\u0131n yetkinliklerini art\u0131rmak, onlar\u0131n i\u015flerinde daha verimli olmalar\u0131n\u0131 sa\u011flar ve genel performansa katk\u0131da bulunur.<\/span><\/p>\n<div class=\"push\" style='height:10px'><\/div>\n<ul>\n<li><strong>Kapsaml\u0131 Raporlama ve \u00d6l\u00e7\u00fcmleme<\/strong><\/li>\n<\/ul>\n<p><span data-teams=\"true\">E\u011fitimlerin etkinli\u011fi ve \u00e7al\u0131\u015fan geli\u015fimiyle ilgili detayl\u0131 analizler, y\u00f6neticilerin e\u011fitim stratejilerini s\u00fcrekli iyile\u015ftirmesine yard\u0131mc\u0131 olur.<\/span><\/p>\n<div class=\"push\" style='height:10px'><\/div>\n<p><span data-teams=\"true\"><strong>SAP SuccessFactors \u00d6\u011frenme Mod\u00fcl\u00fc<\/strong>, organizasyonlar\u0131n \u00f6\u011frenme k\u00fclt\u00fcr\u00fcn\u00fc g\u00fc\u00e7lendirmelerini ve \u00e7al\u0131\u015fanlar\u0131n\u0131n geli\u015fimini sistematik bir \u015fekilde desteklemelerini sa\u011flar. Bu mod\u00fcl, \u00e7al\u0131\u015fan yetkinliklerini geli\u015ftirerek kurumsal ba\u015far\u0131ya katk\u0131da bulunur ve organizasyonlar\u0131n bilgiye dayal\u0131 bir i\u015f g\u00fcc\u00fc olu\u015fturmas\u0131na olanak tan\u0131r.<\/span><\/div><\/div><\/div><\/div>\n<div class=\"row \"><div class=\"wpv-grid grid-1-1  wpv-first-level first unextended animation-from-bottom animated-active\" style=\"padding-top:15px;padding-bottom:15px\" id=\"wpv-column-d52588e8a725d91dfb9185c8924a96e1\" >\t\t<div class=\"sep-text single centered\">\n\t\t\t\t\t\t\t<span class=\"sep-text-before\"><div class=\"sep-text-line\"><\/div><\/span>\n\t\t\t\t\t\t<div class=\"content\">\n\t\t\t\t<h2 class=\"text-divider-double\">Detayl\u0131 Bilgi \u0130\u00e7in Bize Ula\u015f\u0131n!<\/h2>\t\t\t<\/div>\n\t\t\t<span class=\"sep-text-after\"><div class=\"sep-text-line\"><\/div><\/span>\n\t\t\t\t\t<\/div>\n\t<div class=\"push\" style='height:10px'><\/div>\n<div class=\"row \"><div class=\"wpv-grid grid-1-1  first unextended\" style=\"padding-top:0px;padding-bottom:0px\" id=\"wpv-column-6005fbe6cadeab0b41d503176836f3b1\" ><p>\n<div class=\"wpcf7 no-js\" id=\"wpcf7-f9476-o1\" lang=\"en-US\" dir=\"ltr\" data-wpcf7-id=\"9476\">\n<div class=\"screen-reader-response\"><p role=\"status\" aria-live=\"polite\" aria-atomic=\"true\"><\/p> <ul><\/ul><\/div>\n<form action=\"\/en\/wp-json\/wp\/v2\/pages\/987761#wpcf7-f9476-o1\" method=\"post\" class=\"wpcf7-form init\" aria-label=\"Contact form\" novalidate=\"novalidate\" data-status=\"init\">\n<fieldset class=\"hidden-fields-container\"><input type=\"hidden\" name=\"_wpcf7\" value=\"9476\" \/><input type=\"hidden\" name=\"_wpcf7_version\" value=\"6.1.5\" \/><input type=\"hidden\" name=\"_wpcf7_locale\" value=\"en_US\" \/><input type=\"hidden\" name=\"_wpcf7_unit_tag\" value=\"wpcf7-f9476-o1\" \/><input type=\"hidden\" name=\"_wpcf7_container_post\" value=\"0\" \/><input type=\"hidden\" name=\"_wpcf7_posted_data_hash\" value=\"\" \/>\n<\/fieldset>\n<div class=\"row\">\n\t<div class=\"grid-1-3\">\n\t\t<p><span class=\"wpcf7-form-control-wrap\" data-name=\"Name\"><input size=\"40\" maxlength=\"400\" class=\"wpcf7-form-control wpcf7-text wpcf7-validates-as-required\" aria-required=\"true\" aria-invalid=\"false\" placeholder=\"Name\" value=\"\" type=\"text\" name=\"Name\" \/><\/span>\n\t\t<\/p>\n\t<\/div>\n\t<div class=\"grid-1-3\">\n\t\t<p><span class=\"wpcf7-form-control-wrap\" data-name=\"E-mail\"><input size=\"40\" maxlength=\"400\" class=\"wpcf7-form-control wpcf7-text wpcf7-validates-as-required\" aria-required=\"true\" aria-invalid=\"false\" placeholder=\"E-mail\" value=\"\" type=\"text\" name=\"E-mail\" \/><\/span>\n\t\t<\/p>\n\t<\/div>\n\t<div class=\"grid-1-3\">\n\t\t<p><span class=\"wpcf7-form-control-wrap\" data-name=\"Phone\"><input size=\"40\" maxlength=\"400\" class=\"wpcf7-form-control wpcf7-text\" aria-invalid=\"false\" placeholder=\"Phone\" value=\"\" type=\"text\" name=\"Phone\" \/><\/span>\n\t\t<\/p>\n\t<\/div>\n\t<div class=\"grid-1-1\">\n\t\t<p><span class=\"wpcf7-form-control-wrap\" data-name=\"Message\"><textarea cols=\"40\" rows=\"7\" maxlength=\"2000\" class=\"wpcf7-form-control wpcf7-textarea wpcf7-validates-as-required\" aria-required=\"true\" aria-invalid=\"false\" placeholder=\"Your message...\" name=\"Message\"><\/textarea><\/span>\n\t\t<\/p>\n\t<\/div>\n\t<div class=\"grid-1-1\">\n\t\t<p><input class=\"wpcf7-form-control wpcf7-submit has-spinner\" type=\"submit\" value=\"Send \u2192\" \/>\n\t\t<\/p>\n\t<\/div>\n<\/div><p style=\"display: none !important;\" class=\"akismet-fields-container\" data-prefix=\"_wpcf7_ak_\"><label>&#916;<textarea name=\"_wpcf7_ak_hp_textarea\" cols=\"45\" rows=\"8\" maxlength=\"100\"><\/textarea><\/label><input type=\"hidden\" id=\"ak_js_1\" name=\"_wpcf7_ak_js\" value=\"71\"\/><script>document.getElementById( \"ak_js_1\" ).setAttribute( \"value\", ( new Date() ).getTime() );<\/script><\/p><div class=\"wpcf7-response-output\" aria-hidden=\"true\"><\/div>\n<\/form>\n<\/div>\n<\/div><\/div><\/div><\/div>\n<div class=\"row \"><div class=\"wpv-grid grid-1-1  wpv-first-level first unextended animation-from-bottom animated-active\" style=\"padding-top:15px;padding-bottom:60px\" id=\"wpv-column-f06c43208156b57c852064a317ef7d6c\" >\t\t<div class=\"sep-text single centered\">\n\t\t\t\t\t\t\t<span class=\"sep-text-before\"><div class=\"sep-text-line\"><\/div><\/span>\n\t\t\t\t\t\t<div class=\"content\">\n\t\t\t\t<h2 class=\"text-divider-double\">APPOINTMENT<\/h2>\t\t\t<\/div>\n\t\t\t<span class=\"sep-text-after\"><div class=\"sep-text-line\"><\/div><\/span>\n\t\t\t\t\t<\/div>\n\t<div class=\"push\" style='height:10px'><\/div>\n<div class=\"row \"><div class=\"wpv-grid grid-1-1  first unextended\" style=\"padding-top:0px;padding-bottom:0px\" id=\"wpv-column-59121e18596cc2fe3344ebdb79862f07\" ><p><div class=\"booked-calendar-shortcode-wrap\"><div class=\"booked-calendar-wrap large\"><div class=\"booked-calendar\" data-calendar-date=\"2026-04-01\">\n\t\t<div class=\"bc-head\">\n\n\t\t\t\n\t\t\t<div class=\"bc-row top\">\n\t\t\t\t<div class=\"bc-col\">\n\t\t\t\t\t\t\t\t\t\t<span class=\"calendarSavingState\">\n\t\t\t\t\t\t<i class=\"fa-solid fa-circle-notch fa-spin\"><\/i>\n\t\t\t\t\t<\/span>\n\t\t\t\t\t<span class=\"monthName\">\n\t\t\t\t\t\tApril 2026\t\t\t\t\t\t\t\t\t\t\t<\/span>\n\t\t\t\t\t<a href=\"#\" data-goto=\"2026-05-01\" class=\"page-right\"><i class=\"fa-solid fa-arrow-right\"><\/i><\/a>\t\t\t\t<\/div>\n\t\t\t<\/div>\n\t\t\t<div class=\"bc-row days\">\n\t\t\t\t\t\t\t\t<div class=\"bc-col\">Mon<\/div>\n\t\t\t\t<div class=\"bc-col\">Tue<\/div>\n\t\t\t\t<div class=\"bc-col\">Wed<\/div>\n\t\t\t\t<div class=\"bc-col\">Thu<\/div>\n\t\t\t\t<div class=\"bc-col\">Fri<\/div>\n\t\t\t\t<div class=\"bc-col\">Sat<\/div>\t\t\t\t<div class=\"bc-col\">Sun<\/div>\t\t\t<\/div>\n\t\t<\/div>\n\t\t<div class=\"bc-body\"><div class=\"bc-row week\"><div data-date=\"2026-03-30\" class=\"bc-col prev-month prev-date\"><span class=\"date\"><span class=\"number\">30<\/span><\/span><\/div><div data-date=\"2026-03-31\" class=\"bc-col prev-month prev-date\"><span class=\"date\"><span class=\"number\">31<\/span><\/span><\/div><div data-date=\"2026-04-1\" class=\"bc-col prev-date\"><span class=\"date\"><span class=\"number\">1<\/span><\/span><\/div><div data-date=\"2026-04-2\" class=\"bc-col prev-date\"><span class=\"date\"><span class=\"number\">2<\/span><\/span><\/div><div data-date=\"2026-04-3\" class=\"bc-col prev-date\"><span class=\"date\"><span class=\"number\">3<\/span><\/span><\/div><div data-date=\"2026-04-4\" class=\"bc-col prev-date\"><span class=\"date\"><span class=\"number\">4<\/span><\/span><\/div><div data-date=\"2026-04-5\" class=\"bc-col prev-date\"><span class=\"date\"><span class=\"number\">5<\/span><\/span><\/div><\/div><div class=\"bc-row week\"><div data-date=\"2026-04-6\" class=\"bc-col prev-date\"><span class=\"date\"><span class=\"number\">6<\/span><\/span><\/div><div data-date=\"2026-04-7\" class=\"bc-col prev-date\"><span class=\"date\"><span class=\"number\">7<\/span><\/span><\/div><div data-date=\"2026-04-8\" class=\"bc-col prev-date\"><span class=\"date\"><span class=\"number\">8<\/span><\/span><\/div><div data-date=\"2026-04-9\" class=\"bc-col prev-date\"><span class=\"date\"><span class=\"number\">9<\/span><\/span><\/div><div data-date=\"2026-04-10\" class=\"bc-col prev-date\"><span class=\"date\"><span class=\"number\">10<\/span><\/span><\/div><div data-date=\"2026-04-11\" class=\"bc-col prev-date\"><span class=\"date\"><span class=\"number\">11<\/span><\/span><\/div><div data-date=\"2026-04-12\" class=\"bc-col prev-date\"><span class=\"date\"><span class=\"number\">12<\/span><\/span><\/div><\/div><div class=\"bc-row week\"><div data-date=\"2026-04-13\" class=\"bc-col prev-date\"><span class=\"date\"><span class=\"number\">13<\/span><\/span><\/div><div data-date=\"2026-04-14\" class=\"bc-col prev-date\"><span class=\"date\"><span class=\"number\">14<\/span><\/span><\/div><div data-date=\"2026-04-15\" class=\"bc-col prev-date\"><span class=\"date\"><span class=\"number\">15<\/span><\/span><\/div><div data-date=\"2026-04-16\" class=\"bc-col prev-date\"><span class=\"date\"><span class=\"number\">16<\/span><\/span><\/div><div data-date=\"2026-04-17\" class=\"bc-col prev-date\"><span class=\"date\"><span class=\"number\">17<\/span><\/span><\/div><div data-date=\"2026-04-18\" class=\"bc-col prev-date\"><span class=\"date\"><span class=\"number\">18<\/span><\/span><\/div><div data-date=\"2026-04-19\" class=\"bc-col prev-date\"><span class=\"date\"><span class=\"number\">19<\/span><\/span><\/div><\/div><div class=\"bc-row week\"><div data-date=\"2026-04-20\" class=\"bc-col today\"><span class=\"date tooltipster\" title=\"6 Available\"><span class=\"number\">20<\/span><\/span><\/div><div data-date=\"2026-04-21\" class=\"bc-col \"><span class=\"date tooltipster\" title=\"20 Available\"><span class=\"number\">21<\/span><\/span><\/div><div data-date=\"2026-04-22\" class=\"bc-col \"><span class=\"date tooltipster\" title=\"3 Available\"><span class=\"number\">22<\/span><\/span><\/div><div data-date=\"2026-04-23\" class=\"bc-col \"><span class=\"date tooltipster\" title=\"6 Available\"><span class=\"number\">23<\/span><\/span><\/div><div data-date=\"2026-04-24\" class=\"bc-col prev-date\"><span class=\"date\"><span class=\"number\">24<\/span><\/span><\/div><div data-date=\"2026-04-25\" class=\"bc-col prev-date\"><span class=\"date\"><span class=\"number\">25<\/span><\/span><\/div><div data-date=\"2026-04-26\" class=\"bc-col prev-date\"><span class=\"date\"><span class=\"number\">26<\/span><\/span><\/div><\/div><div class=\"bc-row week\"><div data-date=\"2026-04-27\" class=\"bc-col \"><span class=\"date tooltipster\" title=\"8 Available\"><span class=\"number\">27<\/span><\/span><\/div><div data-date=\"2026-04-28\" class=\"bc-col \"><span class=\"date tooltipster\" title=\"20 Available\"><span class=\"number\">28<\/span><\/span><\/div><div data-date=\"2026-04-29\" class=\"bc-col \"><span class=\"date tooltipster\" title=\"3 Available\"><span class=\"number\">29<\/span><\/span><\/div><div data-date=\"2026-04-30\" class=\"bc-col \"><span class=\"date tooltipster\" title=\"6 Available\"><span class=\"number\">30<\/span><\/span><\/div><div data-date=\"2026-05-1\" class=\"bc-col next-month prev-date\"><span class=\"date\"><span class=\"number\">1<\/span><\/span><\/div><div data-date=\"2026-05-2\" class=\"bc-col next-month prev-date\"><span class=\"date\"><span class=\"number\">2<\/span><\/span><\/div><div data-date=\"2026-05-3\" class=\"bc-col next-month prev-date\"><span class=\"date\"><span class=\"number\">3<\/span><\/span><\/div><\/div>\t\t<\/div>\n\t<\/div><\/div><\/div><\/div><\/div>\n[\/column_1]<\/div><\/div>\n","protected":false},"excerpt":{"rendered":"<p>SAP \u00d6\u011frenme Y\u00f6netimi Sistemi (Learning Management System) \u00c7al\u0131\u015fanlar\u0131n bilgi ve becerilerini geli\u015ftirmeleri i\u00e7in kapsaml\u0131 bir e\u011fitim y\u00f6netim sistemi sunar. Bu mod\u00fcl, e\u011fitim s\u00fcre\u00e7lerini dijital ortama ta\u015f\u0131yarak kurumsal \u00f6\u011frenme k\u00fclt\u00fcr\u00fcn\u00fc destekler ve \u00e7al\u0131\u015fanlar\u0131n yetkinliklerini s\u00fcrekli g\u00fcncel tutmalar\u0131na yard\u0131mc\u0131 olur. \u015eirket i\u00e7i e\u011fitimlerin, sertifika programlar\u0131n\u0131n, yasal uyumluluk e\u011fitimlerinin ve ki\u015fisel geli\u015fim i\u00e7eriklerinin y\u00f6netilmesini sa\u011flar. Ana Fonksiyonlar\u0131 1-E\u011fitim&#8230;<\/p>","protected":false},"author":1,"featured_media":0,"parent":7774,"menu_order":0,"comment_status":"closed","ping_status":"closed","template":"","meta":{"footnotes":""},"class_list":["post-987761","page","type-page","status-publish","hentry"],"aioseo_notices":[],"_links":{"self":[{"href":"https:\/\/www.vesacons.com\/en\/wp-json\/wp\/v2\/pages\/987761","targetHints":{"allow":["GET"]}}],"collection":[{"href":"https:\/\/www.vesacons.com\/en\/wp-json\/wp\/v2\/pages"}],"about":[{"href":"https:\/\/www.vesacons.com\/en\/wp-json\/wp\/v2\/types\/page"}],"author":[{"embeddable":true,"href":"https:\/\/www.vesacons.com\/en\/wp-json\/wp\/v2\/users\/1"}],"replies":[{"embeddable":true,"href":"https:\/\/www.vesacons.com\/en\/wp-json\/wp\/v2\/comments?post=987761"}],"version-history":[{"count":13,"href":"https:\/\/www.vesacons.com\/en\/wp-json\/wp\/v2\/pages\/987761\/revisions"}],"predecessor-version":[{"id":988990,"href":"https:\/\/www.vesacons.com\/en\/wp-json\/wp\/v2\/pages\/987761\/revisions\/988990"}],"up":[{"embeddable":true,"href":"https:\/\/www.vesacons.com\/en\/wp-json\/wp\/v2\/pages\/7774"}],"wp:attachment":[{"href":"https:\/\/www.vesacons.com\/en\/wp-json\/wp\/v2\/media?parent=987761"}],"curies":[{"name":"wp","href":"https:\/\/api.w.org\/{rel}","templated":true}]}}