{"id":987764,"date":"2024-11-15T09:14:16","date_gmt":"2024-11-15T09:14:16","guid":{"rendered":"https:\/\/www.sercanmidik.com.tr\/?page_id=987764"},"modified":"2025-01-04T07:18:23","modified_gmt":"2025-01-04T07:18:23","slug":"time-tracking-modulu","status":"publish","type":"page","link":"https:\/\/www.vesacons.com\/en\/moduls\/time-tracking-modulu\/","title":{"rendered":"Time Management"},"content":{"rendered":"<div class=\"row \"><div class=\"wpv-grid grid-1-6  wpv-first-level first unextended\" style=\"padding-top:0px;padding-bottom:0px\" id=\"wpv-column-96ff8b39843d7a6a622a18ab8b9034ef\" ><\/div>\n<div class=\"wpv-grid grid-5-6  wpv-first-level has-background unextended\" style=\"\n\t\t\t\tbackground: url( 'http:\/\/www.sercanmidik.com.tr\/wp-content\/uploads\/2024\/12\/tt.jpg' ) no-repeat left center;\n\t\t\t\tbackground-size: auto;\n\t\t\tpadding-top:400px;padding-bottom:0px\" id=\"wpv-column-f51bbb90efc4db8d55d7c839f9141e96\" ><\/div><\/div>\n<div class=\"push\" style='height:50px'><\/div>\n<div class=\"row \"><div class=\"wpv-grid grid-1-6  wpv-first-level first unextended\" style=\"padding-top:0px;padding-bottom:0px\" id=\"wpv-column-9971d3dc96ae9f66fbf9ba0e1ba726e5\" ><div class=\"sep-3\"><\/div><\/div>\n<div class=\"wpv-grid grid-5-6  wpv-first-level unextended\" style=\"padding-top:0px;padding-bottom:0px\" id=\"wpv-column-94ca36b2728a46a9024468ffebe14c19\" ><div class=\"row \"><div class=\"wpv-grid grid-1-1  first unextended\" style=\"padding-top:0px;padding-bottom:0px\" id=\"wpv-column-e0779288360de1c071e9ecb692856a49\" ><blockquote><p><span style=\"color: #4a4a4a;\"><strong>SAP SuccessFactors Time Tracking<\/strong><\/span><\/p><\/blockquote>\n<p><span style=\"color: #4a4a4a;\"><div class=\"push\" style='height:10px'><\/div><\/span><\/p>\n<p><span style=\"color: #4a4a4a;\" data-teams=\"true\">\u00c7al\u0131\u015fanlar\u0131n \u00e7al\u0131\u015fma saatlerini, mesai kay\u0131tlar\u0131n\u0131 ve devams\u0131zl\u0131k durumlar\u0131n\u0131 takip etmek i\u00e7in geli\u015ftirilmi\u015f bir \u00e7\u00f6z\u00fcmd\u00fcr. Bu mod\u00fcl, \u00e7al\u0131\u015fanlar\u0131n g\u00fcnl\u00fck zaman kay\u0131tlar\u0131n\u0131, fazla mesai durumlar\u0131n\u0131 ve devams\u0131zl\u0131klar\u0131n\u0131 merkezi bir sistemde y\u00f6neterek \u0130K s\u00fcre\u00e7lerini daha verimli ve \u015feffaf hale getirir. Time Tracking Mod\u00fcl\u00fc, \u00f6zellikle i\u015f g\u00fcc\u00fc maliyetlerini kontrol alt\u0131nda tutmak, verimlili\u011fi art\u0131rmak ve yasal uyumlulu\u011fu sa\u011flamak i\u00e7in etkili bir ara\u00e7t\u0131r.<\/span><\/p>\n<p><span style=\"color: #4a4a4a;\"><div class=\"push\" style='height:10px'><\/div><\/span><\/p>\n<h3><span style=\"color: #4a4a4a;\" data-teams=\"true\">Ana Fonksiyonlar\u0131<\/span><\/h3>\n<p><span style=\"color: #4a4a4a;\"><div class=\"push\" style='height:10px'><\/div><\/span><\/div><\/div><\/div><\/div>\n<div class=\"row \"><div class=\"wpv-grid grid-1-6 add-border wpv-first-level first unextended\" style=\"padding-top:0px;padding-bottom:0px\" id=\"wpv-column-781de5e477fdc3b88345743d1f1ca60c\" ><div class=\"row \"><div class=\"wpv-grid grid-1-1  first unextended\" style=\"padding-top:0px;padding-bottom:0px\" id=\"wpv-column-01dcccf8c3725f49136b2c08c79d26a3\" >\n<div  data-href=\"https:\/\/www.sercanmidik.com.tr\/moduls\/calisan-merkezi\/\" tabindex=\"1\" data-target=\"_self\" class=\"linkarea clearfix accent1  background-transparent\">\n\t\t\t\t<div class=\"last\">\u00c7al\u0131\u015fan Merkezi<\/div>\n\t<\/div><\/div><\/div>\n<div class=\"row \"><div class=\"wpv-grid grid-1-1  first unextended\" style=\"padding-top:0px;padding-bottom:0px\" id=\"wpv-column-093107e8ff8b13dc834dc977de66eaf2\" >\n<div  data-href=\"https:\/\/www.sercanmidik.com.tr\/moduls\/calisan-merkezi-bordro\/\" tabindex=\"1\" data-target=\"_self\" class=\"linkarea clearfix accent1  background-transparent\">\n\t\t\t\t<div class=\"last\">\u00c7al\u0131\u015fan Merkezi Bordro<\/div>\n\t<\/div><\/div><\/div>\n<div class=\"row \"><div class=\"wpv-grid grid-1-1  first unextended\" style=\"padding-top:0px;padding-bottom:0px\" id=\"wpv-column-2a95365646815d1b5822235650a1efbc\" >\n<div  data-href=\"https:\/\/www.sercanmidik.com.tr\/moduls\/ise-alim\/\" tabindex=\"1\" data-target=\"_self\" class=\"linkarea clearfix accent1  background-transparent\">\n\t\t\t\t<div class=\"last\">\u0130\u015fe Al\u0131m<\/div>\n\t<\/div><\/div><\/div>\n<div class=\"row \"><div class=\"wpv-grid grid-1-1  first unextended\" style=\"padding-top:0px;padding-bottom:0px\" id=\"wpv-column-912b10e8d24b3fed865e13d7f898a6e3\" >\n<div  data-href=\"https:\/\/www.sercanmidik.com.tr\/moduls\/ise-baslatma\/\" tabindex=\"1\" data-target=\"_self\" class=\"linkarea clearfix accent1  background-transparent\">\n\t\t\t\t<div class=\"last\">Oryantasyon<\/div>\n\t<\/div><\/div><\/div>\n<div class=\"row \"><div class=\"wpv-grid grid-1-1  first unextended\" style=\"padding-top:0px;padding-bottom:0px\" id=\"wpv-column-eafeb17f3088c2ecedec4008b65485f2\" >\n<div  data-href=\"https:\/\/www.sercanmidik.com.tr\/moduls\/performans-yonetim-modulu\/\" tabindex=\"1\" data-target=\"_self\" class=\"linkarea clearfix accent1  background-transparent\">\n\t\t\t\t<div class=\"last\">Performans ve Hedef Y\u00f6netimi<\/div>\n\t<\/div><\/div><\/div>\n<div class=\"row \"><div class=\"wpv-grid grid-1-1  first unextended\" style=\"padding-top:0px;padding-bottom:0px\" id=\"wpv-column-89c2d96966b5b340174bac9dc23f1e30\" >\n<div  data-href=\"https:\/\/www.sercanmidik.com.tr\/moduls\/ucret-yonetimi\/\" tabindex=\"1\" data-target=\"_self\" class=\"linkarea clearfix accent1  background-transparent\">\n\t\t\t\t<div class=\"last\">\u00dccret Y\u00f6netimi<\/div>\n\t<\/div><\/div><\/div>\n<div class=\"row \"><div class=\"wpv-grid grid-1-1  first unextended\" style=\"padding-top:0px;padding-bottom:0px\" id=\"wpv-column-63b72e72cc474ec986fdd217be780b7b\" >\n<div  data-href=\"https:\/\/www.sercanmidik.com.tr\/moduls\/ogrenme\/\" tabindex=\"1\" data-target=\"_self\" class=\"linkarea clearfix accent1  background-transparent\">\n\t\t\t\t<div class=\"last\">\u00d6\u011frenme<\/div>\n\t<\/div><\/div><\/div>\n<div class=\"row \"><div class=\"wpv-grid grid-1-1  first unextended\" style=\"padding-top:0px;padding-bottom:0px\" id=\"wpv-column-46045a7fe2d6217d56fbeacc088db767\" >\n<div  data-href=\"https:\/\/www.sercanmidik.com.tr\/moduls\/kariyer-yedekleme-gelisim\/\" tabindex=\"1\" data-target=\"_self\" class=\"linkarea clearfix accent1  background-transparent\">\n\t\t\t\t<div class=\"last\">Kariyer Yedekleme ve Geli\u015fim<\/div>\n\t<\/div><\/div><\/div>\n<div class=\"row \"><div class=\"wpv-grid grid-1-1  first unextended\" style=\"padding-top:0px;padding-bottom:0px\" id=\"wpv-column-9db970a4a8987fad7744efd782a51407\" >\n<div  data-href=\"https:\/\/www.sercanmidik.com.tr\/moduls\/workzone\/\" tabindex=\"1\" data-target=\"_self\" class=\"linkarea clearfix accent1  background-transparent\">\n\t\t\t\t<div class=\"last\">Workzone<\/div>\n\t<\/div><\/div><\/div><\/div>\n<div class=\"wpv-grid grid-5-6  wpv-first-level unextended\" style=\"padding-top:0px;padding-bottom:0px\" id=\"wpv-column-e1e30fcd3cf3f018e5d03ca6515b8155\" ><div class=\"row \"><div class=\"wpv-grid grid-1-1  first unextended\" style=\"padding-top:0px;padding-bottom:0px\" id=\"wpv-column-8ccca318651ac9763d1cf8d05d800ecc\" ><h3><span style=\"color: #4a4a4a;\" data-teams=\"true\"><strong>1-Zaman Kayd\u0131 (Time Entry)<\/strong><\/span><\/h3>\n<p><span style=\"color: #4a4a4a;\" data-teams=\"true\">\u00c7al\u0131\u015fanlar\u0131n g\u00fcnl\u00fck, haftal\u0131k veya ayl\u0131k \u00e7al\u0131\u015fma s\u00fcrelerini kaydetmelerini sa\u011flar. Bu kay\u0131tlar manuel olarak yap\u0131labilece\u011fi gibi, entegre cihazlardan otomatik olarak da al\u0131nabilir.<\/span><br \/>\n<span style=\"color: #4a4a4a;\"><div class=\"push\" style='height:10px'><\/div><\/span><\/p>\n<h3><span style=\"color: #4a4a4a;\" data-teams=\"true\"><strong>2-Fazla Mesai ve \u00c7al\u0131\u015fma S\u00fcresi Y\u00f6netimi (Overtime &amp; Work Hours Management)<\/strong><\/span><\/h3>\n<p><span style=\"color: #4a4a4a;\" data-teams=\"true\">\u00c7al\u0131\u015fanlar\u0131n fazla mesai s\u00fcrelerini takip eder ve y\u00f6netir. \u015eirket politikalar\u0131na uygun olarak fazla mesai kurallar\u0131 belirlenebilir ve otomatik olarak uygulan\u0131r.<\/span><br \/>\n<span style=\"color: #4a4a4a;\"><div class=\"push\" style='height:10px'><\/div><\/span><\/p>\n<h3><span style=\"color: #4a4a4a;\" data-teams=\"true\"><strong>3-Esnek \u00c7al\u0131\u015fma Saatleri Y\u00f6netimi (Flexible Work Hours Management)<\/strong><\/span><\/h3>\n<p><span style=\"color: #4a4a4a;\" data-teams=\"true\">Farkl\u0131 vardiya ve esnek \u00e7al\u0131\u015fma d\u00fczenlerini destekler. \u00c7al\u0131\u015fanlar\u0131n esnek \u00e7al\u0131\u015fma saatlerine veya vardiya programlar\u0131na g\u00f6re zaman kay\u0131tlar\u0131n\u0131 yapmalar\u0131na imkan tan\u0131r.<\/span><br \/>\n<span style=\"color: #4a4a4a;\"><div class=\"push\" style='height:10px'><\/div><\/span><\/p>\n<h3><span style=\"color: #4a4a4a;\" data-teams=\"true\"><strong>4-\u0130zin ve Devams\u0131zl\u0131k Y\u00f6netimi Entegrasyonu (Leave &amp; Absence Integration)<\/strong><\/span><\/h3>\n<p><span style=\"color: #4a4a4a;\" data-teams=\"true\"> \u00c7al\u0131\u015fanlar\u0131n izin durumlar\u0131n\u0131 ve devams\u0131zl\u0131klar\u0131n\u0131 otomatik olarak zaman kay\u0131tlar\u0131na entegre eder. B\u00f6ylece, \u00e7al\u0131\u015fma s\u00fcresi hesaplamalar\u0131 s\u0131ras\u0131nda devams\u0131zl\u0131k durumlar\u0131 dikkate al\u0131n\u0131r.<\/span><br \/>\n<span style=\"color: #4a4a4a;\"><div class=\"push\" style='height:10px'><\/div><\/span><\/p>\n<h3><span style=\"color: #4a4a4a;\" data-teams=\"true\"><strong>5-Otomatik Kurallar ve Bildirimler<\/strong><\/span><\/h3>\n<p><span style=\"color: #4a4a4a;\" data-teams=\"true\">\u00c7al\u0131\u015fma saatlerine ili\u015fkin otomatik kurallar tan\u0131mlayarak, fazla mesai, vardiya de\u011fi\u015fiklikleri veya devams\u0131zl\u0131k durumlar\u0131nda ilgili ki\u015filere bildirimler g\u00f6nderir.<\/span><br \/>\n<span style=\"color: #4a4a4a;\"><div class=\"push\" style='height:10px'><\/div><\/span><\/p>\n<h3><span style=\"color: #4a4a4a;\" data-teams=\"true\"><strong>6-Self-Servis Zaman Y\u00f6netimi (Self-Service Time Management)<\/strong><\/span><\/h3>\n<p><span style=\"color: #4a4a4a;\" data-teams=\"true\">\u00c7al\u0131\u015fanlar kendi zaman kay\u0131tlar\u0131n\u0131 g\u00f6r\u00fcnt\u00fcleyebilir, g\u00fcncelleyebilir veya onaya sunabilirler. Bu, \u00e7al\u0131\u015fanlar\u0131n zaman kay\u0131tlar\u0131n\u0131 daha kolay y\u00f6netmelerine olanak tan\u0131r.<\/span><br \/>\n<span style=\"color: #4a4a4a;\"><div class=\"push\" style='height:10px'><\/div><\/span><\/p>\n<h3><span style=\"color: #4a4a4a;\" data-teams=\"true\"><strong>7-Mobil Eri\u015fim<\/strong><\/span><\/h3>\n<p><span style=\"color: #4a4a4a;\" data-teams=\"true\">Zaman kayd\u0131 ve devams\u0131zl\u0131k y\u00f6netimi mobil cihazlar \u00fczerinden yap\u0131labilir. Bu \u00f6zellik, saha \u00e7al\u0131\u015fanlar\u0131 veya uzaktan \u00e7al\u0131\u015fan ekipler i\u00e7in b\u00fcy\u00fck kolayl\u0131k sa\u011flar.<\/span><br \/>\n<span style=\"color: #4a4a4a;\"><div class=\"push\" style='height:10px'><\/div><\/span><\/p>\n<h3><span style=\"color: #4a4a4a;\" data-teams=\"true\"><strong>8-Raporlama ve Analitik<\/strong><\/span><\/h3>\n<p><span style=\"color: #4a4a4a;\" data-teams=\"true\">\u00c7al\u0131\u015fma saatleri, fazla mesai ve devams\u0131zl\u0131k durumlar\u0131na ili\u015fkin detayl\u0131 raporlar ve analizler sunar. Bu veriler, y\u00f6neticilerin i\u015f g\u00fcc\u00fc verimlili\u011fini ve maliyetleri de\u011ferlendirmesine yard\u0131mc\u0131 olur.<\/span><br \/>\n<span style=\"color: #4a4a4a;\"><div class=\"push\" style='height:10px'><\/div><\/span><\/p>\n<h3><span style=\"color: #4a4a4a;\" data-teams=\"true\"><strong>\u00a0 Kazan\u0131mlar<\/strong><\/span><\/h3>\n<p><span style=\"color: #4a4a4a;\"><div class=\"push\" style='height:10px'><\/div><\/span><\/p>\n<ul>\n<li><strong>Verimlilik ve \u0130\u015f G\u00fcc\u00fc Y\u00f6netimi<\/strong><\/li>\n<\/ul>\n<p><span style=\"color: #4a4a4a;\" data-teams=\"true\">\u00c7al\u0131\u015fma s\u00fcrelerinin do\u011fru bir \u015fekilde izlenmesi, i\u015f g\u00fcc\u00fcn\u00fcn etkin kullan\u0131m\u0131n\u0131 sa\u011flar ve verimlili\u011fi art\u0131r\u0131r.<\/span><br \/>\n<span style=\"color: #4a4a4a;\"><div class=\"push\" style='height:10px'><\/div><\/span><\/p>\n<ul>\n<li><strong>Do\u011fru \u00dccretlendirme<\/strong><\/li>\n<\/ul>\n<p><span style=\"color: #4a4a4a;\" data-teams=\"true\">\u00c7al\u0131\u015fma saatleri ve fazla mesai verileri ile \u00fccretlendirme s\u00fcre\u00e7lerinin daha do\u011fru yap\u0131lmas\u0131n\u0131 sa\u011flar, bu da \u00e7al\u0131\u015fan memnuniyetini art\u0131r\u0131r.<\/span><br \/>\n<span style=\"color: #4a4a4a;\"><div class=\"push\" style='height:10px'><\/div><\/span><\/p>\n<ul>\n<li><strong>Yasal Uyum ve Risk Azaltma<\/strong><\/li>\n<\/ul>\n<p><span style=\"color: #4a4a4a;\" data-teams=\"true\">Yasal gerekliliklere uygun olarak fazla mesai ve devams\u0131zl\u0131k takibini kolayla\u015ft\u0131r\u0131r, uyumluluk y\u00fck\u00fcml\u00fcl\u00fcklerini kar\u015f\u0131layarak cezai riskleri azalt\u0131r.<\/span><br \/>\n<span style=\"color: #4a4a4a;\"><div class=\"push\" style='height:10px'><\/div><\/span><\/p>\n<ul>\n<li><strong>Kapsaml\u0131 Raporlama ve Veri Analiti\u011fi<\/strong><\/li>\n<\/ul>\n<p><span style=\"color: #4a4a4a;\" data-teams=\"true\">Zaman kay\u0131tlar\u0131na ili\u015fkin detayl\u0131 veriler sunarak i\u015f g\u00fcc\u00fc maliyetlerini, verimlilik seviyelerini ve fazla mesai e\u011filimlerini analiz etme olana\u011f\u0131 sa\u011flar.<\/span><br \/>\n<span style=\"color: #4a4a4a;\"><div class=\"push\" style='height:10px'><\/div><\/span><\/p>\n<ul>\n<li><strong>\u00c7al\u0131\u015fan Deneyimini \u0130yile\u015ftirme<\/strong><\/li>\n<\/ul>\n<p><span style=\"color: #4a4a4a;\" data-teams=\"true\">Self-servis \u00f6zellikler ve mobil eri\u015fim sayesinde \u00e7al\u0131\u015fanlar, kendi zaman kay\u0131tlar\u0131n\u0131 kolayca y\u00f6netebilir ve g\u00fcncelleyebilir, bu da \u0130K s\u00fcre\u00e7lerinde esneklik sa\u011flar.<\/span><br \/>\n<span style=\"color: #4a4a4a;\"><div class=\"push\" style='height:10px'><\/div><\/span><\/p>\n<ul>\n<li><strong>Esneklik ve Vardiya Y\u00f6netimi<\/strong><\/li>\n<\/ul>\n<p><span style=\"color: #4a4a4a;\" data-teams=\"true\">Esnek \u00e7al\u0131\u015fma saatlerini ve vardiyalar\u0131 destekleyerek, farkl\u0131 \u00e7al\u0131\u015fma d\u00fczenlerine uyum sa\u011flar.<\/span><br \/>\n<span style=\"color: #4a4a4a;\"><div class=\"push\" style='height:10px'><\/div><\/span><\/p>\n<p><span style=\"color: #4a4a4a;\" data-teams=\"true\"><strong>SAP SuccessFactors Time Tracking Mod\u00fcl\u00fc<\/strong>, i\u015f g\u00fcc\u00fc y\u00f6netimini iyile\u015ftirerek \u015firketlerin \u00e7al\u0131\u015fma saatlerini daha etkin bir \u015fekilde takip etmelerine, maliyetleri optimize etmelerine ve uyumlulu\u011fu sa\u011flamalar\u0131na yard\u0131mc\u0131 olur. \u00c7al\u0131\u015fan verimlili\u011fini ve i\u015f g\u00fcc\u00fc y\u00f6netimini destekleyen bu mod\u00fcl, modern \u0130K s\u00fcre\u00e7lerinde kritik bir rol oynar.<\/span><\/div><\/div><\/div><\/div>\n<div class=\"row \"><div class=\"wpv-grid grid-1-1  wpv-first-level first unextended animation-from-bottom animated-active\" style=\"padding-top:15px;padding-bottom:15px\" id=\"wpv-column-12b883fbd11b65266e5d781936210970\" >\t\t<div class=\"sep-text single centered\">\n\t\t\t\t\t\t\t<span class=\"sep-text-before\"><div class=\"sep-text-line\"><\/div><\/span>\n\t\t\t\t\t\t<div class=\"content\">\n\t\t\t\t<h2 class=\"text-divider-double\">Detayl\u0131 Bilgi \u0130\u00e7in Bize Ula\u015f\u0131n!<\/h2>\t\t\t<\/div>\n\t\t\t<span class=\"sep-text-after\"><div class=\"sep-text-line\"><\/div><\/span>\n\t\t\t\t\t<\/div>\n\t<div class=\"push\" style='height:10px'><\/div>\n<div class=\"row \"><div class=\"wpv-grid grid-1-1  first unextended\" style=\"padding-top:0px;padding-bottom:0px\" id=\"wpv-column-9dbf935a4f6ac1d5e068ed8f142246fa\" ><p>\n<div class=\"wpcf7 no-js\" id=\"wpcf7-f9476-o1\" lang=\"en-US\" dir=\"ltr\" data-wpcf7-id=\"9476\">\n<div class=\"screen-reader-response\"><p role=\"status\" aria-live=\"polite\" aria-atomic=\"true\"><\/p> <ul><\/ul><\/div>\n<form action=\"\/en\/wp-json\/wp\/v2\/pages\/987764#wpcf7-f9476-o1\" method=\"post\" class=\"wpcf7-form init\" aria-label=\"Contact form\" novalidate=\"novalidate\" data-status=\"init\">\n<fieldset class=\"hidden-fields-container\"><input type=\"hidden\" name=\"_wpcf7\" value=\"9476\" \/><input type=\"hidden\" name=\"_wpcf7_version\" value=\"6.1.5\" \/><input type=\"hidden\" name=\"_wpcf7_locale\" value=\"en_US\" \/><input type=\"hidden\" name=\"_wpcf7_unit_tag\" value=\"wpcf7-f9476-o1\" \/><input type=\"hidden\" name=\"_wpcf7_container_post\" value=\"0\" \/><input type=\"hidden\" name=\"_wpcf7_posted_data_hash\" value=\"\" \/>\n<\/fieldset>\n<div class=\"row\">\n\t<div class=\"grid-1-3\">\n\t\t<p><span class=\"wpcf7-form-control-wrap\" data-name=\"Name\"><input size=\"40\" maxlength=\"400\" class=\"wpcf7-form-control wpcf7-text wpcf7-validates-as-required\" aria-required=\"true\" aria-invalid=\"false\" placeholder=\"Name\" value=\"\" type=\"text\" name=\"Name\" \/><\/span>\n\t\t<\/p>\n\t<\/div>\n\t<div class=\"grid-1-3\">\n\t\t<p><span class=\"wpcf7-form-control-wrap\" data-name=\"E-mail\"><input size=\"40\" maxlength=\"400\" class=\"wpcf7-form-control wpcf7-text wpcf7-validates-as-required\" aria-required=\"true\" aria-invalid=\"false\" placeholder=\"E-mail\" value=\"\" type=\"text\" name=\"E-mail\" \/><\/span>\n\t\t<\/p>\n\t<\/div>\n\t<div class=\"grid-1-3\">\n\t\t<p><span class=\"wpcf7-form-control-wrap\" data-name=\"Phone\"><input size=\"40\" maxlength=\"400\" class=\"wpcf7-form-control wpcf7-text\" aria-invalid=\"false\" placeholder=\"Phone\" value=\"\" type=\"text\" name=\"Phone\" \/><\/span>\n\t\t<\/p>\n\t<\/div>\n\t<div class=\"grid-1-1\">\n\t\t<p><span class=\"wpcf7-form-control-wrap\" data-name=\"Message\"><textarea cols=\"40\" rows=\"7\" maxlength=\"2000\" class=\"wpcf7-form-control wpcf7-textarea wpcf7-validates-as-required\" aria-required=\"true\" aria-invalid=\"false\" placeholder=\"Your message...\" name=\"Message\"><\/textarea><\/span>\n\t\t<\/p>\n\t<\/div>\n\t<div class=\"grid-1-1\">\n\t\t<p><input class=\"wpcf7-form-control wpcf7-submit has-spinner\" type=\"submit\" value=\"Send \u2192\" \/>\n\t\t<\/p>\n\t<\/div>\n<\/div><p style=\"display: none !important;\" class=\"akismet-fields-container\" data-prefix=\"_wpcf7_ak_\"><label>&#916;<textarea name=\"_wpcf7_ak_hp_textarea\" cols=\"45\" rows=\"8\" maxlength=\"100\"><\/textarea><\/label><input type=\"hidden\" id=\"ak_js_1\" name=\"_wpcf7_ak_js\" value=\"235\"\/><script>document.getElementById( \"ak_js_1\" ).setAttribute( \"value\", ( new Date() ).getTime() );<\/script><\/p><div class=\"wpcf7-response-output\" aria-hidden=\"true\"><\/div>\n<\/form>\n<\/div>\n<\/div><\/div><\/div><\/div>\n<div class=\"row \"><div class=\"wpv-grid grid-1-1  wpv-first-level first unextended animation-from-bottom animated-active\" style=\"padding-top:15px;padding-bottom:60px\" id=\"wpv-column-c830373fb93bc0e3850e36aaa5450e4d\" >\t\t<div class=\"sep-text single centered\">\n\t\t\t\t\t\t\t<span class=\"sep-text-before\"><div class=\"sep-text-line\"><\/div><\/span>\n\t\t\t\t\t\t<div class=\"content\">\n\t\t\t\t<h2 class=\"text-divider-double\">APPOINTMENT<\/h2>\t\t\t<\/div>\n\t\t\t<span class=\"sep-text-after\"><div class=\"sep-text-line\"><\/div><\/span>\n\t\t\t\t\t<\/div>\n\t<div class=\"push\" style='height:10px'><\/div>\n<div class=\"row \"><div class=\"wpv-grid grid-1-1  first unextended\" style=\"padding-top:0px;padding-bottom:0px\" id=\"wpv-column-c26f9287ab1edf6ff54e8ece99cf76d9\" ><p><div class=\"booked-calendar-shortcode-wrap\"><div class=\"booked-calendar-wrap large\"><div class=\"booked-calendar\" data-calendar-date=\"2026-04-01\">\n\t\t<div class=\"bc-head\">\n\n\t\t\t\n\t\t\t<div class=\"bc-row top\">\n\t\t\t\t<div class=\"bc-col\">\n\t\t\t\t\t\t\t\t\t\t<span class=\"calendarSavingState\">\n\t\t\t\t\t\t<i class=\"fa-solid fa-circle-notch fa-spin\"><\/i>\n\t\t\t\t\t<\/span>\n\t\t\t\t\t<span class=\"monthName\">\n\t\t\t\t\t\tApril 2026\t\t\t\t\t\t\t\t\t\t\t<\/span>\n\t\t\t\t\t<a href=\"#\" data-goto=\"2026-05-01\" class=\"page-right\"><i class=\"fa-solid fa-arrow-right\"><\/i><\/a>\t\t\t\t<\/div>\n\t\t\t<\/div>\n\t\t\t<div class=\"bc-row days\">\n\t\t\t\t\t\t\t\t<div class=\"bc-col\">Mon<\/div>\n\t\t\t\t<div class=\"bc-col\">Tue<\/div>\n\t\t\t\t<div class=\"bc-col\">Wed<\/div>\n\t\t\t\t<div class=\"bc-col\">Thu<\/div>\n\t\t\t\t<div class=\"bc-col\">Fri<\/div>\n\t\t\t\t<div class=\"bc-col\">Sat<\/div>\t\t\t\t<div class=\"bc-col\">Sun<\/div>\t\t\t<\/div>\n\t\t<\/div>\n\t\t<div class=\"bc-body\"><div class=\"bc-row week\"><div data-date=\"2026-03-30\" class=\"bc-col prev-month prev-date\"><span class=\"date\"><span class=\"number\">30<\/span><\/span><\/div><div data-date=\"2026-03-31\" class=\"bc-col prev-month prev-date\"><span class=\"date\"><span class=\"number\">31<\/span><\/span><\/div><div data-date=\"2026-04-1\" class=\"bc-col prev-date\"><span class=\"date\"><span class=\"number\">1<\/span><\/span><\/div><div data-date=\"2026-04-2\" class=\"bc-col prev-date\"><span class=\"date\"><span class=\"number\">2<\/span><\/span><\/div><div data-date=\"2026-04-3\" class=\"bc-col prev-date\"><span class=\"date\"><span class=\"number\">3<\/span><\/span><\/div><div data-date=\"2026-04-4\" class=\"bc-col prev-date\"><span class=\"date\"><span class=\"number\">4<\/span><\/span><\/div><div data-date=\"2026-04-5\" class=\"bc-col prev-date\"><span class=\"date\"><span class=\"number\">5<\/span><\/span><\/div><\/div><div class=\"bc-row week\"><div data-date=\"2026-04-6\" class=\"bc-col prev-date\"><span class=\"date\"><span class=\"number\">6<\/span><\/span><\/div><div data-date=\"2026-04-7\" class=\"bc-col prev-date\"><span class=\"date\"><span class=\"number\">7<\/span><\/span><\/div><div data-date=\"2026-04-8\" class=\"bc-col prev-date\"><span class=\"date\"><span class=\"number\">8<\/span><\/span><\/div><div data-date=\"2026-04-9\" class=\"bc-col prev-date\"><span class=\"date\"><span class=\"number\">9<\/span><\/span><\/div><div data-date=\"2026-04-10\" class=\"bc-col prev-date\"><span class=\"date\"><span class=\"number\">10<\/span><\/span><\/div><div data-date=\"2026-04-11\" class=\"bc-col prev-date\"><span class=\"date\"><span class=\"number\">11<\/span><\/span><\/div><div data-date=\"2026-04-12\" class=\"bc-col prev-date\"><span class=\"date\"><span class=\"number\">12<\/span><\/span><\/div><\/div><div class=\"bc-row week\"><div data-date=\"2026-04-13\" class=\"bc-col prev-date\"><span class=\"date\"><span class=\"number\">13<\/span><\/span><\/div><div data-date=\"2026-04-14\" class=\"bc-col prev-date\"><span class=\"date\"><span class=\"number\">14<\/span><\/span><\/div><div data-date=\"2026-04-15\" class=\"bc-col prev-date\"><span class=\"date\"><span class=\"number\">15<\/span><\/span><\/div><div data-date=\"2026-04-16\" class=\"bc-col prev-date\"><span class=\"date\"><span class=\"number\">16<\/span><\/span><\/div><div data-date=\"2026-04-17\" class=\"bc-col prev-date\"><span class=\"date\"><span class=\"number\">17<\/span><\/span><\/div><div data-date=\"2026-04-18\" class=\"bc-col prev-date\"><span class=\"date\"><span class=\"number\">18<\/span><\/span><\/div><div data-date=\"2026-04-19\" class=\"bc-col today prev-date\"><span class=\"date\"><span class=\"number\">19<\/span><\/span><\/div><\/div><div class=\"bc-row week\"><div data-date=\"2026-04-20\" class=\"bc-col \"><span class=\"date tooltipster\" title=\"8 Available\"><span class=\"number\">20<\/span><\/span><\/div><div data-date=\"2026-04-21\" class=\"bc-col \"><span class=\"date tooltipster\" title=\"20 Available\"><span class=\"number\">21<\/span><\/span><\/div><div data-date=\"2026-04-22\" class=\"bc-col \"><span class=\"date tooltipster\" title=\"3 Available\"><span class=\"number\">22<\/span><\/span><\/div><div data-date=\"2026-04-23\" class=\"bc-col \"><span class=\"date tooltipster\" title=\"6 Available\"><span class=\"number\">23<\/span><\/span><\/div><div data-date=\"2026-04-24\" class=\"bc-col prev-date\"><span class=\"date\"><span class=\"number\">24<\/span><\/span><\/div><div data-date=\"2026-04-25\" class=\"bc-col prev-date\"><span class=\"date\"><span class=\"number\">25<\/span><\/span><\/div><div data-date=\"2026-04-26\" class=\"bc-col prev-date\"><span class=\"date\"><span class=\"number\">26<\/span><\/span><\/div><\/div><div class=\"bc-row week\"><div data-date=\"2026-04-27\" class=\"bc-col \"><span class=\"date tooltipster\" title=\"8 Available\"><span class=\"number\">27<\/span><\/span><\/div><div data-date=\"2026-04-28\" class=\"bc-col \"><span class=\"date tooltipster\" title=\"20 Available\"><span class=\"number\">28<\/span><\/span><\/div><div data-date=\"2026-04-29\" class=\"bc-col \"><span class=\"date tooltipster\" title=\"3 Available\"><span class=\"number\">29<\/span><\/span><\/div><div data-date=\"2026-04-30\" class=\"bc-col \"><span class=\"date tooltipster\" title=\"6 Available\"><span class=\"number\">30<\/span><\/span><\/div><div data-date=\"2026-05-1\" class=\"bc-col next-month prev-date\"><span class=\"date\"><span class=\"number\">1<\/span><\/span><\/div><div data-date=\"2026-05-2\" class=\"bc-col next-month prev-date\"><span class=\"date\"><span class=\"number\">2<\/span><\/span><\/div><div data-date=\"2026-05-3\" class=\"bc-col next-month prev-date\"><span class=\"date\"><span class=\"number\">3<\/span><\/span><\/div><\/div>\t\t<\/div>\n\t<\/div><\/div><\/div><\/div><\/div>\n[\/column_1]<\/div><\/div>\n","protected":false},"excerpt":{"rendered":"<p>SAP SuccessFactors Time Tracking \u00c7al\u0131\u015fanlar\u0131n \u00e7al\u0131\u015fma saatlerini, mesai kay\u0131tlar\u0131n\u0131 ve devams\u0131zl\u0131k durumlar\u0131n\u0131 takip etmek i\u00e7in geli\u015ftirilmi\u015f bir \u00e7\u00f6z\u00fcmd\u00fcr. Bu mod\u00fcl, \u00e7al\u0131\u015fanlar\u0131n g\u00fcnl\u00fck zaman kay\u0131tlar\u0131n\u0131, fazla mesai durumlar\u0131n\u0131 ve devams\u0131zl\u0131klar\u0131n\u0131 merkezi bir sistemde y\u00f6neterek \u0130K s\u00fcre\u00e7lerini daha verimli ve \u015feffaf hale getirir. Time Tracking Mod\u00fcl\u00fc, \u00f6zellikle i\u015f g\u00fcc\u00fc maliyetlerini kontrol alt\u0131nda tutmak, verimlili\u011fi art\u0131rmak ve yasal&#8230;<\/p>","protected":false},"author":1,"featured_media":0,"parent":7774,"menu_order":0,"comment_status":"closed","ping_status":"closed","template":"","meta":{"footnotes":""},"class_list":["post-987764","page","type-page","status-publish","hentry"],"aioseo_notices":[],"_links":{"self":[{"href":"https:\/\/www.vesacons.com\/en\/wp-json\/wp\/v2\/pages\/987764","targetHints":{"allow":["GET"]}}],"collection":[{"href":"https:\/\/www.vesacons.com\/en\/wp-json\/wp\/v2\/pages"}],"about":[{"href":"https:\/\/www.vesacons.com\/en\/wp-json\/wp\/v2\/types\/page"}],"author":[{"embeddable":true,"href":"https:\/\/www.vesacons.com\/en\/wp-json\/wp\/v2\/users\/1"}],"replies":[{"embeddable":true,"href":"https:\/\/www.vesacons.com\/en\/wp-json\/wp\/v2\/comments?post=987764"}],"version-history":[{"count":13,"href":"https:\/\/www.vesacons.com\/en\/wp-json\/wp\/v2\/pages\/987764\/revisions"}],"predecessor-version":[{"id":988974,"href":"https:\/\/www.vesacons.com\/en\/wp-json\/wp\/v2\/pages\/987764\/revisions\/988974"}],"up":[{"embeddable":true,"href":"https:\/\/www.vesacons.com\/en\/wp-json\/wp\/v2\/pages\/7774"}],"wp:attachment":[{"href":"https:\/\/www.vesacons.com\/en\/wp-json\/wp\/v2\/media?parent=987764"}],"curies":[{"name":"wp","href":"https:\/\/api.w.org\/{rel}","templated":true}]}}