{"id":987938,"date":"2024-11-15T10:20:28","date_gmt":"2024-11-15T10:20:28","guid":{"rendered":"https:\/\/www.sercanmidik.com.tr\/?page_id=987938"},"modified":"2025-01-05T22:00:37","modified_gmt":"2025-01-05T22:00:37","slug":"workzone","status":"publish","type":"page","link":"https:\/\/www.vesacons.com\/en\/moduls\/workzone\/","title":{"rendered":"Workzone"},"content":{"rendered":"<div class=\"row \"><div class=\"wpv-grid grid-1-6  wpv-first-level first unextended\" style=\"padding-top:0px;padding-bottom:0px\" id=\"wpv-column-b69e7a8eee7fedac573dd1dac07b6dc8\" ><\/div>\n<div class=\"wpv-grid grid-5-6  wpv-first-level has-background unextended\" style=\"\n\t\t\t\tbackground: url( 'http:\/\/www.sercanmidik.com.tr\/wp-content\/uploads\/2024\/12\/WIP.gif' ) no-repeat left center;\n\t\t\t\tbackground-size: auto;\n\t\t\tpadding-top:400px;padding-bottom:0px\" id=\"wpv-column-bc55f9226f5928960aaa330db8596ff4\" ><\/div><\/div>\n<div class=\"push\" style='height:50px'><\/div>\n<div class=\"row \"><div class=\"wpv-grid grid-1-6  wpv-first-level first unextended\" style=\"padding-top:0px;padding-bottom:0px\" id=\"wpv-column-61a52029391825c4e0f5c23a47fa1c08\" ><div class=\"sep-3\"><\/div><\/div>\n<div class=\"wpv-grid grid-5-6  wpv-first-level unextended\" style=\"padding-top:0px;padding-bottom:0px\" id=\"wpv-column-f5086e9c2a90f462dc21b3ab1d528183\" ><div class=\"row \"><div class=\"wpv-grid grid-1-1  first unextended\" style=\"padding-top:0px;padding-bottom:0px\" id=\"wpv-column-aa2437356b67623b49e1467f43b028ab\" ><blockquote><p><span style=\"color: #333333;\"><strong>Workzone<\/strong><\/span><br \/>\n<div class=\"push\" style='height:20px'><\/div><\/blockquote>\n<p><span data-teams=\"true\">\u00c7al\u0131\u015fan deneyimini iyile\u015ftirmek, ileti\u015fimi g\u00fc\u00e7lendirmek ve i\u015f birli\u011fini art\u0131rmak i\u00e7in tasarlanm\u0131\u015f, kullan\u0131c\u0131 dostu bir dijital \u00e7al\u0131\u015fma alan\u0131d\u0131r. Bu mod\u00fcl, \u00e7al\u0131\u015fanlar\u0131n ihtiya\u00e7 duydu\u011fu bilgilere, ara\u00e7lara ve kaynaklara merkezi bir platform \u00fczerinden kolayca eri\u015fmelerini sa\u011flar. Work Zone, \u00f6zellikle karma\u015f\u0131k i\u015f s\u00fcre\u00e7lerini daha verimli bir hale getirmek ve \u00e7al\u0131\u015fanlar\u0131n g\u00fcnl\u00fck i\u015flerini kolayla\u015ft\u0131rmak i\u00e7in kurumsal uygulamalar\u0131n entegrasyonunu destekler.<\/span><\/p>\n<div class=\"push\" style='height:20px'><\/div>\n<h3><span data-teams=\"true\">Ana Fonksiyonlar\u0131<\/span><\/h3>\n<div class=\"push\" style='height:10px'><\/div><\/div><\/div><\/div><\/div>\n<div class=\"row \"><div class=\"wpv-grid grid-1-6 add-border wpv-first-level first unextended\" style=\"padding-top:0px;padding-bottom:0px\" id=\"wpv-column-46b6655b7f01450e93e8d9160333ed5b\" ><div class=\"row \"><div class=\"wpv-grid grid-1-1  first unextended\" style=\"padding-top:0px;padding-bottom:0px\" id=\"wpv-column-fb504d1e89f00712fd747e730cf28e68\" >\n<div  data-href=\"https:\/\/www.sercanmidik.com.tr\/moduls\/calisan-merkezi\/\" tabindex=\"1\" data-target=\"_self\" class=\"linkarea clearfix accent1  background-transparent\">\n\t\t\t\t<div class=\"last\">\u00c7al\u0131\u015fan Merkezi<\/div>\n\t<\/div><\/div><\/div>\n<div class=\"row \"><div class=\"wpv-grid grid-1-1  first unextended\" style=\"padding-top:0px;padding-bottom:0px\" id=\"wpv-column-41429872ffb0faaf7e31de2edb303d47\" >\n<div  data-href=\"https:\/\/www.sercanmidik.com.tr\/moduls\/calisan-merkezi-bordro\/\" tabindex=\"1\" data-target=\"_self\" class=\"linkarea clearfix accent1  background-transparent\">\n\t\t\t\t<div class=\"last\">\u00c7al\u0131\u015fan Merkezi Bordro<\/div>\n\t<\/div><\/div><\/div>\n<div class=\"row \"><div class=\"wpv-grid grid-1-1  first unextended\" style=\"padding-top:0px;padding-bottom:0px\" id=\"wpv-column-4850149a1831bf505448f621eabda224\" >\n<div  data-href=\"https:\/\/www.sercanmidik.com.tr\/moduls\/ise-alim\/\" tabindex=\"1\" data-target=\"_self\" class=\"linkarea clearfix accent1  background-transparent\">\n\t\t\t\t<div class=\"last\">\u0130\u015fe Al\u0131m<\/div>\n\t<\/div><\/div><\/div>\n<div class=\"row \"><div class=\"wpv-grid grid-1-1  first unextended\" style=\"padding-top:0px;padding-bottom:0px\" id=\"wpv-column-3572c66f92386304c392f1a270902408\" >\n<div  data-href=\"https:\/\/www.sercanmidik.com.tr\/moduls\/ise-baslatma\/\" tabindex=\"1\" data-target=\"_self\" class=\"linkarea clearfix accent1  background-transparent\">\n\t\t\t\t<div class=\"last\">Oryantasyon<\/div>\n\t<\/div><\/div><\/div>\n<div class=\"row \"><div class=\"wpv-grid grid-1-1  first unextended\" style=\"padding-top:0px;padding-bottom:0px\" id=\"wpv-column-f49700149f56e787c25b0c4f2b3dd50f\" >\n<div  data-href=\"https:\/\/www.sercanmidik.com.tr\/moduls\/performans-yonetim-modulu\/\" tabindex=\"1\" data-target=\"_self\" class=\"linkarea clearfix accent1  background-transparent\">\n\t\t\t\t<div class=\"last\">Performans ve Hedef Y\u00f6netimi<\/div>\n\t<\/div><\/div><\/div>\n<div class=\"row \"><div class=\"wpv-grid grid-1-1  first unextended\" style=\"padding-top:0px;padding-bottom:0px\" id=\"wpv-column-c09cc2bb4c4e6e5da20305c40050c49c\" >\n<div  data-href=\"https:\/\/www.sercanmidik.com.tr\/moduls\/ucret-yonetimi\/\" tabindex=\"1\" data-target=\"_self\" class=\"linkarea clearfix accent1  background-transparent\">\n\t\t\t\t<div class=\"last\">\u00dccret Y\u00f6netimi<\/div>\n\t<\/div><\/div><\/div>\n<div class=\"row \"><div class=\"wpv-grid grid-1-1  first unextended\" style=\"padding-top:0px;padding-bottom:0px\" id=\"wpv-column-14867021cb8d60d5a074aad5d6f95914\" >\n<div  data-href=\"https:\/\/www.sercanmidik.com.tr\/moduls\/ogrenme\/\" tabindex=\"1\" data-target=\"_self\" class=\"linkarea clearfix accent1  background-transparent\">\n\t\t\t\t<div class=\"last\">\u00d6\u011frenme<\/div>\n\t<\/div><\/div><\/div>\n<div class=\"row \"><div class=\"wpv-grid grid-1-1  first unextended\" style=\"padding-top:0px;padding-bottom:0px\" id=\"wpv-column-cbb855b0d452159f9c27ea528d79a9ca\" >\n<div  data-href=\"https:\/\/www.sercanmidik.com.tr\/moduls\/kariyer-yedekleme-gelisim\/\" tabindex=\"1\" data-target=\"_self\" class=\"linkarea clearfix accent1  background-transparent\">\n\t\t\t\t<div class=\"last\">Kariyer Yedekleme ve Geli\u015fim<\/div>\n\t<\/div><\/div><\/div>\n<div class=\"row \"><div class=\"wpv-grid grid-1-1  first unextended\" style=\"padding-top:0px;padding-bottom:0px\" id=\"wpv-column-b1baf29704f985ac74373a834f05936a\" >\n<div  data-href=\"https:\/\/www.sercanmidik.com.tr\/moduls\/time-tracking-modulu\/\" tabindex=\"1\" data-target=\"_self\" class=\"linkarea clearfix accent1  background-transparent\">\n\t\t\t\t<div class=\"last\">Zaman Y\u00f6netimi<\/div>\n\t<\/div><\/div><\/div><\/div>\n<div class=\"wpv-grid grid-5-6  wpv-first-level unextended\" style=\"padding-top:0px;padding-bottom:0px\" id=\"wpv-column-57e220fc0d9acfd34375ede57dc66fde\" ><div class=\"row \"><div class=\"wpv-grid grid-1-1  first unextended\" style=\"padding-top:0px;padding-bottom:0px\" id=\"wpv-column-0fac1734291422d232abad539d078155\" ><h3><span data-teams=\"true\"><strong>1-Merkezi \u00c7al\u0131\u015fma Alan\u0131 (Centralized Workspace)<\/strong><\/span><\/h3>\n<p><span data-teams=\"true\">\u00c7al\u0131\u015fanlar i\u00e7in bir merkez olu\u015fturur; belgeler, uygulamalar, duyurular, e\u011fitim kaynaklar\u0131 ve i\u015f birli\u011fi ara\u00e7lar\u0131 tek bir platformda toplan\u0131r. Bu, i\u015f ak\u0131\u015flar\u0131n\u0131 ve bilgiye eri\u015fimi h\u0131zland\u0131r\u0131r.<\/span><br \/>\n<div class=\"push\" style='height:10px'><\/div>\n<h3><span data-teams=\"true\"><strong>2-Ki\u015fiselle\u015ftirilmi\u015f \u0130\u00e7erik ve Dashboard<\/strong><\/span><\/h3>\n<p><span data-teams=\"true\">\u00c7al\u0131\u015fanlar\u0131n rollerine, pozisyonlar\u0131na ve ihtiya\u00e7lar\u0131na g\u00f6re ki\u015fiselle\u015ftirilmi\u015f i\u00e7erikler sunar. Kullan\u0131c\u0131lar kendilerine \u00f6zel bir ana ekran olu\u015fturabilir, s\u0131k kulland\u0131klar\u0131 uygulama ve belgeleri kolayca eri\u015filebilir hale getirebilir.<\/span><\/p>\n<div class=\"push\" style='height:10px'><\/div>\n<h3><span data-teams=\"true\"><strong>3-\u0130leti\u015fim ve \u0130\u015f Birli\u011fi Ara\u00e7lar\u0131<\/strong><\/span><\/h3>\n<p><span data-teams=\"true\">Sohbet, forumlar, duyurular ve topluluk \u00f6zellikleri ile \u00e7al\u0131\u015fanlar\u0131n ileti\u015fim kurmalar\u0131n\u0131 ve i\u015f birli\u011fi yapmalar\u0131n\u0131 kolayla\u015ft\u0131r\u0131r. Bu \u00f6zellik, \u00f6zellikle ekiplerin birlikte \u00e7al\u0131\u015fmas\u0131n\u0131 ve bilgi payla\u015f\u0131m\u0131n\u0131 destekler.<\/span><\/p>\n<div class=\"push\" style='height:10px'><\/div>\n<h3><span data-teams=\"true\"><strong>4-G\u00f6rev Y\u00f6netimi ve Takvim<\/strong><\/span><\/h3>\n<p><span data-teams=\"true\">\u00c7al\u0131\u015fanlar\u0131n g\u00fcnl\u00fck g\u00f6revlerini planlayabilmeleri ve i\u015f s\u00fcre\u00e7lerini takip edebilmeleri i\u00e7in bir g\u00f6rev y\u00f6netimi arac\u0131 sunar. Takvim entegrasyonu sayesinde \u00f6nemli toplant\u0131lar, teslim tarihleri ve g\u00f6revler kolayca y\u00f6netilebilir.<\/span><\/p>\n<div class=\"push\" style='height:10px'><\/div>\n<h3><span data-teams=\"true\"><strong>5-SAP ve \u00dc\u00e7\u00fcnc\u00fc Parti Entegrasyonlar<\/strong><\/span><\/h3>\n<p><span data-teams=\"true\">SAP SuccessFactors ve di\u011fer SAP \u00e7\u00f6z\u00fcmleri ile uyumlu oldu\u011fu gibi, farkl\u0131 \u00fc\u00e7\u00fcnc\u00fc parti uygulamalarla da entegre edilebilir. Bu, \u00e7al\u0131\u015fanlar\u0131n ihtiya\u00e7 duyduklar\u0131 t\u00fcm ara\u00e7lara tek bir yerden eri\u015fmelerini sa\u011flar.<\/span><\/p>\n<div class=\"push\" style='height:10px'><\/div>\n<h3><span data-teams=\"true\"><strong>6-E\u011fitim ve Geli\u015fim Entegrasyonu<\/strong><\/span><\/h3>\n<p><span data-teams=\"true\">SAP SuccessFactors \u00d6\u011frenme Mod\u00fcl\u00fc ile entegre olarak \u00e7al\u0131\u015fanlar e\u011fitim kaynaklar\u0131na ve geli\u015fim i\u00e7eriklerine do\u011frudan eri\u015febilir. Bu, \u00f6\u011frenme s\u00fcrecini g\u00fcnl\u00fck i\u015f ak\u0131\u015f\u0131n\u0131n bir par\u00e7as\u0131 haline getirir.<\/span><\/p>\n<div class=\"push\" style='height:10px'><\/div>\n<h3><span data-teams=\"true\"><strong>7-Bilgi ve Kaynak Y\u00f6netimi<\/strong><\/span><\/h3>\n<p><span data-teams=\"true\">\u015eirket politikalar\u0131, prosed\u00fcrler, talimatlar ve di\u011fer belgeler merkezi bir yerde saklan\u0131r. Bu, \u00f6zellikle yeni \u00e7al\u0131\u015fanlar i\u00e7in bilgiye eri\u015fimi kolayla\u015ft\u0131r\u0131r ve bilgi ak\u0131\u015f\u0131n\u0131 d\u00fczenler.<\/span><\/p>\n<div class=\"push\" style='height:10px'><\/div>\n<h3><span data-teams=\"true\"><strong>8-Mobil Uyum<\/strong><\/span><\/h3>\n<p><span data-teams=\"true\">\u00c7al\u0131\u015fanlar, Work Zone&#8217;a mobil cihazlardan eri\u015ferek g\u00f6revlerini, duyurular\u0131 ve i\u015f birli\u011fi s\u00fcre\u00e7lerini istedikleri yerden y\u00f6netebilirler. Mobil uyum, \u00f6zellikle sahada \u00e7al\u0131\u015fan ekipler i\u00e7in avantaj sa\u011flar.<\/span><\/p>\n<div class=\"push\" style='height:10px'><\/div>\n<h3><span data-teams=\"true\"><strong>\u00a0 Kazan\u0131mlar<\/strong><\/span><\/h3>\n<div class=\"push\" style='height:10px'><\/div>\n<ul>\n<li><strong>\u00c7al\u0131\u015fan Ba\u011fl\u0131l\u0131\u011f\u0131 ve Memnuniyetinin Artmas\u0131<\/strong><br \/>\n<span data-teams=\"true\">Kullan\u0131c\u0131 dostu ve ki\u015fiselle\u015ftirilebilir bir dijital \u00e7al\u0131\u015fma alan\u0131 sunarak \u00e7al\u0131\u015fanlar\u0131n i\u015f s\u00fcre\u00e7lerine olan ba\u011fl\u0131l\u0131\u011f\u0131n\u0131 ve memnuniyetini art\u0131r\u0131r.<\/span><\/li>\n<li><strong>Verimlilik Art\u0131\u015f\u0131<\/strong><br \/>\n<span data-teams=\"true\">\u0130htiya\u00e7 duyulan bilgilere ve ara\u00e7lara h\u0131zl\u0131 eri\u015fim, \u00e7al\u0131\u015fanlar\u0131n zaman kaybetmeden i\u015flerini yapmalar\u0131na olanak tan\u0131r ve i\u015f s\u00fcre\u00e7lerini h\u0131zland\u0131r\u0131r.<\/span><div class=\"push\" style='height:10px'><\/div><\/li>\n<li><strong>\u00c7al\u0131\u015fan Ba\u011fl\u0131l\u0131\u011f\u0131n\u0131n Artmas\u0131<\/strong><br \/>\n<span data-teams=\"true\">Rekabet\u00e7i bir \u00fccret ve yan haklar sistemi ile \u00e7al\u0131\u015fanlar\u0131n kuruma ba\u011fl\u0131l\u0131\u011f\u0131 artar ve yeteneklerin elde tutulmas\u0131 kolayla\u015f\u0131r.<\/span><div class=\"push\" style='height:10px'><\/div><\/li>\n<li><strong>Geli\u015fmi\u015f \u0130leti\u015fim ve \u0130\u015f Birli\u011fi<\/strong><br \/>\n<span data-teams=\"true\">\u0130\u015f birli\u011fini ve ileti\u015fimi art\u0131rarak, ekiplerin birlikte daha etkin \u00e7al\u0131\u015fmas\u0131n\u0131 sa\u011flar. Bu, uzaktan veya hibrit \u00e7al\u0131\u015fan ekipler i\u00e7in \u00f6zellikle faydal\u0131d\u0131r.<\/span><div class=\"push\" style='height:10px'><\/div><\/li>\n<li><strong>Bilgiye Kolay Eri\u015fim<\/strong><br \/>\n<span data-teams=\"true\">T\u00fcm \u015firket dok\u00fcmanlar\u0131, prosed\u00fcrler ve kaynaklar tek bir platformda toplanarak \u00e7al\u0131\u015fanlar\u0131n bilgiye kolayca ula\u015fmas\u0131n\u0131 sa\u011flar.<\/span><div class=\"push\" style='height:10px'><\/div><\/li>\n<li><strong>Uyumluluk ve Standartlara Uygunluk<\/strong><br \/>\n<span data-teams=\"true\">Belge ve prosed\u00fcrlerin merkezi olarak saklanmas\u0131, \u015firket i\u00e7i uyumlulu\u011fun korunmas\u0131na yard\u0131mc\u0131 olur ve yeni \u00e7al\u0131\u015fanlar\u0131n daha h\u0131zl\u0131 adapte olmas\u0131n\u0131 sa\u011flar.<\/span><div class=\"push\" style='height:10px'><\/div><\/li>\n<li><strong>Daha H\u0131zl\u0131 \u00d6\u011frenme ve Geli\u015fim<\/strong><br \/>\n<span data-teams=\"true\">E\u011fitim i\u00e7eriklerine ve geli\u015fim kaynaklar\u0131na h\u0131zl\u0131 eri\u015fim sa\u011flayarak \u00e7al\u0131\u015fanlar\u0131n bilgi ve becerilerini geli\u015ftirmelerini destekler.<\/span><div class=\"push\" style='height:10px'><\/div><span data-teams=\"true\"><strong>SAP SuccessFactors Work Zone Mod\u00fcl\u00fc<\/strong>, i\u015f s\u00fcre\u00e7lerini daha etkili hale getirerek \u00e7al\u0131\u015fan deneyimini iyile\u015ftirir ve kurum i\u00e7indeki bilgiye eri\u015fim s\u00fcre\u00e7lerini h\u0131zland\u0131r\u0131r. Bu mod\u00fcl, organizasyonlar\u0131n i\u015f g\u00fcc\u00fcn\u00fc daha verimli, i\u015f birli\u011fine dayal\u0131 ve dijital bir \u00e7al\u0131\u015fma ortam\u0131na d\u00f6n\u00fc\u015ft\u00fcrmelerine katk\u0131 sa\u011flar.<\/span><\/li>\n<\/ul><\/div><\/div><\/div><\/div>\n<div class=\"row \"><div class=\"wpv-grid grid-1-1  wpv-first-level first unextended animation-from-bottom animated-active\" style=\"padding-top:15px;padding-bottom:15px\" id=\"wpv-column-9339ec1191a3433585fa1c65d0f5f790\" >\t\t<div class=\"sep-text single centered\">\n\t\t\t\t\t\t\t<span class=\"sep-text-before\"><div class=\"sep-text-line\"><\/div><\/span>\n\t\t\t\t\t\t<div class=\"content\">\n\t\t\t\t<h2 class=\"text-divider-double\">Detayl\u0131 Bilgi \u0130\u00e7in Bize Ula\u015f\u0131n!<\/h2>\t\t\t<\/div>\n\t\t\t<span class=\"sep-text-after\"><div class=\"sep-text-line\"><\/div><\/span>\n\t\t\t\t\t<\/div>\n\t<div class=\"push\" style='height:10px'><\/div>\n<div class=\"row \"><div class=\"wpv-grid grid-1-1  first unextended\" style=\"padding-top:0px;padding-bottom:0px\" id=\"wpv-column-0027de140955fd1e8537fd33d0c35dea\" ><p>\n<div class=\"wpcf7 no-js\" id=\"wpcf7-f9476-o1\" lang=\"en-US\" dir=\"ltr\" data-wpcf7-id=\"9476\">\n<div class=\"screen-reader-response\"><p role=\"status\" aria-live=\"polite\" aria-atomic=\"true\"><\/p> <ul><\/ul><\/div>\n<form action=\"\/en\/wp-json\/wp\/v2\/pages\/987938#wpcf7-f9476-o1\" method=\"post\" class=\"wpcf7-form init\" aria-label=\"Contact form\" novalidate=\"novalidate\" data-status=\"init\">\n<fieldset class=\"hidden-fields-container\"><input type=\"hidden\" name=\"_wpcf7\" value=\"9476\" \/><input type=\"hidden\" name=\"_wpcf7_version\" value=\"6.1.5\" \/><input type=\"hidden\" name=\"_wpcf7_locale\" value=\"en_US\" \/><input type=\"hidden\" name=\"_wpcf7_unit_tag\" value=\"wpcf7-f9476-o1\" \/><input type=\"hidden\" name=\"_wpcf7_container_post\" value=\"0\" \/><input type=\"hidden\" name=\"_wpcf7_posted_data_hash\" value=\"\" \/>\n<\/fieldset>\n<div class=\"row\">\n\t<div class=\"grid-1-3\">\n\t\t<p><span class=\"wpcf7-form-control-wrap\" data-name=\"Name\"><input size=\"40\" maxlength=\"400\" class=\"wpcf7-form-control wpcf7-text wpcf7-validates-as-required\" aria-required=\"true\" aria-invalid=\"false\" placeholder=\"Name\" value=\"\" type=\"text\" name=\"Name\" \/><\/span>\n\t\t<\/p>\n\t<\/div>\n\t<div class=\"grid-1-3\">\n\t\t<p><span class=\"wpcf7-form-control-wrap\" data-name=\"E-mail\"><input size=\"40\" maxlength=\"400\" class=\"wpcf7-form-control wpcf7-text wpcf7-validates-as-required\" aria-required=\"true\" aria-invalid=\"false\" placeholder=\"E-mail\" value=\"\" type=\"text\" name=\"E-mail\" \/><\/span>\n\t\t<\/p>\n\t<\/div>\n\t<div class=\"grid-1-3\">\n\t\t<p><span class=\"wpcf7-form-control-wrap\" data-name=\"Phone\"><input size=\"40\" maxlength=\"400\" class=\"wpcf7-form-control wpcf7-text\" aria-invalid=\"false\" placeholder=\"Phone\" value=\"\" type=\"text\" name=\"Phone\" \/><\/span>\n\t\t<\/p>\n\t<\/div>\n\t<div class=\"grid-1-1\">\n\t\t<p><span class=\"wpcf7-form-control-wrap\" data-name=\"Message\"><textarea cols=\"40\" rows=\"7\" maxlength=\"2000\" class=\"wpcf7-form-control wpcf7-textarea wpcf7-validates-as-required\" aria-required=\"true\" aria-invalid=\"false\" placeholder=\"Your message...\" name=\"Message\"><\/textarea><\/span>\n\t\t<\/p>\n\t<\/div>\n\t<div class=\"grid-1-1\">\n\t\t<p><input class=\"wpcf7-form-control wpcf7-submit has-spinner\" type=\"submit\" value=\"Send \u2192\" \/>\n\t\t<\/p>\n\t<\/div>\n<\/div><p style=\"display: none !important;\" class=\"akismet-fields-container\" data-prefix=\"_wpcf7_ak_\"><label>&#916;<textarea name=\"_wpcf7_ak_hp_textarea\" cols=\"45\" rows=\"8\" maxlength=\"100\"><\/textarea><\/label><input type=\"hidden\" id=\"ak_js_1\" name=\"_wpcf7_ak_js\" value=\"215\"\/><script>document.getElementById( \"ak_js_1\" ).setAttribute( \"value\", ( new Date() ).getTime() );<\/script><\/p><div class=\"wpcf7-response-output\" aria-hidden=\"true\"><\/div>\n<\/form>\n<\/div>\n<\/div><\/div><\/div><\/div>\n<div class=\"row \"><div class=\"wpv-grid grid-1-1  wpv-first-level first unextended animation-from-bottom animated-active\" style=\"padding-top:15px;padding-bottom:60px\" id=\"wpv-column-8b6bb31649eb70f30fa99ee46cd865b3\" >\t\t<div class=\"sep-text single centered\">\n\t\t\t\t\t\t\t<span class=\"sep-text-before\"><div class=\"sep-text-line\"><\/div><\/span>\n\t\t\t\t\t\t<div class=\"content\">\n\t\t\t\t<h2 class=\"text-divider-double\">APPOINTMENT<\/h2>\t\t\t<\/div>\n\t\t\t<span class=\"sep-text-after\"><div class=\"sep-text-line\"><\/div><\/span>\n\t\t\t\t\t<\/div>\n\t<div class=\"push\" style='height:10px'><\/div>\n<div class=\"row \"><div class=\"wpv-grid grid-1-1  first unextended\" style=\"padding-top:0px;padding-bottom:0px\" id=\"wpv-column-e2f2ad67126443bd63fa962ce9306a83\" ><p><div class=\"booked-calendar-shortcode-wrap\"><div class=\"booked-calendar-wrap large\"><div class=\"booked-calendar\" data-calendar-date=\"2026-04-01\">\n\t\t<div class=\"bc-head\">\n\n\t\t\t\n\t\t\t<div class=\"bc-row top\">\n\t\t\t\t<div class=\"bc-col\">\n\t\t\t\t\t\t\t\t\t\t<span class=\"calendarSavingState\">\n\t\t\t\t\t\t<i class=\"fa-solid fa-circle-notch fa-spin\"><\/i>\n\t\t\t\t\t<\/span>\n\t\t\t\t\t<span class=\"monthName\">\n\t\t\t\t\t\tApril 2026\t\t\t\t\t\t\t\t\t\t\t<\/span>\n\t\t\t\t\t<a href=\"#\" data-goto=\"2026-05-01\" class=\"page-right\"><i class=\"fa-solid fa-arrow-right\"><\/i><\/a>\t\t\t\t<\/div>\n\t\t\t<\/div>\n\t\t\t<div class=\"bc-row days\">\n\t\t\t\t\t\t\t\t<div class=\"bc-col\">Mon<\/div>\n\t\t\t\t<div class=\"bc-col\">Tue<\/div>\n\t\t\t\t<div class=\"bc-col\">Wed<\/div>\n\t\t\t\t<div class=\"bc-col\">Thu<\/div>\n\t\t\t\t<div class=\"bc-col\">Fri<\/div>\n\t\t\t\t<div class=\"bc-col\">Sat<\/div>\t\t\t\t<div class=\"bc-col\">Sun<\/div>\t\t\t<\/div>\n\t\t<\/div>\n\t\t<div class=\"bc-body\"><div class=\"bc-row week\"><div data-date=\"2026-03-30\" class=\"bc-col prev-month prev-date\"><span class=\"date\"><span class=\"number\">30<\/span><\/span><\/div><div data-date=\"2026-03-31\" class=\"bc-col prev-month prev-date\"><span class=\"date\"><span class=\"number\">31<\/span><\/span><\/div><div data-date=\"2026-04-1\" class=\"bc-col prev-date\"><span class=\"date\"><span class=\"number\">1<\/span><\/span><\/div><div data-date=\"2026-04-2\" class=\"bc-col prev-date\"><span class=\"date\"><span class=\"number\">2<\/span><\/span><\/div><div data-date=\"2026-04-3\" class=\"bc-col prev-date\"><span class=\"date\"><span class=\"number\">3<\/span><\/span><\/div><div data-date=\"2026-04-4\" class=\"bc-col prev-date\"><span class=\"date\"><span class=\"number\">4<\/span><\/span><\/div><div data-date=\"2026-04-5\" class=\"bc-col prev-date\"><span class=\"date\"><span class=\"number\">5<\/span><\/span><\/div><\/div><div class=\"bc-row week\"><div data-date=\"2026-04-6\" class=\"bc-col prev-date\"><span class=\"date\"><span class=\"number\">6<\/span><\/span><\/div><div data-date=\"2026-04-7\" class=\"bc-col prev-date\"><span class=\"date\"><span class=\"number\">7<\/span><\/span><\/div><div data-date=\"2026-04-8\" class=\"bc-col prev-date\"><span class=\"date\"><span class=\"number\">8<\/span><\/span><\/div><div data-date=\"2026-04-9\" class=\"bc-col prev-date\"><span class=\"date\"><span class=\"number\">9<\/span><\/span><\/div><div data-date=\"2026-04-10\" class=\"bc-col prev-date\"><span class=\"date\"><span class=\"number\">10<\/span><\/span><\/div><div data-date=\"2026-04-11\" class=\"bc-col prev-date\"><span class=\"date\"><span class=\"number\">11<\/span><\/span><\/div><div data-date=\"2026-04-12\" class=\"bc-col prev-date\"><span class=\"date\"><span class=\"number\">12<\/span><\/span><\/div><\/div><div class=\"bc-row week\"><div data-date=\"2026-04-13\" class=\"bc-col prev-date\"><span class=\"date\"><span class=\"number\">13<\/span><\/span><\/div><div data-date=\"2026-04-14\" class=\"bc-col prev-date\"><span class=\"date\"><span class=\"number\">14<\/span><\/span><\/div><div data-date=\"2026-04-15\" class=\"bc-col prev-date\"><span class=\"date\"><span class=\"number\">15<\/span><\/span><\/div><div data-date=\"2026-04-16\" class=\"bc-col prev-date\"><span class=\"date\"><span class=\"number\">16<\/span><\/span><\/div><div data-date=\"2026-04-17\" class=\"bc-col today prev-date\"><span class=\"date\"><span class=\"number\">17<\/span><\/span><\/div><div data-date=\"2026-04-18\" class=\"bc-col prev-date\"><span class=\"date\"><span class=\"number\">18<\/span><\/span><\/div><div data-date=\"2026-04-19\" class=\"bc-col prev-date\"><span class=\"date\"><span class=\"number\">19<\/span><\/span><\/div><\/div><div class=\"bc-row week\"><div data-date=\"2026-04-20\" class=\"bc-col \"><span class=\"date tooltipster\" title=\"8 Available\"><span class=\"number\">20<\/span><\/span><\/div><div data-date=\"2026-04-21\" class=\"bc-col \"><span class=\"date tooltipster\" title=\"20 Available\"><span class=\"number\">21<\/span><\/span><\/div><div data-date=\"2026-04-22\" class=\"bc-col \"><span class=\"date tooltipster\" title=\"3 Available\"><span class=\"number\">22<\/span><\/span><\/div><div data-date=\"2026-04-23\" class=\"bc-col \"><span class=\"date tooltipster\" title=\"6 Available\"><span class=\"number\">23<\/span><\/span><\/div><div data-date=\"2026-04-24\" class=\"bc-col prev-date\"><span class=\"date\"><span class=\"number\">24<\/span><\/span><\/div><div data-date=\"2026-04-25\" class=\"bc-col prev-date\"><span class=\"date\"><span class=\"number\">25<\/span><\/span><\/div><div data-date=\"2026-04-26\" class=\"bc-col prev-date\"><span class=\"date\"><span class=\"number\">26<\/span><\/span><\/div><\/div><div class=\"bc-row week\"><div data-date=\"2026-04-27\" class=\"bc-col \"><span class=\"date tooltipster\" title=\"8 Available\"><span class=\"number\">27<\/span><\/span><\/div><div data-date=\"2026-04-28\" class=\"bc-col \"><span class=\"date tooltipster\" title=\"20 Available\"><span class=\"number\">28<\/span><\/span><\/div><div data-date=\"2026-04-29\" class=\"bc-col \"><span class=\"date tooltipster\" title=\"3 Available\"><span class=\"number\">29<\/span><\/span><\/div><div data-date=\"2026-04-30\" class=\"bc-col \"><span class=\"date tooltipster\" title=\"6 Available\"><span class=\"number\">30<\/span><\/span><\/div><div data-date=\"2026-05-1\" class=\"bc-col next-month prev-date\"><span class=\"date\"><span class=\"number\">1<\/span><\/span><\/div><div data-date=\"2026-05-2\" class=\"bc-col next-month prev-date\"><span class=\"date\"><span class=\"number\">2<\/span><\/span><\/div><div data-date=\"2026-05-3\" class=\"bc-col next-month prev-date\"><span class=\"date\"><span class=\"number\">3<\/span><\/span><\/div><\/div>\t\t<\/div>\n\t<\/div><\/div><\/div><\/div><\/div>\n[\/column_1]<\/div><\/div>\n","protected":false},"excerpt":{"rendered":"<p>Workzone \u00c7al\u0131\u015fan deneyimini iyile\u015ftirmek, ileti\u015fimi g\u00fc\u00e7lendirmek ve i\u015f birli\u011fini art\u0131rmak i\u00e7in tasarlanm\u0131\u015f, kullan\u0131c\u0131 dostu bir dijital \u00e7al\u0131\u015fma alan\u0131d\u0131r. Bu mod\u00fcl, \u00e7al\u0131\u015fanlar\u0131n ihtiya\u00e7 duydu\u011fu bilgilere, ara\u00e7lara ve kaynaklara merkezi bir platform \u00fczerinden kolayca eri\u015fmelerini sa\u011flar. Work Zone, \u00f6zellikle karma\u015f\u0131k i\u015f s\u00fcre\u00e7lerini daha verimli bir hale getirmek ve \u00e7al\u0131\u015fanlar\u0131n g\u00fcnl\u00fck i\u015flerini kolayla\u015ft\u0131rmak i\u00e7in kurumsal uygulamalar\u0131n entegrasyonunu destekler&#8230;.<\/p>","protected":false},"author":1,"featured_media":0,"parent":7774,"menu_order":0,"comment_status":"closed","ping_status":"closed","template":"","meta":{"footnotes":""},"class_list":["post-987938","page","type-page","status-publish","hentry"],"aioseo_notices":[],"_links":{"self":[{"href":"https:\/\/www.vesacons.com\/en\/wp-json\/wp\/v2\/pages\/987938","targetHints":{"allow":["GET"]}}],"collection":[{"href":"https:\/\/www.vesacons.com\/en\/wp-json\/wp\/v2\/pages"}],"about":[{"href":"https:\/\/www.vesacons.com\/en\/wp-json\/wp\/v2\/types\/page"}],"author":[{"embeddable":true,"href":"https:\/\/www.vesacons.com\/en\/wp-json\/wp\/v2\/users\/1"}],"replies":[{"embeddable":true,"href":"https:\/\/www.vesacons.com\/en\/wp-json\/wp\/v2\/comments?post=987938"}],"version-history":[{"count":11,"href":"https:\/\/www.vesacons.com\/en\/wp-json\/wp\/v2\/pages\/987938\/revisions"}],"predecessor-version":[{"id":988989,"href":"https:\/\/www.vesacons.com\/en\/wp-json\/wp\/v2\/pages\/987938\/revisions\/988989"}],"up":[{"embeddable":true,"href":"https:\/\/www.vesacons.com\/en\/wp-json\/wp\/v2\/pages\/7774"}],"wp:attachment":[{"href":"https:\/\/www.vesacons.com\/en\/wp-json\/wp\/v2\/media?parent=987938"}],"curies":[{"name":"wp","href":"https:\/\/api.w.org\/{rel}","templated":true}]}}