{"id":987950,"date":"2024-11-15T12:27:08","date_gmt":"2024-11-15T12:27:08","guid":{"rendered":"https:\/\/www.sercanmidik.com.tr\/?page_id=987950"},"modified":"2025-01-04T06:52:53","modified_gmt":"2025-01-04T06:52:53","slug":"kariyer-yedekleme-gelisim","status":"publish","type":"page","link":"https:\/\/www.vesacons.com\/en\/moduls\/kariyer-yedekleme-gelisim\/","title":{"rendered":"Career Succession and Development"},"content":{"rendered":"<div class=\"row \"><div class=\"wpv-grid grid-1-6  wpv-first-level first unextended\" style=\"padding-top:0px;padding-bottom:0px\" id=\"wpv-column-bc8aba467d48427d0cfc6146861b713a\" ><\/div>\n<div class=\"wpv-grid grid-5-6  wpv-first-level has-background unextended\" style=\"\n\t\t\t\tbackground: url( 'http:\/\/www.sercanmidik.com.tr\/wp-content\/uploads\/2024\/12\/sd-wp-2.jpg' ) no-repeat left center;\n\t\t\t\tbackground-size: auto;\n\t\t\tpadding-top:400px;padding-bottom:0px\" id=\"wpv-column-40a6993b80022699dfc49bbeb85094ee\" ><\/div><\/div>\n<div class=\"push\" style='height:50px'><\/div>\n<div class=\"row \"><div class=\"wpv-grid grid-1-6  wpv-first-level first unextended\" style=\"padding-top:0px;padding-bottom:0px\" id=\"wpv-column-4e74425bd42c7b5c909cc1530dba2479\" ><div class=\"sep-3\"><\/div><\/div>\n<div class=\"wpv-grid grid-5-6  wpv-first-level unextended\" style=\"padding-top:0px;padding-bottom:0px\" id=\"wpv-column-cb75cb6bd5686da9688c802c129a1a60\" ><div class=\"row \"><div class=\"wpv-grid grid-1-1  first unextended\" style=\"padding-top:0px;padding-bottom:0px\" id=\"wpv-column-c02976ecd03588abcb7b7b23ad9c9d4f\" ><blockquote><p><span style=\"color: #4a4a4a;\"><strong>SAP SuccessFactors Kariyer Yedekleme ve Geli\u015fim(Sucession&amp;Development)<\/strong><\/span><\/p><\/blockquote>\n<p><span style=\"color: #4a4a4a;\"><div class=\"push\" style='height:20px'><\/div><\/span><br \/>\n<span style=\"color: #4a4a4a;\">Kurumlar\u0131n gelecekteki liderlerini ve kritik pozisyonlar i\u00e7in yetenekli \u00e7al\u0131\u015fanlar\u0131 belirleyip geli\u015ftirmelerine yard\u0131mc\u0131 olan bir mod\u00fcld\u00fcr. Bu mod\u00fcl, yetenek y\u00f6netimini stratejik bir \u015fekilde ele alarak, \u00e7al\u0131\u015fanlar\u0131n kariyer hedeflerini destekler ve kurumsal ba\u015far\u0131 i\u00e7in gelecekteki potansiyel liderleri yeti\u015ftirme s\u00fcrecini h\u0131zland\u0131r\u0131r. Yedekleme planlar\u0131 ve geli\u015fim f\u0131rsatlar\u0131 sunarak organizasyonlar\u0131n s\u00fcrd\u00fcr\u00fclebilir b\u00fcy\u00fcme sa\u011flamalar\u0131na katk\u0131da bulunur.<\/span><\/p>\n<p><span style=\"color: #4a4a4a;\"><div class=\"push\" style='height:20px'><\/div><\/span><\/p>\n<h3><span style=\"color: #4a4a4a;\" data-teams=\"true\">Ana Fonksiyonlar\u0131<\/span><\/h3>\n<p><span style=\"color: #4a4a4a;\"><div class=\"push\" style='height:10px'><\/div><\/span><\/div><\/div><\/div><\/div>\n<div class=\"row \"><div class=\"wpv-grid grid-1-6 add-border wpv-first-level first unextended\" style=\"padding-top:0px;padding-bottom:0px\" id=\"wpv-column-67c15c54e8508e8dd38a0f71cbf3f46d\" ><div class=\"row \"><div class=\"wpv-grid grid-1-1  first unextended\" style=\"padding-top:0px;padding-bottom:0px\" id=\"wpv-column-758ff3a82e6e20d14456ce2f40e47851\" >\n<div  data-href=\"https:\/\/www.sercanmidik.com.tr\/moduls\/calisan-merkezi\/\" tabindex=\"1\" data-target=\"_self\" class=\"linkarea clearfix accent1  background-transparent\">\n\t\t\t\t<div class=\"last\">\u00c7al\u0131\u015fan Merkezi<\/div>\n\t<\/div><\/div><\/div>\n<div class=\"row \"><div class=\"wpv-grid grid-1-1  first unextended\" style=\"padding-top:0px;padding-bottom:0px\" id=\"wpv-column-c5977dc9d3bb3b276a95cd2d183f40f1\" >\n<div  data-href=\"https:\/\/www.sercanmidik.com.tr\/moduls\/calisan-merkezi-bordro\/\" tabindex=\"1\" data-target=\"_self\" class=\"linkarea clearfix accent1  background-transparent\">\n\t\t\t\t<div class=\"last\">\u00c7al\u0131\u015fan Merkezi Bordro<\/div>\n\t<\/div><\/div><\/div>\n<div class=\"row \"><div class=\"wpv-grid grid-1-1  first unextended\" style=\"padding-top:0px;padding-bottom:0px\" id=\"wpv-column-0a4ac7930da45f3a8964101d019854db\" >\n<div  data-href=\"https:\/\/www.sercanmidik.com.tr\/moduls\/ise-alim\/\" tabindex=\"1\" data-target=\"_self\" class=\"linkarea clearfix accent1  background-transparent\">\n\t\t\t\t<div class=\"last\">\u0130\u015fe Al\u0131m<\/div>\n\t<\/div><\/div><\/div>\n<div class=\"row \"><div class=\"wpv-grid grid-1-1  first unextended\" style=\"padding-top:0px;padding-bottom:0px\" id=\"wpv-column-c3a8597d0b6cd59da6f1008ee2760cc5\" >\n<div  data-href=\"https:\/\/www.sercanmidik.com.tr\/moduls\/ise-baslatma\/\" tabindex=\"1\" data-target=\"_self\" class=\"linkarea clearfix accent1  background-transparent\">\n\t\t\t\t<div class=\"last\">Oryantasyon<\/div>\n\t<\/div><\/div><\/div>\n<div class=\"row \"><div class=\"wpv-grid grid-1-1  first unextended\" style=\"padding-top:0px;padding-bottom:0px\" id=\"wpv-column-3fdb9a461222248e5939d602ea928aca\" >\n<div  data-href=\"https:\/\/www.sercanmidik.com.tr\/moduls\/performans-yonetim-modulu\/\" tabindex=\"1\" data-target=\"_self\" class=\"linkarea clearfix accent1  background-transparent\">\n\t\t\t\t<div class=\"last\">Performans ve Hedef Y\u00f6netimi<\/div>\n\t<\/div><\/div><\/div>\n<div class=\"row \"><div class=\"wpv-grid grid-1-1  first unextended\" style=\"padding-top:0px;padding-bottom:0px\" id=\"wpv-column-4a70f89805af916ceadfe6c6f2907c44\" >\n<div  data-href=\"https:\/\/www.sercanmidik.com.tr\/moduls\/ucret-yonetimi\/\" tabindex=\"1\" data-target=\"_self\" class=\"linkarea clearfix accent1  background-transparent\">\n\t\t\t\t<div class=\"last\">\u00dccret Y\u00f6netimi<\/div>\n\t<\/div><\/div><\/div>\n<div class=\"row \"><div class=\"wpv-grid grid-1-1  first unextended\" style=\"padding-top:0px;padding-bottom:0px\" id=\"wpv-column-61fe40b2bd704769fba20d115a085262\" >\n<div  data-href=\"https:\/\/www.sercanmidik.com.tr\/moduls\/ogrenme\/\" tabindex=\"1\" data-target=\"_self\" class=\"linkarea clearfix accent1  background-transparent\">\n\t\t\t\t<div class=\"last\">\u00d6\u011frenme<\/div>\n\t<\/div><\/div><\/div>\n<div class=\"row \"><div class=\"wpv-grid grid-1-1  first unextended\" style=\"padding-top:0px;padding-bottom:0px\" id=\"wpv-column-8f954638845b3f367b36e18bce73ab1b\" >\n<div  data-href=\"https:\/\/www.sercanmidik.com.tr\/moduls\/time-tracking-modulu\/\" tabindex=\"1\" data-target=\"_self\" class=\"linkarea clearfix accent1  background-transparent\">\n\t\t\t\t<div class=\"last\">Zaman Y\u00f6netimi<\/div>\n\t<\/div><\/div><\/div>\n<div class=\"row \"><div class=\"wpv-grid grid-1-1  first unextended\" style=\"padding-top:0px;padding-bottom:0px\" id=\"wpv-column-f5b47848b24bc6b2e6d204dfdd6426f6\" >\n<div  data-href=\"https:\/\/www.sercanmidik.com.tr\/moduls\/workzone\/\" tabindex=\"1\" data-target=\"_self\" class=\"linkarea clearfix accent1  background-transparent\">\n\t\t\t\t<div class=\"last\">Workzone<\/div>\n\t<\/div><\/div><\/div><\/div>\n<div class=\"wpv-grid grid-5-6  wpv-first-level unextended\" style=\"padding-top:0px;padding-bottom:0px\" id=\"wpv-column-aa5aec71cf9a134cab962e8bae829791\" ><div class=\"row \"><div class=\"wpv-grid grid-1-1  first unextended\" style=\"padding-top:0px;padding-bottom:0px\" id=\"wpv-column-8df0c0052c46fe41c7973622239caaa4\" ><h3><span style=\"color: #4a4a4a;\" data-teams=\"true\"><strong>1-Yedekleme Planlamas\u0131 (Succession Planning): <\/strong><\/span><\/h3>\n<p><span style=\"color: #4a4a4a;\">Kritik pozisyonlar i\u00e7in yedekleme planlar\u0131 yaparak, gelecekteki liderlik bo\u015fluklar\u0131n\u0131 kapatmay\u0131 hedefler. Bu sayede pozisyon de\u011fi\u015fiklikleri s\u0131ras\u0131nda s\u00fcre\u00e7lerin aksamadan devam etmesi sa\u011flan\u0131r.<\/span><br \/>\n<span style=\"color: #4a4a4a;\"><div class=\"push\" style='height:10px'><\/div><\/span><\/p>\n<h3><span style=\"color: #4a4a4a;\" data-teams=\"true\"><strong>2-Kariyer Yolu Planlama (Career Pathing)<\/strong><\/span><\/h3>\n<p><span style=\"color: #4a4a4a;\">\u00c7al\u0131\u015fanlara kariyerlerinde izleyebilecekleri farkl\u0131 yol haritalar\u0131 sunar. \u00c7al\u0131\u015fanlar\u0131n ilgi alanlar\u0131 ve yetkinliklerine uygun kariyer yollar\u0131 belirlenir, bu da \u00e7al\u0131\u015fanlar\u0131n kariyer hedeflerine ula\u015fmalar\u0131na yard\u0131mc\u0131 olur.<\/span><\/p>\n<p><span style=\"color: #4a4a4a;\"><div class=\"push\" style='height:10px'><\/div><\/span><\/p>\n<h3><span style=\"color: #4a4a4a;\" data-teams=\"true\"><strong>3-Yetenek De\u011ferlendirme ve Potansiyel Tespiti (Talent Assessment &amp; Potential Identification)<\/strong><\/span><\/h3>\n<p><span style=\"color: #4a4a4a;\">\u00c7al\u0131\u015fanlar\u0131n yetkinliklerini ve potansiyellerini de\u011ferlendirir. Bu s\u00fcre\u00e7, hangi \u00e7al\u0131\u015fanlar\u0131n liderlik rollerine uygun oldu\u011funu veya hangi yeteneklerin geli\u015ftirilmesi gerekti\u011fini belirler.<\/span><\/p>\n<p><span style=\"color: #4a4a4a;\"><div class=\"push\" style='height:10px'><\/div><\/span><\/p>\n<h3><span style=\"color: #4a4a4a;\" data-teams=\"true\"><strong>4-Geli\u015fim Planlar\u0131 (Development Plans)<\/strong><\/span><\/h3>\n<p><span style=\"color: #4a4a4a;\">\u00c7al\u0131\u015fanlar\u0131n ki\u015fisel ve profesyonel geli\u015fim hedeflerine y\u00f6nelik planlar olu\u015fturur. Bu planlar, \u00e7al\u0131\u015fanlar\u0131n kariyerlerinde ihtiya\u00e7 duyacaklar\u0131 beceri ve yetkinlikleri kazanmalar\u0131n\u0131 destekler.<\/span><\/p>\n<p><span style=\"color: #4a4a4a;\"><div class=\"push\" style='height:10px'><\/div><\/span><\/p>\n<h3><span style=\"color: #4a4a4a;\" data-teams=\"true\"><strong>5-Mentorluk ve Ko\u00e7luk Atamalar\u0131 (Mentoring &amp; Coaching Assignments)<\/strong><\/span><\/h3>\n<p><span style=\"color: #4a4a4a;\">Yedekleme plan\u0131 kapsam\u0131nda potansiyel \u00e7al\u0131\u015fanlara mentorluk ve ko\u00e7luk f\u0131rsatlar\u0131 sunarak deneyim kazanmalar\u0131na destek olur. B\u00f6ylece \u00e7al\u0131\u015fanlar hem kurum k\u00fclt\u00fcr\u00fcn\u00fc hem de liderlik becerilerini geli\u015ftirebilirler.<\/span><\/p>\n<p><span style=\"color: #4a4a4a;\"><div class=\"push\" style='height:10px'><\/div><\/span><\/p>\n<h3><span style=\"color: #4a4a4a;\" data-teams=\"true\"><strong>6-Performans ve Geli\u015fim Takibi<\/strong><\/span><\/h3>\n<p><span style=\"color: #4a4a4a;\">\u00c7al\u0131\u015fanlar\u0131n performanslar\u0131 ve geli\u015fim s\u00fcre\u00e7leri izlenir ve de\u011ferlendirilir. B\u00f6ylece yedekleme planlar\u0131, ger\u00e7ek zamanl\u0131 verilere dayanarak g\u00fcncellenebilir.<\/span><\/p>\n<p><span style=\"color: #4a4a4a;\"><div class=\"push\" style='height:10px'><\/div><\/span><\/p>\n<h3><span style=\"color: #4a4a4a;\" data-teams=\"true\"><strong>7-9 Kutu Matrisi (9-Box Grid)<\/strong><\/span><\/h3>\n<p><span style=\"color: #4a4a4a;\" data-teams=\"true\">\u00c7al\u0131\u015fanlar\u0131n performans ve potansiyel d\u00fczeylerinin g\u00f6rsel olarak analiz edilmesini sa\u011flar. Bu analiz ile y\u00fcksek potansiyele sahip \u00e7al\u0131\u015fanlar kolayca tespit edilebilir.<\/span><\/p>\n<p><span style=\"color: #4a4a4a;\"><div class=\"push\" style='height:10px'><\/div><\/span><\/p>\n<h3><span style=\"color: #4a4a4a;\" data-teams=\"true\"><strong>8-Raporlama ve Analitik<\/strong><\/span><\/h3>\n<p><span style=\"color: #4a4a4a;\">Yedekleme ve kariyer geli\u015fimiyle ilgili detayl\u0131 analiz ve raporlama \u00f6zellikleri sunarak, y\u00f6neticilerin do\u011fru yetenekleri belirlemesine ve stratejik kararlar almas\u0131na olanak tan\u0131r.<\/span><\/p>\n<p><span style=\"color: #4a4a4a;\"><div class=\"push\" style='height:10px'><\/div><\/span><\/p>\n<h3><span style=\"color: #4a4a4a;\" data-teams=\"true\"><strong>\u00a0 Kazan\u0131mlar<\/strong><\/span><\/h3>\n<ul>\n<li><span style=\"color: #4a4a4a;\"><strong>\u00a0Yetenek S\u00fcreklili\u011fi Sa\u011flama<\/strong><\/span><\/li>\n<\/ul>\n<p><span style=\"color: #4a4a4a;\">Yedekleme planlar\u0131 sayesinde \u00f6nemli pozisyonlar i\u00e7in \u00f6nceden haz\u0131rl\u0131k yap\u0131l\u0131r, b\u00f6ylece beklenmedik durumlarda s\u00fcreklilik sa\u011flan\u0131r.<\/span><\/p>\n<p><span style=\"color: #4a4a4a;\"><div class=\"push\" style='height:10px'><\/div><\/span><\/p>\n<ul>\n<li><span style=\"color: #4a4a4a;\"><strong>\u00c7al\u0131\u015fan Ba\u011fl\u0131l\u0131\u011f\u0131n\u0131n Artmas\u0131<\/strong><\/span><\/li>\n<\/ul>\n<p><span style=\"color: #4a4a4a;\">\u00c7al\u0131\u015fanlar\u0131n kariyer hedeflerine ula\u015fmalar\u0131na destek olan bu mod\u00fcl, \u00e7al\u0131\u015fanlar\u0131n kuruma ba\u011fl\u0131l\u0131klar\u0131n\u0131 art\u0131r\u0131r ve uzun vadeli katk\u0131 sa\u011flamalar\u0131n\u0131 te\u015fvik eder.<\/span><\/p>\n<p><span style=\"color: #4a4a4a;\"><div class=\"push\" style='height:10px'><\/div><\/span><\/p>\n<ul>\n<li><span style=\"color: #4a4a4a;\"><strong>Gelecekteki Liderlerin Belirlenmesi<\/strong><\/span><\/li>\n<\/ul>\n<p><span style=\"color: #4a4a4a;\">Y\u00fcksek potansiyele sahip \u00e7al\u0131\u015fanlar\u0131 belirleyerek, gelecekte liderlik pozisyonlar\u0131na haz\u0131rl\u0131k yap\u0131l\u0131r. Bu, kurum i\u00e7inde g\u00fc\u00e7l\u00fc bir liderlik k\u00fclt\u00fcr\u00fc olu\u015fturur.<\/span><\/p>\n<p><span style=\"color: #4a4a4a;\"><div class=\"push\" style='height:10px'><\/div><\/span><\/p>\n<ul>\n<li><span style=\"color: #4a4a4a;\"><strong>Kariyer Geli\u015fimini Destekleme<\/strong><\/span><\/li>\n<\/ul>\n<p><span style=\"color: #4a4a4a;\">\u00c7al\u0131\u015fanlar\u0131n kariyer yollar\u0131n\u0131 belirlemeleri ve geli\u015fim f\u0131rsatlar\u0131na eri\u015fmeleri, onlar\u0131n profesyonel olarak b\u00fcy\u00fcmelerini destekler.<\/span><\/p>\n<p><span style=\"color: #4a4a4a;\"><div class=\"push\" style='height:10px'><\/div><\/span><\/p>\n<ul>\n<li><span style=\"color: #4a4a4a;\"><strong>Stratejik Yetenek Y\u00f6netimi<\/strong><\/span><\/li>\n<\/ul>\n<p><span style=\"color: #4a4a4a;\">Organizasyonlar, yedekleme ve geli\u015fim mod\u00fcl\u00fcn\u00fc kullanarak stratejik bir yetenek y\u00f6netimi plan\u0131 olu\u015fturabilirler. Bu sayede kurumsal hedeflere ula\u015fma yolunda do\u011fru yetenekler do\u011fru pozisyonlarda yer al\u0131r.<\/span><\/p>\n<p><span style=\"color: #4a4a4a;\"><div class=\"push\" style='height:10px'><\/div><\/span><\/p>\n<ul>\n<li><span style=\"color: #4a4a4a;\"><strong>Veriye Dayal\u0131 Karar Alma<\/strong><\/span><\/li>\n<\/ul>\n<p><span style=\"color: #4a4a4a;\">9 Kutu Matrisi gibi ara\u00e7larla \u00e7al\u0131\u015fanlar\u0131n performans ve potansiyel d\u00fczeylerini analiz ederek veriye dayal\u0131 kararlar al\u0131nmas\u0131n\u0131 sa\u011flar.<\/span><\/p>\n<p><span style=\"color: #4a4a4a;\"><div class=\"push\" style='height:10px'><\/div><\/span><\/p>\n<p><span style=\"color: #4a4a4a;\"><strong>SAP SuccessFactors Kariyer Yedekleme ve Geli\u015fim Mod\u00fcl\u00fc<\/strong>, organizasyonlar\u0131n gelece\u011fe y\u00f6nelik yetenek y\u00f6netimi stratejilerini etkin bir \u015fekilde y\u00fcr\u00fctmelerine, yetenek havuzunu g\u00fc\u00e7lendirmelerine ve s\u00fcrd\u00fcr\u00fclebilir ba\u015far\u0131 elde etmelerine olanak tan\u0131r.<\/span><\/div><\/div><\/div><\/div>\n<div class=\"row \"><div class=\"wpv-grid grid-1-1  wpv-first-level first unextended animation-from-bottom animated-active\" style=\"padding-top:15px;padding-bottom:15px\" id=\"wpv-column-aeef35768da06d543dd777972e2e9709\" >\t\t<div class=\"sep-text single centered\">\n\t\t\t\t\t\t\t<span class=\"sep-text-before\"><div class=\"sep-text-line\"><\/div><\/span>\n\t\t\t\t\t\t<div class=\"content\">\n\t\t\t\t<h2 class=\"text-divider-double\">Detayl\u0131 Bilgi \u0130\u00e7in Bize Ula\u015f\u0131n!<\/h2>\t\t\t<\/div>\n\t\t\t<span class=\"sep-text-after\"><div class=\"sep-text-line\"><\/div><\/span>\n\t\t\t\t\t<\/div>\n\t<div class=\"push\" style='height:10px'><\/div>\n<div class=\"row \"><div class=\"wpv-grid grid-1-1  first unextended\" style=\"padding-top:0px;padding-bottom:0px\" id=\"wpv-column-9110010a0b4d0ccecf9c6ecab52a7b9a\" ><p>\n<div class=\"wpcf7 no-js\" id=\"wpcf7-f9476-o1\" lang=\"en-US\" dir=\"ltr\" data-wpcf7-id=\"9476\">\n<div class=\"screen-reader-response\"><p role=\"status\" aria-live=\"polite\" aria-atomic=\"true\"><\/p> <ul><\/ul><\/div>\n<form action=\"\/en\/wp-json\/wp\/v2\/pages\/987950#wpcf7-f9476-o1\" method=\"post\" class=\"wpcf7-form init\" aria-label=\"Contact form\" novalidate=\"novalidate\" data-status=\"init\">\n<fieldset class=\"hidden-fields-container\"><input type=\"hidden\" name=\"_wpcf7\" value=\"9476\" \/><input type=\"hidden\" name=\"_wpcf7_version\" value=\"6.1.5\" \/><input type=\"hidden\" name=\"_wpcf7_locale\" value=\"en_US\" \/><input type=\"hidden\" name=\"_wpcf7_unit_tag\" value=\"wpcf7-f9476-o1\" \/><input type=\"hidden\" name=\"_wpcf7_container_post\" value=\"0\" \/><input type=\"hidden\" name=\"_wpcf7_posted_data_hash\" value=\"\" \/>\n<\/fieldset>\n<div class=\"row\">\n\t<div class=\"grid-1-3\">\n\t\t<p><span class=\"wpcf7-form-control-wrap\" data-name=\"Name\"><input size=\"40\" maxlength=\"400\" class=\"wpcf7-form-control wpcf7-text wpcf7-validates-as-required\" aria-required=\"true\" aria-invalid=\"false\" placeholder=\"Name\" value=\"\" type=\"text\" name=\"Name\" \/><\/span>\n\t\t<\/p>\n\t<\/div>\n\t<div class=\"grid-1-3\">\n\t\t<p><span class=\"wpcf7-form-control-wrap\" data-name=\"E-mail\"><input size=\"40\" maxlength=\"400\" class=\"wpcf7-form-control wpcf7-text wpcf7-validates-as-required\" aria-required=\"true\" aria-invalid=\"false\" placeholder=\"E-mail\" value=\"\" type=\"text\" name=\"E-mail\" \/><\/span>\n\t\t<\/p>\n\t<\/div>\n\t<div class=\"grid-1-3\">\n\t\t<p><span class=\"wpcf7-form-control-wrap\" data-name=\"Phone\"><input size=\"40\" maxlength=\"400\" class=\"wpcf7-form-control wpcf7-text\" aria-invalid=\"false\" placeholder=\"Phone\" value=\"\" type=\"text\" name=\"Phone\" \/><\/span>\n\t\t<\/p>\n\t<\/div>\n\t<div class=\"grid-1-1\">\n\t\t<p><span class=\"wpcf7-form-control-wrap\" data-name=\"Message\"><textarea cols=\"40\" rows=\"7\" maxlength=\"2000\" class=\"wpcf7-form-control wpcf7-textarea wpcf7-validates-as-required\" aria-required=\"true\" aria-invalid=\"false\" placeholder=\"Your message...\" name=\"Message\"><\/textarea><\/span>\n\t\t<\/p>\n\t<\/div>\n\t<div class=\"grid-1-1\">\n\t\t<p><input class=\"wpcf7-form-control wpcf7-submit has-spinner\" type=\"submit\" value=\"Send \u2192\" \/>\n\t\t<\/p>\n\t<\/div>\n<\/div><p style=\"display: none !important;\" class=\"akismet-fields-container\" data-prefix=\"_wpcf7_ak_\"><label>&#916;<textarea name=\"_wpcf7_ak_hp_textarea\" cols=\"45\" rows=\"8\" maxlength=\"100\"><\/textarea><\/label><input type=\"hidden\" id=\"ak_js_1\" name=\"_wpcf7_ak_js\" value=\"0\"\/><script>document.getElementById( \"ak_js_1\" ).setAttribute( \"value\", ( new Date() ).getTime() );<\/script><\/p><div class=\"wpcf7-response-output\" aria-hidden=\"true\"><\/div>\n<\/form>\n<\/div>\n<\/div><\/div><\/div><\/div>\n<div class=\"row \"><div class=\"wpv-grid grid-1-1  wpv-first-level first unextended animation-from-bottom animated-active\" style=\"padding-top:15px;padding-bottom:60px\" id=\"wpv-column-2ce93432851468cb45fe24cd39a1bd8f\" >\t\t<div class=\"sep-text single centered\">\n\t\t\t\t\t\t\t<span class=\"sep-text-before\"><div class=\"sep-text-line\"><\/div><\/span>\n\t\t\t\t\t\t<div class=\"content\">\n\t\t\t\t<h2 class=\"text-divider-double\">APPOINTMENT<\/h2>\t\t\t<\/div>\n\t\t\t<span class=\"sep-text-after\"><div class=\"sep-text-line\"><\/div><\/span>\n\t\t\t\t\t<\/div>\n\t<div class=\"push\" style='height:10px'><\/div>\n<div class=\"row \"><div class=\"wpv-grid grid-1-1  first unextended\" style=\"padding-top:0px;padding-bottom:0px\" id=\"wpv-column-455fc9956e7be692b24802703dddbd64\" ><p><div class=\"booked-calendar-shortcode-wrap\"><div class=\"booked-calendar-wrap large\"><div class=\"booked-calendar\" data-calendar-date=\"2026-04-01\">\n\t\t<div class=\"bc-head\">\n\n\t\t\t\n\t\t\t<div class=\"bc-row top\">\n\t\t\t\t<div class=\"bc-col\">\n\t\t\t\t\t\t\t\t\t\t<span class=\"calendarSavingState\">\n\t\t\t\t\t\t<i class=\"fa-solid fa-circle-notch fa-spin\"><\/i>\n\t\t\t\t\t<\/span>\n\t\t\t\t\t<span class=\"monthName\">\n\t\t\t\t\t\tApril 2026\t\t\t\t\t\t\t\t\t\t\t<\/span>\n\t\t\t\t\t<a href=\"#\" data-goto=\"2026-05-01\" class=\"page-right\"><i class=\"fa-solid fa-arrow-right\"><\/i><\/a>\t\t\t\t<\/div>\n\t\t\t<\/div>\n\t\t\t<div class=\"bc-row days\">\n\t\t\t\t\t\t\t\t<div class=\"bc-col\">Mon<\/div>\n\t\t\t\t<div class=\"bc-col\">Tue<\/div>\n\t\t\t\t<div class=\"bc-col\">Wed<\/div>\n\t\t\t\t<div class=\"bc-col\">Thu<\/div>\n\t\t\t\t<div class=\"bc-col\">Fri<\/div>\n\t\t\t\t<div class=\"bc-col\">Sat<\/div>\t\t\t\t<div class=\"bc-col\">Sun<\/div>\t\t\t<\/div>\n\t\t<\/div>\n\t\t<div class=\"bc-body\"><div class=\"bc-row week\"><div data-date=\"2026-03-30\" class=\"bc-col prev-month prev-date\"><span class=\"date\"><span class=\"number\">30<\/span><\/span><\/div><div data-date=\"2026-03-31\" class=\"bc-col prev-month prev-date\"><span class=\"date\"><span class=\"number\">31<\/span><\/span><\/div><div data-date=\"2026-04-1\" class=\"bc-col prev-date\"><span class=\"date\"><span class=\"number\">1<\/span><\/span><\/div><div data-date=\"2026-04-2\" class=\"bc-col prev-date\"><span class=\"date\"><span class=\"number\">2<\/span><\/span><\/div><div data-date=\"2026-04-3\" class=\"bc-col prev-date\"><span class=\"date\"><span class=\"number\">3<\/span><\/span><\/div><div data-date=\"2026-04-4\" class=\"bc-col prev-date\"><span class=\"date\"><span class=\"number\">4<\/span><\/span><\/div><div data-date=\"2026-04-5\" class=\"bc-col prev-date\"><span class=\"date\"><span class=\"number\">5<\/span><\/span><\/div><\/div><div class=\"bc-row week\"><div data-date=\"2026-04-6\" class=\"bc-col prev-date\"><span class=\"date\"><span class=\"number\">6<\/span><\/span><\/div><div data-date=\"2026-04-7\" class=\"bc-col prev-date\"><span class=\"date\"><span class=\"number\">7<\/span><\/span><\/div><div data-date=\"2026-04-8\" class=\"bc-col prev-date\"><span class=\"date\"><span class=\"number\">8<\/span><\/span><\/div><div data-date=\"2026-04-9\" class=\"bc-col prev-date\"><span class=\"date\"><span class=\"number\">9<\/span><\/span><\/div><div data-date=\"2026-04-10\" class=\"bc-col prev-date\"><span class=\"date\"><span class=\"number\">10<\/span><\/span><\/div><div data-date=\"2026-04-11\" class=\"bc-col prev-date\"><span class=\"date\"><span class=\"number\">11<\/span><\/span><\/div><div data-date=\"2026-04-12\" class=\"bc-col prev-date\"><span class=\"date\"><span class=\"number\">12<\/span><\/span><\/div><\/div><div class=\"bc-row week\"><div data-date=\"2026-04-13\" class=\"bc-col prev-date\"><span class=\"date\"><span class=\"number\">13<\/span><\/span><\/div><div data-date=\"2026-04-14\" class=\"bc-col prev-date\"><span class=\"date\"><span class=\"number\">14<\/span><\/span><\/div><div data-date=\"2026-04-15\" class=\"bc-col prev-date\"><span class=\"date\"><span class=\"number\">15<\/span><\/span><\/div><div data-date=\"2026-04-16\" class=\"bc-col prev-date\"><span class=\"date\"><span class=\"number\">16<\/span><\/span><\/div><div data-date=\"2026-04-17\" class=\"bc-col prev-date\"><span class=\"date\"><span class=\"number\">17<\/span><\/span><\/div><div data-date=\"2026-04-18\" class=\"bc-col prev-date\"><span class=\"date\"><span class=\"number\">18<\/span><\/span><\/div><div data-date=\"2026-04-19\" class=\"bc-col today prev-date\"><span class=\"date\"><span class=\"number\">19<\/span><\/span><\/div><\/div><div class=\"bc-row week\"><div data-date=\"2026-04-20\" class=\"bc-col \"><span class=\"date tooltipster\" title=\"8 Available\"><span class=\"number\">20<\/span><\/span><\/div><div data-date=\"2026-04-21\" class=\"bc-col \"><span class=\"date tooltipster\" title=\"20 Available\"><span class=\"number\">21<\/span><\/span><\/div><div data-date=\"2026-04-22\" class=\"bc-col \"><span class=\"date tooltipster\" title=\"3 Available\"><span class=\"number\">22<\/span><\/span><\/div><div data-date=\"2026-04-23\" class=\"bc-col \"><span class=\"date tooltipster\" title=\"6 Available\"><span class=\"number\">23<\/span><\/span><\/div><div data-date=\"2026-04-24\" class=\"bc-col prev-date\"><span class=\"date\"><span class=\"number\">24<\/span><\/span><\/div><div data-date=\"2026-04-25\" class=\"bc-col prev-date\"><span class=\"date\"><span class=\"number\">25<\/span><\/span><\/div><div data-date=\"2026-04-26\" class=\"bc-col prev-date\"><span class=\"date\"><span class=\"number\">26<\/span><\/span><\/div><\/div><div class=\"bc-row week\"><div data-date=\"2026-04-27\" class=\"bc-col \"><span class=\"date tooltipster\" title=\"8 Available\"><span class=\"number\">27<\/span><\/span><\/div><div data-date=\"2026-04-28\" class=\"bc-col \"><span class=\"date tooltipster\" title=\"20 Available\"><span class=\"number\">28<\/span><\/span><\/div><div data-date=\"2026-04-29\" class=\"bc-col \"><span class=\"date tooltipster\" title=\"3 Available\"><span class=\"number\">29<\/span><\/span><\/div><div data-date=\"2026-04-30\" class=\"bc-col \"><span class=\"date tooltipster\" title=\"6 Available\"><span class=\"number\">30<\/span><\/span><\/div><div data-date=\"2026-05-1\" class=\"bc-col next-month prev-date\"><span class=\"date\"><span class=\"number\">1<\/span><\/span><\/div><div data-date=\"2026-05-2\" class=\"bc-col next-month prev-date\"><span class=\"date\"><span class=\"number\">2<\/span><\/span><\/div><div data-date=\"2026-05-3\" class=\"bc-col next-month prev-date\"><span class=\"date\"><span class=\"number\">3<\/span><\/span><\/div><\/div>\t\t<\/div>\n\t<\/div><\/div><\/div><\/div><\/div>\n[\/column_1]<\/div><\/div>\n","protected":false},"excerpt":{"rendered":"<p>SAP SuccessFactors Kariyer Yedekleme ve Geli\u015fim(Sucession&amp;Development) Kurumlar\u0131n gelecekteki liderlerini ve kritik pozisyonlar i\u00e7in yetenekli \u00e7al\u0131\u015fanlar\u0131 belirleyip geli\u015ftirmelerine yard\u0131mc\u0131 olan bir mod\u00fcld\u00fcr. Bu mod\u00fcl, yetenek y\u00f6netimini stratejik bir \u015fekilde ele alarak, \u00e7al\u0131\u015fanlar\u0131n kariyer hedeflerini destekler ve kurumsal ba\u015far\u0131 i\u00e7in gelecekteki potansiyel liderleri yeti\u015ftirme s\u00fcrecini h\u0131zland\u0131r\u0131r. Yedekleme planlar\u0131 ve geli\u015fim f\u0131rsatlar\u0131 sunarak organizasyonlar\u0131n s\u00fcrd\u00fcr\u00fclebilir b\u00fcy\u00fcme sa\u011flamalar\u0131na katk\u0131da&#8230;<\/p>","protected":false},"author":1,"featured_media":0,"parent":7774,"menu_order":0,"comment_status":"closed","ping_status":"closed","template":"","meta":{"footnotes":""},"class_list":["post-987950","page","type-page","status-publish","hentry"],"aioseo_notices":[],"_links":{"self":[{"href":"https:\/\/www.vesacons.com\/en\/wp-json\/wp\/v2\/pages\/987950","targetHints":{"allow":["GET"]}}],"collection":[{"href":"https:\/\/www.vesacons.com\/en\/wp-json\/wp\/v2\/pages"}],"about":[{"href":"https:\/\/www.vesacons.com\/en\/wp-json\/wp\/v2\/types\/page"}],"author":[{"embeddable":true,"href":"https:\/\/www.vesacons.com\/en\/wp-json\/wp\/v2\/users\/1"}],"replies":[{"embeddable":true,"href":"https:\/\/www.vesacons.com\/en\/wp-json\/wp\/v2\/comments?post=987950"}],"version-history":[{"count":14,"href":"https:\/\/www.vesacons.com\/en\/wp-json\/wp\/v2\/pages\/987950\/revisions"}],"predecessor-version":[{"id":988968,"href":"https:\/\/www.vesacons.com\/en\/wp-json\/wp\/v2\/pages\/987950\/revisions\/988968"}],"up":[{"embeddable":true,"href":"https:\/\/www.vesacons.com\/en\/wp-json\/wp\/v2\/pages\/7774"}],"wp:attachment":[{"href":"https:\/\/www.vesacons.com\/en\/wp-json\/wp\/v2\/media?parent=987950"}],"curies":[{"name":"wp","href":"https:\/\/api.w.org\/{rel}","templated":true}]}}