{"id":988187,"date":"2024-12-17T21:30:05","date_gmt":"2024-12-17T21:30:05","guid":{"rendered":"https:\/\/www.sercanmidik.com.tr\/?page_id=988187"},"modified":"2024-12-17T21:57:34","modified_gmt":"2024-12-17T21:57:34","slug":"sap-fiori","status":"publish","type":"page","link":"https:\/\/www.vesacons.com\/en\/sap-fiori\/","title":{"rendered":"SAP Fiori"},"content":{"rendered":"<div class=\"row \"><div class=\"wpv-grid grid-3-4  wpv-first-level first has-background unextended\" style=\"\n\t\t\t\tbackground: url( 'http:\/\/www.sercanmidik.com.tr\/wp-content\/uploads\/2024\/12\/xxn-7.jpg' ) no-repeat center center;\n\t\t\t\tbackground-size: cover;\n\t\t\tbackground-attachment: scroll;padding-top:400px;padding-bottom:0px\" id=\"wpv-column-e6eb324102cb61b766c1458da96f4fb5\" ><\/div>\n<div class=\"wpv-grid grid-1-4 add-border wpv-first-level unextended\" style=\"padding-top:20px;padding-bottom:15px\" id=\"wpv-column-df7f4cb27e5523345e02d61d69810ce6\" ><div class=\"row \"><div class=\"wpv-grid grid-1-1  first unextended animation-fade-in animated-active\" style=\"padding-top:0px;padding-bottom:0px\" id=\"wpv-column-6455b8a5630e960cde7e56eb7f3855c2\" ><h4 style=\"padding-left: 20px;\">CONTACTS<\/h4>\n<p style=\"padding-left: 20px;\">Tel: 800-700-6200<br \/>\n<a href=\"mailto:support@vamtam.com\">support@vamtam.com<\/a><\/p>\n<p style=\"padding-left: 20px;\"><a href=\"#\"> <span class='icon shortcode   use-hover' style='font-size:16px !important;color:#0070f2;'>&#58155;<\/span><\/a>\u00a0 <a href=\"#\"><span class='icon shortcode   use-hover' style='font-size:16px !important;color:#0070f2;'>&#58159;<\/span><\/a>\u00a0 <a href=\"#\"><span class='icon shortcode theme  use-hover' style='font-size:16px !important;color:#0070f2;'>&#58904;<\/span><\/a><br \/>\n<div class=\"push\" style='height:10px'><\/div>\n<h4 style=\"padding-left: 20px;\">AREAS OF PRACTICE<\/h4>\n<p style=\"padding-left: 20px;\"><a href=\"#\">Serious car crash \u2192<\/a><br \/>\n<a href=\"#\">Brain injury \u2192<\/a><br \/>\n<a href=\"#\">Truck accidents \u2192<\/a><br \/>\n<div class=\"push\" style='height:10px'><\/div>\n<h4 style=\"padding-left: 20px;\">EDUCATION<\/h4>\n<p style=\"padding-left: 20px;\">Lorem ipsum dolor sit amet<br \/>\nConsectetuer adipiscing elit<br \/>\nDiam nonummy nibh euismod tincidunt ut laoreet.<\/div><\/div><\/div><\/div>\n<div class=\"push\" style='height:50px'><\/div>\n<div class=\"row \"><div class=\"wpv-grid grid-1-1  wpv-first-level first unextended\" style=\"padding-top:0px;padding-bottom:0px\" id=\"wpv-column-241b4eefd345fb8370093c9120520c9b\" ><blockquote><p><span style=\"color: #333333;\"><strong>SAP Fiori<\/strong><\/span><\/p>\n<div class=\"push\" style='height:20px'><\/div><\/blockquote>\n<p><span data-teams=\"true\">SAP Fiori, <strong>SAP HR (\u0130nsan Kaynaklar\u0131)<\/strong> s\u00fcre\u00e7lerini kullan\u0131c\u0131 dostu bir aray\u00fczle y\u00f6netmek i\u00e7in geli\u015ftirilmi\u015f bir uygulama setidir. SAP SuccessFactors ve SAP HCM ile entegre \u00e7al\u0131\u015farak, HR s\u00fcre\u00e7lerinin mobil ve masa\u00fcst\u00fc cihazlarda kolayca kullan\u0131lmas\u0131n\u0131 sa\u011flar.<\/span><\/p>\n<p><span style=\"color: #333333;\"><div class=\"push\" style='height:20px'><\/div><\/span><\/p>\n<h3><span data-teams=\"true\"><strong>SAP Fiori HR Uygulamalar\u0131 Kategorileri ve \u00d6rnekleri<\/strong><\/span><\/h3>\n<h3><span style=\"color: #333333;\">\u00a0<\/span><\/h3>\n<p><span style=\"color: #333333;\"><div class=\"push\" style='height:10px'><\/div><\/span><\/p>\n<h3>1- <strong>\u00c7al\u0131\u015fan Self-Servis (ESS) Uygulamalar\u0131<\/strong><\/h3>\n<ul>\n<li><strong>Ki\u015fisel Bilgiler:<\/strong> Adres, ileti\u015fim bilgileri, banka hesap bilgilerini g\u00fcncelleme.<\/li>\n<li><strong>Maa\u015f Bordrosu G\u00f6r\u00fcnt\u00fcleme:<\/strong> Maa\u015f detaylar\u0131na eri\u015fim ve indirilebilir format.<\/li>\n<li><strong>Zaman Giri\u015fi (Time Entry):<\/strong> \u00c7al\u0131\u015fma saatlerini ve fazla mesai kay\u0131tlar\u0131n\u0131 girme.<\/li>\n<li><strong>\u0130zin Talepleri:<\/strong> \u0130zin talebi olu\u015fturma ve onay durumunu izleme.<\/li>\n<li><strong>\u0130zin Bakiyesi G\u00f6r\u00fcnt\u00fcleme:<\/strong> Mevcut izin g\u00fcnlerini g\u00f6r\u00fcnt\u00fcleme.<\/li>\n<li><strong>\u00d6deme Bilgileri:<\/strong> Banka hesap bilgileri ve \u00f6deme ge\u00e7mi\u015fi takibi.<\/li>\n<\/ul>\n<p><span style=\"color: #333333;\"><div class=\"push\" style='height:10px'><\/div><\/span><\/p>\n<h3>2- <strong>Y\u00f6netici Self-Servis (MSS) Uygulamalar\u0131<\/strong><\/h3>\n<ul>\n<li><strong>Ekip Y\u00f6netimi:<\/strong> Tak\u0131m \u00fcyelerinin bilgilerini g\u00f6r\u00fcnt\u00fcleme.<\/li>\n<li><strong>\u0130zin Onaylar\u0131:<\/strong> \u00c7al\u0131\u015fanlar\u0131n izin taleplerini inceleme ve onaylama.<\/li>\n<li><strong>Performans De\u011ferlendirme:<\/strong> Hedef belirleme ve performans s\u00fcre\u00e7lerini y\u00f6netme.<\/li>\n<li><strong>Zaman Verisi Onay\u0131:<\/strong> \u00c7al\u0131\u015fanlar\u0131n \u00e7al\u0131\u015fma saatleri kay\u0131tlar\u0131n\u0131 onaylama.<\/li>\n<li><strong>Pozisyon Y\u00f6netimi:<\/strong> Organizasyonel pozisyonlar\u0131 g\u00f6r\u00fcnt\u00fcleme ve de\u011fi\u015ftirme.<\/li>\n<\/ul>\n<p><span style=\"color: #333333;\"><div class=\"push\" style='height:10px'><\/div><\/span><\/p>\n<h3><span data-teams=\"true\">3- <strong>Zaman ve Devams\u0131zl\u0131k Y\u00f6netimi<\/strong><\/span><\/h3>\n<p>Zaman ve devams\u0131zl\u0131k s\u00fcre\u00e7lerinin y\u00f6netilmesini sa\u011flar.<\/p>\n<ul>\n<li><strong>Zaman Raporlama:<\/strong> \u00c7al\u0131\u015fma saatleri, vardiyalar ve fazla mesai takibi.<\/li>\n<li><strong>Devams\u0131zl\u0131k G\u00f6r\u00fcnt\u00fcleme:<\/strong> \u00c7al\u0131\u015fanlar\u0131n devams\u0131zl\u0131k durumlar\u0131n\u0131n raporlanmas\u0131.<\/li>\n<li><strong>\u0130zin Talepleri ve Onaylar\u0131:<\/strong> \u0130zin ba\u015fvurular\u0131n\u0131n olu\u015fturulmas\u0131 ve onaylanmas\u0131.<\/li>\n<li><strong>Planlanan \u00c7al\u0131\u015fma S\u00fcreleri:<\/strong> Haftal\u0131k ve ayl\u0131k \u00e7al\u0131\u015fma planlar\u0131n\u0131n g\u00f6r\u00fcnt\u00fclenmesi.<\/li>\n<\/ul>\n<h3><span data-teams=\"true\">4- <strong>Performans ve Yetenek Y\u00f6netimi<\/strong><\/span><\/h3>\n<p>\u00c7al\u0131\u015fanlar\u0131n performans de\u011ferlendirmeleri ve kariyer geli\u015fimlerinin takibi i\u00e7in kullan\u0131l\u0131r.<\/p>\n<ul>\n<li><strong>Hedef Y\u00f6netimi:<\/strong> \u00c7al\u0131\u015fanlar\u0131n bireysel ve tak\u0131m hedeflerini tan\u0131mlama.<\/li>\n<li><strong>Performans De\u011ferlendirme:<\/strong> Performans geri bildirimlerinin yap\u0131lmas\u0131.<\/li>\n<li><strong>Yetkinlik Y\u00f6netimi:<\/strong> \u00c7al\u0131\u015fan yetkinliklerinin belirlenmesi ve geli\u015ftirilmesi.<\/li>\n<li><strong>E\u011fitim Talepleri:<\/strong> \u00c7al\u0131\u015fanlar\u0131n e\u011fitim programlar\u0131na ba\u015fvurmalar\u0131 ve kat\u0131l\u0131m\u0131.<\/li>\n<\/ul>\n<p><span style=\"color: #333333;\"><div class=\"push\" style='height:10px'><\/div><\/span><\/p>\n<h3><span data-teams=\"true\">5- <strong>Bordro ve \u00dccret Y\u00f6netim<\/strong><\/span><\/h3>\n<ul>\n<li><strong>Maa\u015f Bordrosu G\u00f6r\u00fcnt\u00fcleme:<\/strong> \u00c7al\u0131\u015fan maa\u015f bordrolar\u0131n\u0131n g\u00f6r\u00fcnt\u00fclenmesi.<\/li>\n<li><strong>\u00d6deme Bilgileri Y\u00f6netimi:<\/strong> Banka bilgileri g\u00fcncelleme ve \u00f6deme ge\u00e7mi\u015fi kontrol\u00fc.<\/li>\n<li><strong>Kesinti ve Ek \u00d6deme Raporlar\u0131:<\/strong> \u00dccret kesintileri ve ekstra \u00f6demelerin takibi.<\/li>\n<\/ul>\n<p><span style=\"color: #333333;\"><div class=\"push\" style='height:10px'><\/div><\/span><\/p>\n<hr \/>\n<h3>6- <strong>Organizasyon Y\u00f6netimi<\/strong><\/h3>\n<p>\u015eirket i\u00e7indeki organizasyonel yap\u0131 ve \u00e7al\u0131\u015fan pozisyonlar\u0131n\u0131 y\u00f6netmek i\u00e7in kullan\u0131l\u0131r.<\/p>\n<ul>\n<li><strong>Organizasyon Diyagram\u0131 G\u00f6r\u00fcnt\u00fcleme:<\/strong> Organizasyonel yap\u0131n\u0131n g\u00f6rselle\u015ftirilmesi.<\/li>\n<li><strong>Pozisyon Detaylar\u0131:<\/strong> A\u00e7\u0131k pozisyonlar\u0131n ve doluluk durumlar\u0131n\u0131n y\u00f6netilmesi.<\/li>\n<li><strong>Ekip Yap\u0131s\u0131 G\u00f6r\u00fcnt\u00fcleme:<\/strong> Tak\u0131mlar\u0131n ve ba\u011fl\u0131 \u00e7al\u0131\u015fanlar\u0131n detayl\u0131 raporlar\u0131.<\/li>\n<\/ul>\n<p><span style=\"color: #333333;\"><div class=\"push\" style='height:10px'><\/div><\/span><\/p>\n<h3><span data-teams=\"true\">7. <strong>\u0130\u015fe Al\u0131m ve Onboarding Y\u00f6netimi<\/strong><\/span><\/h3>\n<p>Yeni \u00e7al\u0131\u015fanlar\u0131n i\u015fe al\u0131m ve i\u015fe ba\u015flama s\u00fcre\u00e7lerini h\u0131zland\u0131r\u0131r.<\/p>\n<ul>\n<li><strong>Yeni \u0130\u015fe Al\u0131m Bilgileri:<\/strong> Adaylar\u0131n ba\u015fvuru durumlar\u0131n\u0131n izlenmesi.<\/li>\n<li><strong>Onboarding G\u00f6revleri:<\/strong> Yeni \u00e7al\u0131\u015fanlar i\u00e7in atanm\u0131\u015f g\u00f6revlerin listelenmesi.<\/li>\n<li><strong>Kabul Edilen Teklifler:<\/strong> \u0130\u015f tekliflerinin izlenmesi ve onaylanmas\u0131.<\/li>\n<\/ul>\n<p><span style=\"color: #333333;\"><div class=\"push\" style='height:10px'><\/div><\/span><\/p>\n<h3><span data-teams=\"true\"><strong>SAP Fiori\u2019nin HR S\u00fcre\u00e7lerine Faydalar\u0131<\/strong><\/span><\/h3>\n<ul>\n<li><strong>Kullan\u0131c\u0131 Dostu Aray\u00fcz:<\/strong> Mobil cihazlarda ve masa\u00fcst\u00fc sistemlerde eri\u015fim kolayl\u0131\u011f\u0131.<\/li>\n<li><strong>Zaman Tasarrufu:<\/strong> H\u0131zl\u0131 ve an\u0131nda bilgi giri\u015fi ve g\u00f6r\u00fcnt\u00fcleme.<\/li>\n<li><strong>Verimlilik Art\u0131\u015f\u0131:<\/strong> Y\u00f6neticilerin ve \u00e7al\u0131\u015fanlar\u0131n h\u0131zl\u0131 i\u015flem yapabilmesi.<\/li>\n<li><strong>Anl\u0131k Veri G\u00f6r\u00fcn\u00fcrl\u00fc\u011f\u00fc:<\/strong> G\u00fcncel \u00e7al\u0131\u015fan bilgilerine ve raporlara eri\u015fim.<\/li>\n<li><strong>Uyumluluk:<\/strong> Yasal d\u00fczenlemelere ve \u015firket politikalar\u0131na uygunluk.<\/li>\n<\/ul>\n<div class=\"push\" style='height:10px'><\/div>\n<p><span data-teams=\"true\">SAP Fiori HR uygulamalar\u0131, SAP HCM ve SuccessFactors sistemlerini modernle\u015ftirerek \u015firketlerin <strong>\u0130nsan Kaynaklar\u0131 s\u00fcre\u00e7lerini<\/strong> verimli hale getirir.<\/span><\/div><\/div>\n<div class=\"row \"><div class=\"wpv-grid grid-1-1  wpv-first-level first unextended animation-from-bottom animated-active\" style=\"padding-top:15px;padding-bottom:15px\" id=\"wpv-column-44e1dc0f33ace35f3965f0f46ef0201b\" >\t\t<div class=\"sep-text single centered\">\n\t\t\t\t\t\t\t<span class=\"sep-text-before\"><div class=\"sep-text-line\"><\/div><\/span>\n\t\t\t\t\t\t<div class=\"content\">\n\t\t\t\t<h2 class=\"text-divider-double\">CONTACT ME<\/h2>\t\t\t<\/div>\n\t\t\t<span class=\"sep-text-after\"><div class=\"sep-text-line\"><\/div><\/span>\n\t\t\t\t\t<\/div>\n\t<div class=\"push\" style='height:10px'><\/div>\n<div class=\"row \"><div class=\"wpv-grid grid-1-1  first unextended\" style=\"padding-top:0px;padding-bottom:0px\" id=\"wpv-column-562bee1fa8e34377a7cd1d6693a3b8e7\" ><p>\n<div class=\"wpcf7 no-js\" id=\"wpcf7-f9476-o1\" lang=\"en-US\" dir=\"ltr\" data-wpcf7-id=\"9476\">\n<div class=\"screen-reader-response\"><p role=\"status\" aria-live=\"polite\" aria-atomic=\"true\"><\/p> <ul><\/ul><\/div>\n<form action=\"\/en\/wp-json\/wp\/v2\/pages\/988187#wpcf7-f9476-o1\" method=\"post\" class=\"wpcf7-form init\" aria-label=\"Contact form\" novalidate=\"novalidate\" data-status=\"init\">\n<fieldset class=\"hidden-fields-container\"><input type=\"hidden\" name=\"_wpcf7\" value=\"9476\" \/><input type=\"hidden\" name=\"_wpcf7_version\" value=\"6.1.5\" \/><input type=\"hidden\" name=\"_wpcf7_locale\" value=\"en_US\" \/><input type=\"hidden\" name=\"_wpcf7_unit_tag\" value=\"wpcf7-f9476-o1\" \/><input type=\"hidden\" name=\"_wpcf7_container_post\" value=\"0\" \/><input type=\"hidden\" name=\"_wpcf7_posted_data_hash\" value=\"\" \/>\n<\/fieldset>\n<div class=\"row\">\n\t<div class=\"grid-1-3\">\n\t\t<p><span class=\"wpcf7-form-control-wrap\" data-name=\"Name\"><input size=\"40\" maxlength=\"400\" class=\"wpcf7-form-control wpcf7-text wpcf7-validates-as-required\" aria-required=\"true\" aria-invalid=\"false\" placeholder=\"Name\" value=\"\" type=\"text\" name=\"Name\" \/><\/span>\n\t\t<\/p>\n\t<\/div>\n\t<div class=\"grid-1-3\">\n\t\t<p><span class=\"wpcf7-form-control-wrap\" data-name=\"E-mail\"><input size=\"40\" maxlength=\"400\" class=\"wpcf7-form-control wpcf7-text wpcf7-validates-as-required\" aria-required=\"true\" aria-invalid=\"false\" placeholder=\"E-mail\" value=\"\" type=\"text\" name=\"E-mail\" \/><\/span>\n\t\t<\/p>\n\t<\/div>\n\t<div class=\"grid-1-3\">\n\t\t<p><span class=\"wpcf7-form-control-wrap\" data-name=\"Phone\"><input size=\"40\" maxlength=\"400\" class=\"wpcf7-form-control wpcf7-text\" aria-invalid=\"false\" placeholder=\"Phone\" value=\"\" type=\"text\" name=\"Phone\" \/><\/span>\n\t\t<\/p>\n\t<\/div>\n\t<div class=\"grid-1-1\">\n\t\t<p><span class=\"wpcf7-form-control-wrap\" data-name=\"Message\"><textarea cols=\"40\" rows=\"7\" maxlength=\"2000\" class=\"wpcf7-form-control wpcf7-textarea wpcf7-validates-as-required\" aria-required=\"true\" aria-invalid=\"false\" placeholder=\"Your message...\" name=\"Message\"><\/textarea><\/span>\n\t\t<\/p>\n\t<\/div>\n\t<div class=\"grid-1-1\">\n\t\t<p><input class=\"wpcf7-form-control wpcf7-submit has-spinner\" type=\"submit\" value=\"Send \u2192\" \/>\n\t\t<\/p>\n\t<\/div>\n<\/div><p style=\"display: none !important;\" class=\"akismet-fields-container\" data-prefix=\"_wpcf7_ak_\"><label>&#916;<textarea name=\"_wpcf7_ak_hp_textarea\" cols=\"45\" rows=\"8\" maxlength=\"100\"><\/textarea><\/label><input type=\"hidden\" id=\"ak_js_1\" name=\"_wpcf7_ak_js\" value=\"87\"\/><script>document.getElementById( \"ak_js_1\" ).setAttribute( \"value\", ( new Date() ).getTime() );<\/script><\/p><div class=\"wpcf7-response-output\" aria-hidden=\"true\"><\/div>\n<\/form>\n<\/div>\n<\/div><\/div><\/div><\/div>\n<div class=\"row \"><div class=\"wpv-grid grid-1-1  wpv-first-level first unextended animation-from-bottom animated-active\" style=\"padding-top:15px;padding-bottom:60px\" id=\"wpv-column-dae17b7d79988fd8c2c86a2ca78b770d\" >\t\t<div class=\"sep-text single centered\">\n\t\t\t\t\t\t\t<span class=\"sep-text-before\"><div class=\"sep-text-line\"><\/div><\/span>\n\t\t\t\t\t\t<div class=\"content\">\n\t\t\t\t<h2 class=\"text-divider-double\">APPOINTMENT<\/h2>\t\t\t<\/div>\n\t\t\t<span class=\"sep-text-after\"><div class=\"sep-text-line\"><\/div><\/span>\n\t\t\t\t\t<\/div>\n\t<div class=\"push\" style='height:10px'><\/div>\n<div class=\"row \"><div class=\"wpv-grid grid-1-1  first unextended\" style=\"padding-top:0px;padding-bottom:0px\" id=\"wpv-column-def1967baa0d1f9f3445b7324932a1a6\" ><p><div class=\"booked-calendar-shortcode-wrap\"><div class=\"booked-calendar-wrap large\"><div class=\"booked-calendar\" data-calendar-date=\"2026-04-01\">\n\t\t<div class=\"bc-head\">\n\n\t\t\t\n\t\t\t<div class=\"bc-row top\">\n\t\t\t\t<div class=\"bc-col\">\n\t\t\t\t\t\t\t\t\t\t<span class=\"calendarSavingState\">\n\t\t\t\t\t\t<i class=\"fa-solid fa-circle-notch fa-spin\"><\/i>\n\t\t\t\t\t<\/span>\n\t\t\t\t\t<span class=\"monthName\">\n\t\t\t\t\t\tApril 2026\t\t\t\t\t\t\t\t\t\t\t<\/span>\n\t\t\t\t\t<a href=\"#\" data-goto=\"2026-05-01\" class=\"page-right\"><i class=\"fa-solid fa-arrow-right\"><\/i><\/a>\t\t\t\t<\/div>\n\t\t\t<\/div>\n\t\t\t<div class=\"bc-row days\">\n\t\t\t\t\t\t\t\t<div class=\"bc-col\">Mon<\/div>\n\t\t\t\t<div class=\"bc-col\">Tue<\/div>\n\t\t\t\t<div class=\"bc-col\">Wed<\/div>\n\t\t\t\t<div class=\"bc-col\">Thu<\/div>\n\t\t\t\t<div class=\"bc-col\">Fri<\/div>\n\t\t\t\t<div class=\"bc-col\">Sat<\/div>\t\t\t\t<div class=\"bc-col\">Sun<\/div>\t\t\t<\/div>\n\t\t<\/div>\n\t\t<div class=\"bc-body\"><div class=\"bc-row week\"><div data-date=\"2026-03-30\" class=\"bc-col prev-month prev-date\"><span class=\"date\"><span class=\"number\">30<\/span><\/span><\/div><div data-date=\"2026-03-31\" class=\"bc-col prev-month prev-date\"><span class=\"date\"><span class=\"number\">31<\/span><\/span><\/div><div data-date=\"2026-04-1\" class=\"bc-col prev-date\"><span class=\"date\"><span class=\"number\">1<\/span><\/span><\/div><div data-date=\"2026-04-2\" class=\"bc-col prev-date\"><span class=\"date\"><span class=\"number\">2<\/span><\/span><\/div><div data-date=\"2026-04-3\" class=\"bc-col prev-date\"><span class=\"date\"><span class=\"number\">3<\/span><\/span><\/div><div data-date=\"2026-04-4\" class=\"bc-col prev-date\"><span class=\"date\"><span class=\"number\">4<\/span><\/span><\/div><div data-date=\"2026-04-5\" class=\"bc-col prev-date\"><span class=\"date\"><span class=\"number\">5<\/span><\/span><\/div><\/div><div class=\"bc-row week\"><div data-date=\"2026-04-6\" class=\"bc-col prev-date\"><span class=\"date\"><span class=\"number\">6<\/span><\/span><\/div><div data-date=\"2026-04-7\" class=\"bc-col prev-date\"><span class=\"date\"><span class=\"number\">7<\/span><\/span><\/div><div data-date=\"2026-04-8\" class=\"bc-col prev-date\"><span class=\"date\"><span class=\"number\">8<\/span><\/span><\/div><div data-date=\"2026-04-9\" class=\"bc-col prev-date\"><span class=\"date\"><span class=\"number\">9<\/span><\/span><\/div><div data-date=\"2026-04-10\" class=\"bc-col prev-date\"><span class=\"date\"><span class=\"number\">10<\/span><\/span><\/div><div data-date=\"2026-04-11\" class=\"bc-col prev-date\"><span class=\"date\"><span class=\"number\">11<\/span><\/span><\/div><div data-date=\"2026-04-12\" class=\"bc-col prev-date\"><span class=\"date\"><span class=\"number\">12<\/span><\/span><\/div><\/div><div class=\"bc-row week\"><div data-date=\"2026-04-13\" class=\"bc-col prev-date\"><span class=\"date\"><span class=\"number\">13<\/span><\/span><\/div><div data-date=\"2026-04-14\" class=\"bc-col prev-date\"><span class=\"date\"><span class=\"number\">14<\/span><\/span><\/div><div data-date=\"2026-04-15\" class=\"bc-col prev-date\"><span class=\"date\"><span class=\"number\">15<\/span><\/span><\/div><div data-date=\"2026-04-16\" class=\"bc-col prev-date\"><span class=\"date\"><span class=\"number\">16<\/span><\/span><\/div><div data-date=\"2026-04-17\" class=\"bc-col today prev-date\"><span class=\"date\"><span class=\"number\">17<\/span><\/span><\/div><div data-date=\"2026-04-18\" class=\"bc-col prev-date\"><span class=\"date\"><span class=\"number\">18<\/span><\/span><\/div><div data-date=\"2026-04-19\" class=\"bc-col prev-date\"><span class=\"date\"><span class=\"number\">19<\/span><\/span><\/div><\/div><div class=\"bc-row week\"><div data-date=\"2026-04-20\" class=\"bc-col \"><span class=\"date tooltipster\" title=\"8 Available\"><span class=\"number\">20<\/span><\/span><\/div><div data-date=\"2026-04-21\" class=\"bc-col \"><span class=\"date tooltipster\" title=\"20 Available\"><span class=\"number\">21<\/span><\/span><\/div><div data-date=\"2026-04-22\" class=\"bc-col \"><span class=\"date tooltipster\" title=\"3 Available\"><span class=\"number\">22<\/span><\/span><\/div><div data-date=\"2026-04-23\" class=\"bc-col \"><span class=\"date tooltipster\" title=\"6 Available\"><span class=\"number\">23<\/span><\/span><\/div><div data-date=\"2026-04-24\" class=\"bc-col prev-date\"><span class=\"date\"><span class=\"number\">24<\/span><\/span><\/div><div data-date=\"2026-04-25\" class=\"bc-col prev-date\"><span class=\"date\"><span class=\"number\">25<\/span><\/span><\/div><div data-date=\"2026-04-26\" class=\"bc-col prev-date\"><span class=\"date\"><span class=\"number\">26<\/span><\/span><\/div><\/div><div class=\"bc-row week\"><div data-date=\"2026-04-27\" class=\"bc-col \"><span class=\"date tooltipster\" title=\"8 Available\"><span class=\"number\">27<\/span><\/span><\/div><div data-date=\"2026-04-28\" class=\"bc-col \"><span class=\"date tooltipster\" title=\"20 Available\"><span class=\"number\">28<\/span><\/span><\/div><div data-date=\"2026-04-29\" class=\"bc-col \"><span class=\"date tooltipster\" title=\"3 Available\"><span class=\"number\">29<\/span><\/span><\/div><div data-date=\"2026-04-30\" class=\"bc-col \"><span class=\"date tooltipster\" title=\"6 Available\"><span class=\"number\">30<\/span><\/span><\/div><div data-date=\"2026-05-1\" class=\"bc-col next-month prev-date\"><span class=\"date\"><span class=\"number\">1<\/span><\/span><\/div><div data-date=\"2026-05-2\" class=\"bc-col next-month prev-date\"><span class=\"date\"><span class=\"number\">2<\/span><\/span><\/div><div data-date=\"2026-05-3\" class=\"bc-col next-month prev-date\"><span class=\"date\"><span class=\"number\">3<\/span><\/span><\/div><\/div>\t\t<\/div>\n\t<\/div><\/div><\/div><\/div><\/div>\n[\/column_1]<\/div><\/div>\n","protected":false},"excerpt":{"rendered":"<p>CONTACTS Tel: 800-700-6200 support@vamtam.com \u00a0 \u00a0 AREAS OF PRACTICE Serious car crash \u2192 Brain injury \u2192 Truck accidents \u2192 EDUCATION Lorem ipsum dolor sit amet Consectetuer adipiscing elit Diam nonummy nibh euismod tincidunt ut laoreet. SAP Fiori SAP Fiori, SAP HR (\u0130nsan Kaynaklar\u0131) s\u00fcre\u00e7lerini kullan\u0131c\u0131 dostu bir aray\u00fczle y\u00f6netmek i\u00e7in geli\u015ftirilmi\u015f bir uygulama setidir. SAP&#8230;<\/p>","protected":false},"author":1,"featured_media":0,"parent":0,"menu_order":0,"comment_status":"closed","ping_status":"closed","template":"","meta":{"footnotes":""},"class_list":["post-988187","page","type-page","status-publish","hentry"],"aioseo_notices":[],"_links":{"self":[{"href":"https:\/\/www.vesacons.com\/en\/wp-json\/wp\/v2\/pages\/988187","targetHints":{"allow":["GET"]}}],"collection":[{"href":"https:\/\/www.vesacons.com\/en\/wp-json\/wp\/v2\/pages"}],"about":[{"href":"https:\/\/www.vesacons.com\/en\/wp-json\/wp\/v2\/types\/page"}],"author":[{"embeddable":true,"href":"https:\/\/www.vesacons.com\/en\/wp-json\/wp\/v2\/users\/1"}],"replies":[{"embeddable":true,"href":"https:\/\/www.vesacons.com\/en\/wp-json\/wp\/v2\/comments?post=988187"}],"version-history":[{"count":7,"href":"https:\/\/www.vesacons.com\/en\/wp-json\/wp\/v2\/pages\/988187\/revisions"}],"predecessor-version":[{"id":988252,"href":"https:\/\/www.vesacons.com\/en\/wp-json\/wp\/v2\/pages\/988187\/revisions\/988252"}],"wp:attachment":[{"href":"https:\/\/www.vesacons.com\/en\/wp-json\/wp\/v2\/media?parent=988187"}],"curies":[{"name":"wp","href":"https:\/\/api.w.org\/{rel}","templated":true}]}}