{"id":988293,"date":"2024-12-20T09:26:57","date_gmt":"2024-12-20T09:26:57","guid":{"rendered":"https:\/\/www.sercanmidik.com.tr\/?page_id=988293"},"modified":"2024-12-20T09:26:57","modified_gmt":"2024-12-20T09:26:57","slug":"mainsaps4hana","status":"publish","type":"page","link":"https:\/\/www.vesacons.com\/en\/mainsaps4hana\/","title":{"rendered":"SAP S\/4 HANA"},"content":{"rendered":"<div class=\"row \"><div class=\"wpv-grid grid-3-4  wpv-first-level first has-background unextended\" style=\"\n\t\t\t\tbackground: url( 'http:\/\/www.sercanmidik.com.tr\/wp-content\/uploads\/2024\/12\/xxn-7.jpg' ) no-repeat center center;\n\t\t\t\tbackground-size: cover;\n\t\t\tbackground-attachment: scroll;padding-top:400px;padding-bottom:0px\" id=\"wpv-column-fd3c2bd32f2e61e2dc0af142edbaeb66\" ><\/div>\n<div class=\"wpv-grid grid-1-4 add-border wpv-first-level unextended\" style=\"padding-top:20px;padding-bottom:15px\" id=\"wpv-column-366fabab21d42b30091f61e4a5f6017d\" ><div class=\"row \"><div class=\"wpv-grid grid-1-1  first unextended animation-fade-in animated-active\" style=\"padding-top:0px;padding-bottom:0px\" id=\"wpv-column-798e64abad1c36ef07951e89030aa3cd\" ><h4 style=\"padding-left: 20px;\">CONTACTS<\/h4>\n<p style=\"padding-left: 20px;\">Tel: 800-700-6200<br \/>\n<a href=\"mailto:support@vamtam.com\">support@vamtam.com<\/a><\/p>\n<p style=\"padding-left: 20px;\"><a href=\"#\"> <span class='icon shortcode   use-hover' style='font-size:16px !important;color:#0070f2;'>&#58155;<\/span><\/a>\u00a0 <a href=\"#\"><span class='icon shortcode   use-hover' style='font-size:16px !important;color:#0070f2;'>&#58159;<\/span><\/a>\u00a0 <a href=\"#\"><span class='icon shortcode theme  use-hover' style='font-size:16px !important;color:#0070f2;'>&#58904;<\/span><\/a><br \/>\n<div class=\"push\" style='height:10px'><\/div>\n<h4 style=\"padding-left: 20px;\">AREAS OF PRACTICE<\/h4>\n<p style=\"padding-left: 20px;\"><a href=\"#\">Serious car crash \u2192<\/a><br \/>\n<a href=\"#\">Brain injury \u2192<\/a><br \/>\n<a href=\"#\">Truck accidents \u2192<\/a><br \/>\n<div class=\"push\" style='height:10px'><\/div>\n<h4 style=\"padding-left: 20px;\">EDUCATION<\/h4>\n<p style=\"padding-left: 20px;\">Lorem ipsum dolor sit amet<br \/>\nConsectetuer adipiscing elit<br \/>\nDiam nonummy nibh euismod tincidunt ut laoreet.<\/div><\/div><\/div><\/div>\n<div class=\"push\" style='height:50px'><\/div>\n<div class=\"row \"><div class=\"wpv-grid grid-1-1  wpv-first-level first unextended\" style=\"padding-top:0px;padding-bottom:0px\" id=\"wpv-column-9ec461318a41b2d8136560c043d5a706\" ><blockquote>\n<h3><span data-teams=\"true\"><span class=\"ui-provider a b c d e f g h i j k l m n o p q r s t u v w x y z ab ac ae af ag ah ai aj ak\" dir=\"ltr\"><strong>SAP S\/4HANA HR<\/strong><\/span><\/span><\/h3>\n<\/blockquote>\n<p><span style=\"color: #333333;\"><div class=\"push\" style='height:20px'><\/div><\/span><br \/>\n<span style=\"color: #333333;\">SAP\u2019nin yeni nesil ERP platformu olan S\/4HANA \u00fczerinde \u00e7al\u0131\u015fan insan kaynaklar\u0131 (\u0130K) y\u00f6netimi mod\u00fcllerini i\u00e7eren bir \u00e7\u00f6z\u00fcm sunar. SAP S\/4HANA HR, organizasyonlar\u0131n \u0130K s\u00fcre\u00e7lerini daha verimli hale getirmek i\u00e7in modern bir altyap\u0131 ve geli\u015fmi\u015f analiz yetenekleri sunar. Bu \u00e7\u00f6z\u00fcm, insan sermayesini daha etkin y\u00f6netmek ve stratejik hedeflere ula\u015fmak i\u00e7in entegre bir platform sa\u011flar.<\/span><\/p>\n<p><span style=\"color: #333333;\"><div class=\"push\" style='height:20px'><\/div><\/span><\/p>\n<h3>SAP S\/4HANA HR Mod\u00fcllerinin \u00d6zellikleri:<\/h3>\n<h3><span style=\"color: #333333;\">\u00a0<\/span><\/h3>\n<p><span style=\"color: #333333;\"><div class=\"push\" style='height:10px'><\/div><\/span><\/p>\n<h3><strong>1-Personel Y\u00f6netimi (Personnel Management)<\/strong><\/h3>\n<p>\u00c7al\u0131\u015fan bilgilerini dijital ortamda y\u00f6netmek i\u00e7in merkezi bir yap\u0131 sunar. \u00c7al\u0131\u015fanlar\u0131n ki\u015fisel bilgileri, i\u015f ge\u00e7mi\u015fleri, e\u011fitim ve sertifikalar\u0131 gibi veriler SAP S\/4HANA HR i\u00e7inde saklan\u0131r<br \/>\n<span style=\"color: #333333;\"><div class=\"push\" style='height:10px'><\/div><\/span><\/p>\n<h3><strong>2-\u0130\u015fe Al\u0131m (Recruitment)<\/strong><\/h3>\n<p>\u00c7al\u0131\u015fan bilgilerini dijital ortamda y\u00f6netmek i\u00e7in merkezi bir yap\u0131 sunar. \u00c7al\u0131\u015fanlar\u0131n ki\u015fisel bilgileri, i\u015f ge\u00e7mi\u015fleri, e\u011fitim ve sertifikalar\u0131 gibi veriler SAP S\/4HANA HR i\u00e7inde saklan\u0131r.<\/p>\n<p><span style=\"color: #333333;\"><div class=\"push\" style='height:10px'><\/div><\/span><\/p>\n<h3><strong>3-Performans Y\u00f6netimi (Performance Management)<\/strong><\/h3>\n<p>\u00c7al\u0131\u015fanlar\u0131n performans\u0131n\u0131 izleme, de\u011ferlendirme ve geri bildirim alma s\u00fcre\u00e7lerini i\u00e7erir. SAP S\/4HANA HR, hedef belirleme, geli\u015fim planlar\u0131 ve performans analizleri ile \u00e7al\u0131\u015fanlar\u0131n ba\u015far\u0131lar\u0131n\u0131 ve geli\u015fim alanlar\u0131n\u0131 \u00f6l\u00e7er.<\/p>\n<p><span style=\"color: #333333;\"><div class=\"push\" style='height:10px'><\/div><\/span><\/p>\n<h3><strong>4-E\u011fitim ve Geli\u015fim (Learning and Development)<\/strong><\/h3>\n<p>\u00c7al\u0131\u015fanlar\u0131n kariyer geli\u015fimlerini destekleyen e\u011fitim programlar\u0131n\u0131 y\u00f6netir. E\u011fitim planlamas\u0131, e\u011fitime kat\u0131l\u0131m, ba\u015far\u0131 \u00f6l\u00e7\u00fcm\u00fc ve geli\u015fim raporlar\u0131 gibi s\u00fcre\u00e7ler SAP S\/4HANA HR ile y\u00f6netilebilir<\/p>\n<p><span style=\"color: #333333;\"><div class=\"push\" style='height:10px'><\/div><\/span><\/p>\n<h3><strong>5-Bordro Y\u00f6netimi (Payroll)<\/strong><\/h3>\n<p>\u00c7al\u0131\u015fanlar\u0131n maa\u015f, prim ve kesintilerini hesaplar. Yasal uyumluluk ve vergi d\u00fczenlemeleri ile uyumlu olarak, do\u011fru ve zaman\u0131nda bordro haz\u0131rl\u0131\u011f\u0131 yap\u0131l\u0131r.<\/p>\n<p><span style=\"color: #333333;\"><div class=\"push\" style='height:10px'><\/div><\/span><\/p>\n<h3><strong>6-\u00c7al\u0131\u015fan \u0130zin Y\u00f6netimi (Leave Management)<\/strong><\/h3>\n<p>\u00c7al\u0131\u015fanlar\u0131n y\u0131ll\u0131k izin, hastal\u0131k izni ve di\u011fer izin t\u00fcrlerini y\u00f6netir. SAP S\/4HANA HR, izin talepleri, onay s\u00fcre\u00e7leri ve izin bakiyelerini kolayca izler.<\/p>\n<p><span style=\"color: #333333;\"><div class=\"push\" style='height:10px'><\/div><\/span><\/p>\n<h3><span style=\"color: #333333;\"><strong>7-Zaman Y\u00f6netimi (Time Management)<\/strong><\/span><\/h3>\n<p>\u00c7al\u0131\u015fanlar\u0131n \u00e7al\u0131\u015fma saatleri, fazla mesai ve devams\u0131zl\u0131k gibi verileri izler. Zaman y\u00f6netimi, verimli i\u015f g\u00fcc\u00fc kullan\u0131m\u0131 ve do\u011fru \u00fccretlendirme i\u00e7in \u00f6nemlidir.<\/p>\n<p><span style=\"color: #333333;\"><div class=\"push\" style='height:10px'><\/div><\/span><\/p>\n<h3><strong>8-Yetenek Y\u00f6netimi (Talent Management)<\/strong><\/h3>\n<p>\u00c7al\u0131\u015fanlar\u0131n yeteneklerini belirler, kariyer geli\u015fimlerini planlar ve y\u00fcksek potansiyelli \u00e7al\u0131\u015fanlar\u0131 tan\u0131mlar. Bu mod\u00fcl, organizasyonlar\u0131n liderlik i\u00e7in gelecekteki yetenekleri yeti\u015ftirmesine yard\u0131mc\u0131 olur.<\/p>\n<p><span style=\"color: #333333;\"><div class=\"push\" style='height:10px'><\/div><\/span><\/p>\n<h3><strong>9-\u0130\u015f G\u00fcc\u00fc Analiti\u011fi (Workforce Analytics)<\/strong>:<\/h3>\n<p>\u0130nsan kaynaklar\u0131 verilerini analiz ederek, organizasyonun i\u015f g\u00fcc\u00fc verimlili\u011fini art\u0131rmaya y\u00f6nelik stratejik kararlar al\u0131nmas\u0131na yard\u0131mc\u0131 olur. \u00c7al\u0131\u015fan ba\u011fl\u0131l\u0131\u011f\u0131, devams\u0131zl\u0131k oranlar\u0131, e\u011fitim etkinli\u011fi gibi metrikleri analiz eder.<\/p>\n<p><span style=\"color: #333333;\"><div class=\"push\" style='height:10px'><\/div><\/span><\/p>\n<h3><span data-teams=\"true\">SAP S\/4HANA HR\u2019nin Avantajlar\u0131:<\/span><\/h3>\n<ul>\n<li><span style=\"color: #333333;\"><strong>Operasyonel Verimlilik<\/strong> <\/span><\/li>\n<\/ul>\n<p><span style=\"color: #333333;\">\u00c7al\u0131\u015fan bilgilerini, izinleri ve di\u011fer \u0130K i\u015flemlerini merkezi bir platformda toplad\u0131\u011f\u0131 i\u00e7in i\u015flemlerin h\u0131zl\u0131 ve hatas\u0131z bir \u015fekilde ger\u00e7ekle\u015ftirilmesini sa\u011flar<\/span><\/p>\n<div class=\"push\" style='height:10px'><\/div>\n<ul>\n<li><strong>Entegre \u00c7\u00f6z\u00fcm<\/strong><\/li>\n<\/ul>\n<p>\u0130nsan kaynaklar\u0131 y\u00f6netimini ERP sistemine entegre ederek, \u0130K s\u00fcre\u00e7lerini di\u011fer i\u015f s\u00fcre\u00e7leriyle uyumlu hale getirir ve veri do\u011frulu\u011funu art\u0131r\u0131r.<\/p>\n<div class=\"push\" style='height:10px'><\/div>\n<ul>\n<li><strong>Kullan\u0131c\u0131 Dostu Aray\u00fcz<\/strong><\/li>\n<\/ul>\n<p>Modern ve kullan\u0131c\u0131 dostu aray\u00fcz\u00fc, \u0130K profesyonellerinin sistemle etkile\u015fimini kolayla\u015ft\u0131r\u0131r ve s\u00fcre\u00e7leri daha verimli hale getirir.<\/p>\n<div class=\"push\" style='height:10px'><\/div>\n<ul>\n<li><strong>Esneklik ve \u00d6l\u00e7eklenebilirlik<\/strong><\/li>\n<\/ul>\n<p>SAP S\/4HANA HR, farkl\u0131 organizasyon yap\u0131lar\u0131 ve b\u00fcy\u00fckl\u00fckleri i\u00e7in \u00f6zelle\u015ftirilebilir ve \u00f6l\u00e7eklendirilebilir.<\/p>\n<div class=\"push\" style='height:10px'><\/div>\n<ul>\n<li><strong>Mobil Uyum<\/strong><\/li>\n<\/ul>\n<p>Mobil cihazlar \u00fczerinden eri\u015fim, saha \u00e7al\u0131\u015fanlar\u0131 i\u00e7in ve uzaktan \u00e7al\u0131\u015fma ko\u015fullar\u0131nda verimli bir kullan\u0131m sa\u011flar.<\/p>\n<div class=\"push\" style='height:10px'><\/div>\n<ul>\n<li><strong>Y\u00fcksek G\u00fcvenlik ve Uyumluluk<\/strong><\/li>\n<\/ul>\n<p>SAP S\/4HANA HR, y\u00fcksek g\u00fcvenlik standartlar\u0131na ve yasal uyumluluk gereksinimlerine uyum sa\u011flar.<\/p>\n<div class=\"push\" style='height:10px'><\/div>\n<p><strong>SAP S\/4HANA HR,<\/strong> \u015firketlerin insan kaynaklar\u0131 y\u00f6netimini daha stratejik ve verimli hale getirirken, modern i\u015f g\u00fcc\u00fc y\u00f6netiminin gereksinimlerine uyum sa\u011flamalar\u0131na yard\u0131mc\u0131 olan g\u00fc\u00e7l\u00fc bir platformdur. Bu \u00e7\u00f6z\u00fcm, insan sermayesinin en iyi \u015fekilde y\u00f6netilmesine olanak tan\u0131r ve organizasyonel hedeflere ula\u015f\u0131lmas\u0131nda kritik bir rol oynar.<\/div><\/div>\n<div class=\"row \"><div class=\"wpv-grid grid-1-1  wpv-first-level first unextended animation-from-bottom animated-active\" style=\"padding-top:15px;padding-bottom:15px\" id=\"wpv-column-471639e55a278682435abeedf2a5469d\" >\t\t<div class=\"sep-text single centered\">\n\t\t\t\t\t\t\t<span class=\"sep-text-before\"><div class=\"sep-text-line\"><\/div><\/span>\n\t\t\t\t\t\t<div class=\"content\">\n\t\t\t\t<h2 class=\"text-divider-double\">CONTACT ME<\/h2>\t\t\t<\/div>\n\t\t\t<span class=\"sep-text-after\"><div class=\"sep-text-line\"><\/div><\/span>\n\t\t\t\t\t<\/div>\n\t<div class=\"push\" style='height:10px'><\/div>\n<div class=\"row \"><div class=\"wpv-grid grid-1-1  first unextended\" style=\"padding-top:0px;padding-bottom:0px\" id=\"wpv-column-801078b95edd6db836406f41a9d98d97\" ><p>\n<div class=\"wpcf7 no-js\" id=\"wpcf7-f9476-o1\" lang=\"en-US\" dir=\"ltr\" data-wpcf7-id=\"9476\">\n<div class=\"screen-reader-response\"><p role=\"status\" aria-live=\"polite\" aria-atomic=\"true\"><\/p> <ul><\/ul><\/div>\n<form action=\"\/en\/wp-json\/wp\/v2\/pages\/988293#wpcf7-f9476-o1\" method=\"post\" class=\"wpcf7-form init\" aria-label=\"Contact form\" novalidate=\"novalidate\" data-status=\"init\">\n<fieldset class=\"hidden-fields-container\"><input type=\"hidden\" name=\"_wpcf7\" value=\"9476\" \/><input type=\"hidden\" name=\"_wpcf7_version\" value=\"6.1.5\" \/><input type=\"hidden\" name=\"_wpcf7_locale\" value=\"en_US\" \/><input type=\"hidden\" name=\"_wpcf7_unit_tag\" value=\"wpcf7-f9476-o1\" \/><input type=\"hidden\" name=\"_wpcf7_container_post\" value=\"0\" \/><input type=\"hidden\" name=\"_wpcf7_posted_data_hash\" value=\"\" \/>\n<\/fieldset>\n<div class=\"row\">\n\t<div class=\"grid-1-3\">\n\t\t<p><span class=\"wpcf7-form-control-wrap\" data-name=\"Name\"><input size=\"40\" maxlength=\"400\" class=\"wpcf7-form-control wpcf7-text wpcf7-validates-as-required\" aria-required=\"true\" aria-invalid=\"false\" placeholder=\"Name\" value=\"\" type=\"text\" name=\"Name\" \/><\/span>\n\t\t<\/p>\n\t<\/div>\n\t<div class=\"grid-1-3\">\n\t\t<p><span class=\"wpcf7-form-control-wrap\" data-name=\"E-mail\"><input size=\"40\" maxlength=\"400\" class=\"wpcf7-form-control wpcf7-text wpcf7-validates-as-required\" aria-required=\"true\" aria-invalid=\"false\" placeholder=\"E-mail\" value=\"\" type=\"text\" name=\"E-mail\" \/><\/span>\n\t\t<\/p>\n\t<\/div>\n\t<div class=\"grid-1-3\">\n\t\t<p><span class=\"wpcf7-form-control-wrap\" data-name=\"Phone\"><input size=\"40\" maxlength=\"400\" class=\"wpcf7-form-control wpcf7-text\" aria-invalid=\"false\" placeholder=\"Phone\" value=\"\" type=\"text\" name=\"Phone\" \/><\/span>\n\t\t<\/p>\n\t<\/div>\n\t<div class=\"grid-1-1\">\n\t\t<p><span class=\"wpcf7-form-control-wrap\" data-name=\"Message\"><textarea cols=\"40\" rows=\"7\" maxlength=\"2000\" class=\"wpcf7-form-control wpcf7-textarea wpcf7-validates-as-required\" aria-required=\"true\" aria-invalid=\"false\" placeholder=\"Your message...\" name=\"Message\"><\/textarea><\/span>\n\t\t<\/p>\n\t<\/div>\n\t<div class=\"grid-1-1\">\n\t\t<p><input class=\"wpcf7-form-control wpcf7-submit has-spinner\" type=\"submit\" value=\"Send \u2192\" \/>\n\t\t<\/p>\n\t<\/div>\n<\/div><p style=\"display: none !important;\" class=\"akismet-fields-container\" data-prefix=\"_wpcf7_ak_\"><label>&#916;<textarea name=\"_wpcf7_ak_hp_textarea\" cols=\"45\" rows=\"8\" maxlength=\"100\"><\/textarea><\/label><input type=\"hidden\" id=\"ak_js_1\" name=\"_wpcf7_ak_js\" value=\"138\"\/><script>document.getElementById( \"ak_js_1\" ).setAttribute( \"value\", ( new Date() ).getTime() );<\/script><\/p><div class=\"wpcf7-response-output\" aria-hidden=\"true\"><\/div>\n<\/form>\n<\/div>\n<\/div><\/div><\/div><\/div>\n<div class=\"row \"><div class=\"wpv-grid grid-1-1  wpv-first-level first unextended animation-from-bottom animated-active\" style=\"padding-top:15px;padding-bottom:60px\" id=\"wpv-column-539ea73329c168b8e6ede847ed1fcb3b\" >\t\t<div class=\"sep-text single centered\">\n\t\t\t\t\t\t\t<span class=\"sep-text-before\"><div class=\"sep-text-line\"><\/div><\/span>\n\t\t\t\t\t\t<div class=\"content\">\n\t\t\t\t<h2 class=\"text-divider-double\">APPOINTMENT<\/h2>\t\t\t<\/div>\n\t\t\t<span class=\"sep-text-after\"><div class=\"sep-text-line\"><\/div><\/span>\n\t\t\t\t\t<\/div>\n\t<div class=\"push\" style='height:10px'><\/div>\n<div class=\"row \"><div class=\"wpv-grid grid-1-1  first unextended\" style=\"padding-top:0px;padding-bottom:0px\" id=\"wpv-column-75f1b2754b8d486ac65c3f5327c1f413\" ><p><div class=\"booked-calendar-shortcode-wrap\"><div class=\"booked-calendar-wrap large\"><div class=\"booked-calendar\" data-calendar-date=\"2026-04-01\">\n\t\t<div class=\"bc-head\">\n\n\t\t\t\n\t\t\t<div class=\"bc-row top\">\n\t\t\t\t<div class=\"bc-col\">\n\t\t\t\t\t\t\t\t\t\t<span class=\"calendarSavingState\">\n\t\t\t\t\t\t<i class=\"fa-solid fa-circle-notch fa-spin\"><\/i>\n\t\t\t\t\t<\/span>\n\t\t\t\t\t<span class=\"monthName\">\n\t\t\t\t\t\tApril 2026\t\t\t\t\t\t\t\t\t\t\t<\/span>\n\t\t\t\t\t<a href=\"#\" data-goto=\"2026-05-01\" class=\"page-right\"><i class=\"fa-solid fa-arrow-right\"><\/i><\/a>\t\t\t\t<\/div>\n\t\t\t<\/div>\n\t\t\t<div class=\"bc-row days\">\n\t\t\t\t\t\t\t\t<div class=\"bc-col\">Mon<\/div>\n\t\t\t\t<div class=\"bc-col\">Tue<\/div>\n\t\t\t\t<div class=\"bc-col\">Wed<\/div>\n\t\t\t\t<div class=\"bc-col\">Thu<\/div>\n\t\t\t\t<div class=\"bc-col\">Fri<\/div>\n\t\t\t\t<div class=\"bc-col\">Sat<\/div>\t\t\t\t<div class=\"bc-col\">Sun<\/div>\t\t\t<\/div>\n\t\t<\/div>\n\t\t<div class=\"bc-body\"><div class=\"bc-row week\"><div data-date=\"2026-03-30\" class=\"bc-col prev-month prev-date\"><span class=\"date\"><span class=\"number\">30<\/span><\/span><\/div><div data-date=\"2026-03-31\" class=\"bc-col prev-month prev-date\"><span class=\"date\"><span class=\"number\">31<\/span><\/span><\/div><div data-date=\"2026-04-1\" class=\"bc-col prev-date\"><span class=\"date\"><span class=\"number\">1<\/span><\/span><\/div><div data-date=\"2026-04-2\" class=\"bc-col prev-date\"><span class=\"date\"><span class=\"number\">2<\/span><\/span><\/div><div data-date=\"2026-04-3\" class=\"bc-col prev-date\"><span class=\"date\"><span class=\"number\">3<\/span><\/span><\/div><div data-date=\"2026-04-4\" class=\"bc-col prev-date\"><span class=\"date\"><span class=\"number\">4<\/span><\/span><\/div><div data-date=\"2026-04-5\" class=\"bc-col prev-date\"><span class=\"date\"><span class=\"number\">5<\/span><\/span><\/div><\/div><div class=\"bc-row week\"><div data-date=\"2026-04-6\" class=\"bc-col prev-date\"><span class=\"date\"><span class=\"number\">6<\/span><\/span><\/div><div data-date=\"2026-04-7\" class=\"bc-col prev-date\"><span class=\"date\"><span class=\"number\">7<\/span><\/span><\/div><div data-date=\"2026-04-8\" class=\"bc-col prev-date\"><span class=\"date\"><span class=\"number\">8<\/span><\/span><\/div><div data-date=\"2026-04-9\" class=\"bc-col prev-date\"><span class=\"date\"><span class=\"number\">9<\/span><\/span><\/div><div data-date=\"2026-04-10\" class=\"bc-col prev-date\"><span class=\"date\"><span class=\"number\">10<\/span><\/span><\/div><div data-date=\"2026-04-11\" class=\"bc-col prev-date\"><span class=\"date\"><span class=\"number\">11<\/span><\/span><\/div><div data-date=\"2026-04-12\" class=\"bc-col prev-date\"><span class=\"date\"><span class=\"number\">12<\/span><\/span><\/div><\/div><div class=\"bc-row week\"><div data-date=\"2026-04-13\" class=\"bc-col prev-date\"><span class=\"date\"><span class=\"number\">13<\/span><\/span><\/div><div data-date=\"2026-04-14\" class=\"bc-col prev-date\"><span class=\"date\"><span class=\"number\">14<\/span><\/span><\/div><div data-date=\"2026-04-15\" class=\"bc-col prev-date\"><span class=\"date\"><span class=\"number\">15<\/span><\/span><\/div><div data-date=\"2026-04-16\" class=\"bc-col prev-date\"><span class=\"date\"><span class=\"number\">16<\/span><\/span><\/div><div data-date=\"2026-04-17\" class=\"bc-col prev-date\"><span class=\"date\"><span class=\"number\">17<\/span><\/span><\/div><div data-date=\"2026-04-18\" class=\"bc-col today prev-date\"><span class=\"date\"><span class=\"number\">18<\/span><\/span><\/div><div data-date=\"2026-04-19\" class=\"bc-col prev-date\"><span class=\"date\"><span class=\"number\">19<\/span><\/span><\/div><\/div><div class=\"bc-row week\"><div data-date=\"2026-04-20\" class=\"bc-col \"><span class=\"date tooltipster\" title=\"8 Available\"><span class=\"number\">20<\/span><\/span><\/div><div data-date=\"2026-04-21\" class=\"bc-col \"><span class=\"date tooltipster\" title=\"20 Available\"><span class=\"number\">21<\/span><\/span><\/div><div data-date=\"2026-04-22\" class=\"bc-col \"><span class=\"date tooltipster\" title=\"3 Available\"><span class=\"number\">22<\/span><\/span><\/div><div data-date=\"2026-04-23\" class=\"bc-col \"><span class=\"date tooltipster\" title=\"6 Available\"><span class=\"number\">23<\/span><\/span><\/div><div data-date=\"2026-04-24\" class=\"bc-col prev-date\"><span class=\"date\"><span class=\"number\">24<\/span><\/span><\/div><div data-date=\"2026-04-25\" class=\"bc-col prev-date\"><span class=\"date\"><span class=\"number\">25<\/span><\/span><\/div><div data-date=\"2026-04-26\" class=\"bc-col prev-date\"><span class=\"date\"><span class=\"number\">26<\/span><\/span><\/div><\/div><div class=\"bc-row week\"><div data-date=\"2026-04-27\" class=\"bc-col \"><span class=\"date tooltipster\" title=\"8 Available\"><span class=\"number\">27<\/span><\/span><\/div><div data-date=\"2026-04-28\" class=\"bc-col \"><span class=\"date tooltipster\" title=\"20 Available\"><span class=\"number\">28<\/span><\/span><\/div><div data-date=\"2026-04-29\" class=\"bc-col \"><span class=\"date tooltipster\" title=\"3 Available\"><span class=\"number\">29<\/span><\/span><\/div><div data-date=\"2026-04-30\" class=\"bc-col \"><span class=\"date tooltipster\" title=\"6 Available\"><span class=\"number\">30<\/span><\/span><\/div><div data-date=\"2026-05-1\" class=\"bc-col next-month prev-date\"><span class=\"date\"><span class=\"number\">1<\/span><\/span><\/div><div data-date=\"2026-05-2\" class=\"bc-col next-month prev-date\"><span class=\"date\"><span class=\"number\">2<\/span><\/span><\/div><div data-date=\"2026-05-3\" class=\"bc-col next-month prev-date\"><span class=\"date\"><span class=\"number\">3<\/span><\/span><\/div><\/div>\t\t<\/div>\n\t<\/div><\/div><\/div><\/div><\/div>\n[\/column_1]<\/div><\/div>\n","protected":false},"excerpt":{"rendered":"<p>CONTACTS Tel: 800-700-6200 support@vamtam.com \u00a0 \u00a0 AREAS OF PRACTICE Serious car crash \u2192 Brain injury \u2192 Truck accidents \u2192 EDUCATION Lorem ipsum dolor sit amet Consectetuer adipiscing elit Diam nonummy nibh euismod tincidunt ut laoreet. SAP S\/4HANA HR SAP\u2019nin yeni nesil ERP platformu olan S\/4HANA \u00fczerinde \u00e7al\u0131\u015fan insan kaynaklar\u0131 (\u0130K) y\u00f6netimi mod\u00fcllerini i\u00e7eren bir \u00e7\u00f6z\u00fcm&#8230;<\/p>","protected":false},"author":1,"featured_media":0,"parent":0,"menu_order":0,"comment_status":"closed","ping_status":"closed","template":"","meta":{"footnotes":""},"class_list":["post-988293","page","type-page","status-publish","hentry"],"aioseo_notices":[],"_links":{"self":[{"href":"https:\/\/www.vesacons.com\/en\/wp-json\/wp\/v2\/pages\/988293","targetHints":{"allow":["GET"]}}],"collection":[{"href":"https:\/\/www.vesacons.com\/en\/wp-json\/wp\/v2\/pages"}],"about":[{"href":"https:\/\/www.vesacons.com\/en\/wp-json\/wp\/v2\/types\/page"}],"author":[{"embeddable":true,"href":"https:\/\/www.vesacons.com\/en\/wp-json\/wp\/v2\/users\/1"}],"replies":[{"embeddable":true,"href":"https:\/\/www.vesacons.com\/en\/wp-json\/wp\/v2\/comments?post=988293"}],"version-history":[{"count":3,"href":"https:\/\/www.vesacons.com\/en\/wp-json\/wp\/v2\/pages\/988293\/revisions"}],"predecessor-version":[{"id":988296,"href":"https:\/\/www.vesacons.com\/en\/wp-json\/wp\/v2\/pages\/988293\/revisions\/988296"}],"wp:attachment":[{"href":"https:\/\/www.vesacons.com\/en\/wp-json\/wp\/v2\/media?parent=988293"}],"curies":[{"name":"wp","href":"https:\/\/api.w.org\/{rel}","templated":true}]}}