{"id":988302,"date":"2024-12-20T12:11:29","date_gmt":"2024-12-20T12:11:29","guid":{"rendered":"https:\/\/www.sercanmidik.com.tr\/?page_id=988302"},"modified":"2024-12-20T12:11:29","modified_gmt":"2024-12-20T12:11:29","slug":"mainsapbtp","status":"publish","type":"page","link":"https:\/\/www.vesacons.com\/en\/mainsapbtp\/","title":{"rendered":"SAP BTP"},"content":{"rendered":"<div class=\"row \"><div class=\"wpv-grid grid-3-4  wpv-first-level first has-background unextended\" style=\"\n\t\t\t\tbackground: url( 'http:\/\/www.sercanmidik.com.tr\/wp-content\/uploads\/2024\/12\/xxn-7.jpg' ) no-repeat center center;\n\t\t\t\tbackground-size: cover;\n\t\t\tbackground-attachment: scroll;padding-top:400px;padding-bottom:0px\" id=\"wpv-column-3dee8bdb87b68b864f84e07eca288a04\" ><\/div>\n<div class=\"wpv-grid grid-1-4 add-border wpv-first-level unextended\" style=\"padding-top:20px;padding-bottom:15px\" id=\"wpv-column-7d68dbfa1377b82045389532a759f0d5\" ><div class=\"row \"><div class=\"wpv-grid grid-1-1  first unextended animation-fade-in animated-active\" style=\"padding-top:0px;padding-bottom:0px\" id=\"wpv-column-e7a27348163e81668ee7c4c78c07628a\" ><h4 style=\"padding-left: 20px;\">CONTACTS<\/h4>\n<p style=\"padding-left: 20px;\">Tel: 800-700-6200<br \/>\n<a href=\"mailto:support@vamtam.com\">support@vamtam.com<\/a><\/p>\n<p style=\"padding-left: 20px;\"><a href=\"#\"> <span class='icon shortcode   use-hover' style='font-size:16px !important;color:#0070f2;'>&#58155;<\/span><\/a>\u00a0 <a href=\"#\"><span class='icon shortcode   use-hover' style='font-size:16px !important;color:#0070f2;'>&#58159;<\/span><\/a>\u00a0 <a href=\"#\"><span class='icon shortcode theme  use-hover' style='font-size:16px !important;color:#0070f2;'>&#58904;<\/span><\/a><br \/>\n<div class=\"push\" style='height:10px'><\/div>\n<h4 style=\"padding-left: 20px;\">AREAS OF PRACTICE<\/h4>\n<p style=\"padding-left: 20px;\"><a href=\"#\">Serious car crash \u2192<\/a><br \/>\n<a href=\"#\">Brain injury \u2192<\/a><br \/>\n<a href=\"#\">Truck accidents \u2192<\/a><br \/>\n<div class=\"push\" style='height:10px'><\/div>\n<h4 style=\"padding-left: 20px;\">EDUCATION<\/h4>\n<p style=\"padding-left: 20px;\">Lorem ipsum dolor sit amet<br \/>\nConsectetuer adipiscing elit<br \/>\nDiam nonummy nibh euismod tincidunt ut laoreet.<\/div><\/div><\/div><\/div>\n<div class=\"push\" style='height:50px'><\/div>\n<div class=\"row \"><div class=\"wpv-grid grid-1-1  wpv-first-level first unextended\" style=\"padding-top:0px;padding-bottom:0px\" id=\"wpv-column-b558a96051ca4ba1775efc589525442c\" ><blockquote>\n<h3>SAP BTP (Business Technology Platform)<\/h3>\n<\/blockquote>\n<p><strong>SAP Business Technology Platform (BTP),<\/strong> SAP\u2019nin bulut tabanl\u0131 yenilik\u00e7i i\u015f teknolojisi platformudur. \u0130\u015fletmelerin veri entegrasyonu yapmas\u0131na, s\u00fcre\u00e7lerini optimize etmesine ve \u00f6zelle\u015ftirilmi\u015f uygulamalar geli\u015ftirmesine olanak tan\u0131r. SAP BTP, hem SAP sistemleri (SAP S\/4HANA, SAP SuccessFactors gibi) hem de \u00fc\u00e7\u00fcnc\u00fc taraf uygulamalar aras\u0131nda ba\u011flant\u0131 kurarak esnek ve \u00f6l\u00e7eklenebilir bir altyap\u0131 sunar. \u00d6zellikle \u0130nsan Kaynaklar\u0131 (SAP SuccessFactors) s\u00fcre\u00e7lerini daha verimli hale getirmek ve \u00f6zelle\u015ftirmek isteyen firmalar i\u00e7in SAP BTP, g\u00fc\u00e7l\u00fc bir \u00e7\u00f6z\u00fcm sunar.<\/p>\n<p><span style=\"color: #333333;\"><div class=\"push\" style='height:20px'><\/div><\/span><\/p>\n<h3>BTP ile \u0130nsan Kaynaklar\u0131 \u00c7\u00f6z\u00fcmlerinin Avantajlar\u0131<\/h3>\n<h3><span style=\"color: #333333;\">\u00a0<\/span><\/h3>\n<p><span style=\"color: #333333;\"><div class=\"push\" style='height:10px'><\/div><\/span><\/p>\n<h3>1- <strong>\u00d6zelle\u015ftirme<\/strong><\/h3>\n<p>\u0130\u015fletmelerin ihtiya\u00e7lar\u0131na \u00f6zel \u00e7\u00f6z\u00fcmler geli\u015ftirilir. Standart SAP SuccessFactors s\u00fcre\u00e7leri, \u015firketin \u00f6zel gereksinimlerine g\u00f6re uyarlanabilir.<\/p>\n<p><span style=\"color: #333333;\"><div class=\"push\" style='height:10px'><\/div><\/span><\/p>\n<h3>2- <strong>Kolay Entegrasyon<\/strong><\/h3>\n<p>SAP SuccessFactors, SAP S\/4HANA ve di\u011fer sistemlerle uyumlu \u00e7al\u0131\u015farak s\u00fcre\u00e7leri sorunsuz bir \u015fekilde birle\u015ftirir.<\/p>\n<p><span style=\"color: #333333;\"><div class=\"push\" style='height:10px'><\/div><\/span><\/p>\n<h3><span data-teams=\"true\">3- <strong>H\u0131zl\u0131 Geli\u015ftirme<\/strong><\/span><\/h3>\n<p>SAP\u2019nin sundu\u011fu ara\u00e7lar ve haz\u0131r \u015fablonlar sayesinde yeni uygulamalar h\u0131zla hayata ge\u00e7irilebilir.<\/p>\n<h3><span data-teams=\"true\">4- <strong>Mobil ve Web Uyumu<\/strong><\/span><\/h3>\n<p>\u00c7\u00f6z\u00fcmler, mobil cihazlar ve web tabanl\u0131 platformlarla tamamen uyumludur, bu sayede \u00e7al\u0131\u015fanlar ve y\u00f6neticiler her yerden eri\u015fim sa\u011flayabilir.<\/p>\n<p><span style=\"color: #333333;\"><div class=\"push\" style='height:10px'><\/div><\/span><\/p>\n<h3><span data-teams=\"true\">5- <strong>Ak\u0131ll\u0131 Teknolojiler<\/strong><\/span><\/h3>\n<p>Yapay zeka ve makine \u00f6\u011frenimi gibi teknolojiler sayesinde s\u00fcre\u00e7ler daha ak\u0131ll\u0131 ve verimli hale gelir.<\/p>\n<p><span style=\"color: #333333;\"><div class=\"push\" style='height:10px'><\/div><\/span><\/p>\n<hr \/>\n<h3>6- <strong>Geli\u015fmi\u015f Analitik<\/strong><\/h3>\n<p>Detayl\u0131 raporlama ve veri analiti\u011fi ile \u0130K s\u00fcre\u00e7lerinde daha bilin\u00e7li ve do\u011fru kararlar al\u0131nabilir.<\/p>\n<p><span style=\"color: #333333;\"><div class=\"push\" style='height:10px'><\/div><\/span><\/p>\n<h3><span data-teams=\"true\">7. <strong>\u0130\u015fe Al\u0131m ve Onboarding Y\u00f6netimi<\/strong><\/span><\/h3>\n<p>Yeni \u00e7al\u0131\u015fanlar\u0131n i\u015fe al\u0131m ve i\u015fe ba\u015flama s\u00fcre\u00e7lerini h\u0131zland\u0131r\u0131r.<\/p>\n<ul>\n<li><strong>Yeni \u0130\u015fe Al\u0131m Bilgileri:<\/strong> Adaylar\u0131n ba\u015fvuru durumlar\u0131n\u0131n izlenmesi.<\/li>\n<li><strong>Onboarding G\u00f6revleri:<\/strong> Yeni \u00e7al\u0131\u015fanlar i\u00e7in atanm\u0131\u015f g\u00f6revlerin listelenmesi.<\/li>\n<li><strong>Kabul Edilen Teklifler:<\/strong> \u0130\u015f tekliflerinin izlenmesi ve onaylanmas\u0131.<\/li>\n<\/ul>\n<p><span style=\"color: #333333;\"><div class=\"push\" style='height:10px'><\/div><\/span><\/p>\n<h3>Custom HR \u00c7\u00f6z\u00fcmleri i\u00e7in SAP BTP Hangi Durumlarda Kullan\u0131l\u0131r?<\/h3>\n<ul>\n<li><strong>\u00d6zel \u0130\u015f S\u00fcre\u00e7leri:<\/strong>\u00a0Standart SAP SuccessFactors i\u015flevlerinin i\u015fletmenin ihtiya\u00e7lar\u0131n\u0131 kar\u015f\u0131lamad\u0131\u011f\u0131 durumlarda, \u00f6zel uygulamalar geli\u015ftirilebilir.<\/li>\n<li><strong>Eksik Mod\u00fcl Fonksiyonlar\u0131:<\/strong>\u00a0SAP SuccessFactors\u2019un belirli alanlarda yetersiz kald\u0131\u011f\u0131 durumlarda, \u00f6zel geli\u015ftirmeler yap\u0131labilir.<\/li>\n<li><strong>Uyumluluk Gereklilikleri:<\/strong>\u00a0Yerel d\u00fczenlemeler ve i\u015f kanunlar\u0131na uyum sa\u011flamak i\u00e7in spesifik \u00e7\u00f6z\u00fcmler olu\u015fturulabilir.<\/li>\n<li><strong>Kullan\u0131c\u0131 Deneyimi:<\/strong>\u00a0Daha kullan\u0131c\u0131 dostu ve kolay eri\u015filebilir mobil veya web tabanl\u0131 \u00e7\u00f6z\u00fcmler geli\u015ftirmek.<\/li>\n<\/ul>\n<div class=\"push\" style='height:10px'><\/div>\n<p><strong>SAP BTP,<\/strong> SAP SuccessFactors s\u00fcre\u00e7lerini sadece optimize etmekle kalmaz, ayn\u0131 zamanda i\u015fletmelere rekabet avantaj\u0131 kazand\u0131r\u0131r. \u0130\u015fletmenize \u00f6zel \u00e7\u00f6z\u00fcm \u00f6nerileri ve detayl\u0131 bilgi i\u00e7in bizimle ileti\u015fime ge\u00e7ebilirsiniz!<\/div><\/div>\n<div class=\"row \"><div class=\"wpv-grid grid-1-1  wpv-first-level first unextended animation-from-bottom animated-active\" style=\"padding-top:15px;padding-bottom:15px\" id=\"wpv-column-c18b98ef61abf25aee7a3f20afbf4363\" >\t\t<div class=\"sep-text single centered\">\n\t\t\t\t\t\t\t<span class=\"sep-text-before\"><div class=\"sep-text-line\"><\/div><\/span>\n\t\t\t\t\t\t<div class=\"content\">\n\t\t\t\t<h2 class=\"text-divider-double\">CONTACT ME<\/h2>\t\t\t<\/div>\n\t\t\t<span class=\"sep-text-after\"><div class=\"sep-text-line\"><\/div><\/span>\n\t\t\t\t\t<\/div>\n\t<div class=\"push\" style='height:10px'><\/div>\n<div class=\"row \"><div class=\"wpv-grid grid-1-1  first unextended\" style=\"padding-top:0px;padding-bottom:0px\" id=\"wpv-column-2c7e9a3f3bb5fc9f4b515b216e840d56\" ><p>\n<div class=\"wpcf7 no-js\" id=\"wpcf7-f9476-o1\" lang=\"en-US\" dir=\"ltr\" data-wpcf7-id=\"9476\">\n<div class=\"screen-reader-response\"><p role=\"status\" aria-live=\"polite\" aria-atomic=\"true\"><\/p> <ul><\/ul><\/div>\n<form action=\"\/en\/wp-json\/wp\/v2\/pages\/988302#wpcf7-f9476-o1\" method=\"post\" class=\"wpcf7-form init\" aria-label=\"Contact form\" novalidate=\"novalidate\" data-status=\"init\">\n<fieldset class=\"hidden-fields-container\"><input type=\"hidden\" name=\"_wpcf7\" value=\"9476\" \/><input type=\"hidden\" name=\"_wpcf7_version\" value=\"6.1.5\" \/><input type=\"hidden\" name=\"_wpcf7_locale\" value=\"en_US\" \/><input type=\"hidden\" name=\"_wpcf7_unit_tag\" value=\"wpcf7-f9476-o1\" \/><input type=\"hidden\" name=\"_wpcf7_container_post\" value=\"0\" \/><input type=\"hidden\" name=\"_wpcf7_posted_data_hash\" value=\"\" \/>\n<\/fieldset>\n<div class=\"row\">\n\t<div class=\"grid-1-3\">\n\t\t<p><span class=\"wpcf7-form-control-wrap\" data-name=\"Name\"><input size=\"40\" maxlength=\"400\" class=\"wpcf7-form-control wpcf7-text wpcf7-validates-as-required\" aria-required=\"true\" aria-invalid=\"false\" placeholder=\"Name\" value=\"\" type=\"text\" name=\"Name\" \/><\/span>\n\t\t<\/p>\n\t<\/div>\n\t<div class=\"grid-1-3\">\n\t\t<p><span class=\"wpcf7-form-control-wrap\" data-name=\"E-mail\"><input size=\"40\" maxlength=\"400\" class=\"wpcf7-form-control wpcf7-text wpcf7-validates-as-required\" aria-required=\"true\" aria-invalid=\"false\" placeholder=\"E-mail\" value=\"\" type=\"text\" name=\"E-mail\" \/><\/span>\n\t\t<\/p>\n\t<\/div>\n\t<div class=\"grid-1-3\">\n\t\t<p><span class=\"wpcf7-form-control-wrap\" data-name=\"Phone\"><input size=\"40\" maxlength=\"400\" class=\"wpcf7-form-control wpcf7-text\" aria-invalid=\"false\" placeholder=\"Phone\" value=\"\" type=\"text\" name=\"Phone\" \/><\/span>\n\t\t<\/p>\n\t<\/div>\n\t<div class=\"grid-1-1\">\n\t\t<p><span class=\"wpcf7-form-control-wrap\" data-name=\"Message\"><textarea cols=\"40\" rows=\"7\" maxlength=\"2000\" class=\"wpcf7-form-control wpcf7-textarea wpcf7-validates-as-required\" aria-required=\"true\" aria-invalid=\"false\" placeholder=\"Your message...\" name=\"Message\"><\/textarea><\/span>\n\t\t<\/p>\n\t<\/div>\n\t<div class=\"grid-1-1\">\n\t\t<p><input class=\"wpcf7-form-control wpcf7-submit has-spinner\" type=\"submit\" value=\"Send \u2192\" \/>\n\t\t<\/p>\n\t<\/div>\n<\/div><p style=\"display: none !important;\" class=\"akismet-fields-container\" data-prefix=\"_wpcf7_ak_\"><label>&#916;<textarea name=\"_wpcf7_ak_hp_textarea\" cols=\"45\" rows=\"8\" maxlength=\"100\"><\/textarea><\/label><input type=\"hidden\" id=\"ak_js_1\" name=\"_wpcf7_ak_js\" value=\"162\"\/><script>document.getElementById( \"ak_js_1\" ).setAttribute( \"value\", ( new Date() ).getTime() );<\/script><\/p><div class=\"wpcf7-response-output\" aria-hidden=\"true\"><\/div>\n<\/form>\n<\/div>\n<\/div><\/div><\/div><\/div>\n<div class=\"row \"><div class=\"wpv-grid grid-1-1  wpv-first-level first unextended animation-from-bottom animated-active\" style=\"padding-top:15px;padding-bottom:60px\" id=\"wpv-column-c7281bccb89c041791f8aeb8e295dfaf\" >\t\t<div class=\"sep-text single centered\">\n\t\t\t\t\t\t\t<span class=\"sep-text-before\"><div class=\"sep-text-line\"><\/div><\/span>\n\t\t\t\t\t\t<div class=\"content\">\n\t\t\t\t<h2 class=\"text-divider-double\">APPOINTMENT<\/h2>\t\t\t<\/div>\n\t\t\t<span class=\"sep-text-after\"><div class=\"sep-text-line\"><\/div><\/span>\n\t\t\t\t\t<\/div>\n\t<div class=\"push\" style='height:10px'><\/div>\n<div class=\"row \"><div class=\"wpv-grid grid-1-1  first unextended\" style=\"padding-top:0px;padding-bottom:0px\" id=\"wpv-column-6a52e0be2ab1bfe62562482bd35db420\" ><p><div class=\"booked-calendar-shortcode-wrap\"><div class=\"booked-calendar-wrap large\"><div class=\"booked-calendar\" data-calendar-date=\"2026-04-01\">\n\t\t<div class=\"bc-head\">\n\n\t\t\t\n\t\t\t<div class=\"bc-row top\">\n\t\t\t\t<div class=\"bc-col\">\n\t\t\t\t\t\t\t\t\t\t<span class=\"calendarSavingState\">\n\t\t\t\t\t\t<i class=\"fa-solid fa-circle-notch fa-spin\"><\/i>\n\t\t\t\t\t<\/span>\n\t\t\t\t\t<span class=\"monthName\">\n\t\t\t\t\t\tApril 2026\t\t\t\t\t\t\t\t\t\t\t<\/span>\n\t\t\t\t\t<a href=\"#\" data-goto=\"2026-05-01\" class=\"page-right\"><i class=\"fa-solid fa-arrow-right\"><\/i><\/a>\t\t\t\t<\/div>\n\t\t\t<\/div>\n\t\t\t<div class=\"bc-row days\">\n\t\t\t\t\t\t\t\t<div class=\"bc-col\">Mon<\/div>\n\t\t\t\t<div class=\"bc-col\">Tue<\/div>\n\t\t\t\t<div class=\"bc-col\">Wed<\/div>\n\t\t\t\t<div class=\"bc-col\">Thu<\/div>\n\t\t\t\t<div class=\"bc-col\">Fri<\/div>\n\t\t\t\t<div class=\"bc-col\">Sat<\/div>\t\t\t\t<div class=\"bc-col\">Sun<\/div>\t\t\t<\/div>\n\t\t<\/div>\n\t\t<div class=\"bc-body\"><div class=\"bc-row week\"><div data-date=\"2026-03-30\" class=\"bc-col prev-month prev-date\"><span class=\"date\"><span class=\"number\">30<\/span><\/span><\/div><div data-date=\"2026-03-31\" class=\"bc-col prev-month prev-date\"><span class=\"date\"><span class=\"number\">31<\/span><\/span><\/div><div data-date=\"2026-04-1\" class=\"bc-col prev-date\"><span class=\"date\"><span class=\"number\">1<\/span><\/span><\/div><div data-date=\"2026-04-2\" class=\"bc-col prev-date\"><span class=\"date\"><span class=\"number\">2<\/span><\/span><\/div><div data-date=\"2026-04-3\" class=\"bc-col prev-date\"><span class=\"date\"><span class=\"number\">3<\/span><\/span><\/div><div data-date=\"2026-04-4\" class=\"bc-col prev-date\"><span class=\"date\"><span class=\"number\">4<\/span><\/span><\/div><div data-date=\"2026-04-5\" class=\"bc-col prev-date\"><span class=\"date\"><span class=\"number\">5<\/span><\/span><\/div><\/div><div class=\"bc-row week\"><div data-date=\"2026-04-6\" class=\"bc-col prev-date\"><span class=\"date\"><span class=\"number\">6<\/span><\/span><\/div><div data-date=\"2026-04-7\" class=\"bc-col prev-date\"><span class=\"date\"><span class=\"number\">7<\/span><\/span><\/div><div data-date=\"2026-04-8\" class=\"bc-col prev-date\"><span class=\"date\"><span class=\"number\">8<\/span><\/span><\/div><div data-date=\"2026-04-9\" class=\"bc-col prev-date\"><span class=\"date\"><span class=\"number\">9<\/span><\/span><\/div><div data-date=\"2026-04-10\" class=\"bc-col prev-date\"><span class=\"date\"><span class=\"number\">10<\/span><\/span><\/div><div data-date=\"2026-04-11\" class=\"bc-col prev-date\"><span class=\"date\"><span class=\"number\">11<\/span><\/span><\/div><div data-date=\"2026-04-12\" class=\"bc-col prev-date\"><span class=\"date\"><span class=\"number\">12<\/span><\/span><\/div><\/div><div class=\"bc-row week\"><div data-date=\"2026-04-13\" class=\"bc-col prev-date\"><span class=\"date\"><span class=\"number\">13<\/span><\/span><\/div><div data-date=\"2026-04-14\" class=\"bc-col prev-date\"><span class=\"date\"><span class=\"number\">14<\/span><\/span><\/div><div data-date=\"2026-04-15\" class=\"bc-col prev-date\"><span class=\"date\"><span class=\"number\">15<\/span><\/span><\/div><div data-date=\"2026-04-16\" class=\"bc-col prev-date\"><span class=\"date\"><span class=\"number\">16<\/span><\/span><\/div><div data-date=\"2026-04-17\" class=\"bc-col prev-date\"><span class=\"date\"><span class=\"number\">17<\/span><\/span><\/div><div data-date=\"2026-04-18\" class=\"bc-col today prev-date\"><span class=\"date\"><span class=\"number\">18<\/span><\/span><\/div><div data-date=\"2026-04-19\" class=\"bc-col prev-date\"><span class=\"date\"><span class=\"number\">19<\/span><\/span><\/div><\/div><div class=\"bc-row week\"><div data-date=\"2026-04-20\" class=\"bc-col \"><span class=\"date tooltipster\" title=\"8 Available\"><span class=\"number\">20<\/span><\/span><\/div><div data-date=\"2026-04-21\" class=\"bc-col \"><span class=\"date tooltipster\" title=\"20 Available\"><span class=\"number\">21<\/span><\/span><\/div><div data-date=\"2026-04-22\" class=\"bc-col \"><span class=\"date tooltipster\" title=\"3 Available\"><span class=\"number\">22<\/span><\/span><\/div><div data-date=\"2026-04-23\" class=\"bc-col \"><span class=\"date tooltipster\" title=\"6 Available\"><span class=\"number\">23<\/span><\/span><\/div><div data-date=\"2026-04-24\" class=\"bc-col prev-date\"><span class=\"date\"><span class=\"number\">24<\/span><\/span><\/div><div data-date=\"2026-04-25\" class=\"bc-col prev-date\"><span class=\"date\"><span class=\"number\">25<\/span><\/span><\/div><div data-date=\"2026-04-26\" class=\"bc-col prev-date\"><span class=\"date\"><span class=\"number\">26<\/span><\/span><\/div><\/div><div class=\"bc-row week\"><div data-date=\"2026-04-27\" class=\"bc-col \"><span class=\"date tooltipster\" title=\"8 Available\"><span class=\"number\">27<\/span><\/span><\/div><div data-date=\"2026-04-28\" class=\"bc-col \"><span class=\"date tooltipster\" title=\"20 Available\"><span class=\"number\">28<\/span><\/span><\/div><div data-date=\"2026-04-29\" class=\"bc-col \"><span class=\"date tooltipster\" title=\"3 Available\"><span class=\"number\">29<\/span><\/span><\/div><div data-date=\"2026-04-30\" class=\"bc-col \"><span class=\"date tooltipster\" title=\"6 Available\"><span class=\"number\">30<\/span><\/span><\/div><div data-date=\"2026-05-1\" class=\"bc-col next-month prev-date\"><span class=\"date\"><span class=\"number\">1<\/span><\/span><\/div><div data-date=\"2026-05-2\" class=\"bc-col next-month prev-date\"><span class=\"date\"><span class=\"number\">2<\/span><\/span><\/div><div data-date=\"2026-05-3\" class=\"bc-col next-month prev-date\"><span class=\"date\"><span class=\"number\">3<\/span><\/span><\/div><\/div>\t\t<\/div>\n\t<\/div><\/div><\/div><\/div><\/div>\n[\/column_1]<\/div><\/div>\n","protected":false},"excerpt":{"rendered":"<p>CONTACTS Tel: 800-700-6200 support@vamtam.com \u00a0 \u00a0 AREAS OF PRACTICE Serious car crash \u2192 Brain injury \u2192 Truck accidents \u2192 EDUCATION Lorem ipsum dolor sit amet Consectetuer adipiscing elit Diam nonummy nibh euismod tincidunt ut laoreet. SAP BTP (Business Technology Platform) SAP Business Technology Platform (BTP), SAP\u2019nin bulut tabanl\u0131 yenilik\u00e7i i\u015f teknolojisi platformudur. \u0130\u015fletmelerin veri entegrasyonu&#8230;<\/p>","protected":false},"author":1,"featured_media":0,"parent":0,"menu_order":0,"comment_status":"closed","ping_status":"closed","template":"","meta":{"footnotes":""},"class_list":["post-988302","page","type-page","status-publish","hentry"],"aioseo_notices":[],"_links":{"self":[{"href":"https:\/\/www.vesacons.com\/en\/wp-json\/wp\/v2\/pages\/988302","targetHints":{"allow":["GET"]}}],"collection":[{"href":"https:\/\/www.vesacons.com\/en\/wp-json\/wp\/v2\/pages"}],"about":[{"href":"https:\/\/www.vesacons.com\/en\/wp-json\/wp\/v2\/types\/page"}],"author":[{"embeddable":true,"href":"https:\/\/www.vesacons.com\/en\/wp-json\/wp\/v2\/users\/1"}],"replies":[{"embeddable":true,"href":"https:\/\/www.vesacons.com\/en\/wp-json\/wp\/v2\/comments?post=988302"}],"version-history":[{"count":5,"href":"https:\/\/www.vesacons.com\/en\/wp-json\/wp\/v2\/pages\/988302\/revisions"}],"predecessor-version":[{"id":988310,"href":"https:\/\/www.vesacons.com\/en\/wp-json\/wp\/v2\/pages\/988302\/revisions\/988310"}],"wp:attachment":[{"href":"https:\/\/www.vesacons.com\/en\/wp-json\/wp\/v2\/media?parent=988302"}],"curies":[{"name":"wp","href":"https:\/\/api.w.org\/{rel}","templated":true}]}}