{"id":989022,"date":"2025-01-06T12:51:32","date_gmt":"2025-01-06T12:51:32","guid":{"rendered":"https:\/\/www.sercanmidik.com.tr\/?page_id=989022"},"modified":"2025-01-06T12:51:34","modified_gmt":"2025-01-06T12:51:34","slug":"sap-fiori-maas-bordrosu-goruntuleme","status":"publish","type":"page","link":"https:\/\/www.vesacons.com\/en\/sap-fiori-maas-bordrosu-goruntuleme\/","title":{"rendered":"SAP FIORI MAA\u015e BORDROSU G\u00d6R\u00dcNT\u00dcLEME"},"content":{"rendered":"<div data-elementor-type=\"wp-page\" data-elementor-id=\"989022\" class=\"elementor elementor-989022\">\n\t\t\t\t<div class=\"elementor-element elementor-element-9f1de14 e-flex e-con-boxed e-con e-parent\" data-id=\"9f1de14\" data-element_type=\"container\" data-e-type=\"container\">\n\t\t\t\t\t<div class=\"e-con-inner\">\n\t\t<div class=\"elementor-element elementor-element-673727f e-con-full e-flex e-con e-child\" data-id=\"673727f\" data-element_type=\"container\" data-e-type=\"container\">\n\t\t\t\t<div class=\"elementor-element elementor-element-b0ece14 elementor-widget elementor-widget-image\" data-id=\"b0ece14\" data-element_type=\"widget\" data-e-type=\"widget\" data-widget_type=\"image.default\">\n\t\t\t\t<div class=\"elementor-widget-container\">\n\t\t\t\t\t\t\t\t\t\t\t\t\t\t\t<img fetchpriority=\"high\" decoding=\"async\" width=\"735\" height=\"490\" src=\"https:\/\/www.vesacons.com\/wp-content\/uploads\/2025\/01\/4-illustrations_-Graphs_-Analytics.jpeg\" class=\"attachment-large size-large wp-image-989000\" alt=\"\" srcset=\"https:\/\/www.vesacons.com\/wp-content\/uploads\/2025\/01\/4-illustrations_-Graphs_-Analytics.jpeg 735w, https:\/\/www.vesacons.com\/wp-content\/uploads\/2025\/01\/4-illustrations_-Graphs_-Analytics-300x200.jpeg 300w, https:\/\/www.vesacons.com\/wp-content\/uploads\/2025\/01\/4-illustrations_-Graphs_-Analytics-615x410.jpeg 615w, https:\/\/www.vesacons.com\/wp-content\/uploads\/2025\/01\/4-illustrations_-Graphs_-Analytics-400x266.jpeg 400w, https:\/\/www.vesacons.com\/wp-content\/uploads\/2025\/01\/4-illustrations_-Graphs_-Analytics-292x195.jpeg 292w\" sizes=\"(max-width: 735px) 100vw, 735px\" \/>\t\t\t\t\t\t\t\t\t\t\t\t\t\t\t<\/div>\n\t\t\t\t<\/div>\n\t\t\t\t<div class=\"elementor-element elementor-element-5d7e9af elementor-widget elementor-widget-text-editor\" data-id=\"5d7e9af\" data-element_type=\"widget\" data-e-type=\"widget\" data-widget_type=\"text-editor.default\">\n\t\t\t\t<div class=\"elementor-widget-container\">\n\t\t\t\t\t\t\t\t\t<p style=\"text-align: center;\"><strong>SAP Fiori Payroll Slip Viewing Module,<\/strong> It allows employees to access their payroll information quickly, easily, and securely. With its user-friendly interface and mobile compatibility, it digitizes the payroll process, increasing employee satisfaction while reducing the workload on HR.<\/p>\t\t\t\t\t\t\t\t<\/div>\n\t\t\t\t<\/div>\n\t\t\t\t<\/div>\n\t\t\t\t\t<\/div>\n\t\t\t\t<\/div>\n\t\t<div class=\"elementor-element elementor-element-c085c94 e-flex e-con-boxed e-con e-parent\" data-id=\"c085c94\" data-element_type=\"container\" data-e-type=\"container\">\n\t\t\t\t\t<div class=\"e-con-inner\">\n\t\t\t\t<div class=\"elementor-element elementor-element-efec6ab elementor-widget elementor-widget-heading\" data-id=\"efec6ab\" data-element_type=\"widget\" data-e-type=\"widget\" data-widget_type=\"heading.default\">\n\t\t\t\t<div class=\"elementor-widget-container\">\n\t\t\t\t\t<h2 class=\"elementor-heading-title elementor-size-default\">Neden SAP Fiori Maa\u015f Bordrosu G\u00f6r\u00fcnt\u00fcleme Mod\u00fcl\u00fc?<\/h2>\t\t\t\t<\/div>\n\t\t\t\t<\/div>\n\t\t\t\t\t<\/div>\n\t\t\t\t<\/div>\n\t\t<div class=\"elementor-element elementor-element-3155d091 e-flex e-con-boxed e-con e-parent\" data-id=\"3155d091\" data-element_type=\"container\" data-e-type=\"container\">\n\t\t\t\t\t<div class=\"e-con-inner\">\n\t\t<div class=\"elementor-element elementor-element-616db20 e-con-full e-flex e-con e-child\" data-id=\"616db20\" data-element_type=\"container\" data-e-type=\"container\">\n\t\t<div class=\"elementor-element elementor-element-d4f854a e-grid e-con-full e-con e-child\" data-id=\"d4f854a\" data-element_type=\"container\" data-e-type=\"container\">\n\t\t\t\t<div class=\"elementor-element elementor-element-3ab24a6 elementor-widget elementor-widget-eael-feature-list\" data-id=\"3ab24a6\" data-element_type=\"widget\" data-e-type=\"widget\" data-widget_type=\"eael-feature-list.default\">\n\t\t\t\t<div class=\"elementor-widget-container\">\n\t\t\t\t\t\t\t<div class=\"-icon-position-left -tablet-icon-position-left -mobile-icon-position-left\">\n\t\t\t<ul id=\"eael-feature-list-3ab24a6\" class=\"eael-feature-list-items circle framed  eael-feature-list-vertical\" data-layout-tablet=\"vertical\" data-layout-mobile=\"vertical\">\n\t\t\t                <li class=\"eael-feature-list-item elementor-repeater-item-b0f8f92\">\n                    \n\t\t\t\t\t\t<div class=\"eael-feature-list-icon-box\">\n\t\t\t\t\t\t\t<div class=\"eael-feature-list-icon-inner\">\n\n\t\t\t\t\t\t\t\t<span class=\"eael-feature-list-icon fl-icon-0\">\n\n\t\t<svg aria-hidden=\"true\" class=\"e-font-icon-svg e-fas-chart-line\" viewbox=\"0 0 512 512\" xmlns=\"http:\/\/www.w3.org\/2000\/svg\"><path d=\"M496 384H64V80c0-8.84-7.16-16-16-16H16C7.16 64 0 71.16 0 80v336c0 17.67 14.33 32 32 32h464c8.84 0 16-7.16 16-16v-32c0-8.84-7.16-16-16-16zM464 96H345.94c-21.38 0-32.09 25.85-16.97 40.97l32.4 32.4L288 242.75l-73.37-73.37c-12.5-12.5-32.76-12.5-45.25 0l-68.69 68.69c-6.25 6.25-6.25 16.38 0 22.63l22.62 22.62c6.25 6.25 16.38 6.25 22.63 0L192 237.25l73.37 73.37c12.5 12.5 32.76 12.5 45.25 0l96-96 32.4 32.4c15.12 15.12 40.97 4.41 40.97-16.97V112c.01-8.84-7.15-16-15.99-16z\"><\/path><\/svg>\t\t\t\t\t\t\t\t<\/span>\n\t\t\t\t\t\t\t<\/div>\n\t\t\t\t\t\t<\/div>\n\t\t\t\t\t\t<div class=\"eael-feature-list-content-box\">\n                            <h3 class=\"eael-feature-list-title\">User-Friendly Interface:<\/h3>\t\t\t\t\t\t<p class=\"eael-feature-list-content\">With its simple and modern design, employees can view their payroll information with just a few clicks.<\/p>\n\t\t\t\t\t\t<\/div>\n\n\t\t\t\t\t<\/li>\n\t\t\t\t                <li class=\"eael-feature-list-item elementor-repeater-item-6a014dc\">\n                    \n\t\t\t\t\t\t<div class=\"eael-feature-list-icon-box\">\n\t\t\t\t\t\t\t<div class=\"eael-feature-list-icon-inner\">\n\n\t\t\t\t\t\t\t\t<span class=\"eael-feature-list-icon fl-icon-1\">\n\n\t\t<svg aria-hidden=\"true\" class=\"e-font-icon-svg e-fas-chart-line\" viewbox=\"0 0 512 512\" xmlns=\"http:\/\/www.w3.org\/2000\/svg\"><path d=\"M496 384H64V80c0-8.84-7.16-16-16-16H16C7.16 64 0 71.16 0 80v336c0 17.67 14.33 32 32 32h464c8.84 0 16-7.16 16-16v-32c0-8.84-7.16-16-16-16zM464 96H345.94c-21.38 0-32.09 25.85-16.97 40.97l32.4 32.4L288 242.75l-73.37-73.37c-12.5-12.5-32.76-12.5-45.25 0l-68.69 68.69c-6.25 6.25-6.25 16.38 0 22.63l22.62 22.62c6.25 6.25 16.38 6.25 22.63 0L192 237.25l73.37 73.37c12.5 12.5 32.76 12.5 45.25 0l96-96 32.4 32.4c15.12 15.12 40.97 4.41 40.97-16.97V112c.01-8.84-7.15-16-15.99-16z\"><\/path><\/svg>\t\t\t\t\t\t\t\t<\/span>\n\t\t\t\t\t\t\t<\/div>\n\t\t\t\t\t\t<\/div>\n\t\t\t\t\t\t<div class=\"eael-feature-list-content-box\">\n                            <h3 class=\"eael-feature-list-title\">Mobile Compatible Access<\/h3>\t\t\t\t\t\t<p class=\"eael-feature-list-content\">It provides access to payroll information from anywhere using tablets or smartphones.<\/p>\n\t\t\t\t\t\t<\/div>\n\n\t\t\t\t\t<\/li>\n\t\t\t\t                <li class=\"eael-feature-list-item elementor-repeater-item-f734d85\">\n                    \n\t\t\t\t\t\t<div class=\"eael-feature-list-icon-box\">\n\t\t\t\t\t\t\t<div class=\"eael-feature-list-icon-inner\">\n\n\t\t\t\t\t\t\t\t<span class=\"eael-feature-list-icon fl-icon-2\">\n\n\t\t<svg aria-hidden=\"true\" class=\"e-font-icon-svg e-fas-chart-line\" viewbox=\"0 0 512 512\" xmlns=\"http:\/\/www.w3.org\/2000\/svg\"><path d=\"M496 384H64V80c0-8.84-7.16-16-16-16H16C7.16 64 0 71.16 0 80v336c0 17.67 14.33 32 32 32h464c8.84 0 16-7.16 16-16v-32c0-8.84-7.16-16-16-16zM464 96H345.94c-21.38 0-32.09 25.85-16.97 40.97l32.4 32.4L288 242.75l-73.37-73.37c-12.5-12.5-32.76-12.5-45.25 0l-68.69 68.69c-6.25 6.25-6.25 16.38 0 22.63l22.62 22.62c6.25 6.25 16.38 6.25 22.63 0L192 237.25l73.37 73.37c12.5 12.5 32.76 12.5 45.25 0l96-96 32.4 32.4c15.12 15.12 40.97 4.41 40.97-16.97V112c.01-8.84-7.15-16-15.99-16z\"><\/path><\/svg>\t\t\t\t\t\t\t\t<\/span>\n\t\t\t\t\t\t\t<\/div>\n\t\t\t\t\t\t<\/div>\n\t\t\t\t\t\t<div class=\"eael-feature-list-content-box\">\n                            <h3 class=\"eael-feature-list-title\">Real-Time Data Updates<\/h3>\t\t\t\t\t\t<p class=\"eael-feature-list-content\">Employees can instantly access the most up-to-date salary information and past payroll slips.<\/p>\n\t\t\t\t\t\t<\/div>\n\n\t\t\t\t\t<\/li>\n\t\t\t\t\t\t\t<\/ul>\n\t\t<\/div>\n\t\t\t\t\t\t<\/div>\n\t\t\t\t<\/div>\n\t\t\t\t<div class=\"elementor-element elementor-element-0faedc9 elementor-widget elementor-widget-image\" data-id=\"0faedc9\" data-element_type=\"widget\" data-e-type=\"widget\" data-widget_type=\"image.default\">\n\t\t\t\t<div class=\"elementor-widget-container\">\n\t\t\t\t\t\t\t\t\t\t\t\t\t\t\t<img decoding=\"async\" width=\"633\" height=\"422\" src=\"https:\/\/www.vesacons.com\/wp-content\/uploads\/2024\/12\/nknhjkhkl.png\" class=\"attachment-large size-large wp-image-988202\" alt=\"\" srcset=\"https:\/\/www.vesacons.com\/wp-content\/uploads\/2024\/12\/nknhjkhkl.png 633w, https:\/\/www.vesacons.com\/wp-content\/uploads\/2024\/12\/nknhjkhkl-300x200.png 300w, https:\/\/www.vesacons.com\/wp-content\/uploads\/2024\/12\/nknhjkhkl-615x410.png 615w, https:\/\/www.vesacons.com\/wp-content\/uploads\/2024\/12\/nknhjkhkl-400x266.png 400w, https:\/\/www.vesacons.com\/wp-content\/uploads\/2024\/12\/nknhjkhkl-292x195.png 292w\" sizes=\"(max-width: 633px) 100vw, 633px\" \/>\t\t\t\t\t\t\t\t\t\t\t\t\t\t\t<\/div>\n\t\t\t\t<\/div>\n\t\t\t\t<div class=\"elementor-element elementor-element-928bd96 elementor-widget elementor-widget-eael-feature-list\" data-id=\"928bd96\" data-element_type=\"widget\" data-e-type=\"widget\" data-widget_type=\"eael-feature-list.default\">\n\t\t\t\t<div class=\"elementor-widget-container\">\n\t\t\t\t\t\t\t<div class=\"-icon-position-left -tablet-icon-position-left -mobile-icon-position-left\">\n\t\t\t<ul id=\"eael-feature-list-928bd96\" class=\"eael-feature-list-items circle framed  eael-feature-list-vertical\" data-layout-tablet=\"vertical\" data-layout-mobile=\"vertical\">\n\t\t\t                <li class=\"eael-feature-list-item elementor-repeater-item-44134ca\">\n                    \n\t\t\t\t\t\t<div class=\"eael-feature-list-icon-box\">\n\t\t\t\t\t\t\t<div class=\"eael-feature-list-icon-inner\">\n\n\t\t\t\t\t\t\t\t<span class=\"eael-feature-list-icon fl-icon-0\">\n\n\t\t<svg aria-hidden=\"true\" class=\"e-font-icon-svg e-fas-chart-line\" viewbox=\"0 0 512 512\" xmlns=\"http:\/\/www.w3.org\/2000\/svg\"><path d=\"M496 384H64V80c0-8.84-7.16-16-16-16H16C7.16 64 0 71.16 0 80v336c0 17.67 14.33 32 32 32h464c8.84 0 16-7.16 16-16v-32c0-8.84-7.16-16-16-16zM464 96H345.94c-21.38 0-32.09 25.85-16.97 40.97l32.4 32.4L288 242.75l-73.37-73.37c-12.5-12.5-32.76-12.5-45.25 0l-68.69 68.69c-6.25 6.25-6.25 16.38 0 22.63l22.62 22.62c6.25 6.25 16.38 6.25 22.63 0L192 237.25l73.37 73.37c12.5 12.5 32.76 12.5 45.25 0l96-96 32.4 32.4c15.12 15.12 40.97 4.41 40.97-16.97V112c.01-8.84-7.15-16-15.99-16z\"><\/path><\/svg>\t\t\t\t\t\t\t\t<\/span>\n\t\t\t\t\t\t\t<\/div>\n\t\t\t\t\t\t<\/div>\n\t\t\t\t\t\t<div class=\"eael-feature-list-content-box\">\n                            <h3 class=\"eael-feature-list-title\">Y\u00fcksek G\u00fcvenlik<\/h3>\t\t\t\t\t\t<p class=\"eael-feature-list-content\">Your sensitive payroll information is protected with SAP\u2019s robust security protocols.<\/p>\n\t\t\t\t\t\t<\/div>\n\n\t\t\t\t\t<\/li>\n\t\t\t\t                <li class=\"eael-feature-list-item elementor-repeater-item-ac5134f\">\n                    \n\t\t\t\t\t\t<div class=\"eael-feature-list-icon-box\">\n\t\t\t\t\t\t\t<div class=\"eael-feature-list-icon-inner\">\n\n\t\t\t\t\t\t\t\t<span class=\"eael-feature-list-icon fl-icon-1\">\n\n\t\t<svg aria-hidden=\"true\" class=\"e-font-icon-svg e-fas-chart-line\" viewbox=\"0 0 512 512\" xmlns=\"http:\/\/www.w3.org\/2000\/svg\"><path d=\"M496 384H64V80c0-8.84-7.16-16-16-16H16C7.16 64 0 71.16 0 80v336c0 17.67 14.33 32 32 32h464c8.84 0 16-7.16 16-16v-32c0-8.84-7.16-16-16-16zM464 96H345.94c-21.38 0-32.09 25.85-16.97 40.97l32.4 32.4L288 242.75l-73.37-73.37c-12.5-12.5-32.76-12.5-45.25 0l-68.69 68.69c-6.25 6.25-6.25 16.38 0 22.63l22.62 22.62c6.25 6.25 16.38 6.25 22.63 0L192 237.25l73.37 73.37c12.5 12.5 32.76 12.5 45.25 0l96-96 32.4 32.4c15.12 15.12 40.97 4.41 40.97-16.97V112c.01-8.84-7.15-16-15.99-16z\"><\/path><\/svg>\t\t\t\t\t\t\t\t<\/span>\n\t\t\t\t\t\t\t<\/div>\n\t\t\t\t\t\t<\/div>\n\t\t\t\t\t\t<div class=\"eael-feature-list-content-box\">\n                            <h3 class=\"eael-feature-list-title\">Paperless Payroll Process<\/h3>\t\t\t\t\t\t<p class=\"eael-feature-list-content\">Digital payroll viewing offers an eco-friendly approach by eliminating paper usage.<\/p>\n\t\t\t\t\t\t<\/div>\n\n\t\t\t\t\t<\/li>\n\t\t\t\t                <li class=\"eael-feature-list-item elementor-repeater-item-bc035ca\">\n                    \n\t\t\t\t\t\t<div class=\"eael-feature-list-icon-box\">\n\t\t\t\t\t\t\t<div class=\"eael-feature-list-icon-inner\">\n\n\t\t\t\t\t\t\t\t<span class=\"eael-feature-list-icon fl-icon-2\">\n\n\t\t<svg aria-hidden=\"true\" class=\"e-font-icon-svg e-fas-chart-line\" viewbox=\"0 0 512 512\" xmlns=\"http:\/\/www.w3.org\/2000\/svg\"><path d=\"M496 384H64V80c0-8.84-7.16-16-16-16H16C7.16 64 0 71.16 0 80v336c0 17.67 14.33 32 32 32h464c8.84 0 16-7.16 16-16v-32c0-8.84-7.16-16-16-16zM464 96H345.94c-21.38 0-32.09 25.85-16.97 40.97l32.4 32.4L288 242.75l-73.37-73.37c-12.5-12.5-32.76-12.5-45.25 0l-68.69 68.69c-6.25 6.25-6.25 16.38 0 22.63l22.62 22.62c6.25 6.25 16.38 6.25 22.63 0L192 237.25l73.37 73.37c12.5 12.5 32.76 12.5 45.25 0l96-96 32.4 32.4c15.12 15.12 40.97 4.41 40.97-16.97V112c.01-8.84-7.15-16-15.99-16z\"><\/path><\/svg>\t\t\t\t\t\t\t\t<\/span>\n\t\t\t\t\t\t\t<\/div>\n\t\t\t\t\t\t<\/div>\n\t\t\t\t\t\t<div class=\"eael-feature-list-content-box\">\n                            <h3 class=\"eael-feature-list-title\">Integration Features<\/h3>\t\t\t\t\t\t<p class=\"eael-feature-list-content\">It allows employees to perform their tasks from anywhere using tablets or smartphones.<\/p>\n\t\t\t\t\t\t<\/div>\n\n\t\t\t\t\t<\/li>\n\t\t\t\t\t\t\t<\/ul>\n\t\t<\/div>\n\t\t\t\t\t\t<\/div>\n\t\t\t\t<\/div>\n\t\t\t\t<\/div>\n\t\t\t\t<\/div>\n\t\t\t\t\t<\/div>\n\t\t\t\t<\/div>\n\t\t<div class=\"elementor-element elementor-element-26ca394 e-flex e-con-boxed e-con e-parent\" data-id=\"26ca394\" data-element_type=\"container\" data-e-type=\"container\">\n\t\t\t\t\t<div class=\"e-con-inner\">\n\t\t\t\t<div class=\"elementor-element elementor-element-c7d1e09 elementor-widget elementor-widget-text-editor\" data-id=\"c7d1e09\" data-element_type=\"widget\" data-e-type=\"widget\" data-widget_type=\"text-editor.default\">\n\t\t\t\t<div class=\"elementor-widget-container\">\n\t\t\t\t\t\t\t\t\t<p style=\"text-align: center;\"><strong>SAP Fiori Payroll Slip Viewing Module<\/strong>,It simplifies the process of accessing employees' salary information, thereby enhancing workforce efficiency.<\/p><p style=\"text-align: center;\">Contact us for more information or to request a demo and take the first step towards a digital payroll process!<\/p>\t\t\t\t\t\t\t\t<\/div>\n\t\t\t\t<\/div>\n\t\t\t\t\t<\/div>\n\t\t\t\t<\/div>\n\t\t\t\t<\/div>","protected":false},"excerpt":{"rendered":"<p>SAP Fiori Maa\u015f Bordrosu G\u00f6r\u00fcnt\u00fcleme Mod\u00fcl\u00fc, \u00e7al\u0131\u015fanlar\u0131n maa\u015f bordrosu bilgilerine h\u0131zl\u0131, kolay ve g\u00fcvenli bir \u015fekilde eri\u015fmelerine olanak tan\u0131r. Kullan\u0131c\u0131 dostu aray\u00fcz\u00fc ve mobil uyumlulu\u011fu sayesinde bordro s\u00fcre\u00e7lerinizi dijitalle\u015ftirerek hem \u00e7al\u0131\u015fan memnuniyetini art\u0131r\u0131r hem de \u0130K \u00fczerindeki i\u015f y\u00fck\u00fcn\u00fc azalt\u0131r. Neden SAP Fiori Maa\u015f Bordrosu G\u00f6r\u00fcnt\u00fcleme Mod\u00fcl\u00fc? Kullan\u0131c\u0131 Dostu Aray\u00fcz: Basit ve modern tasar\u0131m\u0131yla \u00e7al\u0131\u015fanlar&#8230;<\/p>","protected":false},"author":1,"featured_media":0,"parent":0,"menu_order":0,"comment_status":"closed","ping_status":"closed","template":"","meta":{"footnotes":""},"class_list":["post-989022","page","type-page","status-publish","hentry"],"aioseo_notices":[],"_links":{"self":[{"href":"https:\/\/www.vesacons.com\/en\/wp-json\/wp\/v2\/pages\/989022","targetHints":{"allow":["GET"]}}],"collection":[{"href":"https:\/\/www.vesacons.com\/en\/wp-json\/wp\/v2\/pages"}],"about":[{"href":"https:\/\/www.vesacons.com\/en\/wp-json\/wp\/v2\/types\/page"}],"author":[{"embeddable":true,"href":"https:\/\/www.vesacons.com\/en\/wp-json\/wp\/v2\/users\/1"}],"replies":[{"embeddable":true,"href":"https:\/\/www.vesacons.com\/en\/wp-json\/wp\/v2\/comments?post=989022"}],"version-history":[{"count":5,"href":"https:\/\/www.vesacons.com\/en\/wp-json\/wp\/v2\/pages\/989022\/revisions"}],"predecessor-version":[{"id":989251,"href":"https:\/\/www.vesacons.com\/en\/wp-json\/wp\/v2\/pages\/989022\/revisions\/989251"}],"wp:attachment":[{"href":"https:\/\/www.vesacons.com\/en\/wp-json\/wp\/v2\/media?parent=989022"}],"curies":[{"name":"wp","href":"https:\/\/api.w.org\/{rel}","templated":true}]}}