{"id":989106,"date":"2025-01-08T05:34:41","date_gmt":"2025-01-08T05:34:41","guid":{"rendered":"https:\/\/www.sercanmidik.com.tr\/?page_id=989106"},"modified":"2025-01-08T05:39:42","modified_gmt":"2025-01-08T05:39:42","slug":"yeni-sayfa-tasarimi","status":"publish","type":"page","link":"https:\/\/www.vesacons.com\/en\/yeni-sayfa-tasarimi\/","title":{"rendered":"Yeni Sayfa Tasar\u0131m\u0131"},"content":{"rendered":"<div data-elementor-type=\"wp-page\" data-elementor-id=\"989106\" class=\"elementor elementor-989106\">\n\t\t\t\t<div class=\"elementor-element elementor-element-9f1de14 e-flex e-con-boxed e-con e-parent\" data-id=\"9f1de14\" data-element_type=\"container\" data-e-type=\"container\">\n\t\t\t\t\t<div class=\"e-con-inner\">\n\t\t<div class=\"elementor-element elementor-element-673727f e-con-full e-flex e-con e-child\" data-id=\"673727f\" data-element_type=\"container\" data-e-type=\"container\">\n\t\t\t\t<div class=\"elementor-element elementor-element-b0ece14 elementor-widget elementor-widget-image\" data-id=\"b0ece14\" data-element_type=\"widget\" data-e-type=\"widget\" data-widget_type=\"image.default\">\n\t\t\t\t<div class=\"elementor-widget-container\">\n\t\t\t\t\t\t\t\t\t\t\t\t\t\t\t<img fetchpriority=\"high\" decoding=\"async\" width=\"800\" height=\"600\" src=\"https:\/\/www.vesacons.com\/wp-content\/uploads\/2024\/12\/WIP.gif\" class=\"attachment-large size-large wp-image-988531\" alt=\"\" \/>\t\t\t\t\t\t\t\t\t\t\t\t\t\t\t<\/div>\n\t\t\t\t<\/div>\n\t\t\t\t<div class=\"elementor-element elementor-element-5d7e9af elementor-widget elementor-widget-text-editor\" data-id=\"5d7e9af\" data-element_type=\"widget\" data-e-type=\"widget\" data-widget_type=\"text-editor.default\">\n\t\t\t\t<div class=\"elementor-widget-container\">\n\t\t\t\t\t\t\t\t\t<p style=\"text-align: center;\"><strong>SAP S\/4HANA \u0130\u015fe Al\u0131m Mod\u00fcl\u00fc,<\/strong> modern i\u015fe al\u0131m ihtiya\u00e7lar\u0131na uygun, stratejik ve kullan\u0131c\u0131 dostu \u00e7\u00f6z\u00fcmler sunar. T\u00fcm i\u015fe al\u0131m s\u00fcrecini ba\u015ftan sona optimize ederek, organizasyonunuz i\u00e7in en uygun yetenekleri bulman\u0131z\u0131 sa\u011flar.<\/p>\t\t\t\t\t\t\t\t<\/div>\n\t\t\t\t<\/div>\n\t\t\t\t<\/div>\n\t\t\t\t\t<\/div>\n\t\t\t\t<\/div>\n\t\t<div class=\"elementor-element elementor-element-c085c94 e-flex e-con-boxed e-con e-parent\" data-id=\"c085c94\" data-element_type=\"container\" data-e-type=\"container\">\n\t\t\t\t\t<div class=\"e-con-inner\">\n\t\t\t\t<div class=\"elementor-element elementor-element-efec6ab elementor-widget elementor-widget-heading\" data-id=\"efec6ab\" data-element_type=\"widget\" data-e-type=\"widget\" data-widget_type=\"heading.default\">\n\t\t\t\t<div class=\"elementor-widget-container\">\n\t\t\t\t\t<h2 class=\"elementor-heading-title elementor-size-default\">Neden SAP S\/4HANA \u0130\u015fe Al\u0131m Mod\u00fcl\u00fc?<\/h2>\t\t\t\t<\/div>\n\t\t\t\t<\/div>\n\t\t<div class=\"elementor-element elementor-element-4746026 e-con-full e-flex e-con e-child\" data-id=\"4746026\" data-element_type=\"container\" data-e-type=\"container\">\n\t\t<div class=\"elementor-element elementor-element-bd2a880 e-grid e-con-full e-con e-child\" data-id=\"bd2a880\" data-element_type=\"container\" data-e-type=\"container\">\n\t\t\t\t<div class=\"elementor-element elementor-element-3537041 eael-flipbox-content-align-center eael-flipbox-img-default elementor-widget elementor-widget-eael-flip-box\" data-id=\"3537041\" data-element_type=\"widget\" data-e-type=\"widget\" data-widget_type=\"eael-flip-box.default\">\n\t\t\t\t<div class=\"elementor-widget-container\">\n\t\t\t\t\t        <div class=\"eael-elements-flip-box-container eael-animate-flip eael-animate-left eael-content eael-flip-box-hover eael-flipbox-fixed-height eael-flipbox-dynamic\">\n\n            <div class=\"eael-elements-flip-box-flip-card\">\n                <div class=\"eael-elements-flip-box-front-container\">\n                    \n                    \n                        <div class=\"eael-elements-slider-display-table\">\n                            <div class=\"eael-elements-flip-box-vertical-align\">\n                                <div class=\"eael-elements-flip-box-padding\">\n                                    <div class=\"eael-elements-flip-box-icon-image\">\n                                                                                    <img decoding=\"async\" class=\"eael-flipbox-image-as-icon\" src=\"https:\/\/www.vesacons.com\/wp-content\/uploads\/2025\/01\/4-illustrations_-Graphs_-Analytics.jpeg\" alt=\"\">\n                                                                            <\/div>\n                                    <h2 class=\"eael-elements-flip-box-heading\">Ba\u015fl\u0131k<\/h2>                                    <div class=\"eael-elements-flip-box-content\">\n\t                                    <p><span style=\"color: #000000\">birinci ba\u015fl\u0131k<\/span><\/p>                                    <\/div>\n                                <\/div>\n                            <\/div>\n                        <\/div>\n                                    <\/div>\n\n                <div class=\"eael-elements-flip-box-rear-container\">\n                                                                <div class=\"eael-elements-slider-display-table\">\n                            <div class=\"eael-elements-flip-box-vertical-align\">\n                                <div class=\"eael-elements-flip-box-padding\">\n                                                                            <div class=\"eael-elements-flip-box-icon-image\">\n                                                                                            <img decoding=\"async\" class=\"eael-flipbox-image-as-icon\" src=\"https:\/\/www.vesacons.com\/wp-content\/uploads\/2025\/01\/Building-and-organizing-a-contract-Illustrations-1.gif\" alt=\"\">\n                                                                                    <\/div>\n                                                                                                            <h2 class=\"eael-elements-flip-box-heading\">ikinci ba\u015fl\u0131k<\/h2>\n                                                                        <div class=\"eael-elements-flip-box-content\">\n                                        <p>2. ba\u015fl\u0131k a\u00e7\u0131klama<\/p>                                    <\/div>\n\n                                                                    <\/div>\n                            <\/div>\n                        <\/div>\n                                    <\/div>\n            <\/div>\n        <\/div>\n        \t\t\t\t<\/div>\n\t\t\t\t<\/div>\n\t\t\t\t<div class=\"elementor-element elementor-element-0cfb404 eael-flipbox-content-align-center eael-flipbox-img-default elementor-widget elementor-widget-eael-flip-box\" data-id=\"0cfb404\" data-element_type=\"widget\" data-e-type=\"widget\" data-widget_type=\"eael-flip-box.default\">\n\t\t\t\t<div class=\"elementor-widget-container\">\n\t\t\t\t\t        <div class=\"eael-elements-flip-box-container eael-animate-flip eael-animate-left eael-content eael-flip-box-hover eael-flipbox-fixed-height eael-flipbox-dynamic\">\n\n            <div class=\"eael-elements-flip-box-flip-card\">\n                <div class=\"eael-elements-flip-box-front-container\">\n                    \n                    \n                        <div class=\"eael-elements-slider-display-table\">\n                            <div class=\"eael-elements-flip-box-vertical-align\">\n                                <div class=\"eael-elements-flip-box-padding\">\n                                    <div class=\"eael-elements-flip-box-icon-image\">\n                                                                                    <img decoding=\"async\" class=\"eael-flipbox-image-as-icon\" src=\"https:\/\/www.vesacons.com\/wp-content\/uploads\/2025\/01\/4-illustrations_-Graphs_-Analytics.jpeg\" alt=\"\">\n                                                                            <\/div>\n                                    <h2 class=\"eael-elements-flip-box-heading\">Ba\u015fl\u0131k<\/h2>                                    <div class=\"eael-elements-flip-box-content\">\n\t                                    <p><span style=\"color: #000000\">birinci ba\u015fl\u0131k<\/span><\/p>                                    <\/div>\n                                <\/div>\n                            <\/div>\n                        <\/div>\n                                    <\/div>\n\n                <div class=\"eael-elements-flip-box-rear-container\">\n                                                                <div class=\"eael-elements-slider-display-table\">\n                            <div class=\"eael-elements-flip-box-vertical-align\">\n                                <div class=\"eael-elements-flip-box-padding\">\n                                                                            <div class=\"eael-elements-flip-box-icon-image\">\n                                                                                            <img decoding=\"async\" class=\"eael-flipbox-image-as-icon\" src=\"https:\/\/www.vesacons.com\/wp-content\/uploads\/2025\/01\/Building-and-organizing-a-contract-Illustrations-1.gif\" alt=\"\">\n                                                                                    <\/div>\n                                                                                                            <h2 class=\"eael-elements-flip-box-heading\">ikinci ba\u015fl\u0131k<\/h2>\n                                                                        <div class=\"eael-elements-flip-box-content\">\n                                        <p>2. ba\u015fl\u0131k a\u00e7\u0131klama<\/p>                                    <\/div>\n\n                                                                    <\/div>\n                            <\/div>\n                        <\/div>\n                                    <\/div>\n            <\/div>\n        <\/div>\n        \t\t\t\t<\/div>\n\t\t\t\t<\/div>\n\t\t\t\t<div class=\"elementor-element elementor-element-9f9c5e8 eael-flipbox-content-align-center eael-flipbox-img-default elementor-widget elementor-widget-eael-flip-box\" data-id=\"9f9c5e8\" data-element_type=\"widget\" data-e-type=\"widget\" data-widget_type=\"eael-flip-box.default\">\n\t\t\t\t<div class=\"elementor-widget-container\">\n\t\t\t\t\t        <div class=\"eael-elements-flip-box-container eael-animate-flip eael-animate-left eael-content eael-flip-box-hover eael-flipbox-fixed-height eael-flipbox-dynamic\">\n\n            <div class=\"eael-elements-flip-box-flip-card\">\n                <div class=\"eael-elements-flip-box-front-container\">\n                    \n                    \n                        <div class=\"eael-elements-slider-display-table\">\n                            <div class=\"eael-elements-flip-box-vertical-align\">\n                                <div class=\"eael-elements-flip-box-padding\">\n                                    <div class=\"eael-elements-flip-box-icon-image\">\n                                                                                    <img decoding=\"async\" class=\"eael-flipbox-image-as-icon\" src=\"https:\/\/www.vesacons.com\/wp-content\/uploads\/2025\/01\/4-illustrations_-Graphs_-Analytics.jpeg\" alt=\"\">\n                                                                            <\/div>\n                                    <h2 class=\"eael-elements-flip-box-heading\">Ba\u015fl\u0131k<\/h2>                                    <div class=\"eael-elements-flip-box-content\">\n\t                                    <p><span style=\"color: #000000\">birinci ba\u015fl\u0131k<\/span><\/p>                                    <\/div>\n                                <\/div>\n                            <\/div>\n                        <\/div>\n                                    <\/div>\n\n                <div class=\"eael-elements-flip-box-rear-container\">\n                                                                <div class=\"eael-elements-slider-display-table\">\n                            <div class=\"eael-elements-flip-box-vertical-align\">\n                                <div class=\"eael-elements-flip-box-padding\">\n                                                                            <div class=\"eael-elements-flip-box-icon-image\">\n                                                                                            <img decoding=\"async\" class=\"eael-flipbox-image-as-icon\" src=\"https:\/\/www.vesacons.com\/wp-content\/uploads\/2025\/01\/Building-and-organizing-a-contract-Illustrations-1.gif\" alt=\"\">\n                                                                                    <\/div>\n                                                                                                            <h2 class=\"eael-elements-flip-box-heading\">ikinci ba\u015fl\u0131k<\/h2>\n                                                                        <div class=\"eael-elements-flip-box-content\">\n                                        <p>2. ba\u015fl\u0131k a\u00e7\u0131klama<\/p>                                    <\/div>\n\n                                                                    <\/div>\n                            <\/div>\n                        <\/div>\n                                    <\/div>\n            <\/div>\n        <\/div>\n        \t\t\t\t<\/div>\n\t\t\t\t<\/div>\n\t\t\t\t<\/div>\n\t\t\t\t<\/div>\n\t\t\t\t\t<\/div>\n\t\t\t\t<\/div>\n\t\t<div class=\"elementor-element elementor-element-26ca394 e-flex e-con-boxed e-con e-parent\" data-id=\"26ca394\" data-element_type=\"container\" data-e-type=\"container\">\n\t\t\t\t\t<div class=\"e-con-inner\">\n\t\t\t\t<div class=\"elementor-element elementor-element-c7d1e09 elementor-widget elementor-widget-text-editor\" data-id=\"c7d1e09\" data-element_type=\"widget\" data-e-type=\"widget\" data-widget_type=\"text-editor.default\">\n\t\t\t\t<div class=\"elementor-widget-container\">\n\t\t\t\t\t\t\t\t\t<p style=\"text-align: center;\"><strong>SAP S\/4HANA \u0130\u015fe Al\u0131m Mod\u00fcl\u00fc,<\/strong> en iyi yetenekleri organizasyonunuza kazand\u0131rmak i\u00e7in ihtiyac\u0131n\u0131z olan t\u00fcm ara\u00e7lar\u0131 sunar.<\/p><p style=\"text-align: center;\">Contact us to get more information or request a demo!<\/p><p style=\"text-align: center;\">\u00a0<\/p>\t\t\t\t\t\t\t\t<\/div>\n\t\t\t\t<\/div>\n\t\t\t\t\t<\/div>\n\t\t\t\t<\/div>\n\t\t\t\t<\/div>","protected":false},"excerpt":{"rendered":"<p>SAP S\/4HANA \u0130\u015fe Al\u0131m Mod\u00fcl\u00fc, modern i\u015fe al\u0131m ihtiya\u00e7lar\u0131na uygun, stratejik ve kullan\u0131c\u0131 dostu \u00e7\u00f6z\u00fcmler sunar. T\u00fcm i\u015fe al\u0131m s\u00fcrecini ba\u015ftan sona optimize ederek, organizasyonunuz i\u00e7in en uygun yetenekleri bulman\u0131z\u0131 sa\u011flar. Neden SAP S\/4HANA \u0130\u015fe Al\u0131m Mod\u00fcl\u00fc? Ba\u015fl\u0131k birinci ba\u015fl\u0131k ikinci ba\u015fl\u0131k 2. ba\u015fl\u0131k a\u00e7\u0131klama Ba\u015fl\u0131k birinci ba\u015fl\u0131k ikinci ba\u015fl\u0131k 2. ba\u015fl\u0131k a\u00e7\u0131klama Ba\u015fl\u0131k birinci&#8230;<\/p>","protected":false},"author":1,"featured_media":0,"parent":0,"menu_order":0,"comment_status":"closed","ping_status":"closed","template":"","meta":{"footnotes":""},"class_list":["post-989106","page","type-page","status-publish","hentry"],"aioseo_notices":[],"_links":{"self":[{"href":"https:\/\/www.vesacons.com\/en\/wp-json\/wp\/v2\/pages\/989106","targetHints":{"allow":["GET"]}}],"collection":[{"href":"https:\/\/www.vesacons.com\/en\/wp-json\/wp\/v2\/pages"}],"about":[{"href":"https:\/\/www.vesacons.com\/en\/wp-json\/wp\/v2\/types\/page"}],"author":[{"embeddable":true,"href":"https:\/\/www.vesacons.com\/en\/wp-json\/wp\/v2\/users\/1"}],"replies":[{"embeddable":true,"href":"https:\/\/www.vesacons.com\/en\/wp-json\/wp\/v2\/comments?post=989106"}],"version-history":[{"count":4,"href":"https:\/\/www.vesacons.com\/en\/wp-json\/wp\/v2\/pages\/989106\/revisions"}],"predecessor-version":[{"id":989110,"href":"https:\/\/www.vesacons.com\/en\/wp-json\/wp\/v2\/pages\/989106\/revisions\/989110"}],"wp:attachment":[{"href":"https:\/\/www.vesacons.com\/en\/wp-json\/wp\/v2\/media?parent=989106"}],"curies":[{"name":"wp","href":"https:\/\/api.w.org\/{rel}","templated":true}]}}