{"id":989157,"date":"2025-01-09T10:21:28","date_gmt":"2025-01-09T10:21:28","guid":{"rendered":"https:\/\/www.sercanmidik.com.tr\/?page_id=989157"},"modified":"2025-06-15T15:36:19","modified_gmt":"2025-06-15T15:36:19","slug":"sap-fiori-standart-modulleri-organizasyon-yapisi","status":"publish","type":"page","link":"https:\/\/www.vesacons.com\/en\/sap-fiori-standart-modulleri-organizasyon-yapisi\/","title":{"rendered":"SAP Fiori Standard Modules"},"content":{"rendered":"<div data-elementor-type=\"wp-page\" data-elementor-id=\"989157\" class=\"elementor elementor-989157\">\n\t\t\t\t<div class=\"elementor-element elementor-element-9f1de14 e-flex e-con-boxed e-con e-parent\" data-id=\"9f1de14\" data-element_type=\"container\" data-e-type=\"container\">\n\t\t\t\t\t<div class=\"e-con-inner\">\n\t\t<div class=\"elementor-element elementor-element-673727f e-con-full e-flex e-con e-child\" data-id=\"673727f\" data-element_type=\"container\" data-e-type=\"container\">\n\t\t\t\t<div class=\"elementor-element elementor-element-b0ece14 elementor-widget elementor-widget-image\" data-id=\"b0ece14\" data-element_type=\"widget\" data-e-type=\"widget\" data-widget_type=\"image.default\">\n\t\t\t\t<div class=\"elementor-widget-container\">\n\t\t\t\t\t\t\t\t\t\t\t\t\t\t\t<img fetchpriority=\"high\" decoding=\"async\" width=\"480\" height=\"369\" src=\"https:\/\/www.vesacons.com\/wp-content\/uploads\/2025\/01\/Graphic-Design-Service-Colorado-_-Hire-Graphic-Designer-Sprak-Design-480x369.jpeg\" class=\"attachment-post-loop size-post-loop wp-image-989990\" alt=\"\" srcset=\"https:\/\/www.vesacons.com\/wp-content\/uploads\/2025\/01\/Graphic-Design-Service-Colorado-_-Hire-Graphic-Designer-Sprak-Design-480x369.jpeg 480w, https:\/\/www.vesacons.com\/wp-content\/uploads\/2025\/01\/Graphic-Design-Service-Colorado-_-Hire-Graphic-Designer-Sprak-Design-615x473.jpeg 615w, https:\/\/www.vesacons.com\/wp-content\/uploads\/2025\/01\/Graphic-Design-Service-Colorado-_-Hire-Graphic-Designer-Sprak-Design-400x307.jpeg 400w, https:\/\/www.vesacons.com\/wp-content\/uploads\/2025\/01\/Graphic-Design-Service-Colorado-_-Hire-Graphic-Designer-Sprak-Design-292x225.jpeg 292w\" sizes=\"(max-width: 480px) 100vw, 480px\" \/>\t\t\t\t\t\t\t\t\t\t\t\t\t\t\t<\/div>\n\t\t\t\t<\/div>\n\t\t\t\t<\/div>\n\t\t\t\t\t<\/div>\n\t\t\t\t<\/div>\n\t\t<div class=\"elementor-element elementor-element-c085c94 e-flex e-con-boxed e-con e-parent\" data-id=\"c085c94\" data-element_type=\"container\" data-e-type=\"container\">\n\t\t\t\t\t<div class=\"e-con-inner\">\n\t\t\t\t<div class=\"elementor-element elementor-element-efec6ab elementor-widget elementor-widget-heading\" data-id=\"efec6ab\" data-element_type=\"widget\" data-e-type=\"widget\" data-widget_type=\"heading.default\">\n\t\t\t\t<div class=\"elementor-widget-container\">\n\t\t\t\t\t<h2 class=\"elementor-heading-title elementor-size-default\">Organizational Structure<\/h2>\t\t\t\t<\/div>\n\t\t\t\t<\/div>\n\t\t\t\t<div class=\"elementor-element elementor-element-b79f0af elementor-widget elementor-widget-spacer\" data-id=\"b79f0af\" data-element_type=\"widget\" data-e-type=\"widget\" data-widget_type=\"spacer.default\">\n\t\t\t\t<div class=\"elementor-widget-container\">\n\t\t\t\t\t\t\t<div class=\"elementor-spacer\">\n\t\t\t<div class=\"elementor-spacer-inner\"><\/div>\n\t\t<\/div>\n\t\t\t\t\t\t<\/div>\n\t\t\t\t<\/div>\n\t\t\t\t<div class=\"elementor-element elementor-element-5d7e9af elementor-widget elementor-widget-text-editor\" data-id=\"5d7e9af\" data-element_type=\"widget\" data-e-type=\"widget\" data-widget_type=\"text-editor.default\">\n\t\t\t\t<div class=\"elementor-widget-container\">\n\t\t\t\t\t\t\t\t\t<p class=\"MsoNormal\">One of the modules of SAP Fiori <b>\"Organizational Structure\" module<\/b>, it is an effective solution for visualizing, analyzing, and managing a company\u2019s organizational structure. This module helps businesses better understand and manage the relationships between departments, roles, and employees. Here are the detailed features and use cases of this module:<\/p>\t\t\t\t\t\t\t\t<\/div>\n\t\t\t\t<\/div>\n\t\t\t\t<div class=\"elementor-element elementor-element-046f66d elementor-widget elementor-widget-eael-interactive-circle\" data-id=\"046f66d\" data-element_type=\"widget\" data-e-type=\"widget\" data-widget_type=\"eael-interactive-circle.default\">\n\t\t\t\t<div class=\"elementor-widget-container\">\n\t\t\t\t\t        <div id=\"eael-interactive-circle-046f66d\" class=\"eael-interactive-circle\" data-tabid=\"046f66d\">\n\t\t\t\n                <div class=\"eael-circle-wrapper eael-interactive-circle-preset-2 eael-interactive-circle-event-hover eael-circle-responsive-view\" data-appearance=\"eael-interactive-circle-animation-2\" data-autoplay=\"0\" data-autoplay-interval=\"2000\">\n                    <div class=\"eael-circle-info\">\n                        <div class=\"eael-circle-inner\" data-items=\"8\">\n\t\t\t\t\t\t\t                                <div class=\"eael-circle-item elementor-repeater-item-b42192e\">\n                                    <div aria-controls=\"eael-interactive-1\" tabindex=\"0\" class=\"eael-circle-btn active\" id=\"eael-circle-item-1\">\n                                        <div class=\"eael-circle-icon-shapes\">\n                                            <div class=\"eael-shape-1\"><\/div>\n                                            <div class=\"eael-shape-2\"><\/div>\n                                        <\/div>\n\n\t\t\t\t\t\t\t\t\t\t<!-- Start URL support -->\n\t\t\t\t\t\t\t\t\t\t\t\t\t\t\t\t\t\t\t\t\t<div class=\"eael-circle-btn-icon\">\n\t\t\t\t\t\t\t\t\t\t\t\t<div class=\"eael-circle-btn-icon-inner\">\n\t\t\t\t\t\t\t\t\t\t\t\t\t<svg class=\"e-font-icon-svg e-fas-leaf\" viewbox=\"0 0 576 512\" xmlns=\"http:\/\/www.w3.org\/2000\/svg\"><path d=\"M546.2 9.7c-5.6-12.5-21.6-13-28.3-1.2C486.9 62.4 431.4 96 368 96h-80C182 96 96 182 96 288c0 7 .8 13.7 1.5 20.5C161.3 262.8 253.4 224 384 224c8.8 0 16 7.2 16 16s-7.2 16-16 16C132.6 256 26 410.1 2.4 468c-6.6 16.3 1.2 34.9 17.5 41.6 16.4 6.8 35-1.1 41.8-17.3 1.5-3.6 20.9-47.9 71.9-90.6 32.4 43.9 94 85.8 174.9 77.2C465.5 467.5 576 326.7 576 154.3c0-50.2-10.8-102.2-29.8-144.6z\"><\/path><\/svg><span class=\"eael-circle-btn-txt\">Core Functions of the Module<\/span>\t\t\t\t\t\t\t\t\t\t\t\t<\/div>\n                                        \t<\/div>\n\t\t\t\t\t\t\t\t\t\t\t\t\t\t\t\t\t\t\t\t\t<!-- End URL support -->\n\n                                    <\/div>\n                                    <div class=\"eael-circle-btn-content eael-circle-item-1 active\">\n                                        <div id=\"eael-interactive1\" aria-labelledby=\"eael-circle-item-1\" class=\"eael-circle-content\">\n\t\t\t\t\t\t\t\t\t\t\t\t\t\t\t\t\t\t\t\t\t\t<ul><li style=\"text-align: left\">Presents the company\u2019s organizational structure with a hierarchical visualization.<\/li><li style=\"text-align: left\">Information such as departments, positions, employees, and reporting relationships can be viewed in detail.<\/li><li style=\"text-align: left\">Allows for easy planning and implementation of organizational changes.<\/li><\/ul>                                        <\/div>\n                                    <\/div>\n                                <\/div>\n\t\t\t\t\t\t\t                                <div class=\"eael-circle-item elementor-repeater-item-8068f26\">\n                                    <div aria-controls=\"eael-interactive-2\" tabindex=\"0\" class=\"eael-circle-btn\" id=\"eael-circle-item-2\">\n                                        <div class=\"eael-circle-icon-shapes\">\n                                            <div class=\"eael-shape-1\"><\/div>\n                                            <div class=\"eael-shape-2\"><\/div>\n                                        <\/div>\n\n\t\t\t\t\t\t\t\t\t\t<!-- Start URL support -->\n\t\t\t\t\t\t\t\t\t\t\t\t\t\t\t\t\t\t\t\t\t<div class=\"eael-circle-btn-icon\">\n\t\t\t\t\t\t\t\t\t\t\t\t<div class=\"eael-circle-btn-icon-inner\">\n\t\t\t\t\t\t\t\t\t\t\t\t\t<svg class=\"e-font-icon-svg e-fas-comment\" viewbox=\"0 0 512 512\" xmlns=\"http:\/\/www.w3.org\/2000\/svg\"><path d=\"M256 32C114.6 32 0 125.1 0 240c0 49.6 21.4 95 57 130.7C44.5 421.1 2.7 466 2.2 466.5c-2.2 2.3-2.8 5.7-1.5 8.7S4.8 480 8 480c66.3 0 116-31.8 140.6-51.4 32.7 12.3 69 19.4 107.4 19.4 141.4 0 256-93.1 256-208S397.4 32 256 32z\"><\/path><\/svg><span class=\"eael-circle-btn-txt\">User-Friendly Interface<\/span>\t\t\t\t\t\t\t\t\t\t\t\t<\/div>\n                                        \t<\/div>\n\t\t\t\t\t\t\t\t\t\t\t\t\t\t\t\t\t\t\t\t\t<!-- End URL support -->\n\n                                    <\/div>\n                                    <div class=\"eael-circle-btn-content eael-circle-item-2\">\n                                        <div id=\"eael-interactive2\" aria-labelledby=\"eael-circle-item-2\" class=\"eael-circle-content\">\n\t\t\t\t\t\t\t\t\t\t\t\t\t\t\t\t\t\t\t\t\t\t<ul><li style=\"text-align: left\">Thanks to SAP Fiori's modern design, users can easily understand and manage the organizational structure.<\/li><li style=\"text-align: left\">Complex organizational structures are simplified with dynamic and intuitive visualization.<\/li><\/ul>                                        <\/div>\n                                    <\/div>\n                                <\/div>\n\t\t\t\t\t\t\t                                <div class=\"eael-circle-item elementor-repeater-item-de8583d\">\n                                    <div aria-controls=\"eael-interactive-3\" tabindex=\"0\" class=\"eael-circle-btn\" id=\"eael-circle-item-3\">\n                                        <div class=\"eael-circle-icon-shapes\">\n                                            <div class=\"eael-shape-1\"><\/div>\n                                            <div class=\"eael-shape-2\"><\/div>\n                                        <\/div>\n\n\t\t\t\t\t\t\t\t\t\t<!-- Start URL support -->\n\t\t\t\t\t\t\t\t\t\t\t\t\t\t\t\t\t\t\t\t\t<div class=\"eael-circle-btn-icon\">\n\t\t\t\t\t\t\t\t\t\t\t\t<div class=\"eael-circle-btn-icon-inner\">\n\t\t\t\t\t\t\t\t\t\t\t\t\t<svg class=\"e-font-icon-svg e-fas-map-marker-alt\" viewbox=\"0 0 384 512\" xmlns=\"http:\/\/www.w3.org\/2000\/svg\"><path d=\"M172.268 501.67C26.97 291.031 0 269.413 0 192 0 85.961 85.961 0 192 0s192 85.961 192 192c0 77.413-26.97 99.031-172.268 309.67-9.535 13.774-29.93 13.773-39.464 0zM192 272c44.183 0 80-35.817 80-80s-35.817-80-80-80-80 35.817-80 80 35.817 80 80 80z\"><\/path><\/svg><span class=\"eael-circle-btn-txt\">Integration Capability<\/span>\t\t\t\t\t\t\t\t\t\t\t\t<\/div>\n                                        \t<\/div>\n\t\t\t\t\t\t\t\t\t\t\t\t\t\t\t\t\t\t\t\t\t<!-- End URL support -->\n\n                                    <\/div>\n                                    <div class=\"eael-circle-btn-content eael-circle-item-3\">\n                                        <div id=\"eael-interactive3\" aria-labelledby=\"eael-circle-item-3\" class=\"eael-circle-content\">\n\t\t\t\t\t\t\t\t\t\t\t\t\t\t\t\t\t\t\t\t\t\t<ul><li style=\"text-align: left\"><strong>SAP SuccessFactors,<\/strong> by integrating, employee information and organizational changes are automatically updated.<\/li><li style=\"text-align: left\"><strong>SAP HCM (Human Capital Management)<\/strong> works seamlessly with to support workforce management.<\/li><li style=\"text-align: left\">Works in harmony with payroll, performance management, and other HR modules.<\/li><\/ul>                                        <\/div>\n                                    <\/div>\n                                <\/div>\n\t\t\t\t\t\t\t                                <div class=\"eael-circle-item elementor-repeater-item-05ea34b\">\n                                    <div aria-controls=\"eael-interactive-4\" tabindex=\"0\" class=\"eael-circle-btn\" id=\"eael-circle-item-4\">\n                                        <div class=\"eael-circle-icon-shapes\">\n                                            <div class=\"eael-shape-1\"><\/div>\n                                            <div class=\"eael-shape-2\"><\/div>\n                                        <\/div>\n\n\t\t\t\t\t\t\t\t\t\t<!-- Start URL support -->\n\t\t\t\t\t\t\t\t\t\t\t\t\t\t\t\t\t\t\t\t\t<div class=\"eael-circle-btn-icon\">\n\t\t\t\t\t\t\t\t\t\t\t\t<div class=\"eael-circle-btn-icon-inner\">\n\t\t\t\t\t\t\t\t\t\t\t\t\t<svg class=\"e-font-icon-svg e-fas-rocket\" viewbox=\"0 0 512 512\" xmlns=\"http:\/\/www.w3.org\/2000\/svg\"><path d=\"M505.12019,19.09375c-1.18945-5.53125-6.65819-11-12.207-12.1875C460.716,0,435.507,0,410.40747,0,307.17523,0,245.26909,55.20312,199.05238,128H94.83772c-16.34763.01562-35.55658,11.875-42.88664,26.48438L2.51562,253.29688A28.4,28.4,0,0,0,0,264a24.00867,24.00867,0,0,0,24.00582,24H127.81618l-22.47457,22.46875c-11.36521,11.36133-12.99607,32.25781,0,45.25L156.24582,406.625c11.15623,11.1875,32.15619,13.15625,45.27726,0l22.47457-22.46875V488a24.00867,24.00867,0,0,0,24.00581,24,28.55934,28.55934,0,0,0,10.707-2.51562l98.72834-49.39063c14.62888-7.29687,26.50776-26.5,26.50776-42.85937V312.79688c72.59753-46.3125,128.03493-108.40626,128.03493-211.09376C512.07526,76.5,512.07526,51.29688,505.12019,19.09375ZM384.04033,168A40,40,0,1,1,424.05,128,40.02322,40.02322,0,0,1,384.04033,168Z\"><\/path><\/svg><span class=\"eael-circle-btn-txt\">Detailed Reporting and Analytics<\/span>\t\t\t\t\t\t\t\t\t\t\t\t<\/div>\n                                        \t<\/div>\n\t\t\t\t\t\t\t\t\t\t\t\t\t\t\t\t\t\t\t\t\t<!-- End URL support -->\n\n                                    <\/div>\n                                    <div class=\"eael-circle-btn-content eael-circle-item-4\">\n                                        <div id=\"eael-interactive4\" aria-labelledby=\"eael-circle-item-4\" class=\"eael-circle-content\">\n\t\t\t\t\t\t\t\t\t\t\t\t\t\t\t\t\t\t\t\t\t\t<ul><li style=\"text-align: left\">Information such as vacant positions, occupancy rates, and employee distribution within the organizational structure can be analyzed.<\/li><li style=\"text-align: left\">Provides strategic insights for workforce planning and budgeting.<\/li><\/ul>                                        <\/div>\n                                    <\/div>\n                                <\/div>\n\t\t\t\t\t\t\t                                <div class=\"eael-circle-item elementor-repeater-item-d17cfa1\">\n                                    <div aria-controls=\"eael-interactive-5\" tabindex=\"0\" class=\"eael-circle-btn\" id=\"eael-circle-item-5\">\n                                        <div class=\"eael-circle-icon-shapes\">\n                                            <div class=\"eael-shape-1\"><\/div>\n                                            <div class=\"eael-shape-2\"><\/div>\n                                        <\/div>\n\n\t\t\t\t\t\t\t\t\t\t<!-- Start URL support -->\n\t\t\t\t\t\t\t\t\t\t\t\t\t\t\t\t\t\t\t\t\t<div class=\"eael-circle-btn-icon\">\n\t\t\t\t\t\t\t\t\t\t\t\t<div class=\"eael-circle-btn-icon-inner\">\n\t\t\t\t\t\t\t\t\t\t\t\t\t<svg class=\"e-font-icon-svg e-fas-hourglass-half\" viewbox=\"0 0 384 512\" xmlns=\"http:\/\/www.w3.org\/2000\/svg\"><path d=\"M360 0H24C10.745 0 0 10.745 0 24v16c0 13.255 10.745 24 24 24 0 90.965 51.016 167.734 120.842 192C75.016 280.266 24 357.035 24 448c-13.255 0-24 10.745-24 24v16c0 13.255 10.745 24 24 24h336c13.255 0 24-10.745 24-24v-16c0-13.255-10.745-24-24-24 0-90.965-51.016-167.734-120.842-192C308.984 231.734 360 154.965 360 64c13.255 0 24-10.745 24-24V24c0-13.255-10.745-24-24-24zm-75.078 384H99.08c17.059-46.797 52.096-80 92.92-80 40.821 0 75.862 33.196 92.922 80zm.019-256H99.078C91.988 108.548 88 86.748 88 64h208c0 22.805-3.987 44.587-11.059 64z\"><\/path><\/svg><span class=\"eael-circle-btn-txt\">Management of Organizational Changes<\/span>\t\t\t\t\t\t\t\t\t\t\t\t<\/div>\n                                        \t<\/div>\n\t\t\t\t\t\t\t\t\t\t\t\t\t\t\t\t\t\t\t\t\t<!-- End URL support -->\n\n                                    <\/div>\n                                    <div class=\"eael-circle-btn-content eael-circle-item-5\">\n                                        <div id=\"eael-interactive5\" aria-labelledby=\"eael-circle-item-5\" class=\"eael-circle-content\">\n\t\t\t\t\t\t\t\t\t\t\t\t\t\t\t\t\t\t\t\t\t\t<ul><li style=\"text-align: left\">Changes in department structures, position transfers, or the creation of new positions can be easily carried out.<\/li><li style=\"text-align: left\">Changes are instantly synchronized across the entire system.<\/li><\/ul>                                        <\/div>\n                                    <\/div>\n                                <\/div>\n\t\t\t\t\t\t\t                                <div class=\"eael-circle-item elementor-repeater-item-fe07065\">\n                                    <div aria-controls=\"eael-interactive-6\" tabindex=\"0\" class=\"eael-circle-btn\" id=\"eael-circle-item-6\">\n                                        <div class=\"eael-circle-icon-shapes\">\n                                            <div class=\"eael-shape-1\"><\/div>\n                                            <div class=\"eael-shape-2\"><\/div>\n                                        <\/div>\n\n\t\t\t\t\t\t\t\t\t\t<!-- Start URL support -->\n\t\t\t\t\t\t\t\t\t\t\t\t\t\t\t\t\t\t\t\t\t<div class=\"eael-circle-btn-icon\">\n\t\t\t\t\t\t\t\t\t\t\t\t<div class=\"eael-circle-btn-icon-inner\">\n\t\t\t\t\t\t\t\t\t\t\t\t\t<svg class=\"e-font-icon-svg e-fas-tag\" viewbox=\"0 0 512 512\" xmlns=\"http:\/\/www.w3.org\/2000\/svg\"><path d=\"M0 252.118V48C0 21.49 21.49 0 48 0h204.118a48 48 0 0 1 33.941 14.059l211.882 211.882c18.745 18.745 18.745 49.137 0 67.882L293.823 497.941c-18.745 18.745-49.137 18.745-67.882 0L14.059 286.059A48 48 0 0 1 0 252.118zM112 64c-26.51 0-48 21.49-48 48s21.49 48 48 48 48-21.49 48-48-21.49-48-48-48z\"><\/path><\/svg><span class=\"eael-circle-btn-txt\">Visual Organizational Charts<\/span>\t\t\t\t\t\t\t\t\t\t\t\t<\/div>\n                                        \t<\/div>\n\t\t\t\t\t\t\t\t\t\t\t\t\t\t\t\t\t\t\t\t\t<!-- End URL support -->\n\n                                    <\/div>\n                                    <div class=\"eael-circle-btn-content eael-circle-item-6\">\n                                        <div id=\"eael-interactive6\" aria-labelledby=\"eael-circle-item-6\" class=\"eael-circle-content\">\n\t\t\t\t\t\t\t\t\t\t\t\t\t\t\t\t\t\t\t\t\t\t<ul><li style=\"text-align: left\">Presents the company\u2019s organizational structure as a visual map.<\/li><li style=\"text-align: left\">Provides the ability to visualize the relationships between departments and employees.<\/li><\/ul>                                        <\/div>\n                                    <\/div>\n                                <\/div>\n\t\t\t\t\t\t\t                                <div class=\"eael-circle-item elementor-repeater-item-a6b03d0\">\n                                    <div aria-controls=\"eael-interactive-7\" tabindex=\"0\" class=\"eael-circle-btn\" id=\"eael-circle-item-7\">\n                                        <div class=\"eael-circle-icon-shapes\">\n                                            <div class=\"eael-shape-1\"><\/div>\n                                            <div class=\"eael-shape-2\"><\/div>\n                                        <\/div>\n\n\t\t\t\t\t\t\t\t\t\t<!-- Start URL support -->\n\t\t\t\t\t\t\t\t\t\t\t\t\t\t\t\t\t\t\t\t\t<div class=\"eael-circle-btn-icon\">\n\t\t\t\t\t\t\t\t\t\t\t\t<div class=\"eael-circle-btn-icon-inner\">\n\t\t\t\t\t\t\t\t\t\t\t\t\t<svg class=\"e-font-icon-svg e-fas-tag\" viewbox=\"0 0 512 512\" xmlns=\"http:\/\/www.w3.org\/2000\/svg\"><path d=\"M0 252.118V48C0 21.49 21.49 0 48 0h204.118a48 48 0 0 1 33.941 14.059l211.882 211.882c18.745 18.745 18.745 49.137 0 67.882L293.823 497.941c-18.745 18.745-49.137 18.745-67.882 0L14.059 286.059A48 48 0 0 1 0 252.118zM112 64c-26.51 0-48 21.49-48 48s21.49 48 48 48 48-21.49 48-48-21.49-48-48-48z\"><\/path><\/svg><span class=\"eael-circle-btn-txt\">Employee and Position Management<\/span>\t\t\t\t\t\t\t\t\t\t\t\t<\/div>\n                                        \t<\/div>\n\t\t\t\t\t\t\t\t\t\t\t\t\t\t\t\t\t\t\t\t\t<!-- End URL support -->\n\n                                    <\/div>\n                                    <div class=\"eael-circle-btn-content eael-circle-item-7\">\n                                        <div id=\"eael-interactive7\" aria-labelledby=\"eael-circle-item-7\" class=\"eael-circle-content\">\n\t\t\t\t\t\t\t\t\t\t\t\t\t\t\t\t\t\t\t\t\t\t<ul><li style=\"text-align: left\">You can view and edit employee information, position definitions, and reporting relationships in detail.<\/li><li style=\"text-align: left\">Data related to vacant positions and recruitment processes can be managed.<\/li><\/ul>                                        <\/div>\n                                    <\/div>\n                                <\/div>\n\t\t\t\t\t\t\t                                <div class=\"eael-circle-item elementor-repeater-item-2394172\">\n                                    <div aria-controls=\"eael-interactive-8\" tabindex=\"0\" class=\"eael-circle-btn\" id=\"eael-circle-item-8\">\n                                        <div class=\"eael-circle-icon-shapes\">\n                                            <div class=\"eael-shape-1\"><\/div>\n                                            <div class=\"eael-shape-2\"><\/div>\n                                        <\/div>\n\n\t\t\t\t\t\t\t\t\t\t<!-- Start URL support -->\n\t\t\t\t\t\t\t\t\t\t\t\t\t\t\t\t\t\t\t\t\t<div class=\"eael-circle-btn-icon\">\n\t\t\t\t\t\t\t\t\t\t\t\t<div class=\"eael-circle-btn-icon-inner\">\n\t\t\t\t\t\t\t\t\t\t\t\t\t<svg class=\"e-font-icon-svg e-fas-tag\" viewbox=\"0 0 512 512\" xmlns=\"http:\/\/www.w3.org\/2000\/svg\"><path d=\"M0 252.118V48C0 21.49 21.49 0 48 0h204.118a48 48 0 0 1 33.941 14.059l211.882 211.882c18.745 18.745 18.745 49.137 0 67.882L293.823 497.941c-18.745 18.745-49.137 18.745-67.882 0L14.059 286.059A48 48 0 0 1 0 252.118zM112 64c-26.51 0-48 21.49-48 48s21.49 48 48 48 48-21.49 48-48-21.49-48-48-48z\"><\/path><\/svg><span class=\"eael-circle-btn-txt\">Flexible Structure and Customization<\/span>\t\t\t\t\t\t\t\t\t\t\t\t<\/div>\n                                        \t<\/div>\n\t\t\t\t\t\t\t\t\t\t\t\t\t\t\t\t\t\t\t\t\t<!-- End URL support -->\n\n                                    <\/div>\n                                    <div class=\"eael-circle-btn-content eael-circle-item-8\">\n                                        <div id=\"eael-interactive8\" aria-labelledby=\"eael-circle-item-8\" class=\"eael-circle-content\">\n\t\t\t\t\t\t\t\t\t\t\t\t\t\t\t\t\t\t\t\t\t\t<ul><li style=\"text-align: left\">Travel approval workflows, expense categories, and reporting formats can be customized according to company needs.<\/li><li style=\"text-align: left\">Supports various currencies and performs automatic currency conversions.<\/li><\/ul>                                        <\/div>\n                                    <\/div>\n                                <\/div>\n\t\t\t\t\t\t\t\n                        <\/div>\n                    <\/div>\n                <\/div>\n\t\t\t\n        <\/div>\n\t\t\t\t\t<\/div>\n\t\t\t\t<\/div>\n\t\t\t\t<div class=\"elementor-element elementor-element-51dc26c elementor-widget elementor-widget-spacer\" data-id=\"51dc26c\" data-element_type=\"widget\" data-e-type=\"widget\" data-widget_type=\"spacer.default\">\n\t\t\t\t<div class=\"elementor-widget-container\">\n\t\t\t\t\t\t\t<div class=\"elementor-spacer\">\n\t\t\t<div class=\"elementor-spacer-inner\"><\/div>\n\t\t<\/div>\n\t\t\t\t\t\t<\/div>\n\t\t\t\t<\/div>\n\t\t\t\t<div class=\"elementor-element elementor-element-c7d1e09 elementor-widget elementor-widget-text-editor\" data-id=\"c7d1e09\" data-element_type=\"widget\" data-e-type=\"widget\" data-widget_type=\"text-editor.default\">\n\t\t\t\t<div class=\"elementor-widget-container\">\n\t\t\t\t\t\t\t\t\t<p>SAP Fiori <strong>\"Organizational Structure\" Module<\/strong>, it is a powerful tool designed to enhance organizational efficiency and simplify workforce management for companies. With its user-friendly interface, integration capabilities, and flexible management features, it helps businesses modernize their strategic planning and organizational change processes.<\/p>\t\t\t\t\t\t\t\t<\/div>\n\t\t\t\t<\/div>\n\t\t\t\t\t<\/div>\n\t\t\t\t<\/div>\n\t\t\t\t<\/div>","protected":false},"excerpt":{"rendered":"<p>Organizasyon Yap\u0131s\u0131 SAP Fiori\u2019nin standart mod\u00fcllerinden biri olan \u201cOrganizasyon Yap\u0131s\u0131\u201d mod\u00fcl\u00fc, \u015firketlerin organizasyonel yap\u0131s\u0131n\u0131 g\u00f6rselle\u015ftirmek, analiz etmek ve y\u00f6netmek i\u00e7in etkili bir \u00e7\u00f6z\u00fcmd\u00fcr. Bu mod\u00fcl, i\u015fletmelerin departmanlar, roller ve \u00e7al\u0131\u015fanlar aras\u0131ndaki ili\u015fkileri daha iyi anlamalar\u0131na ve y\u00f6netmelerine yard\u0131mc\u0131 olur. \u0130\u015fte bu mod\u00fcle dair ayr\u0131nt\u0131l\u0131 \u00f6zellikler ve kullan\u0131m alanlar\u0131: Mod\u00fcl\u00fcn Temel \u0130\u015flevleri \u015eirket organizasyon yap\u0131s\u0131n\u0131 hiyerar\u015fik&#8230;<\/p>","protected":false},"author":1,"featured_media":0,"parent":0,"menu_order":0,"comment_status":"closed","ping_status":"closed","template":"","meta":{"footnotes":""},"class_list":["post-989157","page","type-page","status-publish","hentry"],"aioseo_notices":[],"_links":{"self":[{"href":"https:\/\/www.vesacons.com\/en\/wp-json\/wp\/v2\/pages\/989157","targetHints":{"allow":["GET"]}}],"collection":[{"href":"https:\/\/www.vesacons.com\/en\/wp-json\/wp\/v2\/pages"}],"about":[{"href":"https:\/\/www.vesacons.com\/en\/wp-json\/wp\/v2\/types\/page"}],"author":[{"embeddable":true,"href":"https:\/\/www.vesacons.com\/en\/wp-json\/wp\/v2\/users\/1"}],"replies":[{"embeddable":true,"href":"https:\/\/www.vesacons.com\/en\/wp-json\/wp\/v2\/comments?post=989157"}],"version-history":[{"count":10,"href":"https:\/\/www.vesacons.com\/en\/wp-json\/wp\/v2\/pages\/989157\/revisions"}],"predecessor-version":[{"id":991194,"href":"https:\/\/www.vesacons.com\/en\/wp-json\/wp\/v2\/pages\/989157\/revisions\/991194"}],"wp:attachment":[{"href":"https:\/\/www.vesacons.com\/en\/wp-json\/wp\/v2\/media?parent=989157"}],"curies":[{"name":"wp","href":"https:\/\/api.w.org\/{rel}","templated":true}]}}