{"id":989676,"date":"2025-01-21T08:08:24","date_gmt":"2025-01-21T08:08:24","guid":{"rendered":"https:\/\/www.sercanmidik.com.tr\/?page_id=989676"},"modified":"2025-01-21T08:39:25","modified_gmt":"2025-01-21T08:39:25","slug":"referanslar-tuketici-urunleri","status":"publish","type":"page","link":"https:\/\/www.vesacons.com\/en\/referanslar-tuketici-urunleri\/","title":{"rendered":"Referanslar\u0131m\u0131z T\u00fcketici \u00dcr\u00fcnleri"},"content":{"rendered":"<div data-elementor-type=\"wp-page\" data-elementor-id=\"989676\" class=\"elementor elementor-989676\">\n\t\t\t\t<div class=\"elementor-element elementor-element-1649405 e-flex e-con-boxed e-con e-parent\" data-id=\"1649405\" data-element_type=\"container\" data-e-type=\"container\">\n\t\t\t\t\t<div class=\"e-con-inner\">\n\t\t\t\t<div class=\"elementor-element elementor-element-ff79c0e elementor-widget elementor-widget-eael-interactive-circle\" data-id=\"ff79c0e\" data-element_type=\"widget\" data-e-type=\"widget\" data-widget_type=\"eael-interactive-circle.default\">\n\t\t\t\t<div class=\"elementor-widget-container\">\n\t\t\t\t\t        <div id=\"eael-interactive-circle-ff79c0e\" class=\"eael-interactive-circle\" data-tabid=\"ff79c0e\">\n\t\t\t                <div class=\"eael-circle-wrapper eael-interactive-circle-preset-3 eael-interactive-circle-event-hover eael-circle-responsive-view eael-interactive-circle-rotate pause-rotate\" data-appearance=\"eael-interactive-circle-animation-3\" data-autoplay=\"0\" data-autoplay-interval=\"2000\">\n                    <div class=\"eael-circle-info\" data-items=\"8\">\n                        <div class=\"eael-circle-inner\">\n\t\t\t\t\t\t\t                                <div class=\"eael-circle-item elementor-repeater-item-b3bb7da\">\n                                    <div aria-controls=\"eael-interactive-1\" tabindex=\"0\" class=\"eael-circle-btn active\" id=\"eael-circle-item-1\">\n\t\t\t\t\t\t\t\t\t\t\t\t\t\t\t\t\t\t\t\t<div class=\"eael-circle-icon-shapes\">\n\t\t\t\t\t\t\t\t\t\t\t<div class=\"eael-shape-1\"><\/div>\n\t\t\t\t\t\t\t\t\t\t\t<div class=\"eael-shape-2\"><\/div>\n\t\t\t\t\t\t\t\t\t\t<\/div>\n\t\t\t\t\t\t\t\t\t\t\n\t\t\t\t\t\t\t\t\t\t<!-- Start URL support -->\n\t\t\t\t\t\t\t\t\t\t\t\t\t\t\t\t\t\t\t\t\t<div class=\"eael-circle-btn-icon\">\n\t\t\t\t\t\t\t\t\t\t\t\t<div class=\"eael-circle-icon-inner\">\n\t\t\t\t\t\t\t\t\t\t\t\t\t<svg class=\"e-font-icon-svg e-fas-info-circle\" viewbox=\"0 0 512 512\" xmlns=\"http:\/\/www.w3.org\/2000\/svg\"><path d=\"M256 8C119.043 8 8 119.083 8 256c0 136.997 111.043 248 248 248s248-111.003 248-248C504 119.083 392.957 8 256 8zm0 110c23.196 0 42 18.804 42 42s-18.804 42-42 42-42-18.804-42-42 18.804-42 42-42zm56 254c0 6.627-5.373 12-12 12h-88c-6.627 0-12-5.373-12-12v-24c0-6.627 5.373-12 12-12h12v-64h-12c-6.627 0-12-5.373-12-12v-24c0-6.627 5.373-12 12-12h64c6.627 0 12 5.373 12 12v100h12c6.627 0 12 5.373 12 12v24z\"><\/path><\/svg><span class=\"eael-circle-btn-txt\">Coca Cola<\/span>\t\t\t\t\t\t\t\t\t\t\t\t<\/div>\n                                        \t<\/div>\n\t\t\t\t\t\t\t\t\t\t\t\t\t\t\t\t\t\t\t\t\t<!-- End URL support -->\n                                        \n                                    <\/div>\n                                    <div id=\"eael-interactive-1\" aria-labelledby=\"eael-circle-item-1\" class=\"eael-circle-btn-content eael-circle-item-1 active\">\n                                        <div class=\"eael-circle-content\">\n\t\t\t\t\t\t\t\t\t\t\t<p><img decoding=\"async\" class=\"size-full wp-image-987816 aligncenter\" src=\"http:\/\/www.sercanmidik.com.tr\/wp-content\/uploads\/2024\/11\/cocacola.jpg\" alt=\"\" width=\"78\" height=\"32\" \/><\/p>                                        <\/div>\n                                    <\/div>\n                                <\/div>\n\n\t\t\t\t\t\t\t                                <div class=\"eael-circle-item elementor-repeater-item-657376b\">\n                                    <div aria-controls=\"eael-interactive-2\" tabindex=\"0\" class=\"eael-circle-btn active\" id=\"eael-circle-item-2\">\n\t\t\t\t\t\t\t\t\t\t\t\t\t\t\t\t\t\t\t\t<div class=\"eael-circle-icon-shapes\">\n\t\t\t\t\t\t\t\t\t\t\t<div class=\"eael-shape-1\"><\/div>\n\t\t\t\t\t\t\t\t\t\t\t<div class=\"eael-shape-2\"><\/div>\n\t\t\t\t\t\t\t\t\t\t<\/div>\n\t\t\t\t\t\t\t\t\t\t\n\t\t\t\t\t\t\t\t\t\t<!-- Start URL support -->\n\t\t\t\t\t\t\t\t\t\t\t\t\t\t\t\t\t\t\t\t\t<div class=\"eael-circle-btn-icon\">\n\t\t\t\t\t\t\t\t\t\t\t\t<div class=\"eael-circle-icon-inner\">\n\t\t\t\t\t\t\t\t\t\t\t\t\t<svg class=\"e-font-icon-svg e-fas-info-circle\" viewbox=\"0 0 512 512\" xmlns=\"http:\/\/www.w3.org\/2000\/svg\"><path d=\"M256 8C119.043 8 8 119.083 8 256c0 136.997 111.043 248 248 248s248-111.003 248-248C504 119.083 392.957 8 256 8zm0 110c23.196 0 42 18.804 42 42s-18.804 42-42 42-42-18.804-42-42 18.804-42 42-42zm56 254c0 6.627-5.373 12-12 12h-88c-6.627 0-12-5.373-12-12v-24c0-6.627 5.373-12 12-12h12v-64h-12c-6.627 0-12-5.373-12-12v-24c0-6.627 5.373-12 12-12h64c6.627 0 12 5.373 12 12v100h12c6.627 0 12 5.373 12 12v24z\"><\/path><\/svg><span class=\"eael-circle-btn-txt\">Ar\u00e7elik<\/span>\t\t\t\t\t\t\t\t\t\t\t\t<\/div>\n                                        \t<\/div>\n\t\t\t\t\t\t\t\t\t\t\t\t\t\t\t\t\t\t\t\t\t<!-- End URL support -->\n                                        \n                                    <\/div>\n                                    <div id=\"eael-interactive-2\" aria-labelledby=\"eael-circle-item-2\" class=\"eael-circle-btn-content eael-circle-item-2 active\">\n                                        <div class=\"eael-circle-content\">\n\t\t\t\t\t\t\t\t\t\t\t<p><img decoding=\"async\" class=\"size-full wp-image-987805 aligncenter\" src=\"http:\/\/www.sercanmidik.com.tr\/wp-content\/uploads\/2024\/11\/arcelik.jpg\" alt=\"\" width=\"105\" height=\"24\" \/><\/p>                                        <\/div>\n                                    <\/div>\n                                <\/div>\n\n\t\t\t\t\t\t\t                                <div class=\"eael-circle-item elementor-repeater-item-03cecd8\">\n                                    <div aria-controls=\"eael-interactive-3\" tabindex=\"0\" class=\"eael-circle-btn active\" id=\"eael-circle-item-3\">\n\t\t\t\t\t\t\t\t\t\t\t\t\t\t\t\t\t\t\t\t<div class=\"eael-circle-icon-shapes\">\n\t\t\t\t\t\t\t\t\t\t\t<div class=\"eael-shape-1\"><\/div>\n\t\t\t\t\t\t\t\t\t\t\t<div class=\"eael-shape-2\"><\/div>\n\t\t\t\t\t\t\t\t\t\t<\/div>\n\t\t\t\t\t\t\t\t\t\t\n\t\t\t\t\t\t\t\t\t\t<!-- Start URL support -->\n\t\t\t\t\t\t\t\t\t\t\t\t\t\t\t\t\t\t\t\t\t<div class=\"eael-circle-btn-icon\">\n\t\t\t\t\t\t\t\t\t\t\t\t<div class=\"eael-circle-icon-inner\">\n\t\t\t\t\t\t\t\t\t\t\t\t\t<svg class=\"e-font-icon-svg e-fas-info-circle\" viewbox=\"0 0 512 512\" xmlns=\"http:\/\/www.w3.org\/2000\/svg\"><path d=\"M256 8C119.043 8 8 119.083 8 256c0 136.997 111.043 248 248 248s248-111.003 248-248C504 119.083 392.957 8 256 8zm0 110c23.196 0 42 18.804 42 42s-18.804 42-42 42-42-18.804-42-42 18.804-42 42-42zm56 254c0 6.627-5.373 12-12 12h-88c-6.627 0-12-5.373-12-12v-24c0-6.627 5.373-12 12-12h12v-64h-12c-6.627 0-12-5.373-12-12v-24c0-6.627 5.373-12 12-12h64c6.627 0 12 5.373 12 12v100h12c6.627 0 12 5.373 12 12v24z\"><\/path><\/svg><span class=\"eael-circle-btn-txt\">DyDo<\/span>\t\t\t\t\t\t\t\t\t\t\t\t<\/div>\n                                        \t<\/div>\n\t\t\t\t\t\t\t\t\t\t\t\t\t\t\t\t\t\t\t\t\t<!-- End URL support -->\n                                        \n                                    <\/div>\n                                    <div id=\"eael-interactive-3\" aria-labelledby=\"eael-circle-item-3\" class=\"eael-circle-btn-content eael-circle-item-3 active\">\n                                        <div class=\"eael-circle-content\">\n\t\t\t\t\t\t\t\t\t\t\t<p><img decoding=\"async\" class=\"alignnone size-full wp-image-987820\" src=\"http:\/\/www.sercanmidik.com.tr\/wp-content\/uploads\/2024\/11\/dydo.png\" alt=\"\" width=\"87\" height=\"36\" \/><\/p>                                        <\/div>\n                                    <\/div>\n                                <\/div>\n\n\t\t\t\t\t\t\t                                <div class=\"eael-circle-item elementor-repeater-item-d666a76\">\n                                    <div aria-controls=\"eael-interactive-4\" tabindex=\"0\" class=\"eael-circle-btn active\" id=\"eael-circle-item-4\">\n\t\t\t\t\t\t\t\t\t\t\t\t\t\t\t\t\t\t\t\t<div class=\"eael-circle-icon-shapes\">\n\t\t\t\t\t\t\t\t\t\t\t<div class=\"eael-shape-1\"><\/div>\n\t\t\t\t\t\t\t\t\t\t\t<div class=\"eael-shape-2\"><\/div>\n\t\t\t\t\t\t\t\t\t\t<\/div>\n\t\t\t\t\t\t\t\t\t\t\n\t\t\t\t\t\t\t\t\t\t<!-- Start URL support -->\n\t\t\t\t\t\t\t\t\t\t\t\t\t\t\t\t\t\t\t\t\t<div class=\"eael-circle-btn-icon\">\n\t\t\t\t\t\t\t\t\t\t\t\t<div class=\"eael-circle-icon-inner\">\n\t\t\t\t\t\t\t\t\t\t\t\t\t<svg class=\"e-font-icon-svg e-fas-info-circle\" viewbox=\"0 0 512 512\" xmlns=\"http:\/\/www.w3.org\/2000\/svg\"><path d=\"M256 8C119.043 8 8 119.083 8 256c0 136.997 111.043 248 248 248s248-111.003 248-248C504 119.083 392.957 8 256 8zm0 110c23.196 0 42 18.804 42 42s-18.804 42-42 42-42-18.804-42-42 18.804-42 42-42zm56 254c0 6.627-5.373 12-12 12h-88c-6.627 0-12-5.373-12-12v-24c0-6.627 5.373-12 12-12h12v-64h-12c-6.627 0-12-5.373-12-12v-24c0-6.627 5.373-12 12-12h64c6.627 0 12 5.373 12 12v100h12c6.627 0 12 5.373 12 12v24z\"><\/path><\/svg><span class=\"eael-circle-btn-txt\">Dimes<\/span>\t\t\t\t\t\t\t\t\t\t\t\t<\/div>\n                                        \t<\/div>\n\t\t\t\t\t\t\t\t\t\t\t\t\t\t\t\t\t\t\t\t\t<!-- End URL support -->\n                                        \n                                    <\/div>\n                                    <div id=\"eael-interactive-4\" aria-labelledby=\"eael-circle-item-4\" class=\"eael-circle-btn-content eael-circle-item-4 active\">\n                                        <div class=\"eael-circle-content\">\n\t\t\t\t\t\t\t\t\t\t\t<p><img loading=\"lazy\" decoding=\"async\" class=\"size-full wp-image-987819 aligncenter\" src=\"http:\/\/www.sercanmidik.com.tr\/wp-content\/uploads\/2024\/11\/dimes.png\" alt=\"\" width=\"88\" height=\"32\" \/><\/p>                                        <\/div>\n                                    <\/div>\n                                <\/div>\n\n\t\t\t\t\t\t\t                                <div class=\"eael-circle-item elementor-repeater-item-941ace8\">\n                                    <div aria-controls=\"eael-interactive-5\" tabindex=\"0\" class=\"eael-circle-btn active\" id=\"eael-circle-item-5\">\n\t\t\t\t\t\t\t\t\t\t\t\t\t\t\t\t\t\t\t\t<div class=\"eael-circle-icon-shapes\">\n\t\t\t\t\t\t\t\t\t\t\t<div class=\"eael-shape-1\"><\/div>\n\t\t\t\t\t\t\t\t\t\t\t<div class=\"eael-shape-2\"><\/div>\n\t\t\t\t\t\t\t\t\t\t<\/div>\n\t\t\t\t\t\t\t\t\t\t\n\t\t\t\t\t\t\t\t\t\t<!-- Start URL support -->\n\t\t\t\t\t\t\t\t\t\t\t\t\t\t\t\t\t\t\t\t\t<div class=\"eael-circle-btn-icon\">\n\t\t\t\t\t\t\t\t\t\t\t\t<div class=\"eael-circle-icon-inner\">\n\t\t\t\t\t\t\t\t\t\t\t\t\t<svg class=\"e-font-icon-svg e-fas-info-circle\" viewbox=\"0 0 512 512\" xmlns=\"http:\/\/www.w3.org\/2000\/svg\"><path d=\"M256 8C119.043 8 8 119.083 8 256c0 136.997 111.043 248 248 248s248-111.003 248-248C504 119.083 392.957 8 256 8zm0 110c23.196 0 42 18.804 42 42s-18.804 42-42 42-42-18.804-42-42 18.804-42 42-42zm56 254c0 6.627-5.373 12-12 12h-88c-6.627 0-12-5.373-12-12v-24c0-6.627 5.373-12 12-12h12v-64h-12c-6.627 0-12-5.373-12-12v-24c0-6.627 5.373-12 12-12h64c6.627 0 12 5.373 12 12v100h12c6.627 0 12 5.373 12 12v24z\"><\/path><\/svg><span class=\"eael-circle-btn-txt\">Balparmak<\/span>\t\t\t\t\t\t\t\t\t\t\t\t<\/div>\n                                        \t<\/div>\n\t\t\t\t\t\t\t\t\t\t\t\t\t\t\t\t\t\t\t\t\t<!-- End URL support -->\n                                        \n                                    <\/div>\n                                    <div id=\"eael-interactive-5\" aria-labelledby=\"eael-circle-item-5\" class=\"eael-circle-btn-content eael-circle-item-5 active\">\n                                        <div class=\"eael-circle-content\">\n\t\t\t\t\t\t\t\t\t\t\t<p><img loading=\"lazy\" decoding=\"async\" class=\"size-full wp-image-987813 aligncenter\" src=\"http:\/\/www.sercanmidik.com.tr\/wp-content\/uploads\/2024\/11\/balparmak.png\" alt=\"\" width=\"73\" height=\"44\" \/><\/p>                                        <\/div>\n                                    <\/div>\n                                <\/div>\n\n\t\t\t\t\t\t\t                                <div class=\"eael-circle-item elementor-repeater-item-28f40ed\">\n                                    <div aria-controls=\"eael-interactive-6\" tabindex=\"0\" class=\"eael-circle-btn active\" id=\"eael-circle-item-6\">\n\t\t\t\t\t\t\t\t\t\t\t\t\t\t\t\t\t\t\t\t<div class=\"eael-circle-icon-shapes\">\n\t\t\t\t\t\t\t\t\t\t\t<div class=\"eael-shape-1\"><\/div>\n\t\t\t\t\t\t\t\t\t\t\t<div class=\"eael-shape-2\"><\/div>\n\t\t\t\t\t\t\t\t\t\t<\/div>\n\t\t\t\t\t\t\t\t\t\t\n\t\t\t\t\t\t\t\t\t\t<!-- Start URL support -->\n\t\t\t\t\t\t\t\t\t\t\t\t\t\t\t\t\t\t\t\t\t<div class=\"eael-circle-btn-icon\">\n\t\t\t\t\t\t\t\t\t\t\t\t<div class=\"eael-circle-icon-inner\">\n\t\t\t\t\t\t\t\t\t\t\t\t\t<svg class=\"e-font-icon-svg e-fas-info-circle\" viewbox=\"0 0 512 512\" xmlns=\"http:\/\/www.w3.org\/2000\/svg\"><path d=\"M256 8C119.043 8 8 119.083 8 256c0 136.997 111.043 248 248 248s248-111.003 248-248C504 119.083 392.957 8 256 8zm0 110c23.196 0 42 18.804 42 42s-18.804 42-42 42-42-18.804-42-42 18.804-42 42-42zm56 254c0 6.627-5.373 12-12 12h-88c-6.627 0-12-5.373-12-12v-24c0-6.627 5.373-12 12-12h12v-64h-12c-6.627 0-12-5.373-12-12v-24c0-6.627 5.373-12 12-12h64c6.627 0 12 5.373 12 12v100h12c6.627 0 12 5.373 12 12v24z\"><\/path><\/svg><span class=\"eael-circle-btn-txt\">Keskino\u011flu<\/span>\t\t\t\t\t\t\t\t\t\t\t\t<\/div>\n                                        \t<\/div>\n\t\t\t\t\t\t\t\t\t\t\t\t\t\t\t\t\t\t\t\t\t<!-- End URL support -->\n                                        \n                                    <\/div>\n                                    <div id=\"eael-interactive-6\" aria-labelledby=\"eael-circle-item-6\" class=\"eael-circle-btn-content eael-circle-item-6 active\">\n                                        <div class=\"eael-circle-content\">\n\t\t\t\t\t\t\t\t\t\t\t<p><img loading=\"lazy\" decoding=\"async\" class=\"alignnone size-full wp-image-987840\" src=\"http:\/\/www.sercanmidik.com.tr\/wp-content\/uploads\/2024\/11\/keskinoglu.jpg\" alt=\"\" width=\"86\" height=\"87\" srcset=\"https:\/\/www.vesacons.com\/wp-content\/uploads\/2024\/11\/keskinoglu.jpg 86w, https:\/\/www.vesacons.com\/wp-content\/uploads\/2024\/11\/keskinoglu-60x60.jpg 60w\" sizes=\"(max-width: 86px) 100vw, 86px\" \/><\/p>                                        <\/div>\n                                    <\/div>\n                                <\/div>\n\n\t\t\t\t\t\t\t                                <div class=\"eael-circle-item elementor-repeater-item-704b1d9\">\n                                    <div aria-controls=\"eael-interactive-7\" tabindex=\"0\" class=\"eael-circle-btn active\" id=\"eael-circle-item-7\">\n\t\t\t\t\t\t\t\t\t\t\t\t\t\t\t\t\t\t\t\t<div class=\"eael-circle-icon-shapes\">\n\t\t\t\t\t\t\t\t\t\t\t<div class=\"eael-shape-1\"><\/div>\n\t\t\t\t\t\t\t\t\t\t\t<div class=\"eael-shape-2\"><\/div>\n\t\t\t\t\t\t\t\t\t\t<\/div>\n\t\t\t\t\t\t\t\t\t\t\n\t\t\t\t\t\t\t\t\t\t<!-- Start URL support -->\n\t\t\t\t\t\t\t\t\t\t\t\t\t\t\t\t\t\t\t\t\t<div class=\"eael-circle-btn-icon\">\n\t\t\t\t\t\t\t\t\t\t\t\t<div class=\"eael-circle-icon-inner\">\n\t\t\t\t\t\t\t\t\t\t\t\t\t<svg class=\"e-font-icon-svg e-fas-info-circle\" viewbox=\"0 0 512 512\" xmlns=\"http:\/\/www.w3.org\/2000\/svg\"><path d=\"M256 8C119.043 8 8 119.083 8 256c0 136.997 111.043 248 248 248s248-111.003 248-248C504 119.083 392.957 8 256 8zm0 110c23.196 0 42 18.804 42 42s-18.804 42-42 42-42-18.804-42-42 18.804-42 42-42zm56 254c0 6.627-5.373 12-12 12h-88c-6.627 0-12-5.373-12-12v-24c0-6.627 5.373-12 12-12h12v-64h-12c-6.627 0-12-5.373-12-12v-24c0-6.627 5.373-12 12-12h64c6.627 0 12 5.373 12 12v100h12c6.627 0 12 5.373 12 12v24z\"><\/path><\/svg><span class=\"eael-circle-btn-txt\">Sinangil<\/span>\t\t\t\t\t\t\t\t\t\t\t\t<\/div>\n                                        \t<\/div>\n\t\t\t\t\t\t\t\t\t\t\t\t\t\t\t\t\t\t\t\t\t<!-- End URL support -->\n                                        \n                                    <\/div>\n                                    <div id=\"eael-interactive-7\" aria-labelledby=\"eael-circle-item-7\" class=\"eael-circle-btn-content eael-circle-item-7 active\">\n                                        <div class=\"eael-circle-content\">\n\t\t\t\t\t\t\t\t\t\t\t<p><img loading=\"lazy\" decoding=\"async\" class=\"size-full wp-image-987858 aligncenter\" src=\"http:\/\/www.sercanmidik.com.tr\/wp-content\/uploads\/2024\/11\/sinangil.jpg\" alt=\"\" width=\"56\" height=\"67\" \/><\/p>                                        <\/div>\n                                    <\/div>\n                                <\/div>\n\n\t\t\t\t\t\t\t                                <div class=\"eael-circle-item elementor-repeater-item-334f5ad\">\n                                    <div aria-controls=\"eael-interactive-8\" tabindex=\"0\" class=\"eael-circle-btn active\" id=\"eael-circle-item-8\">\n\t\t\t\t\t\t\t\t\t\t\t\t\t\t\t\t\t\t\t\t<div class=\"eael-circle-icon-shapes\">\n\t\t\t\t\t\t\t\t\t\t\t<div class=\"eael-shape-1\"><\/div>\n\t\t\t\t\t\t\t\t\t\t\t<div class=\"eael-shape-2\"><\/div>\n\t\t\t\t\t\t\t\t\t\t<\/div>\n\t\t\t\t\t\t\t\t\t\t\n\t\t\t\t\t\t\t\t\t\t<!-- Start URL support -->\n\t\t\t\t\t\t\t\t\t\t\t\t\t\t\t\t\t\t\t\t\t<div class=\"eael-circle-btn-icon\">\n\t\t\t\t\t\t\t\t\t\t\t\t<div class=\"eael-circle-icon-inner\">\n\t\t\t\t\t\t\t\t\t\t\t\t\t<svg class=\"e-font-icon-svg e-fas-info-circle\" viewbox=\"0 0 512 512\" xmlns=\"http:\/\/www.w3.org\/2000\/svg\"><path d=\"M256 8C119.043 8 8 119.083 8 256c0 136.997 111.043 248 248 248s248-111.003 248-248C504 119.083 392.957 8 256 8zm0 110c23.196 0 42 18.804 42 42s-18.804 42-42 42-42-18.804-42-42 18.804-42 42-42zm56 254c0 6.627-5.373 12-12 12h-88c-6.627 0-12-5.373-12-12v-24c0-6.627 5.373-12 12-12h12v-64h-12c-6.627 0-12-5.373-12-12v-24c0-6.627 5.373-12 12-12h64c6.627 0 12 5.373 12 12v100h12c6.627 0 12 5.373 12 12v24z\"><\/path><\/svg><span class=\"eael-circle-btn-txt\">Toru Un<\/span>\t\t\t\t\t\t\t\t\t\t\t\t<\/div>\n                                        \t<\/div>\n\t\t\t\t\t\t\t\t\t\t\t\t\t\t\t\t\t\t\t\t\t<!-- End URL support -->\n                                        \n                                    <\/div>\n                                    <div id=\"eael-interactive-8\" aria-labelledby=\"eael-circle-item-8\" class=\"eael-circle-btn-content eael-circle-item-8 active\">\n                                        <div class=\"eael-circle-content\">\n\t\t\t\t\t\t\t\t\t\t\t<p><img loading=\"lazy\" decoding=\"async\" class=\"size-full wp-image-987862 aligncenter\" src=\"http:\/\/www.sercanmidik.com.tr\/wp-content\/uploads\/2024\/11\/toruun.jpg\" alt=\"\" width=\"67\" height=\"38\" \/><\/p>                                        <\/div>\n                                    <\/div>\n                                <\/div>\n\n\t\t\t\t\t\t\t\n                        <\/div>\n                    <\/div>\n                <\/div>\n\n\t\t\t\n        <\/div>\n\t\t\t\t\t<\/div>\n\t\t\t\t<\/div>\n\t\t\t\t<div class=\"elementor-element elementor-element-e6d3e09 elementor-widget elementor-widget-spacer\" data-id=\"e6d3e09\" data-element_type=\"widget\" data-e-type=\"widget\" data-widget_type=\"spacer.default\">\n\t\t\t\t<div class=\"elementor-widget-container\">\n\t\t\t\t\t\t\t<div class=\"elementor-spacer\">\n\t\t\t<div class=\"elementor-spacer-inner\"><\/div>\n\t\t<\/div>\n\t\t\t\t\t\t<\/div>\n\t\t\t\t<\/div>\n\t\t\t\t\t<\/div>\n\t\t\t\t<\/div>\n\t\t\t\t<\/div>","protected":false},"excerpt":{"rendered":"<p>Coca Cola Ar\u00e7elik DyDo Dimes Balparmak Keskino\u011flu Sinangil Toru Un<\/p>","protected":false},"author":1,"featured_media":0,"parent":0,"menu_order":0,"comment_status":"closed","ping_status":"closed","template":"","meta":{"footnotes":""},"class_list":["post-989676","page","type-page","status-publish","hentry"],"aioseo_notices":[],"_links":{"self":[{"href":"https:\/\/www.vesacons.com\/en\/wp-json\/wp\/v2\/pages\/989676","targetHints":{"allow":["GET"]}}],"collection":[{"href":"https:\/\/www.vesacons.com\/en\/wp-json\/wp\/v2\/pages"}],"about":[{"href":"https:\/\/www.vesacons.com\/en\/wp-json\/wp\/v2\/types\/page"}],"author":[{"embeddable":true,"href":"https:\/\/www.vesacons.com\/en\/wp-json\/wp\/v2\/users\/1"}],"replies":[{"embeddable":true,"href":"https:\/\/www.vesacons.com\/en\/wp-json\/wp\/v2\/comments?post=989676"}],"version-history":[{"count":4,"href":"https:\/\/www.vesacons.com\/en\/wp-json\/wp\/v2\/pages\/989676\/revisions"}],"predecessor-version":[{"id":989680,"href":"https:\/\/www.vesacons.com\/en\/wp-json\/wp\/v2\/pages\/989676\/revisions\/989680"}],"wp:attachment":[{"href":"https:\/\/www.vesacons.com\/en\/wp-json\/wp\/v2\/media?parent=989676"}],"curies":[{"name":"wp","href":"https:\/\/api.w.org\/{rel}","templated":true}]}}