{"id":990257,"date":"2025-02-10T06:26:18","date_gmt":"2025-02-10T06:26:18","guid":{"rendered":"https:\/\/www.vesacons.com\/?page_id=990257"},"modified":"2025-02-10T07:09:30","modified_gmt":"2025-02-10T07:09:30","slug":"s4modullerimiz","status":"publish","type":"page","link":"https:\/\/www.vesacons.com\/en\/s4modullerimiz\/","title":{"rendered":"S\/4 Hana Mod\u00fcllerimiz"},"content":{"rendered":"<div class=\"push\" style='height:35px'><\/div>\n<div class=\"row\"><div class=\"wpv-grid grid-1-3  wpv-first-level first unextended animation-fade-in animated-active\" style=\"padding-top:0px;padding-bottom:0px\" id=\"wpv-column-27aca5a6ff3fff2b7814972814a49fca\" ><div class=\"team-member has-content\">\n\t\t<div class=\"thumbnail\">\n\t\t\t\t\t<a href=\"https:\/\/www.vesacons.com\/en\/s-4hana-cozumleri-pozitif-zaman-yonetimi\/\" title=\"Positive Time Management\">\n\t\t\t\t\t<img decoding=\"async\" src=\"http:\/\/www.sercanmidik.com.tr\/wp-content\/uploads\/2024\/12\/83894c87-c8e8-4fbd-b001-c284d5407def-1.jpeg\" alt=\"\" \/>\t\t\t\t\t<\/a>\n\t\t\t<\/div>\n\t\t<div class=\"team-member-info\">\n\t\t<h3>\n\t\t\t\t\t\t\t<a href=\"https:\/\/www.vesacons.com\/en\/s-4hana-cozumleri-pozitif-zaman-yonetimi\/\" title=\"Positive Time Management\">\n\t\t\t\t\t\t\tPositive Time Management\t\t\t\t\t\t\t<\/a>\n\t\t\t\t\t<\/h3>\n\t\t\t\t\t<h5 class=\"regular-title-wrapper team-member-position\"> SAP S\/4 Hana <\/h5>\n\t\t\t\t\t\t\t\t<div class=\"share-icons clearfix\">\n\t\t\t\t\t<\/div>\n\t<\/div>\n\t\t<div class=\"team-member-bio\">\n\t\tIn SAP S\/4HANA, Positive Time Management is a time management module that ensures accurate recording and tracking of employees' working hours. This system helps automate time tracking processes, particularly for hourly employees, and ensures their accuracy. With its cloud-based structure and powerful analytics tools, S\/4HANA makes time management more efficient. Through this system, businesses can monitor employees' working hours more precisely while simplifying management processes and enhancing operational efficiency.\t<\/div>\n\t<\/div>\n<\/div>\n<div class=\"wpv-grid grid-1-3  wpv-first-level unextended animation-fade-in animated-active\" style=\"padding-top:0px;padding-bottom:0px\" id=\"wpv-column-d46c1f5a57dd1da162678860a112be3f\" ><div class=\"team-member has-content\">\n\t\t<div class=\"thumbnail\">\n\t\t\t\t\t<a href=\"https:\/\/www.vesacons.com\/en\/vesa-cozumleri-personel-butce-planlama\/\" title=\"Personnel Budget Planning\">\n\t\t\t\t\t<img decoding=\"async\" src=\"http:\/\/www.sercanmidik.com.tr\/wp-content\/uploads\/2024\/12\/Managing-personal-information-Explainer-Video-1-1.gif\" alt=\"\" \/>\t\t\t\t\t<\/a>\n\t\t\t<\/div>\n\t\t<div class=\"team-member-info\">\n\t\t<h3>\n\t\t\t\t\t\t\t<a href=\"https:\/\/www.vesacons.com\/en\/vesa-cozumleri-personel-butce-planlama\/\" title=\"Personnel Budget Planning\">\n\t\t\t\t\t\t\tPersonnel Budget Planning\t\t\t\t\t\t\t<\/a>\n\t\t\t\t\t<\/h3>\n\t\t\t\t\t<h5 class=\"regular-title-wrapper team-member-position\"> SAP S\/4 Hana <\/h5>\n\t\t\t\t\t\t\t\t<div class=\"share-icons clearfix\">\n\t\t\t\t\t<\/div>\n\t<\/div>\n\t\t<div class=\"team-member-bio\">\n\t\tSAP S\/4HANA Personnel Budget Planning enables organizations to effectively manage workforce costs. This module allows for the forecasting of personnel expenses, the creation of budgets based on future needs, and the efficient allocation of resources. By considering all personnel costs such as headcount, salaries, bonuses, and benefits, more accurate budget forecasts are made through real-time data analysis. As a result, organizations can maintain cost control while achieving their financial objectives.\t<\/div>\n\t<\/div>\n<\/div>\n<div class=\"wpv-grid grid-1-3  wpv-first-level unextended animation-fade-in animated-active\" style=\"padding-top:0px;padding-bottom:0px\" id=\"wpv-column-11679dcef74cbf1b0b2ca89c3c1ad875\" ><div class=\"team-member has-content\">\n\t\t<div class=\"thumbnail\">\n\t\t\t\t\t<a href=\"https:\/\/www.vesacons.com\/en\/s4hana-banka-entegrasyonu\/\" title=\"Bank Integration\">\n\t\t\t\t\t<img decoding=\"async\" src=\"http:\/\/www.sercanmidik.com.tr\/wp-content\/uploads\/2024\/12\/recrrruu-Photoroom-1.jpg\" alt=\"\" \/>\t\t\t\t\t<\/a>\n\t\t\t<\/div>\n\t\t<div class=\"team-member-info\">\n\t\t<h3>\n\t\t\t\t\t\t\t<a href=\"https:\/\/www.vesacons.com\/en\/s4hana-banka-entegrasyonu\/\" title=\"Bank Integration\">\n\t\t\t\t\t\t\tBank Integration\t\t\t\t\t\t\t<\/a>\n\t\t\t\t\t<\/h3>\n\t\t\t\t\t<h5 class=\"regular-title-wrapper team-member-position\"> SAP S\/4 Hana <\/h5>\n\t\t\t\t\t\t\t\t<div class=\"share-icons clearfix\">\n\t\t\t\t\t<\/div>\n\t<\/div>\n\t\t<div class=\"team-member-bio\">\n\t\tSAP S\/4HANA Bank Integration enables businesses to automate financial transactions by establishing a direct connection with bank accounts. This accelerates processes such as payments and collections, automatic processing of bank statements, fund transfers, and bank account balance monitoring, while minimizing errors. The integration ensures the accurate transfer of bank data into the S\/4HANA system, enhancing the efficiency of financial processes, simplifying cash flow management, and making financial reporting more accurate.\t<\/div>\n\t<\/div>\n<\/div><\/div>\n<div class=\"sep-3\"><\/div>\n<div class=\"push\" style='height:10px'><\/div>\n<div class=\"row\"><div class=\"wpv-grid grid-1-3  wpv-first-level first unextended animation-fade-in animated-active\" style=\"padding-top:0px;padding-bottom:0px\" id=\"wpv-column-13c7f9fe481115d4b3ecb5462278ad64\" ><div class=\"team-member has-content\">\n\t\t<div class=\"thumbnail\">\n\t\t\t\t\t<a href=\"https:\/\/www.vesacons.com\/en\/s4hana-kep-entegrasyonu\/\" title=\"KEP Integration\">\n\t\t\t\t\t<img decoding=\"async\" src=\"http:\/\/www.sercanmidik.com.tr\/wp-content\/uploads\/2024\/12\/compensation-wp.jpg\" alt=\"\" \/>\t\t\t\t\t<\/a>\n\t\t\t<\/div>\n\t\t<div class=\"team-member-info\">\n\t\t<h3>\n\t\t\t\t\t\t\t<a href=\"https:\/\/www.vesacons.com\/en\/s4hana-kep-entegrasyonu\/\" title=\"KEP Integration\">\n\t\t\t\t\t\t\tKEP Integration\t\t\t\t\t\t\t<\/a>\n\t\t\t\t\t<\/h3>\n\t\t\t\t\t<h5 class=\"regular-title-wrapper team-member-position\"> SAP S\/4 Hana <\/h5>\n\t\t\t\t\t\t\t\t<div class=\"share-icons clearfix\">\n\t\t\t\t\t<\/div>\n\t<\/div>\n\t\t<div class=\"team-member-bio\">\n\t\tSAP S\/4HANA Registered Electronic Mail (KEP) Integration enables businesses to conduct official correspondence in a legally valid and secure manner electronically. Through this integration, documents are sent to the recipient via the KEP system, and proof of receipt and the legal validity of the sent communications are automatically recorded. This process accelerates the digitalization journey of companies, enhances document security, and facilitates compliance with legal requirements.\t<\/div>\n\t<\/div>\n<\/div>\n<div class=\"wpv-grid grid-1-3  wpv-first-level unextended animation-fade-in animated-active\" style=\"padding-top:0px;padding-bottom:0px\" id=\"wpv-column-44e1f3ce3c020cab68e48c2a19e5d346\" ><div class=\"team-member has-content\">\n\t\t<div class=\"thumbnail\">\n\t\t\t\t\t<a href=\"https:\/\/www.vesacons.com\/en\/s4hana-sifreli-bordro-gonderimi\/\" title=\"Encrypted Payslip Envelope Sending\">\n\t\t\t\t\t<img decoding=\"async\" src=\"http:\/\/www.sercanmidik.com.tr\/wp-content\/uploads\/2024\/12\/9bd90675-2787-41fa-a6b7-8a1709a17e87-1.gif\" alt=\"\" \/>\t\t\t\t\t<\/a>\n\t\t\t<\/div>\n\t\t<div class=\"team-member-info\">\n\t\t<h3>\n\t\t\t\t\t\t\t<a href=\"https:\/\/www.vesacons.com\/en\/s4hana-sifreli-bordro-gonderimi\/\" title=\"Encrypted Payslip Envelope Sending\">\n\t\t\t\t\t\t\tEncrypted Payslip Envelope Sending\t\t\t\t\t\t\t<\/a>\n\t\t\t\t\t<\/h3>\n\t\t\t\t\t<h5 class=\"regular-title-wrapper team-member-position\"> S\/4 Hana <\/h5>\n\t\t\t\t\t\t\t\t<div class=\"share-icons clearfix\">\n\t\t\t\t\t<\/div>\n\t<\/div>\n\t\t<div class=\"team-member-bio\">\n\t\tSAP S\/4HANA encrypted payslip envelope sending ensures the secure electronic delivery of employees' payslips. This system encrypts payslip data to protect privacy and ensures that the information is sent through a secure channel, accessible only to authorized employees. As a result, the risk of data breaches is minimized, while employees' personal data is protected, and companies can meet legal compliance requirements.\t<\/div>\n\t<\/div>\n<\/div>\n<div class=\"wpv-grid grid-1-3  wpv-first-level unextended animation-fade-in animated-active\" style=\"padding-top:0px;padding-bottom:0px\" id=\"wpv-column-14f7c9ea04cbae577ae893789d14036f\" ><div class=\"team-member has-content\">\n\t\t<div class=\"thumbnail\">\n\t\t\t\t\t<a href=\"https:\/\/www.vesacons.com\/en\/s4hana-sgk-entegrasyonu\/\" title=\"Social Security Institution Integration\">\n\t\t\t\t\t<img decoding=\"async\" src=\"http:\/\/www.sercanmidik.com.tr\/wp-content\/uploads\/2024\/12\/onboardn-1.jpg\" alt=\"\" \/>\t\t\t\t\t<\/a>\n\t\t\t<\/div>\n\t\t<div class=\"team-member-info\">\n\t\t<h3>\n\t\t\t\t\t\t\t<a href=\"https:\/\/www.vesacons.com\/en\/s4hana-sgk-entegrasyonu\/\" title=\"Social Security Institution Integration\">\n\t\t\t\t\t\t\tSocial Security Institution Integration\t\t\t\t\t\t\t<\/a>\n\t\t\t\t\t<\/h3>\n\t\t\t\t\t<h5 class=\"regular-title-wrapper team-member-position\"> SAP S\/4 Hana <\/h5>\n\t\t\t\t\t\t\t\t<div class=\"share-icons clearfix\">\n\t\t\t\t\t<\/div>\n\t<\/div>\n\t\t<div class=\"team-member-bio\">\n\t\tSAP S\/4HANA SGK Integration enables businesses to seamlessly exchange data with the Social Security Institution (SGK) in a digital environment. This integration automates processes such as employee premium payments, declaration submissions, and other SGK-related tasks, preventing manual errors and accelerating workflows. As a result, SGK declarations can be accurately generated and submitted on time, payroll calculations and SGK payments are managed more efficiently, and compliance processes are streamlined.\t<\/div>\n\t<\/div>\n<\/div><\/div>\n<div class=\"sep-3\"><\/div>\n<div class=\"push\" style='height:10px'><\/div>\n<div class=\"row\"><div class=\"wpv-grid grid-1-3  wpv-first-level first unextended\" style=\"padding-top:0px;padding-bottom:0px\" id=\"wpv-column-c078b100028cdd541567bead873e5f4f\" >\t\t<div class=\"sep-text single centered\">\n\t\t\t\t\t\t\t<span class=\"sep-text-before\"><div class=\"sep-text-line\"><\/div><\/span>\n\t\t\t\t\t\t<div class=\"content\">\n\t\t\t\t<h2 class=\"text-divider-double\">\n<\/h2>\t\t\t<\/div>\n\t\t\t<span class=\"sep-text-after\"><div class=\"sep-text-line\"><\/div><\/span>\n\t\t\t\t\t<\/div>\n\t<\/div>\n<div class=\"wpv-grid grid-1-3  wpv-first-level unextended animation-fade-in animated-active\" style=\"padding-top:0px;padding-bottom:0px\" id=\"wpv-column-240f04616a130a2d3ea93b9608557714\" ><div class=\"team-member has-content\">\n\t\t<div class=\"thumbnail\">\n\t\t\t\t\t<a href=\"https:\/\/www.vesacons.com\/en\/s4hana-borclar-paketi\/\" title=\"Debts Package\">\n\t\t\t\t\t<img decoding=\"async\" src=\"http:\/\/www.sercanmidik.com.tr\/wp-content\/uploads\/2024\/12\/lms-wp.jpg\" alt=\"\" \/>\t\t\t\t\t<\/a>\n\t\t\t<\/div>\n\t\t<div class=\"team-member-info\">\n\t\t<h3>\n\t\t\t\t\t\t\t<a href=\"https:\/\/www.vesacons.com\/en\/s4hana-borclar-paketi\/\" title=\"Debts Package\">\n\t\t\t\t\t\t\tDebts Package\t\t\t\t\t\t\t<\/a>\n\t\t\t\t\t<\/h3>\n\t\t\t\t\t<h5 class=\"regular-title-wrapper team-member-position\"> SAP S\/4 Hana <\/h5>\n\t\t\t\t\t\t\t\t<div class=\"share-icons clearfix\">\n\t\t\t\t\t<\/div>\n\t<\/div>\n\t\t<div class=\"team-member-bio\">\n\t\tSAP S\/4HANA Accounts Payable Package enables businesses to effectively manage their debts to suppliers. This package automates processes such as debt tracking, payment schedules, due dates, and payment transactions, accelerating workflows and improving accuracy. Additionally, it offers functions like reporting for supplier payments, discount calculations, and payment term management, making financial management easier, helping regulate cash flow, and ensuring financial compliance.\t<\/div>\n\t<\/div>\n<\/div><\/div>\n<div class=\"sep-3\"><\/div>\n<div class=\"push\" style='height:10px'><\/div>\n<div class=\"row\"><div class=\"wpv-grid grid-1-1  wpv-first-level first unextended\" style=\"padding-top:0px;padding-bottom:80px\" id=\"wpv-column-f6f95eb1eb52e0add558d811f050080e\" >\t\t<div class=\"sep-text single centered\">\n\t\t\t\t\t\t\t<span class=\"sep-text-before\"><div class=\"sep-text-line\"><\/div><\/span>\n\t\t\t\t\t\t<div class=\"content\">\n\t\t\t\t<h2 class=\"text-divider-double\">You can share your questions with us<\/h2>\t\t\t<\/div>\n\t\t\t<span class=\"sep-text-after\"><div class=\"sep-text-line\"><\/div><\/span>\n\t\t\t\t\t<\/div>\n\t<div class=\"push\" style='margin-bottom:-20px'><\/div>\n<div class=\"row\"><div class=\"wpv-grid grid-1-1  first unextended\" style=\"padding-top:0px;padding-bottom:0px\" id=\"wpv-column-96aec55ae4390269d3627e5ee9584265\" ><p style=\"text-align: center;\">For more information about our modules, you can send us a message through the Contact page.<br \/>\n<div class=\"push\" style='height:10px'><\/div> <p class=\"textcenter\"><a href=\"#\" target=\"_self\" style='font-size: 12px;' class=\"button vamtam-button accent1  button-border hover-accent1\"><span class='icon shortcode theme  use-hover' style='font-size:20px !important;color:#0070f2;'>&#57564;<\/span><span class=\"btext\">Our Modules<\/span><\/a><\/p><\/div><\/div><\/div><\/div>\n<div class=\"row\"><div class=\"wpv-grid grid-1-1  wpv-first-level first has-background extended animation-fade-in animated-active\" style=\"background-color:#EFEFEF;padding-top:20px;padding-bottom:10px\" id=\"wpv-column-43bbc7b84147746ad29d6fb4a3b92f3a\" ><div class=\"extended-column-inner\"><style>#wpv-column-43bbc7b84147746ad29d6fb4a3b92f3a p,#wpv-column-43bbc7b84147746ad29d6fb4a3b92f3a em,#wpv-column-43bbc7b84147746ad29d6fb4a3b92f3a .column-title,#wpv-column-43bbc7b84147746ad29d6fb4a3b92f3a .sep-text h2.regular-title-wrapper,#wpv-column-43bbc7b84147746ad29d6fb4a3b92f3a .text-divider-double,#wpv-column-43bbc7b84147746ad29d6fb4a3b92f3a .sep-text .sep-text-line,#wpv-column-43bbc7b84147746ad29d6fb4a3b92f3a .sep,#wpv-column-43bbc7b84147746ad29d6fb4a3b92f3a .sep-2,#wpv-column-43bbc7b84147746ad29d6fb4a3b92f3a .sep-3,#wpv-column-43bbc7b84147746ad29d6fb4a3b92f3a td,#wpv-column-43bbc7b84147746ad29d6fb4a3b92f3a th,#wpv-column-43bbc7b84147746ad29d6fb4a3b92f3a caption{color:#707070;}#wpv-column-43bbc7b84147746ad29d6fb4a3b92f3a:before{background-color:transparent;}<\/style><div class=\"row\"><div class=\"wpv-grid grid-1-1  first unextended\" style=\"padding-top:0px;padding-bottom:0px\" id=\"wpv-column-39e998da2d31bf98910edf746bc83b1a\" ><h4 style=\"text-align: center;\"><span class=\"accent-4\">\u2013You can write your questions about our modules here\u2013<\/span><\/h4>\n<div class=\"push\" style='height:10px'><\/div><\/div><\/div>\n<div class=\"row\"><div class=\"wpv-grid grid-1-1  first unextended\" style=\"padding-top:0px;padding-bottom:0px\" id=\"wpv-column-6e283892cc1c24f00f48c1e5f9195aee\" ><p>\n<div class=\"wpcf7 no-js\" id=\"wpcf7-f10-o1\" lang=\"en-US\" dir=\"ltr\" data-wpcf7-id=\"10\">\n<div class=\"screen-reader-response\"><p role=\"status\" aria-live=\"polite\" aria-atomic=\"true\"><\/p> <ul><\/ul><\/div>\n<form action=\"\/en\/wp-json\/wp\/v2\/pages\/990257#wpcf7-f10-o1\" method=\"post\" class=\"wpcf7-form init\" aria-label=\"Contact form\" novalidate=\"novalidate\" data-status=\"init\" data-trp-original-action=\"\/en\/wp-json\/wp\/v2\/pages\/990257#wpcf7-f10-o1\">\n<fieldset class=\"hidden-fields-container\"><input type=\"hidden\" name=\"_wpcf7\" value=\"10\" \/><input type=\"hidden\" name=\"_wpcf7_version\" value=\"6.1.5\" \/><input type=\"hidden\" name=\"_wpcf7_locale\" value=\"en_US\" \/><input type=\"hidden\" name=\"_wpcf7_unit_tag\" value=\"wpcf7-f10-o1\" \/><input type=\"hidden\" name=\"_wpcf7_container_post\" value=\"0\" \/><input type=\"hidden\" name=\"_wpcf7_posted_data_hash\" value=\"\" \/>\n<\/fieldset>\n<div class=\"row\">\n\t<div class=\"grid-1-3\">\n\t\t<p><span class=\"wpcf7-form-control-wrap\" data-name=\"Name\"><input size=\"40\" maxlength=\"400\" class=\"wpcf7-form-control wpcf7-text wpcf7-validates-as-required\" aria-required=\"true\" aria-invalid=\"false\" placeholder=\"Name\" value=\"\" type=\"text\" name=\"Name\" \/><\/span>\n\t\t<\/p>\n\t<\/div>\n\t<div class=\"grid-1-3\">\n\t\t<p><span class=\"wpcf7-form-control-wrap\" data-name=\"E-mail\"><input size=\"40\" maxlength=\"400\" class=\"wpcf7-form-control wpcf7-text wpcf7-validates-as-required\" aria-required=\"true\" aria-invalid=\"false\" placeholder=\"E-mail\" value=\"\" type=\"text\" name=\"E-mail\" \/><\/span>\n\t\t<\/p>\n\t<\/div>\n\t<div class=\"grid-1-3\">\n\t\t<p><span class=\"wpcf7-form-control-wrap\" data-name=\"Phone\"><input size=\"40\" maxlength=\"400\" class=\"wpcf7-form-control wpcf7-tel wpcf7-validates-as-required wpcf7-text wpcf7-validates-as-tel\" aria-required=\"true\" aria-invalid=\"false\" placeholder=\"12345678900000\" value=\"\" type=\"tel\" name=\"Phone\" \/><\/span>\n\t\t<\/p>\n\t<\/div>\n\t<div class=\"grid-1-1\">\n\t\t<p><span class=\"wpcf7-form-control-wrap\" data-name=\"Subject\"><input size=\"40\" maxlength=\"400\" class=\"wpcf7-form-control wpcf7-text wpcf7-validates-as-required\" aria-required=\"true\" aria-invalid=\"false\" placeholder=\"Subject\" value=\"\" type=\"text\" name=\"Subject\" \/><\/span>\n\t\t<\/p>\n\t<\/div>\n\t<div class=\"grid-1-1\">\n\t\t<p><span class=\"wpcf7-form-control-wrap\" data-name=\"Message\"><textarea cols=\"40\" rows=\"6\" maxlength=\"2000\" class=\"wpcf7-form-control wpcf7-textarea wpcf7-validates-as-required\" aria-required=\"true\" aria-invalid=\"false\" placeholder=\"Your message...\" name=\"Message\"><\/textarea><\/span>\n\t\t<\/p>\n\t<\/div>\n\t<div style= \"text-align: center;\">\n\t\t<p><input class=\"wpcf7-form-control wpcf7-submit has-spinner\" type=\"submit\" value=\"Send Message \u2192\" \/>\n\t\t<\/p>\n\t<\/div>\n<\/div><p style=\"display: none !important;\" class=\"akismet-fields-container\" data-prefix=\"_wpcf7_ak_\"><label>&#916;<textarea name=\"_wpcf7_ak_hp_textarea\" cols=\"45\" rows=\"8\" maxlength=\"100\"><\/textarea><\/label><input type=\"hidden\" id=\"ak_js_1\" name=\"_wpcf7_ak_js\" value=\"181\"\/><script>document.getElementById( \"ak_js_1\" ).setAttribute( \"value\", ( new Date() ).getTime() );<\/script><\/p><div class=\"wpcf7-response-output\" aria-hidden=\"true\"><\/div>\n<input type=\"hidden\" name=\"trp-form-language\" value=\"en\"\/><\/form>\n<\/div>\n<\/div><\/div><\/div><\/div><\/div>","protected":false},"excerpt":{"rendered":"<p>Mod\u00fcllerimiz Hakk\u0131nda Daha Fazla \u0130\u00e7in \u0130leti\u015fim Sayfas\u0131ndan Bize Mesaj Olarak \u0130letebilirsiniz \u2013 Mod\u00fcllerimiz Hakk\u0131nda Sorular\u0131n\u0131z\u0131 Yazabilirsiniz \u2013<\/p>","protected":false},"author":1,"featured_media":0,"parent":0,"menu_order":0,"comment_status":"closed","ping_status":"closed","template":"","meta":{"footnotes":""},"class_list":["post-990257","page","type-page","status-publish","hentry"],"aioseo_notices":[],"_links":{"self":[{"href":"https:\/\/www.vesacons.com\/en\/wp-json\/wp\/v2\/pages\/990257","targetHints":{"allow":["GET"]}}],"collection":[{"href":"https:\/\/www.vesacons.com\/en\/wp-json\/wp\/v2\/pages"}],"about":[{"href":"https:\/\/www.vesacons.com\/en\/wp-json\/wp\/v2\/types\/page"}],"author":[{"embeddable":true,"href":"https:\/\/www.vesacons.com\/en\/wp-json\/wp\/v2\/users\/1"}],"replies":[{"embeddable":true,"href":"https:\/\/www.vesacons.com\/en\/wp-json\/wp\/v2\/comments?post=990257"}],"version-history":[{"count":6,"href":"https:\/\/www.vesacons.com\/en\/wp-json\/wp\/v2\/pages\/990257\/revisions"}],"predecessor-version":[{"id":990262,"href":"https:\/\/www.vesacons.com\/en\/wp-json\/wp\/v2\/pages\/990257\/revisions\/990262"}],"wp:attachment":[{"href":"https:\/\/www.vesacons.com\/en\/wp-json\/wp\/v2\/media?parent=990257"}],"curies":[{"name":"wp","href":"https:\/\/api.w.org\/{rel}","templated":true}]}}