{"id":990284,"date":"2025-02-10T08:52:16","date_gmt":"2025-02-10T08:52:16","guid":{"rendered":"https:\/\/www.vesacons.com\/job-openings\/"},"modified":"2025-04-21T08:51:04","modified_gmt":"2025-04-21T08:51:04","slug":"kariyer","status":"publish","type":"page","link":"https:\/\/www.vesacons.com\/en\/kariyer\/","title":{"rendered":"Vesa Kariyer"},"content":{"rendered":"<div class=\"row \"><div class=\"wpv-grid grid-1-1  wpv-first-level first unextended\" style=\"padding-top:0px;padding-bottom:0px\" id=\"wpv-column-f45c5a1d3ca5719dc956ad25cd51bfa5\" ><p><div class=\"map_wrapper\" id=\"map_wrapper_990905\">\n<div class=\"map_box\" style=\"max-width:1500px\">\n<div class=\"map_aspect_ratio\" style=\"padding-top:60%\" data-padding-top=\"60%\" data-padding-top-mobile=\"0%\">\n<div class=\"map_container\">\n<div class=\"map_render map_loading\" id=\"map_990905\"><\/div>\n<\/div>\n<\/div>\n<\/div>\n<\/div><\/p>\n<p>\t<div class=\"awsm-job-wrap awsm-job-form-plugin-style\">\n\n\t\t<div class=\"awsm-filter-wrap awsm-no-search-filter-wrap\"><form action=\"https:\/\/www.vesacons.com\/wp-admin\/admin-ajax.php\" method=\"POST\"><a href=\"#\" class=\"awsm-filter-toggle\" role=\"button\" aria-pressed=\"false\"><span class=\"awsm-filter-toggle-text-wrapper\">Filter by<\/span><svg width=\"100\" height=\"100\" viewBox=\"0 0 100 100\" xmlns=\"http:\/\/www.w3.org\/2000\/svg\" version=\"1.1\" preserveAspectRatio=\"xMinYMin\"><path xmlns=\"http:\/\/www.w3.org\/2000\/svg\" fill=\"rgb(9.803922%,9.803922%,9.803922%)\" d=\"M 36.417969 19.9375 L 36.417969 17.265625 C 36.417969 16.160156 35.523438 15.265625 34.417969 15.265625 L 21.578125 15.265625 C 20.476562 15.265625 19.578125 16.160156 19.578125 17.265625 L 19.578125 19.9375 L 11 19.9375 L 11 26.9375 L 19.578125 26.9375 L 19.578125 30.105469 C 19.578125 31.210938 20.476562 32.105469 21.578125 32.105469 L 34.417969 32.105469 C 35.523438 32.105469 36.417969 31.210938 36.417969 30.105469 L 36.417969 26.9375 L 89 26.9375 L 89 19.9375 Z M 58.421875 43.578125 C 58.421875 42.476562 57.527344 41.578125 56.421875 41.578125 L 43.582031 41.578125 C 42.480469 41.578125 41.582031 42.476562 41.582031 43.578125 L 41.582031 46.5 L 11 46.5 L 11 53.5 L 41.582031 53.5 L 41.582031 56.421875 C 41.582031 57.527344 42.480469 58.421875 43.582031 58.421875 L 56.421875 58.421875 C 57.527344 58.421875 58.421875 57.527344 58.421875 56.421875 L 58.421875 53.5 L 89 53.5 L 89 46.5 L 58.421875 46.5 Z M 80.417969 70.140625 C 80.417969 69.035156 79.523438 68.140625 78.417969 68.140625 L 65.578125 68.140625 C 64.476562 68.140625 63.578125 69.035156 63.578125 70.140625 L 63.578125 73.0625 L 11 73.0625 L 11 80.0625 L 63.578125 80.0625 L 63.578125 82.984375 C 63.578125 84.085938 64.476562 84.984375 65.578125 84.984375 L 78.417969 84.984375 C 79.523438 84.984375 80.417969 84.085938 80.417969 82.984375 L 80.417969 80.0625 L 89 80.0625 L 89 73.0625 L 80.417969 73.0625 Z M 80.417969 70.140625\"\/><\/svg><\/a><div class=\"awsm-filter-items\"><div class=\"awsm-filter-item\" data-filter=\"job__category_spec\"><label for=\"awsm-job-category-filter-option-1\" class=\"awsm-sr-only\">All Pozisyon T\u00fcr\u00fc<\/label><select name=\"awsm_job_spec[job-category]\" class=\"awsm-filter-option awsm-job-category-filter-option\" id=\"awsm-job-category-filter-option-1\" aria-label=\"All Pozisyon T\u00fcr\u00fc\"><option value=\"\">All Pozisyon T\u00fcr\u00fc<\/option><option value=\"81\" data-slug=\"hcm-danismani\">HCM Dan\u0131\u015fman\u0131<\/option><option value=\"82\" data-slug=\"musteri-satis-yoneticisi\">M\u00fc\u015fteri\/Sat\u0131\u015f Y\u00f6neticisi<\/option><option value=\"79\" data-slug=\"sap-abap-danismani\">SAP ABAP Dan\u0131\u015fman\u0131<\/option><option value=\"83\" data-slug=\"sap-hr-danismani\">SAP HR Dan\u0131\u015fman\u0131<\/option><option value=\"84\" data-slug=\"satis-danismani\">Sat\u0131\u015f Dan\u0131\u015fman\u0131<\/option><option value=\"80\" data-slug=\"sf-danismani\">SF Dan\u0131\u015fman\u0131<\/option><option value=\"73\" data-slug=\"yazilim-gelistirme-uzmani\">Yaz\u0131l\u0131m Geli\u015ftirme Uzman\u0131<\/option><\/select><\/div><div class=\"awsm-filter-item\" data-filter=\"job__type_spec\"><label for=\"awsm-job-type-filter-option-1\" class=\"awsm-sr-only\">All \u00c7al\u0131\u015fma \u015eekli<\/label><select name=\"awsm_job_spec[job-type]\" class=\"awsm-filter-option awsm-job-type-filter-option\" id=\"awsm-job-type-filter-option-1\" aria-label=\"All \u00c7al\u0131\u015fma \u015eekli\"><option value=\"\">All \u00c7al\u0131\u015fma \u015eekli<\/option><option value=\"68\" data-slug=\"full-time\">Full Time<\/option><\/select><\/div><div class=\"awsm-filter-item\" data-filter=\"job__location_spec\"><label for=\"awsm-job-location-filter-option-1\" class=\"awsm-sr-only\">All Lokasyon<\/label><select name=\"awsm_job_spec[job-location]\" class=\"awsm-filter-option awsm-job-location-filter-option\" id=\"awsm-job-location-filter-option-1\" aria-label=\"All Lokasyon\"><option value=\"\">All Lokasyon<\/option><option value=\"74\" data-slug=\"eskisehir\">Eski\u015fehir<\/option><option value=\"72\" data-slug=\"istanbul\">\u0130stanbul<\/option><\/select><\/div><\/div><input type=\"hidden\" name=\"action\" value=\"jobfilter\"><\/form><\/div>\n\t\t<div class=\"awsm-job-listings awsm-row awsm-grid-col-3\" data-listings=\"10\">\n\t\t\t\t\t<div class=\"awsm-job-listing-item awsm-grid-item\" id=\"awsm-grid-item-990525\">\t\t<a href=\"https:\/\/www.vesacons.com\/en\/jobdetail\/satis-danismani\/\" class=\"awsm-job-item\">\t\t\t<div class=\"awsm-grid-left-col\">\n\t\t\t\t\n\t\t\t\t<div class=\"awsm-job-featured-image\"><img decoding=\"async\" width=\"150\" height=\"107\" src=\"https:\/\/www.vesacons.com\/wp-content\/uploads\/2025\/02\/vesacons-logo-sap-Gold-partner-dikey-01-e1739283194468.jpg\" class=\"attachment-thumbnail size-thumbnail\" alt=\"\" \/><\/div>\n\t\t\t\t<h2 class=\"awsm-job-post-title\">\n\t\t\t\t\tSat\u0131\u015f Dan\u0131\u015fman\u0131\t\t\t\t<\/h2>\n\n\t\t\t\t\t\t\t<\/div>\n\n\t\t\t<div class=\"awsm-grid-right-col\">\n\t\t\t\t<div class=\"awsm-job-specification-wrapper\"><div class=\"awsm-job-specification-item awsm-job-specification-job-category\"><span class=\"awsm-job-specification-term\">Sat\u0131\u015f Dan\u0131\u015fman\u0131<\/span> <\/div><div class=\"awsm-job-specification-item awsm-job-specification-job-location\"><span class=\"awsm-job-specification-term\">Eski\u015fehir<\/span> <\/div><\/div><div class=\"awsm-job-more-container\"><span class=\"awsm-job-more\">More Details <span><\/span><\/span><\/div>\t\t\t<\/div>\n\t\t<\/a>\t<\/div><div class=\"awsm-job-listing-item awsm-grid-item\" id=\"awsm-grid-item-990321\">\t\t<a href=\"https:\/\/www.vesacons.com\/en\/jobdetail\/sap-hr-consultant\/\" class=\"awsm-job-item\">\t\t\t<div class=\"awsm-grid-left-col\">\n\t\t\t\t\n\t\t\t\t<div class=\"awsm-job-featured-image\"><img decoding=\"async\" width=\"150\" height=\"107\" src=\"https:\/\/www.vesacons.com\/wp-content\/uploads\/2025\/02\/vesacons-logo-sap-Gold-partner-dikey-01-e1739283194468.jpg\" class=\"attachment-thumbnail size-thumbnail\" alt=\"\" \/><\/div>\n\t\t\t\t<h2 class=\"awsm-job-post-title\">\n\t\t\t\t\tSAP HR Dan\u0131\u015fman\u0131\t\t\t\t<\/h2>\n\n\t\t\t\t\t\t\t<\/div>\n\n\t\t\t<div class=\"awsm-grid-right-col\">\n\t\t\t\t<div class=\"awsm-job-specification-wrapper\"><div class=\"awsm-job-specification-item awsm-job-specification-job-category\"><span class=\"awsm-job-specification-term\">SAP HR Dan\u0131\u015fman\u0131<\/span> <\/div><div class=\"awsm-job-specification-item awsm-job-specification-job-location\"><span class=\"awsm-job-specification-term\">\u0130stanbul<\/span> <\/div><\/div><div class=\"awsm-job-more-container\"><span class=\"awsm-job-more\">More Details <span><\/span><\/span><\/div>\t\t\t<\/div>\n\t\t<\/a>\t<\/div><div class=\"awsm-job-listing-item awsm-grid-item\" id=\"awsm-grid-item-990318\">\t\t<a href=\"https:\/\/www.vesacons.com\/en\/jobdetail\/account-manager\/\" class=\"awsm-job-item\">\t\t\t<div class=\"awsm-grid-left-col\">\n\t\t\t\t\n\t\t\t\t<div class=\"awsm-job-featured-image\"><img decoding=\"async\" width=\"150\" height=\"107\" src=\"https:\/\/www.vesacons.com\/wp-content\/uploads\/2025\/02\/vesacons-logo-sap-Gold-partner-dikey-01-e1739283194468.jpg\" class=\"attachment-thumbnail size-thumbnail\" alt=\"\" \/><\/div>\n\t\t\t\t<h2 class=\"awsm-job-post-title\">\n\t\t\t\t\tM\u00fc\u015fteri\/Sat\u0131\u015f Y\u00f6neticisi\t\t\t\t<\/h2>\n\n\t\t\t\t\t\t\t<\/div>\n\n\t\t\t<div class=\"awsm-grid-right-col\">\n\t\t\t\t<div class=\"awsm-job-specification-wrapper\"><div class=\"awsm-job-specification-item awsm-job-specification-job-category\"><span class=\"awsm-job-specification-term\">M\u00fc\u015fteri\/Sat\u0131\u015f Y\u00f6neticisi<\/span> <\/div><div class=\"awsm-job-specification-item awsm-job-specification-job-location\"><span class=\"awsm-job-specification-term\">\u0130stanbul<\/span> <\/div><\/div><div class=\"awsm-job-more-container\"><span class=\"awsm-job-more\">More Details <span><\/span><\/span><\/div>\t\t\t<\/div>\n\t\t<\/a>\t<\/div><div class=\"awsm-job-listing-item awsm-grid-item\" id=\"awsm-grid-item-990317\">\t\t<a href=\"https:\/\/www.vesacons.com\/en\/jobdetail\/sap-abap-consultant\/\" class=\"awsm-job-item\">\t\t\t<div class=\"awsm-grid-left-col\">\n\t\t\t\t\n\t\t\t\t<div class=\"awsm-job-featured-image\"><img decoding=\"async\" width=\"150\" height=\"107\" src=\"https:\/\/www.vesacons.com\/wp-content\/uploads\/2025\/02\/vesacons-logo-sap-Gold-partner-dikey-01-e1739283194468.jpg\" class=\"attachment-thumbnail size-thumbnail\" alt=\"\" \/><\/div>\n\t\t\t\t<h2 class=\"awsm-job-post-title\">\n\t\t\t\t\tSAP ABAP Dan\u0131\u015fman\u0131\t\t\t\t<\/h2>\n\n\t\t\t\t\t\t\t<\/div>\n\n\t\t\t<div class=\"awsm-grid-right-col\">\n\t\t\t\t<div class=\"awsm-job-specification-wrapper\"><div class=\"awsm-job-specification-item awsm-job-specification-job-category\"><span class=\"awsm-job-specification-term\">SAP ABAP Dan\u0131\u015fman\u0131<\/span> <\/div><div class=\"awsm-job-specification-item awsm-job-specification-job-location\"><span class=\"awsm-job-specification-term\">\u0130stanbul<\/span> <\/div><\/div><div class=\"awsm-job-more-container\"><span class=\"awsm-job-more\">More Details <span><\/span><\/span><\/div>\t\t\t<\/div>\n\t\t<\/a>\t<\/div><div class=\"awsm-job-listing-item awsm-grid-item\" id=\"awsm-grid-item-990314\">\t\t<a href=\"https:\/\/www.vesacons.com\/en\/jobdetail\/sf-consultant\/\" class=\"awsm-job-item\">\t\t\t<div class=\"awsm-grid-left-col\">\n\t\t\t\t\n\t\t\t\t<div class=\"awsm-job-featured-image\"><img decoding=\"async\" width=\"150\" height=\"107\" src=\"https:\/\/www.vesacons.com\/wp-content\/uploads\/2025\/02\/vesacons-logo-sap-Gold-partner-dikey-01-e1739283194468.jpg\" class=\"attachment-thumbnail size-thumbnail\" alt=\"\" \/><\/div>\n\t\t\t\t<h2 class=\"awsm-job-post-title\">\n\t\t\t\t\tSAP SF Dan\u0131\u015fman\u0131\t\t\t\t<\/h2>\n\n\t\t\t\t\t\t\t<\/div>\n\n\t\t\t<div class=\"awsm-grid-right-col\">\n\t\t\t\t<div class=\"awsm-job-specification-wrapper\"><div class=\"awsm-job-specification-item awsm-job-specification-job-category\"><span class=\"awsm-job-specification-term\">SF Dan\u0131\u015fman\u0131<\/span> <\/div><div class=\"awsm-job-specification-item awsm-job-specification-job-location\"><span class=\"awsm-job-specification-term\">\u0130stanbul<\/span> <\/div><\/div><div class=\"awsm-job-more-container\"><span class=\"awsm-job-more\">More Details <span><\/span><\/span><\/div>\t\t\t<\/div>\n\t\t<\/a>\t<\/div><div class=\"awsm-job-listing-item awsm-grid-item\" id=\"awsm-grid-item-990312\">\t\t<a href=\"https:\/\/www.vesacons.com\/en\/jobdetail\/yazilim-gelistirme-uzmani\/\" class=\"awsm-job-item\">\t\t\t<div class=\"awsm-grid-left-col\">\n\t\t\t\t\n\t\t\t\t<div class=\"awsm-job-featured-image\"><img decoding=\"async\" width=\"150\" height=\"107\" src=\"https:\/\/www.vesacons.com\/wp-content\/uploads\/2025\/02\/vesacons-logo-sap-Gold-partner-dikey-01-e1739283194468.jpg\" class=\"attachment-thumbnail size-thumbnail\" alt=\"\" \/><\/div>\n\t\t\t\t<h2 class=\"awsm-job-post-title\">\n\t\t\t\t\tYaz\u0131l\u0131m Geli\u015ftirme Uzman\u0131\t\t\t\t<\/h2>\n\n\t\t\t\t\t\t\t<\/div>\n\n\t\t\t<div class=\"awsm-grid-right-col\">\n\t\t\t\t<div class=\"awsm-job-specification-wrapper\"><div class=\"awsm-job-specification-item awsm-job-specification-job-category\"><span class=\"awsm-job-specification-term\">Yaz\u0131l\u0131m Geli\u015ftirme Uzman\u0131<\/span> <\/div><div class=\"awsm-job-specification-item awsm-job-specification-job-location\"><span class=\"awsm-job-specification-term\">Eski\u015fehir<\/span> <\/div><\/div><div class=\"awsm-job-more-container\"><span class=\"awsm-job-more\">More Details <span><\/span><\/span><\/div>\t\t\t<\/div>\n\t\t<\/a>\t<\/div><div class=\"awsm-job-listing-item awsm-grid-item\" id=\"awsm-grid-item-990310\">\t\t<a href=\"https:\/\/www.vesacons.com\/en\/jobdetail\/sap-hcm-consultant\/\" class=\"awsm-job-item\">\t\t\t<div class=\"awsm-grid-left-col\">\n\t\t\t\t\n\t\t\t\t<div class=\"awsm-job-featured-image\"><img decoding=\"async\" width=\"150\" height=\"107\" src=\"https:\/\/www.vesacons.com\/wp-content\/uploads\/2025\/02\/vesacons-logo-sap-Gold-partner-dikey-01-e1739283194468.jpg\" class=\"attachment-thumbnail size-thumbnail\" alt=\"\" \/><\/div>\n\t\t\t\t<h2 class=\"awsm-job-post-title\">\n\t\t\t\t\tSAP HCM Dan\u0131\u015fman\u0131\t\t\t\t<\/h2>\n\n\t\t\t\t\t\t\t<\/div>\n\n\t\t\t<div class=\"awsm-grid-right-col\">\n\t\t\t\t<div class=\"awsm-job-specification-wrapper\"><div class=\"awsm-job-specification-item awsm-job-specification-job-category\"><span class=\"awsm-job-specification-term\">HCM Dan\u0131\u015fman\u0131<\/span> <\/div><div class=\"awsm-job-specification-item awsm-job-specification-job-location\"><span class=\"awsm-job-specification-term\">\u0130stanbul<\/span> <\/div><\/div><div class=\"awsm-job-more-container\"><span class=\"awsm-job-more\">More Details <span><\/span><\/span><\/div>\t\t\t<\/div>\n\t\t<\/a>\t<\/div>\t\t\t\t<\/div>\n\t<\/div>\n<\/div><\/div>\n","protected":false},"excerpt":{"rendered":"<p>Pozisyon Hakk\u0131nda VESA Dan\u0131\u015fmanl\u0131k olarak, SAP HCM projelerinde g\u00f6rev alacak bir HCM Dan\u0131\u015fman\u0131 ar\u0131yoruz! Bu pozisyonda, SAP Payroll (Bordro), Employee Central (EC), Employee Central Payroll (ECP) ve SAP Fiori s\u00fcre\u00e7lerinde deneyimli bir uzman olarak, m\u00fc\u015fteri ihtiya\u00e7lar\u0131na uygun \u00e7\u00f6z\u00fcmler geli\u015ftirecek ve projelerde aktif rol alacaks\u0131n\u0131z. G\u00f6rev ve Sorumluluklar; -SAP HCM mod\u00fcllerinin (PA, OM, PY, TM vb.)&#8230;<\/p>","protected":false},"author":1,"featured_media":0,"parent":0,"menu_order":0,"comment_status":"closed","ping_status":"closed","template":"","meta":{"footnotes":""},"class_list":["post-990284","page","type-page","status-publish","hentry"],"aioseo_notices":[],"_links":{"self":[{"href":"https:\/\/www.vesacons.com\/en\/wp-json\/wp\/v2\/pages\/990284","targetHints":{"allow":["GET"]}}],"collection":[{"href":"https:\/\/www.vesacons.com\/en\/wp-json\/wp\/v2\/pages"}],"about":[{"href":"https:\/\/www.vesacons.com\/en\/wp-json\/wp\/v2\/types\/page"}],"author":[{"embeddable":true,"href":"https:\/\/www.vesacons.com\/en\/wp-json\/wp\/v2\/users\/1"}],"replies":[{"embeddable":true,"href":"https:\/\/www.vesacons.com\/en\/wp-json\/wp\/v2\/comments?post=990284"}],"version-history":[{"count":19,"href":"https:\/\/www.vesacons.com\/en\/wp-json\/wp\/v2\/pages\/990284\/revisions"}],"predecessor-version":[{"id":991002,"href":"https:\/\/www.vesacons.com\/en\/wp-json\/wp\/v2\/pages\/990284\/revisions\/991002"}],"wp:attachment":[{"href":"https:\/\/www.vesacons.com\/en\/wp-json\/wp\/v2\/media?parent=990284"}],"curies":[{"name":"wp","href":"https:\/\/api.w.org\/{rel}","templated":true}]}}