{"id":990304,"date":"2025-02-10T11:48:58","date_gmt":"2025-02-10T11:48:58","guid":{"rendered":"https:\/\/www.vesacons.com\/?page_id=990304"},"modified":"2025-02-10T11:48:58","modified_gmt":"2025-02-10T11:48:58","slug":"sap-fiori-cozumleri-2","status":"publish","type":"page","link":"https:\/\/www.vesacons.com\/en\/sap-fiori-cozumleri-2\/","title":{"rendered":"SAP Fiori"},"content":{"rendered":"<div class=\"push\" style='height:35px'><\/div>\n<div class=\"row\"><div class=\"wpv-grid grid-1-2  wpv-first-level first unextended animation-fade-in animated-active\" style=\"padding-top:0px;padding-bottom:0px\" id=\"wpv-column-9f75e6381b2928abcc51329b80d75fcb\" ><div class=\"team-member has-content\">\n\t\t<div class=\"thumbnail\">\n\t\t\t\t\t<a href=\"https:\/\/www.vesacons.com\/en\/sap-fiori-cozumleri\/\" title=\"Standard Modules\">\n\t\t\t\t\t<img decoding=\"async\" src=\"http:\/\/www.sercanmidik.com.tr\/wp-content\/uploads\/2024\/12\/Managing-personal-information-Explainer-Video-1-1.gif\" alt=\"\" \/>\t\t\t\t\t<\/a>\n\t\t\t<\/div>\n\t\t<div class=\"team-member-info\">\n\t\t<h3>\n\t\t\t\t\t\t\t<a href=\"https:\/\/www.vesacons.com\/en\/sap-fiori-cozumleri\/\" title=\"Standard Modules\">\n\t\t\t\t\t\t\tStandard Modules\t\t\t\t\t\t\t<\/a>\n\t\t\t\t\t<\/h3>\n\t\t\t\t\t<h5 class=\"regular-title-wrapper team-member-position\"> SAP Fiori Solutions <\/h5>\n\t\t\t\t\t\t\t\t<div class=\"share-icons clearfix\">\n\t\t\t\t\t<\/div>\n\t<\/div>\n\t\t<div class=\"team-member-bio\">\n\t\tSAP Fiori offers various modules that enhance the efficiency of business processes. The Person Card View provides quick access to employees' basic information. The Address Book centrally manages contact details. The Leave Driver facilitates the management of leave requests. Travel and Expense Management digitizes travel planning and expense tracking. The Organizational Structure transparently displays the company's hierarchical structure, while the Team Calendar organizes and coordinates team members' schedules. Payroll Slip View allows employees to access their salary information. Performance and Goal Management enables monitoring employee performance and tracking their goals. These solutions, combined with SAP Fiori's modern and user-friendly interface, ensure that businesses are managed more efficiently and transparently.<br \/>\t<\/div>\n\t<\/div>\n<\/div>\n<div class=\"wpv-grid grid-1-2  wpv-first-level unextended animation-fade-in animated-active\" style=\"padding-top:0px;padding-bottom:0px\" id=\"wpv-column-0d0b807246c007b946d913a821d93d67\" ><div class=\"team-member has-content\">\n\t\t<div class=\"thumbnail\">\n\t\t\t\t\t<a href=\"https:\/\/www.vesacons.com\/en\/sap-fiori-temel-ik-standart-moduller\/\" title=\"Core HR\">\n\t\t\t\t\t<img decoding=\"async\" src=\"http:\/\/www.sercanmidik.com.tr\/wp-content\/uploads\/2024\/12\/83894c87-c8e8-4fbd-b001-c284d5407def-1.jpeg\" alt=\"\" \/>\t\t\t\t\t<\/a>\n\t\t\t<\/div>\n\t\t<div class=\"team-member-info\">\n\t\t<h3>\n\t\t\t\t\t\t\t<a href=\"https:\/\/www.vesacons.com\/en\/sap-fiori-temel-ik-standart-moduller\/\" title=\"Core HR\">\n\t\t\t\t\t\t\tCore HR\t\t\t\t\t\t\t<\/a>\n\t\t\t\t\t<\/h3>\n\t\t\t\t\t<h5 class=\"regular-title-wrapper team-member-position\"> SAP Fiori Mod\u00fclleri <\/h5>\n\t\t\t\t\t\t\t\t<div class=\"share-icons clearfix\">\n\t\t\t\t\t<\/div>\n\t<\/div>\n\t\t<div class=\"team-member-bio\">\n\t\tSAP Fiori Basic Human Resources (HR) modules provide effective solutions that enable managers and employees to easily manage various tasks. Manager Self-Service allows managers to approve team leave requests, conduct performance evaluations, and quickly perform various HR tasks. Employee Self-Service enables employees to update their personal information, create leave requests, and access payroll details. Leave and Absence Management effectively tracks employees' leave and absenteeism, allowing for instant approval or rejection of leave requests. Payroll Slip View enables employees to securely view their salary information, including additional payments and deductions, making the entire process transparent and accessible.<br \/>\t<\/div>\n\t<\/div>\n<\/div><\/div>\n<div class=\"sep-3\"><\/div>\n<div class=\"push\" style='height:10px'><\/div>\n<div class=\"row\"><div class=\"wpv-grid grid-1-1  wpv-first-level first unextended\" style=\"padding-top:0px;padding-bottom:80px\" id=\"wpv-column-7c4d03e937b73ffc619ffad1162d62ed\" >\t\t<div class=\"sep-text single centered\">\n\t\t\t\t\t\t\t<span class=\"sep-text-before\"><div class=\"sep-text-line\"><\/div><\/span>\n\t\t\t\t\t\t<div class=\"content\">\n\t\t\t\t<h2 class=\"text-divider-double\">You can share your questions with us<\/h2>\t\t\t<\/div>\n\t\t\t<span class=\"sep-text-after\"><div class=\"sep-text-line\"><\/div><\/span>\n\t\t\t\t\t<\/div>\n\t<div class=\"push\" style='margin-bottom:-20px'><\/div>\n<div class=\"row\"><div class=\"wpv-grid grid-1-1  first unextended\" style=\"padding-top:0px;padding-bottom:0px\" id=\"wpv-column-eeaf5d69c09e8799bc781f9047fc037b\" ><p style=\"text-align: center;\">For more information about our modules, you can send us a message through the Contact page.<br \/>\n<div class=\"push\" style='height:10px'><\/div> <p class=\"textcenter\"><a href=\"#\" target=\"_self\" style='font-size: 12px;' class=\"button vamtam-button accent1  button-border hover-accent1\"><span class='icon shortcode theme  use-hover' style='font-size:20px !important;color:#0070f2;'>&#57564;<\/span><span class=\"btext\">Our Modules<\/span><\/a><\/p><\/div><\/div><\/div><\/div>\n<div class=\"row\"><div class=\"wpv-grid grid-1-1  wpv-first-level first has-background extended animation-fade-in animated-active\" style=\"background-color:#EFEFEF;padding-top:20px;padding-bottom:10px\" id=\"wpv-column-6b13afab6d4213ab1f64557305de14ed\" ><div class=\"extended-column-inner\"><style>#wpv-column-6b13afab6d4213ab1f64557305de14ed p,#wpv-column-6b13afab6d4213ab1f64557305de14ed em,#wpv-column-6b13afab6d4213ab1f64557305de14ed .column-title,#wpv-column-6b13afab6d4213ab1f64557305de14ed .sep-text h2.regular-title-wrapper,#wpv-column-6b13afab6d4213ab1f64557305de14ed .text-divider-double,#wpv-column-6b13afab6d4213ab1f64557305de14ed .sep-text .sep-text-line,#wpv-column-6b13afab6d4213ab1f64557305de14ed .sep,#wpv-column-6b13afab6d4213ab1f64557305de14ed .sep-2,#wpv-column-6b13afab6d4213ab1f64557305de14ed .sep-3,#wpv-column-6b13afab6d4213ab1f64557305de14ed td,#wpv-column-6b13afab6d4213ab1f64557305de14ed th,#wpv-column-6b13afab6d4213ab1f64557305de14ed caption{color:#707070;}#wpv-column-6b13afab6d4213ab1f64557305de14ed:before{background-color:transparent;}<\/style><div class=\"row\"><div class=\"wpv-grid grid-1-1  first unextended\" style=\"padding-top:0px;padding-bottom:0px\" id=\"wpv-column-002b6db6d190b465e2ec59e46d3b9045\" ><h4 style=\"text-align: center;\"><span class=\"accent-4\">\u2013You can write your questions about our modules here\u2013<\/span><\/h4>\n<div class=\"push\" style='height:10px'><\/div><\/div><\/div>\n<div class=\"row\"><div class=\"wpv-grid grid-1-1  first unextended\" style=\"padding-top:0px;padding-bottom:0px\" id=\"wpv-column-bc7a525f478df9bd8de47245857fabb1\" ><p>\n<div class=\"wpcf7 no-js\" id=\"wpcf7-f10-o1\" lang=\"en-US\" dir=\"ltr\" data-wpcf7-id=\"10\">\n<div class=\"screen-reader-response\"><p role=\"status\" aria-live=\"polite\" aria-atomic=\"true\"><\/p> <ul><\/ul><\/div>\n<form action=\"\/en\/wp-json\/wp\/v2\/pages\/990304#wpcf7-f10-o1\" method=\"post\" class=\"wpcf7-form init\" aria-label=\"Contact form\" novalidate=\"novalidate\" data-status=\"init\" data-trp-original-action=\"\/en\/wp-json\/wp\/v2\/pages\/990304#wpcf7-f10-o1\">\n<fieldset class=\"hidden-fields-container\"><input type=\"hidden\" name=\"_wpcf7\" value=\"10\" \/><input type=\"hidden\" name=\"_wpcf7_version\" value=\"6.1.5\" \/><input type=\"hidden\" name=\"_wpcf7_locale\" value=\"en_US\" \/><input type=\"hidden\" name=\"_wpcf7_unit_tag\" value=\"wpcf7-f10-o1\" \/><input type=\"hidden\" name=\"_wpcf7_container_post\" value=\"0\" \/><input type=\"hidden\" name=\"_wpcf7_posted_data_hash\" value=\"\" \/>\n<\/fieldset>\n<div class=\"row\">\n\t<div class=\"grid-1-3\">\n\t\t<p><span class=\"wpcf7-form-control-wrap\" data-name=\"Name\"><input size=\"40\" maxlength=\"400\" class=\"wpcf7-form-control wpcf7-text wpcf7-validates-as-required\" aria-required=\"true\" aria-invalid=\"false\" placeholder=\"Name\" value=\"\" type=\"text\" name=\"Name\" \/><\/span>\n\t\t<\/p>\n\t<\/div>\n\t<div class=\"grid-1-3\">\n\t\t<p><span class=\"wpcf7-form-control-wrap\" data-name=\"E-mail\"><input size=\"40\" maxlength=\"400\" class=\"wpcf7-form-control wpcf7-text wpcf7-validates-as-required\" aria-required=\"true\" aria-invalid=\"false\" placeholder=\"E-mail\" value=\"\" type=\"text\" name=\"E-mail\" \/><\/span>\n\t\t<\/p>\n\t<\/div>\n\t<div class=\"grid-1-3\">\n\t\t<p><span class=\"wpcf7-form-control-wrap\" data-name=\"Phone\"><input size=\"40\" maxlength=\"400\" class=\"wpcf7-form-control wpcf7-tel wpcf7-validates-as-required wpcf7-text wpcf7-validates-as-tel\" aria-required=\"true\" aria-invalid=\"false\" placeholder=\"12345678900000\" value=\"\" type=\"tel\" name=\"Phone\" \/><\/span>\n\t\t<\/p>\n\t<\/div>\n\t<div class=\"grid-1-1\">\n\t\t<p><span class=\"wpcf7-form-control-wrap\" data-name=\"Subject\"><input size=\"40\" maxlength=\"400\" class=\"wpcf7-form-control wpcf7-text wpcf7-validates-as-required\" aria-required=\"true\" aria-invalid=\"false\" placeholder=\"Subject\" value=\"\" type=\"text\" name=\"Subject\" \/><\/span>\n\t\t<\/p>\n\t<\/div>\n\t<div class=\"grid-1-1\">\n\t\t<p><span class=\"wpcf7-form-control-wrap\" data-name=\"Message\"><textarea cols=\"40\" rows=\"6\" maxlength=\"2000\" class=\"wpcf7-form-control wpcf7-textarea wpcf7-validates-as-required\" aria-required=\"true\" aria-invalid=\"false\" placeholder=\"Your message...\" name=\"Message\"><\/textarea><\/span>\n\t\t<\/p>\n\t<\/div>\n\t<div style= \"text-align: center;\">\n\t\t<p><input class=\"wpcf7-form-control wpcf7-submit has-spinner\" type=\"submit\" value=\"Send Message \u2192\" \/>\n\t\t<\/p>\n\t<\/div>\n<\/div><p style=\"display: none !important;\" class=\"akismet-fields-container\" data-prefix=\"_wpcf7_ak_\"><label>&#916;<textarea name=\"_wpcf7_ak_hp_textarea\" cols=\"45\" rows=\"8\" maxlength=\"100\"><\/textarea><\/label><input type=\"hidden\" id=\"ak_js_1\" name=\"_wpcf7_ak_js\" value=\"186\"\/><script>document.getElementById( \"ak_js_1\" ).setAttribute( \"value\", ( new Date() ).getTime() );<\/script><\/p><div class=\"wpcf7-response-output\" aria-hidden=\"true\"><\/div>\n<input type=\"hidden\" name=\"trp-form-language\" value=\"en\"\/><\/form>\n<\/div>\n<\/div><\/div><\/div><\/div><\/div>","protected":false},"excerpt":{"rendered":"<p>Mod\u00fcllerimiz Hakk\u0131nda Daha Fazla \u0130\u00e7in \u0130leti\u015fim Sayfas\u0131ndan Bize Mesaj Olarak \u0130letebilirsiniz \u2013 Mod\u00fcllerimiz Hakk\u0131nda Sorular\u0131n\u0131z\u0131 Yazabilirsiniz \u2013<\/p>","protected":false},"author":1,"featured_media":0,"parent":0,"menu_order":0,"comment_status":"closed","ping_status":"closed","template":"","meta":{"footnotes":""},"class_list":["post-990304","page","type-page","status-publish","hentry"],"aioseo_notices":[],"_links":{"self":[{"href":"https:\/\/www.vesacons.com\/en\/wp-json\/wp\/v2\/pages\/990304","targetHints":{"allow":["GET"]}}],"collection":[{"href":"https:\/\/www.vesacons.com\/en\/wp-json\/wp\/v2\/pages"}],"about":[{"href":"https:\/\/www.vesacons.com\/en\/wp-json\/wp\/v2\/types\/page"}],"author":[{"embeddable":true,"href":"https:\/\/www.vesacons.com\/en\/wp-json\/wp\/v2\/users\/1"}],"replies":[{"embeddable":true,"href":"https:\/\/www.vesacons.com\/en\/wp-json\/wp\/v2\/comments?post=990304"}],"version-history":[{"count":3,"href":"https:\/\/www.vesacons.com\/en\/wp-json\/wp\/v2\/pages\/990304\/revisions"}],"predecessor-version":[{"id":990307,"href":"https:\/\/www.vesacons.com\/en\/wp-json\/wp\/v2\/pages\/990304\/revisions\/990307"}],"wp:attachment":[{"href":"https:\/\/www.vesacons.com\/en\/wp-json\/wp\/v2\/media?parent=990304"}],"curies":[{"name":"wp","href":"https:\/\/api.w.org\/{rel}","templated":true}]}}