{"id":990564,"date":"2025-03-06T07:51:36","date_gmt":"2025-03-06T07:51:36","guid":{"rendered":"https:\/\/www.vesacons.com\/?page_id=990564"},"modified":"2025-03-06T09:00:46","modified_gmt":"2025-03-06T09:00:46","slug":"outdoor-etkinligi","status":"publish","type":"page","link":"https:\/\/www.vesacons.com\/en\/outdoor-etkinligi\/","title":{"rendered":"Outdoor Parkur Etkinli\u011fi"},"content":{"rendered":"<div data-elementor-type=\"wp-page\" data-elementor-id=\"990564\" class=\"elementor elementor-990564\">\n\t\t\t\t<div class=\"elementor-element elementor-element-9f1de14 e-flex e-con-boxed e-con e-parent\" data-id=\"9f1de14\" data-element_type=\"container\" data-e-type=\"container\">\n\t\t\t\t\t<div class=\"e-con-inner\">\n\t\t<div class=\"elementor-element elementor-element-673727f e-con-full e-flex e-con e-child\" data-id=\"673727f\" data-element_type=\"container\" data-e-type=\"container\">\n\t\t\t\t<div class=\"elementor-element elementor-element-b0ece14 elementor-widget elementor-widget-image\" data-id=\"b0ece14\" data-element_type=\"widget\" data-e-type=\"widget\" data-widget_type=\"image.default\">\n\t\t\t\t<div class=\"elementor-widget-container\">\n\t\t\t\t\t\t\t\t\t\t\t\t\t\t\t<img fetchpriority=\"high\" decoding=\"async\" width=\"601\" height=\"445\" src=\"https:\/\/www.vesacons.com\/wp-content\/uploads\/2025\/03\/Screenshot_430.png\" class=\"attachment-post-small-2 size-post-small-2 wp-image-990566\" alt=\"\" srcset=\"https:\/\/www.vesacons.com\/wp-content\/uploads\/2025\/03\/Screenshot_430.png 601w, https:\/\/www.vesacons.com\/wp-content\/uploads\/2025\/03\/Screenshot_430-300x222.png 300w, https:\/\/www.vesacons.com\/wp-content\/uploads\/2025\/03\/Screenshot_430-16x12.png 16w, https:\/\/www.vesacons.com\/wp-content\/uploads\/2025\/03\/Screenshot_430-400x296.png 400w, https:\/\/www.vesacons.com\/wp-content\/uploads\/2025\/03\/Screenshot_430-292x216.png 292w\" sizes=\"(max-width: 601px) 100vw, 601px\" \/>\t\t\t\t\t\t\t\t\t\t\t\t\t\t\t<\/div>\n\t\t\t\t<\/div>\n\t\t\t\t<\/div>\n\t\t\t\t\t<\/div>\n\t\t\t\t<\/div>\n\t\t<div class=\"elementor-element elementor-element-c085c94 e-flex e-con-boxed e-con e-parent\" data-id=\"c085c94\" data-element_type=\"container\" data-e-type=\"container\">\n\t\t\t\t\t<div class=\"e-con-inner\">\n\t\t\t\t<div class=\"elementor-element elementor-element-efec6ab elementor-widget elementor-widget-heading\" data-id=\"efec6ab\" data-element_type=\"widget\" data-e-type=\"widget\" data-widget_type=\"heading.default\">\n\t\t\t\t<div class=\"elementor-widget-container\">\n\t\t\t\t\t<h2 class=\"elementor-heading-title elementor-size-default\">Outdoor Parkur Etkinli\u011fi<\/h2>\t\t\t\t<\/div>\n\t\t\t\t<\/div>\n\t\t\t\t<div class=\"elementor-element elementor-element-5d7e9af elementor-widget elementor-widget-text-editor\" data-id=\"5d7e9af\" data-element_type=\"widget\" data-e-type=\"widget\" data-widget_type=\"text-editor.default\">\n\t\t\t\t<div class=\"elementor-widget-container\">\n\t\t\t\t\t\t\t\t\t<p>Vesa Ailesi olarak ger\u00e7ekle\u015ftirdi\u011fimiz Outdoor Parkur etkinli\u011fi, hem \u00e7al\u0131\u015f\u0131p hem de e\u011flendi\u011fimiz unutulmaz bir g\u00fcn oldu. \u015eirket i\u00e7indeki tak\u0131m ruhunu peki\u015ftirdi\u011fimiz bu etkinlik, birbirimize olan g\u00fcvenimizi art\u0131rman\u0131n yan\u0131 s\u0131ra, birlikte daha g\u00fc\u00e7l\u00fc ve verimli \u00e7al\u0131\u015fman\u0131n \u00f6nemini bir kez daha g\u00f6zler \u00f6n\u00fcne serdi. Zorlu parkurlar\u0131 ba\u015far\u0131yla ge\u00e7erken, her birimiz farkl\u0131 yetenek ve becerilerimizi ortaya koyarak birbirimize destek olduk. Bu t\u00fcr etkinlikler, yaln\u0131zca i\u015fyerindeki ileti\u015fimi g\u00fc\u00e7lendirmekle kalmay\u0131p, ayn\u0131 zamanda birlikte ge\u00e7irdi\u011fimiz zaman\u0131n keyfini \u00e7\u0131kararak, \u015firket k\u00fclt\u00fcr\u00fcm\u00fcz\u00fc daha da sa\u011flamla\u015ft\u0131rmam\u0131za katk\u0131 sa\u011fl\u0131yor.<\/p>\t\t\t\t\t\t\t\t<\/div>\n\t\t\t\t<\/div>\n\t\t\t\t<div class=\"elementor-element elementor-element-11d6bfe elementor-widget elementor-widget-eael-image-accordion\" data-id=\"11d6bfe\" data-element_type=\"widget\" data-e-type=\"widget\" data-widget_type=\"eael-image-accordion.default\">\n\t\t\t\t<div class=\"elementor-widget-container\">\n\t\t\t\t\t    <div class=\"eael-img-accordion accordion-direction-horizontal eael-img-accordion-horizontal-align-center eael-img-accordion-vertical-align-center\" id=\"eael-img-accordion-11d6bfe\" data-img-accordion-id=\"11d6bfe\" data-img-accordion-type=\"on-hover\">\n                    \n            <div class=\"eael-image-accordion-hover eael-image-accordion-item\" style=\"background-image: url(http:\/\/www.vesacons.com\/wp-content\/uploads\/2025\/03\/Screenshot_430.png);\"  tabindex=\"0\">\n                <div class=\"overlay\">\n                                        <div class=\"overlay-inner\">\n                                            <\/div>\n                <\/div>\n            <\/div>\n                    \n            <div class=\"eael-image-accordion-hover eael-image-accordion-item\" style=\"background-image: url(http:\/\/www.vesacons.com\/wp-content\/uploads\/2025\/03\/Screenshot_431.png);\"  tabindex=\"0\">\n                <div class=\"overlay\">\n                                        <div class=\"overlay-inner\">\n                                            <\/div>\n                <\/div>\n            <\/div>\n                <\/div>\n        <style typr=\"text\/css\">\n                    #eael-img-accordion-11d6bfe .eael-image-accordion-hover:hover {\n                        flex: 3 1 0% !important;\n                    }\n                    #eael-img-accordion-11d6bfe .eael-image-accordion-hover:hover:hover .overlay-inner * {\n                        opacity: 1;\n                        visibility: visible;\n                        transform: none;\n                        transition: all .3s .3s;\n                    }\n                <\/style>\t\t\t\t<\/div>\n\t\t\t\t<\/div>\n\t\t\t\t<div class=\"elementor-element elementor-element-0d3c166 elementor-widget elementor-widget-spacer\" data-id=\"0d3c166\" data-element_type=\"widget\" data-e-type=\"widget\" data-widget_type=\"spacer.default\">\n\t\t\t\t<div class=\"elementor-widget-container\">\n\t\t\t\t\t\t\t<div class=\"elementor-spacer\">\n\t\t\t<div class=\"elementor-spacer-inner\"><\/div>\n\t\t<\/div>\n\t\t\t\t\t\t<\/div>\n\t\t\t\t<\/div>\n\t\t\t\t\t<\/div>\n\t\t\t\t<\/div>\n\t\t\t\t<\/div>","protected":false},"excerpt":{"rendered":"<p>Outdoor Parkur Etkinli\u011fi Vesa Ailesi olarak ger\u00e7ekle\u015ftirdi\u011fimiz Outdoor Parkur etkinli\u011fi, hem \u00e7al\u0131\u015f\u0131p hem de e\u011flendi\u011fimiz unutulmaz bir g\u00fcn oldu. \u015eirket i\u00e7indeki tak\u0131m ruhunu peki\u015ftirdi\u011fimiz bu etkinlik, birbirimize olan g\u00fcvenimizi art\u0131rman\u0131n yan\u0131 s\u0131ra, birlikte daha g\u00fc\u00e7l\u00fc ve verimli \u00e7al\u0131\u015fman\u0131n \u00f6nemini bir kez daha g\u00f6zler \u00f6n\u00fcne serdi. Zorlu parkurlar\u0131 ba\u015far\u0131yla ge\u00e7erken, her birimiz farkl\u0131 yetenek ve becerilerimizi&#8230;<\/p>","protected":false},"author":1,"featured_media":0,"parent":0,"menu_order":0,"comment_status":"closed","ping_status":"closed","template":"","meta":{"footnotes":""},"class_list":["post-990564","page","type-page","status-publish","hentry"],"aioseo_notices":[],"_links":{"self":[{"href":"https:\/\/www.vesacons.com\/en\/wp-json\/wp\/v2\/pages\/990564","targetHints":{"allow":["GET"]}}],"collection":[{"href":"https:\/\/www.vesacons.com\/en\/wp-json\/wp\/v2\/pages"}],"about":[{"href":"https:\/\/www.vesacons.com\/en\/wp-json\/wp\/v2\/types\/page"}],"author":[{"embeddable":true,"href":"https:\/\/www.vesacons.com\/en\/wp-json\/wp\/v2\/users\/1"}],"replies":[{"embeddable":true,"href":"https:\/\/www.vesacons.com\/en\/wp-json\/wp\/v2\/comments?post=990564"}],"version-history":[{"count":7,"href":"https:\/\/www.vesacons.com\/en\/wp-json\/wp\/v2\/pages\/990564\/revisions"}],"predecessor-version":[{"id":990577,"href":"https:\/\/www.vesacons.com\/en\/wp-json\/wp\/v2\/pages\/990564\/revisions\/990577"}],"wp:attachment":[{"href":"https:\/\/www.vesacons.com\/en\/wp-json\/wp\/v2\/media?parent=990564"}],"curies":[{"name":"wp","href":"https:\/\/api.w.org\/{rel}","templated":true}]}}