{"id":990578,"date":"2025-03-06T09:06:04","date_gmt":"2025-03-06T09:06:04","guid":{"rendered":"https:\/\/www.vesacons.com\/?page_id=990578"},"modified":"2025-03-06T09:10:13","modified_gmt":"2025-03-06T09:10:13","slug":"muyak-kariyer","status":"publish","type":"page","link":"https:\/\/www.vesacons.com\/en\/muyak-kariyer\/","title":{"rendered":"17.M\u00fcyak kat\u0131l\u0131m \u015firketlerinden biri olarak kariyer stand\u0131m\u0131zla yerimizi ald\u0131k."},"content":{"rendered":"<div data-elementor-type=\"wp-page\" data-elementor-id=\"990578\" class=\"elementor elementor-990578\">\n\t\t\t\t<div class=\"elementor-element elementor-element-9f1de14 e-flex e-con-boxed e-con e-parent\" data-id=\"9f1de14\" data-element_type=\"container\" data-e-type=\"container\">\n\t\t\t\t\t<div class=\"e-con-inner\">\n\t\t<div class=\"elementor-element elementor-element-673727f e-con-full e-flex e-con e-child\" data-id=\"673727f\" data-element_type=\"container\" data-e-type=\"container\">\n\t\t\t\t<div class=\"elementor-element elementor-element-b0ece14 elementor-widget elementor-widget-image\" data-id=\"b0ece14\" data-element_type=\"widget\" data-e-type=\"widget\" data-widget_type=\"image.default\">\n\t\t\t\t<div class=\"elementor-widget-container\">\n\t\t\t\t\t\t\t\t\t\t\t\t\t\t\t<img fetchpriority=\"high\" decoding=\"async\" width=\"601\" height=\"473\" src=\"https:\/\/www.vesacons.com\/wp-content\/uploads\/2025\/03\/Screenshot_437-601x473.png\" class=\"attachment-post-small-2 size-post-small-2 wp-image-990582\" alt=\"\" \/>\t\t\t\t\t\t\t\t\t\t\t\t\t\t\t<\/div>\n\t\t\t\t<\/div>\n\t\t\t\t<\/div>\n\t\t\t\t\t<\/div>\n\t\t\t\t<\/div>\n\t\t<div class=\"elementor-element elementor-element-c085c94 e-flex e-con-boxed e-con e-parent\" data-id=\"c085c94\" data-element_type=\"container\" data-e-type=\"container\">\n\t\t\t\t\t<div class=\"e-con-inner\">\n\t\t\t\t<div class=\"elementor-element elementor-element-efec6ab elementor-widget elementor-widget-heading\" data-id=\"efec6ab\" data-element_type=\"widget\" data-e-type=\"widget\" data-widget_type=\"heading.default\">\n\t\t\t\t<div class=\"elementor-widget-container\">\n\t\t\t\t\t<h2 class=\"elementor-heading-title elementor-size-default\">17.M\u00fcyak kat\u0131l\u0131m \u015firketlerinden biri olarak kariyer stand\u0131m\u0131zla yerimizi ald\u0131k.<\/h2>\t\t\t\t<\/div>\n\t\t\t\t<\/div>\n\t\t\t\t<div class=\"elementor-element elementor-element-5d7e9af elementor-widget elementor-widget-text-editor\" data-id=\"5d7e9af\" data-element_type=\"widget\" data-e-type=\"widget\" data-widget_type=\"text-editor.default\">\n\t\t\t\t<div class=\"elementor-widget-container\">\n\t\t\t\t\t\t\t\t\t<p data-start=\"58\" data-end=\"482\">\u015eirketimiz, 17. M\u00fcyak Kat\u0131l\u0131m \u015eirketleri etkinli\u011finde kariyer stand\u0131yla yerini ald\u0131. Bu \u00f6nemli etkinlik, sekt\u00f6r\u00fcn \u00f6nde gelen kat\u0131l\u0131m finans \u015firketlerinin bir araya geldi\u011fi, i\u015f d\u00fcnyas\u0131na dair yeni f\u0131rsatlar\u0131n ke\u015ffedildi\u011fi bir platform olarak dikkat \u00e7ekiyor. Biz de bu etkinlikte, \u015firketimizin b\u00fcy\u00fcme yolculu\u011funu, sundu\u011fumuz kariyer olanaklar\u0131n\u0131 ve sekt\u00f6re katt\u0131\u011f\u0131m\u0131z yenilik\u00e7i yakla\u015f\u0131m\u0131 kat\u0131l\u0131mc\u0131lara tan\u0131tma f\u0131rsat\u0131 bulduk.<\/p><p data-start=\"484\" data-end=\"962\" data-is-last-node=\"\" data-is-only-node=\"\">Kariyer stand\u0131m\u0131zda, kat\u0131l\u0131mc\u0131larla y\u00fcz y\u00fcze ileti\u015fim kurarak, \u015firketimizin k\u00fclt\u00fcr\u00fcn\u00fc, vizyonunu ve de\u011ferlerini payla\u015fma imkan\u0131 elde ettik. Ayr\u0131ca, kat\u0131l\u0131m finans sekt\u00f6r\u00fcnde kariyer yapmak isteyen gen\u00e7 yeteneklere, \u015firketimizdeki \u00e7al\u0131\u015fma ortam\u0131, geli\u015fim f\u0131rsatlar\u0131 ve i\u015f ya\u015fam dengesi hakk\u0131nda bilgi verdik. Etkinlik, hem \u015firketimiz hem de sekt\u00f6rdeki yeni nesil profesyoneller i\u00e7in b\u00fcy\u00fck bir f\u0131rsat sunarak, i\u015f d\u00fcnyas\u0131nda kal\u0131c\u0131 ve verimli ba\u011flant\u0131lar kurulmas\u0131na katk\u0131 sa\u011flad\u0131.<\/p>\t\t\t\t\t\t\t\t<\/div>\n\t\t\t\t<\/div>\n\t\t\t\t<div class=\"elementor-element elementor-element-11d6bfe elementor-widget elementor-widget-eael-image-accordion\" data-id=\"11d6bfe\" data-element_type=\"widget\" data-e-type=\"widget\" data-widget_type=\"eael-image-accordion.default\">\n\t\t\t\t<div class=\"elementor-widget-container\">\n\t\t\t\t\t    <div class=\"eael-img-accordion accordion-direction-horizontal eael-img-accordion-horizontal-align-center eael-img-accordion-vertical-align-center\" id=\"eael-img-accordion-11d6bfe\" data-img-accordion-id=\"11d6bfe\" data-img-accordion-type=\"on-hover\">\n                    \n            <div class=\"eael-image-accordion-hover eael-image-accordion-item\" style=\"background-image: url(http:\/\/www.vesacons.com\/wp-content\/uploads\/2025\/03\/Screenshot_437.png);\"  tabindex=\"0\">\n                <div class=\"overlay\">\n                                        <div class=\"overlay-inner\">\n                                            <\/div>\n                <\/div>\n            <\/div>\n                    \n            <div class=\"eael-image-accordion-hover eael-image-accordion-item\" style=\"background-image: url(http:\/\/www.vesacons.com\/wp-content\/uploads\/2025\/03\/Screenshot_436.png);\"  tabindex=\"0\">\n                <div class=\"overlay\">\n                                        <div class=\"overlay-inner\">\n                                            <\/div>\n                <\/div>\n            <\/div>\n                    \n            <div class=\"eael-image-accordion-hover eael-image-accordion-item\" style=\"background-image: url(http:\/\/www.vesacons.com\/wp-content\/uploads\/2025\/03\/Screenshot_435.png);\"  tabindex=\"0\">\n                <div class=\"overlay\">\n                                        <div class=\"overlay-inner\">\n                                            <\/div>\n                <\/div>\n            <\/div>\n                <\/div>\n        <style typr=\"text\/css\">\n                    #eael-img-accordion-11d6bfe .eael-image-accordion-hover:hover {\n                        flex: 3 1 0% !important;\n                    }\n                    #eael-img-accordion-11d6bfe .eael-image-accordion-hover:hover:hover .overlay-inner * {\n                        opacity: 1;\n                        visibility: visible;\n                        transform: none;\n                        transition: all .3s .3s;\n                    }\n                <\/style>\t\t\t\t<\/div>\n\t\t\t\t<\/div>\n\t\t\t\t<div class=\"elementor-element elementor-element-0d3c166 elementor-widget elementor-widget-spacer\" data-id=\"0d3c166\" data-element_type=\"widget\" data-e-type=\"widget\" data-widget_type=\"spacer.default\">\n\t\t\t\t<div class=\"elementor-widget-container\">\n\t\t\t\t\t\t\t<div class=\"elementor-spacer\">\n\t\t\t<div class=\"elementor-spacer-inner\"><\/div>\n\t\t<\/div>\n\t\t\t\t\t\t<\/div>\n\t\t\t\t<\/div>\n\t\t\t\t\t<\/div>\n\t\t\t\t<\/div>\n\t\t\t\t<\/div>","protected":false},"excerpt":{"rendered":"<p>17.M\u00fcyak kat\u0131l\u0131m \u015firketlerinden biri olarak kariyer stand\u0131m\u0131zla yerimizi ald\u0131k. \u015eirketimiz, 17. M\u00fcyak Kat\u0131l\u0131m \u015eirketleri etkinli\u011finde kariyer stand\u0131yla yerini ald\u0131. Bu \u00f6nemli etkinlik, sekt\u00f6r\u00fcn \u00f6nde gelen kat\u0131l\u0131m finans \u015firketlerinin bir araya geldi\u011fi, i\u015f d\u00fcnyas\u0131na dair yeni f\u0131rsatlar\u0131n ke\u015ffedildi\u011fi bir platform olarak dikkat \u00e7ekiyor. Biz de bu etkinlikte, \u015firketimizin b\u00fcy\u00fcme yolculu\u011funu, sundu\u011fumuz kariyer olanaklar\u0131n\u0131 ve sekt\u00f6re katt\u0131\u011f\u0131m\u0131z&#8230;<\/p>","protected":false},"author":1,"featured_media":0,"parent":0,"menu_order":0,"comment_status":"closed","ping_status":"closed","template":"","meta":{"footnotes":""},"class_list":["post-990578","page","type-page","status-publish","hentry"],"aioseo_notices":[],"_links":{"self":[{"href":"https:\/\/www.vesacons.com\/en\/wp-json\/wp\/v2\/pages\/990578","targetHints":{"allow":["GET"]}}],"collection":[{"href":"https:\/\/www.vesacons.com\/en\/wp-json\/wp\/v2\/pages"}],"about":[{"href":"https:\/\/www.vesacons.com\/en\/wp-json\/wp\/v2\/types\/page"}],"author":[{"embeddable":true,"href":"https:\/\/www.vesacons.com\/en\/wp-json\/wp\/v2\/users\/1"}],"replies":[{"embeddable":true,"href":"https:\/\/www.vesacons.com\/en\/wp-json\/wp\/v2\/comments?post=990578"}],"version-history":[{"count":5,"href":"https:\/\/www.vesacons.com\/en\/wp-json\/wp\/v2\/pages\/990578\/revisions"}],"predecessor-version":[{"id":991704,"href":"https:\/\/www.vesacons.com\/en\/wp-json\/wp\/v2\/pages\/990578\/revisions\/991704"}],"wp:attachment":[{"href":"https:\/\/www.vesacons.com\/en\/wp-json\/wp\/v2\/media?parent=990578"}],"curies":[{"name":"wp","href":"https:\/\/api.w.org\/{rel}","templated":true}]}}