{"id":990592,"date":"2025-03-06T11:03:58","date_gmt":"2025-03-06T11:03:58","guid":{"rendered":"https:\/\/www.vesacons.com\/?page_id=990592"},"modified":"2025-03-06T11:11:23","modified_gmt":"2025-03-06T11:11:23","slug":"kickof-2024","status":"publish","type":"page","link":"https:\/\/www.vesacons.com\/en\/kickof-2024\/","title":{"rendered":"2024 Kick-off Etkinli\u011finiz"},"content":{"rendered":"<div data-elementor-type=\"wp-page\" data-elementor-id=\"990592\" class=\"elementor elementor-990592\">\n\t\t\t\t<div class=\"elementor-element elementor-element-9f1de14 e-flex e-con-boxed e-con e-parent\" data-id=\"9f1de14\" data-element_type=\"container\" data-e-type=\"container\">\n\t\t\t\t\t<div class=\"e-con-inner\">\n\t\t<div class=\"elementor-element elementor-element-673727f e-con-full e-flex e-con e-child\" data-id=\"673727f\" data-element_type=\"container\" data-e-type=\"container\">\n\t\t\t\t<div class=\"elementor-element elementor-element-b0ece14 elementor-widget elementor-widget-image\" data-id=\"b0ece14\" data-element_type=\"widget\" data-e-type=\"widget\" data-widget_type=\"image.default\">\n\t\t\t\t<div class=\"elementor-widget-container\">\n\t\t\t\t\t\t\t\t\t\t\t\t\t\t\t<img fetchpriority=\"high\" decoding=\"async\" width=\"615\" height=\"473\" src=\"https:\/\/www.vesacons.com\/wp-content\/uploads\/2025\/03\/Screenshot_438-615x473.png\" class=\"attachment-post-small-2 size-post-small-2 wp-image-990590\" alt=\"\" srcset=\"https:\/\/www.vesacons.com\/wp-content\/uploads\/2025\/03\/Screenshot_438-615x473.png 615w, https:\/\/www.vesacons.com\/wp-content\/uploads\/2025\/03\/Screenshot_438-480x369.png 480w, https:\/\/www.vesacons.com\/wp-content\/uploads\/2025\/03\/Screenshot_438-400x307.png 400w, https:\/\/www.vesacons.com\/wp-content\/uploads\/2025\/03\/Screenshot_438-292x225.png 292w\" sizes=\"(max-width: 615px) 100vw, 615px\" \/>\t\t\t\t\t\t\t\t\t\t\t\t\t\t\t<\/div>\n\t\t\t\t<\/div>\n\t\t\t\t<\/div>\n\t\t\t\t\t<\/div>\n\t\t\t\t<\/div>\n\t\t<div class=\"elementor-element elementor-element-c085c94 e-flex e-con-boxed e-con e-parent\" data-id=\"c085c94\" data-element_type=\"container\" data-e-type=\"container\">\n\t\t\t\t\t<div class=\"e-con-inner\">\n\t\t\t\t<div class=\"elementor-element elementor-element-efec6ab elementor-widget elementor-widget-heading\" data-id=\"efec6ab\" data-element_type=\"widget\" data-e-type=\"widget\" data-widget_type=\"heading.default\">\n\t\t\t\t<div class=\"elementor-widget-container\">\n\t\t\t\t\t<h2 class=\"elementor-heading-title elementor-size-default\">2024 Kick-off Etkinli\u011fimiz<\/h2>\t\t\t\t<\/div>\n\t\t\t\t<\/div>\n\t\t\t\t<div class=\"elementor-element elementor-element-5d7e9af elementor-widget elementor-widget-text-editor\" data-id=\"5d7e9af\" data-element_type=\"widget\" data-e-type=\"widget\" data-widget_type=\"text-editor.default\">\n\t\t\t\t<div class=\"elementor-widget-container\">\n\t\t\t\t\t\t\t\t\t<p data-start=\"58\" data-end=\"482\">Conrad Otel\u2019de d\u00fczenledi\u011fimiz 2024 Kick-Off etkinli\u011fimizde; geride b\u0131rakt\u0131\u011f\u0131m\u0131z y\u0131l\u0131n de\u011ferlendirmesini yapt\u0131k, g\u00fcld\u00fck, dans ettik ve enerjimizi zirveye ta\u015f\u0131d\u0131k.\ud83d\ude80\ud83c\udf89<br \/><br \/>Heyecan verici ba\u015far\u0131 hikayeleriyle dolu yeni bir y\u0131l bizi bekliyor! \ud83c\udf1f<br \/><br \/>As the Vesacons team, at our 2024 Kick-Off event held at Conrad Hotel, we conducted a retrospective analysis of the past year, sharing laughter, dancing, and elevating our energy to new heights.<br \/><br \/>An exciting year filled with inspiring success stories awaits us!<\/p>\t\t\t\t\t\t\t\t<\/div>\n\t\t\t\t<\/div>\n\t\t\t\t<div class=\"elementor-element elementor-element-0d3c166 elementor-widget elementor-widget-spacer\" data-id=\"0d3c166\" data-element_type=\"widget\" data-e-type=\"widget\" data-widget_type=\"spacer.default\">\n\t\t\t\t<div class=\"elementor-widget-container\">\n\t\t\t\t\t\t\t<div class=\"elementor-spacer\">\n\t\t\t<div class=\"elementor-spacer-inner\"><\/div>\n\t\t<\/div>\n\t\t\t\t\t\t<\/div>\n\t\t\t\t<\/div>\n\t\t\t\t\t<\/div>\n\t\t\t\t<\/div>\n\t\t<div class=\"elementor-element elementor-element-e5cb9b2 e-flex e-con-boxed e-con e-parent\" data-id=\"e5cb9b2\" data-element_type=\"container\" data-e-type=\"container\">\n\t\t\t\t\t<div class=\"e-con-inner\">\n\t\t\t\t<div class=\"elementor-element elementor-element-85f362e elementor-widget elementor-widget-video\" data-id=\"85f362e\" data-element_type=\"widget\" data-e-type=\"widget\" data-settings=\"{&quot;youtube_url&quot;:&quot;https:\\\/\\\/www.youtube.com\\\/watch?v=mlNBQsnXNrM&amp;list=PLrjicCgNIDctOvbL_JHTHNCc63bXPXzs9&quot;,&quot;video_type&quot;:&quot;youtube&quot;,&quot;controls&quot;:&quot;yes&quot;}\" data-widget_type=\"video.default\">\n\t\t\t\t<div class=\"elementor-widget-container\">\n\t\t\t\t\t\t\t<div class=\"elementor-wrapper elementor-open-inline\">\n\t\t\t<div class=\"elementor-video\"><\/div>\t\t<\/div>\n\t\t\t\t\t\t<\/div>\n\t\t\t\t<\/div>\n\t\t\t\t\t<\/div>\n\t\t\t\t<\/div>\n\t\t\t\t<\/div>","protected":false},"excerpt":{"rendered":"<p>17.M\u00fcyak kat\u0131l\u0131m \u015firketlerinden biri olarak kariyer stand\u0131m\u0131zla yerimizi ald\u0131k. \u015eirketimiz, 17. M\u00fcyak Kat\u0131l\u0131m \u015eirketleri etkinli\u011finde kariyer stand\u0131yla yerini ald\u0131. Bu \u00f6nemli etkinlik, sekt\u00f6r\u00fcn \u00f6nde gelen kat\u0131l\u0131m finans \u015firketlerinin bir araya geldi\u011fi, i\u015f d\u00fcnyas\u0131na dair yeni f\u0131rsatlar\u0131n ke\u015ffedildi\u011fi bir platform olarak dikkat \u00e7ekiyor. Biz de bu etkinlikte, \u015firketimizin b\u00fcy\u00fcme yolculu\u011funu, sundu\u011fumuz kariyer olanaklar\u0131n\u0131 ve sekt\u00f6re katt\u0131\u011f\u0131m\u0131z&#8230;<\/p>","protected":false},"author":1,"featured_media":0,"parent":0,"menu_order":0,"comment_status":"closed","ping_status":"closed","template":"","meta":{"footnotes":""},"class_list":["post-990592","page","type-page","status-publish","hentry"],"aioseo_notices":[],"_links":{"self":[{"href":"https:\/\/www.vesacons.com\/en\/wp-json\/wp\/v2\/pages\/990592","targetHints":{"allow":["GET"]}}],"collection":[{"href":"https:\/\/www.vesacons.com\/en\/wp-json\/wp\/v2\/pages"}],"about":[{"href":"https:\/\/www.vesacons.com\/en\/wp-json\/wp\/v2\/types\/page"}],"author":[{"embeddable":true,"href":"https:\/\/www.vesacons.com\/en\/wp-json\/wp\/v2\/users\/1"}],"replies":[{"embeddable":true,"href":"https:\/\/www.vesacons.com\/en\/wp-json\/wp\/v2\/comments?post=990592"}],"version-history":[{"count":5,"href":"https:\/\/www.vesacons.com\/en\/wp-json\/wp\/v2\/pages\/990592\/revisions"}],"predecessor-version":[{"id":990598,"href":"https:\/\/www.vesacons.com\/en\/wp-json\/wp\/v2\/pages\/990592\/revisions\/990598"}],"wp:attachment":[{"href":"https:\/\/www.vesacons.com\/en\/wp-json\/wp\/v2\/media?parent=990592"}],"curies":[{"name":"wp","href":"https:\/\/api.w.org\/{rel}","templated":true}]}}