{"id":990599,"date":"2025-03-06T11:23:00","date_gmt":"2025-03-06T11:23:00","guid":{"rendered":"https:\/\/www.vesacons.com\/?page_id=990599"},"modified":"2025-03-06T11:27:37","modified_gmt":"2025-03-06T11:27:37","slug":"hr-digital-connect","status":"publish","type":"page","link":"https:\/\/www.vesacons.com\/en\/hr-digital-connect\/","title":{"rendered":"HR Digital Connect"},"content":{"rendered":"<div data-elementor-type=\"wp-page\" data-elementor-id=\"990599\" class=\"elementor elementor-990599\">\n\t\t\t\t<div class=\"elementor-element elementor-element-9f1de14 e-flex e-con-boxed e-con e-parent\" data-id=\"9f1de14\" data-element_type=\"container\" data-e-type=\"container\">\n\t\t\t\t\t<div class=\"e-con-inner\">\n\t\t<div class=\"elementor-element elementor-element-673727f e-con-full e-flex e-con e-child\" data-id=\"673727f\" data-element_type=\"container\" data-e-type=\"container\">\n\t\t\t\t<div class=\"elementor-element elementor-element-b0ece14 elementor-widget elementor-widget-image\" data-id=\"b0ece14\" data-element_type=\"widget\" data-e-type=\"widget\" data-widget_type=\"image.default\">\n\t\t\t\t<div class=\"elementor-widget-container\">\n\t\t\t\t\t\t\t\t\t\t\t\t\t\t\t<img fetchpriority=\"high\" decoding=\"async\" width=\"615\" height=\"473\" src=\"https:\/\/www.vesacons.com\/wp-content\/uploads\/2024\/12\/BAH_1857-615x473.jpg\" class=\"attachment-post-small-2 size-post-small-2 wp-image-988747\" alt=\"\" srcset=\"https:\/\/www.vesacons.com\/wp-content\/uploads\/2024\/12\/BAH_1857-615x473.jpg 615w, https:\/\/www.vesacons.com\/wp-content\/uploads\/2024\/12\/BAH_1857-480x369.jpg 480w, https:\/\/www.vesacons.com\/wp-content\/uploads\/2024\/12\/BAH_1857-1260x969.jpg 1260w, https:\/\/www.vesacons.com\/wp-content\/uploads\/2024\/12\/BAH_1857-400x307.jpg 400w, https:\/\/www.vesacons.com\/wp-content\/uploads\/2024\/12\/BAH_1857-292x225.jpg 292w\" sizes=\"(max-width: 615px) 100vw, 615px\" \/>\t\t\t\t\t\t\t\t\t\t\t\t\t\t\t<\/div>\n\t\t\t\t<\/div>\n\t\t\t\t<\/div>\n\t\t\t\t\t<\/div>\n\t\t\t\t<\/div>\n\t\t<div class=\"elementor-element elementor-element-c085c94 e-flex e-con-boxed e-con e-parent\" data-id=\"c085c94\" data-element_type=\"container\" data-e-type=\"container\">\n\t\t\t\t\t<div class=\"e-con-inner\">\n\t\t\t\t<div class=\"elementor-element elementor-element-efec6ab elementor-widget elementor-widget-heading\" data-id=\"efec6ab\" data-element_type=\"widget\" data-e-type=\"widget\" data-widget_type=\"heading.default\">\n\t\t\t\t<div class=\"elementor-widget-container\">\n\t\t\t\t\t<h2 class=\"elementor-heading-title elementor-size-default\">HR Digital Connect<\/h2>\t\t\t\t<\/div>\n\t\t\t\t<\/div>\n\t\t\t\t<div class=\"elementor-element elementor-element-5d7e9af elementor-widget elementor-widget-text-editor\" data-id=\"5d7e9af\" data-element_type=\"widget\" data-e-type=\"widget\" data-widget_type=\"text-editor.default\">\n\t\t\t\t<div class=\"elementor-widget-container\">\n\t\t\t\t\t\t\t\t\t<p><strong>15 Ekim 2024 tarihinde, Azerbaycan\u2019da ilk HR Digital Connect etkinli\u011fini gururla ger\u00e7ekle\u015ftirdik. Etkinlik, \u00fclkenin \u00f6nde gelen 50\u2019den fazla \u0130K y\u00f6neticisi ve \u0130K dijitalle\u015fme uzman\u0131n\u0131n co\u015fkulu kat\u0131l\u0131m\u0131yla ger\u00e7ekle\u015fti.<\/strong><\/p><p>Etkinlik, Genel M\u00fcd\u00fcr\u00fcm\u00fcz Muhammed KADAN ve SAP Azerbaycan Genel M\u00fcd\u00fcr\u00fc Anar Aliyev\u2019in a\u00e7\u0131l\u0131\u015f konu\u015fmalar\u0131yla ba\u015flad\u0131. Ard\u0131ndan SAP toplulu\u011fundan alan\u0131nda uzman konu\u015fmac\u0131lar\u0131n \u015fu konulardaki ilham verici sunumlar\u0131yla devam etti:<\/p><ul><li><strong>Best Trends in HR Technology presented by Fakhri Gurbanov<\/strong><\/li><li><strong>SAP SuccessFactors\u2019un yapay zeka uygulamalar\u0131n\u0131n s\u00fcre\u00e7lerimizi nas\u0131l d\u00f6n\u00fc\u015ft\u00fcrd\u00fc\u011f\u00fcn\u00fc g\u00f6steren, Yapay Zekan\u0131n \u0130K \u00dczerindeki Etkisi, Venelin Todorov taraf\u0131ndan<\/strong><\/li><li><strong>SAP SuccessFactors EC Payroll\u2019a dayal\u0131 yeni nesil bordro sistemi, Michael Brass taraf\u0131ndan<\/strong><\/li><li><strong>Best Practices in Performance and Goal Management, a key component of SAP SuccessFactors talent management modules, presented by Evgeniy Laptev.<\/strong><\/li><\/ul><p>The program also included an interactive panel discussion session with the participation of Zibeyda Haji from PASHA Bank OJSC and Dilara Huseynova MSc HRM from Azercell Telecom LLC. In this session, we discussed the results of our joint journey in SAP SuccessFactors HCM package implementation projects and highlighted key considerations for future cloud transformation initiatives. Participants showed great interest in the session, gaining valuable insights from their colleagues' experiences.<\/p><p>Kapan\u0131\u015f konu\u015fmas\u0131nda, Anar Aliyev, SAP HR \u00e7\u00f6z\u00fcmlerinin Azerbaycan\u2019daki benimsenmesi \u00fczerine konu\u015ftu ve bu \u00e7\u00f6z\u00fcmlerin \u015firketlere sa\u011flad\u0131\u011f\u0131 somut faydalara ili\u015fkin say\u0131sal bilgiler sundu. Konu\u015fmas\u0131, SAP SuccessFactors\u2019un i\u015fletmeleri d\u00f6n\u00fc\u015ft\u00fcrmedeki kataliz\u00f6r rol\u00fcn\u00fc bir kez daha g\u00f6zler \u00f6n\u00fcne serdi.<\/p><p>The success of the first HR Digital Connect event in Azerbaijan gives us great pride and motivates us to raise the bar even higher in 2025!<\/p>\t\t\t\t\t\t\t\t<\/div>\n\t\t\t\t<\/div>\n\t\t\t\t<div class=\"elementor-element elementor-element-0d3c166 elementor-widget elementor-widget-spacer\" data-id=\"0d3c166\" data-element_type=\"widget\" data-e-type=\"widget\" data-widget_type=\"spacer.default\">\n\t\t\t\t<div class=\"elementor-widget-container\">\n\t\t\t\t\t\t\t<div class=\"elementor-spacer\">\n\t\t\t<div class=\"elementor-spacer-inner\"><\/div>\n\t\t<\/div>\n\t\t\t\t\t\t<\/div>\n\t\t\t\t<\/div>\n\t\t\t\t\t<\/div>\n\t\t\t\t<\/div>\n\t\t<div class=\"elementor-element elementor-element-e5cb9b2 e-flex e-con-boxed e-con e-parent\" data-id=\"e5cb9b2\" data-element_type=\"container\" data-e-type=\"container\">\n\t\t\t\t\t<div class=\"e-con-inner\">\n\t\t\t\t<div class=\"elementor-element elementor-element-85f362e elementor-widget elementor-widget-video\" data-id=\"85f362e\" data-element_type=\"widget\" data-e-type=\"widget\" data-settings=\"{&quot;youtube_url&quot;:&quot;https:\\\/\\\/www.youtube.com\\\/watch?v=xZ9TvRLXRec&quot;,&quot;video_type&quot;:&quot;youtube&quot;,&quot;controls&quot;:&quot;yes&quot;}\" data-widget_type=\"video.default\">\n\t\t\t\t<div class=\"elementor-widget-container\">\n\t\t\t\t\t\t\t<div class=\"elementor-wrapper elementor-open-inline\">\n\t\t\t<div class=\"elementor-video\"><\/div>\t\t<\/div>\n\t\t\t\t\t\t<\/div>\n\t\t\t\t<\/div>\n\t\t\t\t\t<\/div>\n\t\t\t\t<\/div>\n\t\t<div class=\"elementor-element elementor-element-04a372a e-grid e-con-boxed e-con e-parent\" data-id=\"04a372a\" data-element_type=\"container\" data-e-type=\"container\">\n\t\t\t\t\t<div class=\"e-con-inner\">\n\t\t\t\t<div class=\"elementor-element elementor-element-cd9daff elementor-align-center elementor-widget elementor-widget-button\" data-id=\"cd9daff\" data-element_type=\"widget\" data-e-type=\"widget\" data-widget_type=\"button.default\">\n\t\t\t\t<div class=\"elementor-widget-container\">\n\t\t\t\t\t\t\t\t\t<div class=\"elementor-button-wrapper\">\n\t\t\t\t\t<a class=\"elementor-button elementor-button-link elementor-size-sm\" href=\"https:\/\/sites.google.com\/view\/mediainterviewenglish\/ana-sayfa\">\n\t\t\t\t\t\t<span class=\"elementor-button-content-wrapper\">\n\t\t\t\t\t\t\t\t\t<span class=\"elementor-button-text\">HR Digital Interview<\/span>\n\t\t\t\t\t<\/span>\n\t\t\t\t\t<\/a>\n\t\t\t\t<\/div>\n\t\t\t\t\t\t\t\t<\/div>\n\t\t\t\t<\/div>\n\t\t\t\t<div class=\"elementor-element elementor-element-4922c2a elementor-align-center elementor-widget elementor-widget-button\" data-id=\"4922c2a\" data-element_type=\"widget\" data-e-type=\"widget\" data-widget_type=\"button.default\">\n\t\t\t\t<div class=\"elementor-widget-container\">\n\t\t\t\t\t\t\t\t\t<div class=\"elementor-button-wrapper\">\n\t\t\t\t\t<a class=\"elementor-button elementor-button-link elementor-size-sm\" href=\"https:\/\/sites.google.com\/view\/photoshrdigital\/ana-sayfa\">\n\t\t\t\t\t\t<span class=\"elementor-button-content-wrapper\">\n\t\t\t\t\t\t\t\t\t<span class=\"elementor-button-text\">Photos<\/span>\n\t\t\t\t\t<\/span>\n\t\t\t\t\t<\/a>\n\t\t\t\t<\/div>\n\t\t\t\t\t\t\t\t<\/div>\n\t\t\t\t<\/div>\n\t\t\t\t\t<\/div>\n\t\t\t\t<\/div>\n\t\t\t\t<\/div>","protected":false},"excerpt":{"rendered":"<p>HR Digital Connect 15 Ekim 2024 tarihinde, Azerbaycan\u2019da ilk HR Digital Connect etkinli\u011fini gururla ger\u00e7ekle\u015ftirdik. Etkinlik, \u00fclkenin \u00f6nde gelen 50\u2019den fazla \u0130K y\u00f6neticisi ve \u0130K dijitalle\u015fme uzman\u0131n\u0131n co\u015fkulu kat\u0131l\u0131m\u0131yla ger\u00e7ekle\u015fti. Etkinlik, Genel M\u00fcd\u00fcr\u00fcm\u00fcz Muhammed KADAN ve SAP Azerbaycan Genel M\u00fcd\u00fcr\u00fc Anar Aliyev\u2019in a\u00e7\u0131l\u0131\u015f konu\u015fmalar\u0131yla ba\u015flad\u0131. Ard\u0131ndan SAP toplulu\u011fundan alan\u0131nda uzman konu\u015fmac\u0131lar\u0131n \u015fu konulardaki ilham verici&#8230;<\/p>","protected":false},"author":1,"featured_media":0,"parent":0,"menu_order":0,"comment_status":"closed","ping_status":"closed","template":"","meta":{"footnotes":""},"class_list":["post-990599","page","type-page","status-publish","hentry"],"aioseo_notices":[],"_links":{"self":[{"href":"https:\/\/www.vesacons.com\/en\/wp-json\/wp\/v2\/pages\/990599","targetHints":{"allow":["GET"]}}],"collection":[{"href":"https:\/\/www.vesacons.com\/en\/wp-json\/wp\/v2\/pages"}],"about":[{"href":"https:\/\/www.vesacons.com\/en\/wp-json\/wp\/v2\/types\/page"}],"author":[{"embeddable":true,"href":"https:\/\/www.vesacons.com\/en\/wp-json\/wp\/v2\/users\/1"}],"replies":[{"embeddable":true,"href":"https:\/\/www.vesacons.com\/en\/wp-json\/wp\/v2\/comments?post=990599"}],"version-history":[{"count":4,"href":"https:\/\/www.vesacons.com\/en\/wp-json\/wp\/v2\/pages\/990599\/revisions"}],"predecessor-version":[{"id":990603,"href":"https:\/\/www.vesacons.com\/en\/wp-json\/wp\/v2\/pages\/990599\/revisions\/990603"}],"wp:attachment":[{"href":"https:\/\/www.vesacons.com\/en\/wp-json\/wp\/v2\/media?parent=990599"}],"curies":[{"name":"wp","href":"https:\/\/api.w.org\/{rel}","templated":true}]}}