{"id":990606,"date":"2025-03-06T11:34:23","date_gmt":"2025-03-06T11:34:23","guid":{"rendered":"https:\/\/www.vesacons.com\/?page_id=990606"},"modified":"2025-03-06T11:35:36","modified_gmt":"2025-03-06T11:35:36","slug":"eskisehir-valilik-ziyareti","status":"publish","type":"page","link":"https:\/\/www.vesacons.com\/en\/eskisehir-valilik-ziyareti\/","title":{"rendered":"Eski\u015fehir Valilik Ziyaretimiz"},"content":{"rendered":"<div data-elementor-type=\"wp-page\" data-elementor-id=\"990606\" class=\"elementor elementor-990606\">\n\t\t\t\t<div class=\"elementor-element elementor-element-9f1de14 e-flex e-con-boxed e-con e-parent\" data-id=\"9f1de14\" data-element_type=\"container\" data-e-type=\"container\">\n\t\t\t\t\t<div class=\"e-con-inner\">\n\t\t<div class=\"elementor-element elementor-element-673727f e-con-full e-flex e-con e-child\" data-id=\"673727f\" data-element_type=\"container\" data-e-type=\"container\">\n\t\t\t\t<div class=\"elementor-element elementor-element-b0ece14 elementor-widget elementor-widget-image\" data-id=\"b0ece14\" data-element_type=\"widget\" data-e-type=\"widget\" data-widget_type=\"image.default\">\n\t\t\t\t<div class=\"elementor-widget-container\">\n\t\t\t\t\t\t\t\t\t\t\t\t\t\t\t<img fetchpriority=\"high\" decoding=\"async\" width=\"615\" height=\"473\" src=\"https:\/\/www.vesacons.com\/wp-content\/uploads\/2013\/09\/eskisehirvalilik-615x473.jpg\" class=\"attachment-post-small-2 size-post-small-2 wp-image-989187\" alt=\"\" srcset=\"https:\/\/www.vesacons.com\/wp-content\/uploads\/2013\/09\/eskisehirvalilik-615x473.jpg 615w, https:\/\/www.vesacons.com\/wp-content\/uploads\/2013\/09\/eskisehirvalilik-480x369.jpg 480w, https:\/\/www.vesacons.com\/wp-content\/uploads\/2013\/09\/eskisehirvalilik-400x307.jpg 400w, https:\/\/www.vesacons.com\/wp-content\/uploads\/2013\/09\/eskisehirvalilik-292x225.jpg 292w\" sizes=\"(max-width: 615px) 100vw, 615px\" \/>\t\t\t\t\t\t\t\t\t\t\t\t\t\t\t<\/div>\n\t\t\t\t<\/div>\n\t\t\t\t<\/div>\n\t\t\t\t\t<\/div>\n\t\t\t\t<\/div>\n\t\t<div class=\"elementor-element elementor-element-c085c94 e-flex e-con-boxed e-con e-parent\" data-id=\"c085c94\" data-element_type=\"container\" data-e-type=\"container\">\n\t\t\t\t\t<div class=\"e-con-inner\">\n\t\t\t\t<div class=\"elementor-element elementor-element-efec6ab elementor-widget elementor-widget-heading\" data-id=\"efec6ab\" data-element_type=\"widget\" data-e-type=\"widget\" data-widget_type=\"heading.default\">\n\t\t\t\t<div class=\"elementor-widget-container\">\n\t\t\t\t\t<h2 class=\"elementor-heading-title elementor-size-default\">Eski\u015fehir valilik ziyaretimiz<\/h2>\t\t\t\t<\/div>\n\t\t\t\t<\/div>\n\t\t\t\t<div class=\"elementor-element elementor-element-5d7e9af elementor-widget elementor-widget-text-editor\" data-id=\"5d7e9af\" data-element_type=\"widget\" data-e-type=\"widget\" data-widget_type=\"text-editor.default\">\n\t\t\t\t<div class=\"elementor-widget-container\">\n\t\t\t\t\t\t\t\t\t<p data-start=\"58\" data-end=\"482\">Vesa Dan\u0131\u015fmanl\u0131k \u015eirketi Mali ve \u0130dari \u0130\u015flerden Sorumlu Y\u00f6neticisi Bolat \u00c7ift\u00e7i ve Yaz\u0131l\u0131m Geli\u015ftirme M\u00fcd\u00fcr\u00fc Murat Merdo\u011fan Valimiz Say\u0131n H\u00fcseyin Aksoy\u2019u ziyaret etti.<\/p>\t\t\t\t\t\t\t\t<\/div>\n\t\t\t\t<\/div>\n\t\t\t\t<div class=\"elementor-element elementor-element-0d3c166 elementor-widget elementor-widget-spacer\" data-id=\"0d3c166\" data-element_type=\"widget\" data-e-type=\"widget\" data-widget_type=\"spacer.default\">\n\t\t\t\t<div class=\"elementor-widget-container\">\n\t\t\t\t\t\t\t<div class=\"elementor-spacer\">\n\t\t\t<div class=\"elementor-spacer-inner\"><\/div>\n\t\t<\/div>\n\t\t\t\t\t\t<\/div>\n\t\t\t\t<\/div>\n\t\t\t\t\t<\/div>\n\t\t\t\t<\/div>\n\t\t\t\t<\/div>","protected":false},"excerpt":{"rendered":"<p>Eski\u015fehir valilik ziyaretimiz Vesa Dan\u0131\u015fmanl\u0131k \u015eirketi Mali ve \u0130dari \u0130\u015flerden Sorumlu Y\u00f6neticisi Bolat \u00c7ift\u00e7i ve Yaz\u0131l\u0131m Geli\u015ftirme M\u00fcd\u00fcr\u00fc Murat Merdo\u011fan Valimiz Say\u0131n H\u00fcseyin Aksoy\u2019u ziyaret etti.<\/p>","protected":false},"author":1,"featured_media":0,"parent":0,"menu_order":0,"comment_status":"closed","ping_status":"closed","template":"","meta":{"footnotes":""},"class_list":["post-990606","page","type-page","status-publish","hentry"],"aioseo_notices":[],"_links":{"self":[{"href":"https:\/\/www.vesacons.com\/en\/wp-json\/wp\/v2\/pages\/990606","targetHints":{"allow":["GET"]}}],"collection":[{"href":"https:\/\/www.vesacons.com\/en\/wp-json\/wp\/v2\/pages"}],"about":[{"href":"https:\/\/www.vesacons.com\/en\/wp-json\/wp\/v2\/types\/page"}],"author":[{"embeddable":true,"href":"https:\/\/www.vesacons.com\/en\/wp-json\/wp\/v2\/users\/1"}],"replies":[{"embeddable":true,"href":"https:\/\/www.vesacons.com\/en\/wp-json\/wp\/v2\/comments?post=990606"}],"version-history":[{"count":4,"href":"https:\/\/www.vesacons.com\/en\/wp-json\/wp\/v2\/pages\/990606\/revisions"}],"predecessor-version":[{"id":990610,"href":"https:\/\/www.vesacons.com\/en\/wp-json\/wp\/v2\/pages\/990606\/revisions\/990610"}],"wp:attachment":[{"href":"https:\/\/www.vesacons.com\/en\/wp-json\/wp\/v2\/media?parent=990606"}],"curies":[{"name":"wp","href":"https:\/\/api.w.org\/{rel}","templated":true}]}}