{"id":992176,"date":"2025-08-26T07:03:02","date_gmt":"2025-08-26T07:03:02","guid":{"rendered":"https:\/\/www.vesacons.com\/?page_id=992176"},"modified":"2025-09-03T10:15:10","modified_gmt":"2025-09-03T10:15:10","slug":"flo-basari-hikayesi","status":"publish","type":"page","link":"https:\/\/www.vesacons.com\/en\/flo-basari-hikayesi\/","title":{"rendered":"FLO Ba\u015far\u0131 Hikayesi"},"content":{"rendered":"\t\t<div data-elementor-type=\"wp-page\" data-elementor-id=\"992176\" class=\"elementor elementor-992176\">\n\t\t\t\t<div class=\"elementor-element elementor-element-3569fe1 e-flex e-con-boxed e-con e-parent\" data-id=\"3569fe1\" data-element_type=\"container\" data-e-type=\"container\">\n\t\t\t\t\t<div class=\"e-con-inner\">\n\t\t\t\t<div class=\"elementor-element elementor-element-2a57169 elementor-widget elementor-widget-slider_revolution\" data-id=\"2a57169\" data-element_type=\"widget\" data-e-type=\"widget\" data-widget_type=\"slider_revolution.default\">\n\t\t\t\t<div class=\"elementor-widget-container\">\n\t\t\t\t\t\n\t\t<div class=\"wp-block-themepunch-revslider\">\n\t\t\t\t<p class=\"rs-p-wp-fix\"><\/p>\n\t\t\t\t<sr7-module data-alias=\"about-11\" data-id=\"13\" id=\"SR7_13_1\" class=\"rs-ov-hidden\" data-version=\"6.7.51\">\n\t\t\t\t\t<sr7-adjuster><\/sr7-adjuster>\n\t\t\t\t\t<sr7-content>\n\t\t\t\t\t\t<sr7-slide id=\"SR7_13_1-77\" data-key=\"77\">\n\t\t\t\t\t\t\t<sr7-bg id=\"SR7_13_1-77-7\" class=\"sr7-layer\"><noscript><img decoding=\"async\" src=\"http:\/\/www.vesacons.com\/wp-content\/uploads\/2025\/09\/Fabrika-Fotograflari-Cimsa.jpeg\" alt=\"\" title=\"Fabrika Foto\u011fraflar\u0131 &#8211; \u00c7imsa\"><\/noscript><\/sr7-bg>\n\t\t\t\t\t\t\t<sr7-txt id=\"SR7_13_1-77-3\" class=\"sr7-layer\">S\u0131n\u0131rlar\u0131 A\u015fan \u0130K Y\u00f6netimi <\/sr7-txt>\n\t\t\t\t\t\t\t<sr7-txt id=\"SR7_13_1-77-5\" class=\"sr7-layer\">FLO\u2019nun SAP SuccessFactors Ba\u015far\u0131s\u0131<\/sr7-txt>\n\t\t\t\t\t\t\t<sr7-txt id=\"SR7_13_1-77-6\" class=\"sr7-layer\">Click Here<\/sr7-txt>\n\t\t\t\t\t\t<\/sr7-slide>\n\t\t\t\t\t\t<sr7-slide id=\"SR7_13_1-78\" data-key=\"78\">\n\t\t\t\t\t\t<\/sr7-slide>\n\t\t\t\t\t<\/sr7-content>\n\t\t\t\t\t<image_lists style=\"display:none\">\n\t\t\t\t\t\t<img data-src=\"\/\/www.vesacons.com\/wp-content\/uploads\/2025\/09\/Fabrika-Fotograflari-Cimsa.jpeg\" data-libid=\"992312\" data-lib=\"medialibrary\" title=\"Fabrika Foto\u011fraflar\u0131 &#8211; \u00c7imsa\" width=\"0\" height=\"0\" data-dbsrc=\"Ly93d3cudmVzYWNvbnMuY29tL3dwLWNvbnRlbnQvdXBsb2Fkcy8yMDI1LzA5L0ZhYnJpa2EtRm90b2dyYWZsYXJpLUNpbXNhLmpwZWc=\"\/>\n\t\t\t\t\t<\/image_lists>\n\t\t\t\t<\/sr7-module>\n\t\t\t\t<script>\n\t\t\t\t\twindow.SR7 ??={};SR7.PMH ??={}; SR7.PMH[\"SR7_13_1\"] = {cn:100,state:false,fn: function() { if (window._tpt!==undefined && window._tpt.prepareModuleHeight !== undefined) {  _tpt.prepareModuleHeight({id:\"SR7_13_1\",el:[600,600,400,350,300],type:'standard',shdw:'0',gh:[600,600,400,350,300],gw:[1140,1140,1024,778,480],vpt:['-200px&#039;,&#039;-200px&#039;,&#039;-200px&#039;,&#039;-200px&#039;,&#039;-200px'],size:{fullWidth:true, fullHeight:false},mh:'0',onh:0,onw:0,bg:{color:'{\"type\":\"solid\",\"orig\":\"#4A4F55\",\"string\":\"rgba(74, 79, 85, 1)\"}'},plType:'2',plColor:'#FFFFFF'});   SR7.PMH[\"SR7_13_1\"].state=true;} else if(SR7.PMH[\"SR7_13_1\"].cn-->0)\tsetTimeout( SR7.PMH[\"SR7_13_1\"].fn,19);}};SR7.PMH[\"SR7_13_1\" ].fn();\n\t\t\t\t<\/script>\n<\/div>\n\n\t\t\t\t\t\t<\/div>\n\t\t\t\t<\/div>\n\t\t\t\t<div class=\"elementor-element elementor-element-7a3a50e elementor-widget elementor-widget-image\" data-id=\"7a3a50e\" data-element_type=\"widget\" data-e-type=\"widget\" data-widget_type=\"image.default\">\n\t\t\t\t<div class=\"elementor-widget-container\">\n\t\t\t\t\t\t\t\t\t\t\t\t\t\t\t<img decoding=\"async\" width=\"231\" height=\"84\" src=\"https:\/\/www.vesacons.com\/wp-content\/uploads\/2025\/02\/24-flogroup.png\" class=\"attachment-large size-large wp-image-990433\" alt=\"\" srcset=\"https:\/\/www.vesacons.com\/wp-content\/uploads\/2025\/02\/24-flogroup.png 231w, https:\/\/www.vesacons.com\/wp-content\/uploads\/2025\/02\/24-flogroup-18x7.png 18w\" sizes=\"(max-width: 231px) 100vw, 231px\" \/>\t\t\t\t\t\t\t\t\t\t\t\t\t\t\t<\/div>\n\t\t\t\t<\/div>\n\t\t\t\t<div class=\"elementor-element elementor-element-629009b elementor-widget elementor-widget-html\" data-id=\"629009b\" data-element_type=\"widget\" data-e-type=\"widget\" data-widget_type=\"html.default\">\n\t\t\t\t<div class=\"elementor-widget-container\">\n\t\t\t\t\t\r\n\r\n\r\n    <style>\r\n        .banner-container {\r\n            position: relative;\r\n            width: 100%;\r\n            \/* iste\u011fe g\u00f6re *\/\r\n            margin: 0 auto;\r\n            \/* ortala *\/\r\n        }\r\n\r\n        .banner-img {\r\n            width: 100%;\r\n            height: auto;\r\n            display: block;\r\n            object-fit: contain;\r\n            \/* kesilmeden s\u0131\u011fd\u0131r *\/\r\n            object-position: center;\r\n        }\r\n\r\n        .banner-content {\r\n            position: absolute;\r\n            bottom: 7%;\r\n            \/* alt kenardan biraz yukar\u0131 *\/\r\n            left: 5%;\r\n            \/* sol kenardan bo\u015fluk *\/\r\n            color: white;\r\n            max-width: 600px;\r\n        }\r\n\r\n        \/* Buton *\/\r\n        .oval-btn {\r\n            display: inline-block;\r\n            background-color: #0070f2;\r\n            color: #fff;\r\n            padding: 14px 50px;\r\n            border-radius: 50px;\r\n            font-weight: 600;\r\n            font-size: 1.2rem;\r\n            text-decoration: none;\r\n            border: none;\r\n            margin-top: 10px;\r\n        }\r\n        .stat-number { \r\n            font-size: 4rem; color: #0070f2; font-weight: }\r\n\r\n        \/* Mobil g\u00f6r\u00fcn\u00fcm *\/\r\n        @media (max-width: 768px) {\r\n            .banner-content {\r\n                bottom: 8%;\r\n                left: 5%;\r\n                max-width: 90%;\r\n            }\r\n\r\n            .banner h2 {\r\n                font-size: 1rem;\r\n                line-height: 1.3;\r\n            }\r\n\r\n            .oval-btn {\r\n                padding: 12px 40px;\r\n                font-size: 1rem;\r\n            }\r\n        }\r\n    <\/style>\r\n\r\n\r\n\r\n    <!-- Ba\u015fl\u0131k ve a\u00e7\u0131klama -->\r\n    <section class=\"text-center container\">\r\n        <img decoding=\"async\" src=\"http:\/\/www.vesacons.com\/wp-content\/uploads\/2025\/02\/24-flogroup.png\" alt=\"\" srcset=\"\">\r\n        <p class=\"mx-auto  mt-3\" style=\"max-width: 800px;\">\r\n            SAP SuccessFactors ile insan kaynaklar\u0131 verilerimizi merkezi bir platformda konsolide ederek s\u00fcre\u00e7lerimizi\r\n            standart, \u015feffaf ve mobil eri\u015filebilir hale getirdik; b\u00f6ylece \u00e7al\u0131\u015fan deneyimini g\u00fc\u00e7lendirirken\r\n            y\u00f6neticilerimizin veri odakl\u0131 ve h\u0131zl\u0131 karar almas\u0131n\u0131 m\u00fcmk\u00fcn k\u0131ld\u0131k.\r\n        <\/p>\r\n    <\/section>\r\n\r\n    <!-- Sanayi \/ B\u00f6lge \/ \u015eirket boyutu -->\r\n<section class=\"container py-3\">\r\n  <div class=\"row text-center gx-0\"> <!-- gx-0 ile yatay bo\u015fluk s\u0131f\u0131rland\u0131 -->\r\n    <div class=\"col-12 col-md-4 border-end p-3\">\r\n      <h3 class=\"fw-bold mb-2\">Sanayi<\/h3>\r\n      <p class=\"mb-0\">Ayakkab\u0131<\/p>\r\n    <\/div>\r\n    <div class=\"col-12 col-md-4 border-end p-3\">\r\n      <h3 class=\"fw-bold mb-2\">LOKASYON<\/h3>\r\n      <p class=\"mb-0\">\u0130stanbul (Ba\u011fc\u0131lar)<\/p>\r\n    <\/div>\r\n    <div class=\"col-12 col-md-4 p-3\">\r\n      <h3 class=\"fw-bold mb-2\">Do\u011frudan \u00c7al\u0131\u015fan<\/h3>\r\n      <p class=\"mb-0\">~15.000 ki\u015fi<\/p>\r\n    <\/div>\r\n  <\/div>\r\n<\/section>\r\n\r\n\r\n    <!-- Performans g\u00f6stergeleri -->\r\n    <section class=\"container py-1\" style=\"margin-top:95px\">\r\n        <div class=\"row text-center\">\r\n            <div class=\"col-md-6\">\r\n                <div class=\"stat-number\">%54<\/div>\r\n                <p style=\"margin-top:30px\">performans g\u00f6stergesi<\/p>\r\n            <\/div>\r\n            <div class=\"col-md-6\">\r\n                <div class=\"stat-number\">%67<\/div>\r\n                <p style=\"margin-top:30px\" >performans g\u00f6stergesi<\/p>\r\n            <\/div>\r\n        <\/div>\r\n    <\/section>\r\n\r\n    <!-- M\u00fc\u015fteri d\u00fc\u015f\u00fcncesi -->\r\n    <section class=\"container py-5 text-center\">\r\n        <h4 class=\"fw-bold mb-3\">M\u00dc\u015eTER\u0130 D\u00dc\u015e\u00dcNCES\u0130<\/h4>\r\n        <p class=\"mx-auto\" style=\"max-width: 700px;\">\r\n            Buraya m\u00fc\u015fteri yorumlar\u0131 veya d\u00fc\u015f\u00fcnceleri yaz\u0131labilir. \u00d6rne\u011fin, SANMAR \u00e7\u00f6z\u00fcmler ile operasyonel\r\n            verimlili\u011fini art\u0131rarak \u00f6nemli kazan\u0131mlar elde etti\u011fini belirtebilir.\r\n        <\/p>\r\n    <\/section>\r\n    <section class=\"container py-5 text-center\">\r\n        <h4 class=\"fw-bold mb-3\">Ba\u015fl\u0131k<\/h4>\r\n        <p class=\"mx-auto\" style=\"max-width: 700px;\">\r\n            A\u00e7\u0131klamalar buraya gelecek....\r\n        <\/p>\r\n    <\/section>\r\n\t\t\t\t<\/div>\n\t\t\t\t<\/div>\n\t\t\t\t\t<\/div>\n\t\t\t\t<\/div>\n\t\t\t\t<\/div>\n\t\t","protected":false},"excerpt":{"rendered":"<p>SAP SuccessFactors ile insan kaynaklar\u0131 verilerimizi merkezi bir platformda konsolide ederek s\u00fcre\u00e7lerimizi standart, \u015feffaf ve mobil eri\u015filebilir hale getirdik; b\u00f6ylece \u00e7al\u0131\u015fan deneyimini g\u00fc\u00e7lendirirken y\u00f6neticilerimizin veri odakl\u0131 ve h\u0131zl\u0131 karar almas\u0131n\u0131 m\u00fcmk\u00fcn k\u0131ld\u0131k. Sanayi Ayakkab\u0131 LOKASYON \u0130stanbul (Ba\u011fc\u0131lar) Do\u011frudan \u00c7al\u0131\u015fan ~15.000 ki\u015fi %54 performans g\u00f6stergesi %67 performans g\u00f6stergesi M\u00dc\u015eTER\u0130 D\u00dc\u015e\u00dcNCES\u0130 Buraya m\u00fc\u015fteri yorumlar\u0131 veya d\u00fc\u015f\u00fcnceleri yaz\u0131labilir&#8230;.<\/p>","protected":false},"author":1,"featured_media":0,"parent":0,"menu_order":0,"comment_status":"closed","ping_status":"closed","template":"","meta":{"footnotes":""},"class_list":["post-992176","page","type-page","status-publish","hentry"],"aioseo_notices":[],"_links":{"self":[{"href":"https:\/\/www.vesacons.com\/en\/wp-json\/wp\/v2\/pages\/992176","targetHints":{"allow":["GET"]}}],"collection":[{"href":"https:\/\/www.vesacons.com\/en\/wp-json\/wp\/v2\/pages"}],"about":[{"href":"https:\/\/www.vesacons.com\/en\/wp-json\/wp\/v2\/types\/page"}],"author":[{"embeddable":true,"href":"https:\/\/www.vesacons.com\/en\/wp-json\/wp\/v2\/users\/1"}],"replies":[{"embeddable":true,"href":"https:\/\/www.vesacons.com\/en\/wp-json\/wp\/v2\/comments?post=992176"}],"version-history":[{"count":87,"href":"https:\/\/www.vesacons.com\/en\/wp-json\/wp\/v2\/pages\/992176\/revisions"}],"predecessor-version":[{"id":992342,"href":"https:\/\/www.vesacons.com\/en\/wp-json\/wp\/v2\/pages\/992176\/revisions\/992342"}],"wp:attachment":[{"href":"https:\/\/www.vesacons.com\/en\/wp-json\/wp\/v2\/media?parent=992176"}],"curies":[{"name":"wp","href":"https:\/\/api.w.org\/{rel}","templated":true}]}}